{"id":1007,"date":"2024-03-13T21:52:45","date_gmt":"2024-03-13T20:52:45","guid":{"rendered":"https:\/\/imppact-chirurgie.fr\/?page_id=1007"},"modified":"2025-02-10T20:31:30","modified_gmt":"2025-02-10T19:31:30","slug":"syndrome-du-canal-carpien-2","status":"publish","type":"page","link":"https:\/\/imppact-chirurgie.fr\/index.php\/orthopedie\/chirurgie-de-la-main\/syndrome-du-canal-carpien-2\/","title":{"rendered":"Syndrome du canal carpien"},"content":{"rendered":"<p>[et_pb_section fb_built=\u00a0\u00bb1&Prime; admin_label=\u00a0\u00bbsection\u00a0\u00bb _builder_version=\u00a0\u00bb4.16&Prime; global_colors_info=\u00a0\u00bb{}\u00a0\u00bb][et_pb_row column_structure=\u00a0\u00bb3_5,2_5&Prime; admin_label=\u00a0\u00bbrow\u00a0\u00bb _builder_version=\u00a0\u00bb4.27.0&Prime; background_size=\u00a0\u00bbinitial\u00a0\u00bb background_position=\u00a0\u00bbtop_left\u00a0\u00bb background_repeat=\u00a0\u00bbrepeat\u00a0\u00bb custom_margin=\u00a0\u00bb||||false|false\u00a0\u00bb custom_padding=\u00a0\u00bb||||false|false\u00a0\u00bb global_colors_info=\u00a0\u00bb{}\u00a0\u00bb][et_pb_column type=\u00a0\u00bb3_5&Prime; _builder_version=\u00a0\u00bb4.16&Prime; custom_padding=\u00a0\u00bb|||\u00a0\u00bb global_colors_info=\u00a0\u00bb{}\u00a0\u00bb custom_padding__hover=\u00a0\u00bb|||\u00a0\u00bb][et_pb_text admin_label=\u00a0\u00bbText\u00a0\u00bb _builder_version=\u00a0\u00bb4.24.3&Prime; background_size=\u00a0\u00bbinitial\u00a0\u00bb background_position=\u00a0\u00bbtop_left\u00a0\u00bb background_repeat=\u00a0\u00bbrepeat\u00a0\u00bb width=\u00a0\u00bb99.8%\u00a0\u00bb custom_margin=\u00a0\u00bb||||false|false\u00a0\u00bb custom_padding=\u00a0\u00bb|||0px||\u00a0\u00bb global_colors_info=\u00a0\u00bb{}\u00a0\u00bb]<\/p>\n<h2>Le syndrome du canal carpien<\/h2>\n<p class=\"p1\">\n<p class=\"p1\">\n<p class=\"p1\" style=\"text-align: justify;\">Le syndrome du canal carpien est une affection courante qui survient lorsque le nerf m\u00e9dian, qui traverse le poignet par un passage appel\u00e9 le canal carpien, est comprim\u00e9.<\/p>\n<p class=\"p2\" style=\"text-align: justify;\"><b>Sympt\u00f4mes<\/b><\/p>\n<ul class=\"ul1\">\n<li class=\"li1\" style=\"text-align: justify;\"><b>Engourdissement et picotements<\/b> : Ces sensations se produisent souvent dans les doigts, en particulier le pouce, l&rsquo;index, le majeur et la moiti\u00e9 de l&rsquo;annulaire.<\/li>\n<li class=\"li1\" style=\"text-align: justify;\"><b>Douleur<\/b> : Douleur au poignet, pouvant s&rsquo;\u00e9tendre \u00e0 l&rsquo;avant-bras souvent la nuit.<\/li>\n<li class=\"li1\" style=\"text-align: justify;\"><b>Faiblesse<\/b> : Faiblesse dans la main, ce qui peut entra\u00eener des difficult\u00e9s \u00e0 tenir des objets ou \u00e0 effectuer des mouvements de pr\u00e9cision.<\/li>\n<\/ul>\n<p>&nbsp;<\/p>\n<p>[\/et_pb_text][\/et_pb_column][et_pb_column type=\u00a0\u00bb2_5&Prime; _builder_version=\u00a0\u00bb4.16&Prime; custom_padding=\u00a0\u00bb|||\u00a0\u00bb global_colors_info=\u00a0\u00bb{}\u00a0\u00bb custom_padding__hover=\u00a0\u00bb|||\u00a0\u00bb][et_pb_image src=\u00a0\u00bbhttps:\/\/imppact-chirurgie.fr\/wp-content\/uploads\/2025\/02\/a-recuperer-sur-lancien-site-.png\u00a0\u00bb _builder_version=\u00a0\u00bb4.27.4&Prime; _module_preset=\u00a0\u00bbdefault\u00a0\u00bb title_text=\u00a0\u00bbSyndrome du canal carpien\u00a0\u00bb hover_enabled=\u00a0\u00bb0&Prime; sticky_enabled=\u00a0\u00bb0&Prime;][\/et_pb_image][\/et_pb_column][\/et_pb_row][et_pb_row admin_label=\u00a0\u00bbrow\u00a0\u00bb _builder_version=\u00a0\u00bb4.27.0&Prime; background_size=\u00a0\u00bbinitial\u00a0\u00bb background_position=\u00a0\u00bbtop_left\u00a0\u00bb background_repeat=\u00a0\u00bbrepeat\u00a0\u00bb custom_margin=\u00a0\u00bb-33px|auto||auto|false|false\u00a0\u00bb custom_padding=\u00a0\u00bb||||false|false\u00a0\u00bb global_colors_info=\u00a0\u00bb{}\u00a0\u00bb][et_pb_column type=\u00a0\u00bb4_4&Prime; _builder_version=\u00a0\u00bb4.16&Prime; custom_padding=\u00a0\u00bb|||\u00a0\u00bb global_colors_info=\u00a0\u00bb{}\u00a0\u00bb custom_padding__hover=\u00a0\u00bb|||\u00a0\u00bb][et_pb_text admin_label=\u00a0\u00bbText\u00a0\u00bb _builder_version=\u00a0\u00bb4.27.0&Prime; background_size=\u00a0\u00bbinitial\u00a0\u00bb background_position=\u00a0\u00bbtop_left\u00a0\u00bb background_repeat=\u00a0\u00bbrepeat\u00a0\u00bb custom_margin=\u00a0\u00bb||||false|false\u00a0\u00bb custom_padding=\u00a0\u00bb||||false|false\u00a0\u00bb global_colors_info=\u00a0\u00bb{}\u00a0\u00bb]<\/p>\n<p class=\"p1\"><b>Causes<\/b><\/p>\n<ul class=\"ul1\">\n<li class=\"li2\"><b>Mouvements r\u00e9p\u00e9titifs<\/b> : Des activit\u00e9s r\u00e9p\u00e9titives de la main et du poignet, peuvent contribuer d\u00e9clencher les sympt\u00f4mes<\/li>\n<li class=\"li2\"><b>M\u00e9dicales<\/b> : le diab\u00e8te et l&rsquo;hypothyro\u00efdie peuvent augmenter le risque de d\u00e9velopper un syndrome du canal carpien.<\/li>\n<li class=\"li2\"><b>Traumatisme<\/b> : Une blessure au poignet peut provoquer le syndrome.<\/li>\n<li class=\"li2\"><b>Idiopathique<\/b> : Certaines personnes ont un canal carpien plus \u00e9troit, augmentant le risque de compression du nerf m\u00e9dian.<\/li>\n<\/ul>\n<p class=\"p1\"><b>Diagnostic<\/b><\/p>\n<p class=\"p2\">Le diagnostic se fait g\u00e9n\u00e9ralement par un examen clinique et des tests comme :<\/p>\n<ul class=\"ul1\">\n<li class=\"li2\"><b>\u00c9lectromyographie (EMG)<\/b> : Pour mesurer la vitesse de conduction du nerf m\u00e9dian et pour \u00e9valuer la fonction musculaire.<\/li>\n<\/ul>\n<p class=\"p1\"><b>Traitements<\/b><\/p>\n<ul class=\"ul1\">\n<li class=\"li2\"><b>Modifications des activit\u00e9s<\/b> : \u00c9viter les mouvements r\u00e9p\u00e9titifs et adopter des postures ergonomiques.<\/li>\n<li class=\"li2\"><b>Orth\u00e8ses de poignet<\/b> : Utilisation de goutti\u00e8res ou d&rsquo;attelles pour maintenir le poignet en position neutre notamment la nuit.<\/li>\n<li class=\"li2\"><b>M\u00e9dicaments<\/b> : Anti-inflammatoires non st\u00e9ro\u00efdiens (AINS) pour r\u00e9duire la douleur et l&rsquo;inflammation.<\/li>\n<li class=\"li2\"><b>Injections de corticost\u00e9ro\u00efdes<\/b> : Pour r\u00e9duire l&rsquo;inflammation et la douleur.<\/li>\n<li class=\"li2\"><b>Chirurgie<\/b> : En cas de sympt\u00f4mes s\u00e9v\u00e8res ou persistants, une lib\u00e9ration du canal carpien peut \u00eatre n\u00e9cessaire pour soulager la pression sur le nerf m\u00e9dian.<\/li>\n<\/ul>\n<p class=\"p1\"><b>Indications<\/b><\/p>\n<p class=\"p2\">La chirurgie du canal carpien est g\u00e9n\u00e9ralement envisag\u00e9e lorsque les traitements conservateurs, comme les attelles de poignet, les anti-inflammatoires et les injections de corticost\u00e9ro\u00efdes, ne parviennent pas \u00e0 soulager les sympt\u00f4mes.<\/p>\n<p class=\"p1\"><b>Proc\u00e9dure<\/b><\/p>\n<p class=\"p2\">Il existe deux principales m\u00e9thodes chirurgicales pour traiter le syndrome du canal carpien :<\/p>\n<ul class=\"ul1\">\n<li class=\"li2\"><b>Chirurgie ouverte<\/b> :<\/li>\n<ul class=\"ul1\">\n<li class=\"li2\">Une incision est faite \u00e0 la paume de la main.<\/li>\n<li class=\"li2\">Le ligament transverse du carpe, qui exerce une pression sur le nerf m\u00e9dian, est sectionn\u00e9 pour agrandir le canal carpien.<\/li>\n<li class=\"li2\">La plaie est ensuite referm\u00e9e avec des points de suture.<\/li>\n<\/ul>\n<li class=\"li2\"><b>Chirurgie endoscopique<\/b> :<\/li>\n<ul class=\"ul1\">\n<li class=\"li2\">Une ou deux petites incisions sont faites.<\/li>\n<li class=\"li2\">Un endoscope (un instrument mince avec une cam\u00e9ra) est ins\u00e9r\u00e9 pour guider la chirurgie.<\/li>\n<li class=\"li2\">Le ligament transverse du carpe est coup\u00e9 \u00e0 l&rsquo;aide de petits instruments.<\/li>\n<\/ul>\n<\/ul>\n<p class=\"p1\"><b>Avantages et Inconv\u00e9nients<\/b><\/p>\n<ul class=\"ul1\">\n<li class=\"li2\"><b>Chirurgie ouverte<\/b> :<\/li>\n<ul class=\"ul1\">\n<li class=\"li2\">Avantages : Vue directe sur le ligament et les structures environnantes, g\u00e9n\u00e9ralement simple.<\/li>\n<li class=\"li2\">Inconv\u00e9nients : Cicatrice plus grande, temps de r\u00e9cup\u00e9ration potentiellement plus long.<\/li>\n<\/ul>\n<li class=\"li2\"><b>Chirurgie endoscopique<\/b> :<\/li>\n<ul class=\"ul1\">\n<li class=\"li2\">Avantages : Cicatrices plus petites, moins de douleur postop\u00e9ratoire, r\u00e9cup\u00e9ration plus rapide.<\/li>\n<li class=\"li2\">Inconv\u00e9nients : Technique plus complexe, risque de l\u00e9sions nerveuses ou vasculaires si mal ex\u00e9cut\u00e9e.<\/li>\n<\/ul>\n<\/ul>\n<p class=\"p1\"><b>R\u00e9cup\u00e9ration<\/b><\/p>\n<ul class=\"ul1\">\n<li class=\"li2\"><b>Imm\u00e9diate<\/b> : L&rsquo;intervention se fait souvent en ambulatoire. Le patient peut rentrer chez lui le jour m\u00eame.<\/li>\n<li class=\"li2\"><b>Post op\u00e9ratoire<\/b> : un bandage est g\u00e9n\u00e9ralement port\u00e9 pendant quelques semaines<\/li>\n<li class=\"li2\"><b>R\u00e9\u00e9ducation<\/b> : Des exercices de physioth\u00e9rapie peuvent \u00eatre n\u00e9cessaires pour restaurer la force et la flexibilit\u00e9 de la main et du poignet en fonction de l\u2019\u00e9volution.<\/li>\n<li class=\"li2\"><b>Dur\u00e9e totale<\/b> : La r\u00e9cup\u00e9ration compl\u00e8te peut prendre de quelques semaines \u00e0 quelques mois, selon l&rsquo;ampleur de l&rsquo;op\u00e9ration et la r\u00e9ponse individuelle \u00e0 la r\u00e9\u00e9ducation.<\/li>\n<\/ul>\n<p class=\"p1\"><b>Risques et Complications<\/b><\/p>\n<p class=\"p2\">Comme toute chirurgie, celle du canal carpien comporte des risques, y compris :<\/p>\n<ul class=\"ul1\">\n<li class=\"li2\">Infection<\/li>\n<li class=\"li2\">Saignement<\/li>\n<li class=\"li2\">L\u00e9sion nerveuse<\/li>\n<li class=\"li2\">Douleur persistante ou raideur<\/li>\n<li class=\"li2\">Cicatrisation probl\u00e9matique<\/li>\n<\/ul>\n<p class=\"p3\">[\/et_pb_text][\/et_pb_column][\/et_pb_row][et_pb_row column_structure=\u00a0\u00bb1_4,3_4&Prime; _builder_version=\u00a0\u00bb4.24.3&Prime; _module_preset=\u00a0\u00bbdefault\u00a0\u00bb border_width_all=\u00a0\u00bb12px\u00a0\u00bb border_color_all=\u00a0\u00bb#326963&Prime; global_colors_info=\u00a0\u00bb{}\u00a0\u00bb][et_pb_column type=\u00a0\u00bb1_4&Prime; _builder_version=\u00a0\u00bb4.24.3&Prime; _module_preset=\u00a0\u00bbdefault\u00a0\u00bb global_colors_info=\u00a0\u00bb{}\u00a0\u00bb][et_pb_icon font_icon=\u00a0\u00bb&#xe092;||divi||400&Prime; icon_color=\u00a0\u00bb#326963&Prime; icon_width=\u00a0\u00bb60px\u00a0\u00bb _builder_version=\u00a0\u00bb4.27.0&Prime; _module_preset=\u00a0\u00bbdefault\u00a0\u00bb global_colors_info=\u00a0\u00bb{}\u00a0\u00bb][\/et_pb_icon][\/et_pb_column][et_pb_column type=\u00a0\u00bb3_4&Prime; _builder_version=\u00a0\u00bb4.24.3&Prime; _module_preset=\u00a0\u00bbdefault\u00a0\u00bb global_colors_info=\u00a0\u00bb{}\u00a0\u00bb][et_pb_text content_tablet=\u00a0\u00bb<\/p>\n<p style=%22text-align: left;%22><span style=%22text-decoration: underline;%22><a href=%22https:\/\/imppact-chirurgie.fr\/wp-content\/uploads\/2024\/09\/consignes-imppact-copie-2.docx%22 data-et-target-link=%22_blank%22 rel=%22noopener%22>T\u00e9l\u00e9charger la fiche post op\u00e9ratoire<\/a><\/span><\/p>\n<p style=%22text-align: left;%22><span style=%22text-decoration: underline;%22><a href=%22https:\/\/imppact-chirurgie.fr\/wp-content\/uploads\/2024\/09\/Fiche-SFCM-liberation_du_nerf_median_final.pdf%22 data-et-target-link=%22_blank%22 rel=%22noopener%22>T\u00e9l\u00e9charger la fiche informations soci\u00e9t\u00e9s savantes<\/a><\/span><\/p>\n<p>\u00a0\u00bb content_phone=\u00a0\u00bb<\/p>\n<p style=%22text-align: center;%22><span style=%22text-decoration: underline;%22><a href=%22https:\/\/imppact-chirurgie.fr\/wp-content\/uploads\/2024\/09\/consignes-imppact-copie-2.docx%22 data-et-target-link=%22_blank%22 rel=%22noopener%22>T\u00e9l\u00e9charger la fiche post op\u00e9ratoire<\/a><\/span><\/p>\n<p style=%22text-align: center;%22><span style=%22text-decoration: underline;%22><a href=%22https:\/\/imppact-chirurgie.fr\/wp-content\/uploads\/2024\/09\/Fiche-SFCM-liberation_du_nerf_median_final.pdf%22 data-et-target-link=%22_blank%22 rel=%22noopener%22>T\u00e9l\u00e9charger la fiche informations soci\u00e9t\u00e9s savantes<\/a><\/span><\/p>\n<p>\u00a0\u00bb content_last_edited=\u00a0\u00bbon|phone\u00a0\u00bb _builder_version=\u00a0\u00bb4.27.0&Prime; _module_preset=\u00a0\u00bbdefault\u00a0\u00bb custom_margin=\u00a0\u00bb-3px||||false|false\u00a0\u00bb custom_padding=\u00a0\u00bb0px|||3px|false|false\u00a0\u00bb global_colors_info=\u00a0\u00bb{}\u00a0\u00bb]<\/p>\n<p style=\"text-align: left;\"><span style=\"text-decoration: underline;\"><a href=\"https:\/\/imppact-chirurgie.fr\/wp-content\/uploads\/2024\/09\/consignes-imppact-copie-2.docx\" target=\"_blank\" rel=\"noopener\">T\u00e9l\u00e9charger la fiche post op\u00e9ratoire<\/a><\/span><\/p>\n<p style=\"text-align: left;\"><span style=\"text-decoration: underline;\"><a href=\"https:\/\/imppact-chirurgie.fr\/wp-content\/uploads\/2024\/09\/Fiche-SFCM-liberation_du_nerf_median_final.pdf\" target=\"_blank\" rel=\"noopener\">T\u00e9l\u00e9charger la fiche informations soci\u00e9t\u00e9s savantes<\/a><\/span><\/p>\n<p>[\/et_pb_text][\/et_pb_column][\/et_pb_row][\/et_pb_section]<\/p>\n","protected":false},"excerpt":{"rendered":"<p>Le syndrome du canal carpien Le syndrome du canal carpien est une affection courante qui survient lorsque le nerf m\u00e9dian, qui traverse le poignet par un passage appel\u00e9 le canal carpien, est comprim\u00e9. Sympt\u00f4mes Engourdissement et picotements : Ces sensations se produisent souvent dans les doigts, en particulier le pouce, l&rsquo;index, le majeur et la [&hellip;]<\/p>\n","protected":false},"author":1,"featured_media":0,"parent":1014,"menu_order":0,"comment_status":"closed","ping_status":"closed","template":"","meta":{"_et_pb_use_builder":"on","_et_pb_old_content":"","_et_gb_content_width":"","_monsterinsights_skip_tracking":false,"_monsterinsights_sitenote_active":false,"_monsterinsights_sitenote_note":"","_monsterinsights_sitenote_category":0,"footnotes":""},"class_list":["post-1007","page","type-page","status-publish","hentry"],"yoast_head":"<!-- This site is optimized with the Yoast SEO plugin v27.4 - https:\/\/yoast.com\/product\/yoast-seo-wordpress\/ -->\n<title>Syndrome du canal carpien | IMPPACT Chirurgie<\/title>\n<meta name=\"robots\" content=\"index, follow, max-snippet:-1, max-image-preview:large, max-video-preview:-1\" \/>\n<link rel=\"canonical\" href=\"https:\/\/imppact-chirurgie.fr\/index.php\/orthopedie\/chirurgie-de-la-main\/syndrome-du-canal-carpien-2\/\" \/>\n<meta property=\"og:locale\" content=\"fr_FR\" \/>\n<meta property=\"og:type\" content=\"article\" \/>\n<meta property=\"og:title\" content=\"Syndrome du canal carpien | IMPPACT Chirurgie\" \/>\n<meta property=\"og:description\" content=\"Le syndrome du canal carpien Le syndrome du canal carpien est une affection courante qui survient lorsque le nerf m\u00e9dian, qui traverse le poignet par un passage appel\u00e9 le canal carpien, est comprim\u00e9. Sympt\u00f4mes Engourdissement et picotements : Ces sensations se produisent souvent dans les doigts, en particulier le pouce, l&#039;index, le majeur et la [&hellip;]\" \/>\n<meta property=\"og:url\" content=\"https:\/\/imppact-chirurgie.fr\/index.php\/orthopedie\/chirurgie-de-la-main\/syndrome-du-canal-carpien-2\/\" \/>\n<meta property=\"og:site_name\" content=\"IMPPACT Chirurgie\" \/>\n<meta property=\"article:modified_time\" content=\"2025-02-10T19:31:30+00:00\" \/>\n<meta name=\"twitter:card\" content=\"summary_large_image\" \/>\n<meta name=\"twitter:label1\" content=\"Dur\u00e9e de lecture estim\u00e9e\" \/>\n\t<meta name=\"twitter:data1\" content=\"3 minutes\" \/>\n<script type=\"application\/ld+json\" class=\"yoast-schema-graph\">{\"@context\":\"https:\\\/\\\/schema.org\",\"@graph\":[{\"@type\":\"WebPage\",\"@id\":\"https:\\\/\\\/imppact-chirurgie.fr\\\/index.php\\\/orthopedie\\\/chirurgie-de-la-main\\\/syndrome-du-canal-carpien-2\\\/\",\"url\":\"https:\\\/\\\/imppact-chirurgie.fr\\\/index.php\\\/orthopedie\\\/chirurgie-de-la-main\\\/syndrome-du-canal-carpien-2\\\/\",\"name\":\"Syndrome du canal carpien | IMPPACT Chirurgie\",\"isPartOf\":{\"@id\":\"https:\\\/\\\/imppact-chirurgie.fr\\\/#website\"},\"datePublished\":\"2024-03-13T20:52:45+00:00\",\"dateModified\":\"2025-02-10T19:31:30+00:00\",\"breadcrumb\":{\"@id\":\"https:\\\/\\\/imppact-chirurgie.fr\\\/index.php\\\/orthopedie\\\/chirurgie-de-la-main\\\/syndrome-du-canal-carpien-2\\\/#breadcrumb\"},\"inLanguage\":\"fr-FR\",\"potentialAction\":[{\"@type\":\"ReadAction\",\"target\":[\"https:\\\/\\\/imppact-chirurgie.fr\\\/index.php\\\/orthopedie\\\/chirurgie-de-la-main\\\/syndrome-du-canal-carpien-2\\\/\"]}]},{\"@type\":\"BreadcrumbList\",\"@id\":\"https:\\\/\\\/imppact-chirurgie.fr\\\/index.php\\\/orthopedie\\\/chirurgie-de-la-main\\\/syndrome-du-canal-carpien-2\\\/#breadcrumb\",\"itemListElement\":[{\"@type\":\"ListItem\",\"position\":1,\"name\":\"Accueil\",\"item\":\"https:\\\/\\\/imppact-chirurgie.fr\\\/\"},{\"@type\":\"ListItem\",\"position\":2,\"name\":\"Orthop\u00e9die\",\"item\":\"https:\\\/\\\/imppact-chirurgie.fr\\\/index.php\\\/orthopedie\\\/\"},{\"@type\":\"ListItem\",\"position\":3,\"name\":\"Chirurgie de la main\",\"item\":\"https:\\\/\\\/imppact-chirurgie.fr\\\/index.php\\\/orthopedie\\\/chirurgie-de-la-main\\\/\"},{\"@type\":\"ListItem\",\"position\":4,\"name\":\"Syndrome du canal carpien\"}]},{\"@type\":\"WebSite\",\"@id\":\"https:\\\/\\\/imppact-chirurgie.fr\\\/#website\",\"url\":\"https:\\\/\\\/imppact-chirurgie.fr\\\/\",\"name\":\"IMPPACT Chirurgie\",\"description\":\"IMPPACT Institut Main Pied Plastique Articulations Chirurgie Traumatologie\",\"publisher\":{\"@id\":\"https:\\\/\\\/imppact-chirurgie.fr\\\/#organization\"},\"potentialAction\":[{\"@type\":\"SearchAction\",\"target\":{\"@type\":\"EntryPoint\",\"urlTemplate\":\"https:\\\/\\\/imppact-chirurgie.fr\\\/?s={search_term_string}\"},\"query-input\":{\"@type\":\"PropertyValueSpecification\",\"valueRequired\":true,\"valueName\":\"search_term_string\"}}],\"inLanguage\":\"fr-FR\"},{\"@type\":\"Organization\",\"@id\":\"https:\\\/\\\/imppact-chirurgie.fr\\\/#organization\",\"name\":\"Imppact Chirurgie\",\"alternateName\":\"Institut Main Pied Plastique Articulations Chirurgie Traumatologie\",\"url\":\"https:\\\/\\\/imppact-chirurgie.fr\\\/\",\"logo\":{\"@type\":\"ImageObject\",\"inLanguage\":\"fr-FR\",\"@id\":\"https:\\\/\\\/imppact-chirurgie.fr\\\/#\\\/schema\\\/logo\\\/image\\\/\",\"url\":\"https:\\\/\\\/imppact-chirurgie.fr\\\/wp-content\\\/uploads\\\/2024\\\/02\\\/logo_final_imppact.png\",\"contentUrl\":\"https:\\\/\\\/imppact-chirurgie.fr\\\/wp-content\\\/uploads\\\/2024\\\/02\\\/logo_final_imppact.png\",\"width\":1000,\"height\":523,\"caption\":\"Imppact Chirurgie\"},\"image\":{\"@id\":\"https:\\\/\\\/imppact-chirurgie.fr\\\/#\\\/schema\\\/logo\\\/image\\\/\"}}]}<\/script>\n<!-- \/ Yoast SEO plugin. -->","yoast_head_json":{"title":"Syndrome du canal carpien | IMPPACT Chirurgie","robots":{"index":"index","follow":"follow","max-snippet":"max-snippet:-1","max-image-preview":"max-image-preview:large","max-video-preview":"max-video-preview:-1"},"canonical":"https:\/\/imppact-chirurgie.fr\/index.php\/orthopedie\/chirurgie-de-la-main\/syndrome-du-canal-carpien-2\/","og_locale":"fr_FR","og_type":"article","og_title":"Syndrome du canal carpien | IMPPACT Chirurgie","og_description":"Le syndrome du canal carpien Le syndrome du canal carpien est une affection courante qui survient lorsque le nerf m\u00e9dian, qui traverse le poignet par un passage appel\u00e9 le canal carpien, est comprim\u00e9. Sympt\u00f4mes Engourdissement et picotements : Ces sensations se produisent souvent dans les doigts, en particulier le pouce, l'index, le majeur et la [&hellip;]","og_url":"https:\/\/imppact-chirurgie.fr\/index.php\/orthopedie\/chirurgie-de-la-main\/syndrome-du-canal-carpien-2\/","og_site_name":"IMPPACT Chirurgie","article_modified_time":"2025-02-10T19:31:30+00:00","twitter_card":"summary_large_image","twitter_misc":{"Dur\u00e9e de lecture estim\u00e9e":"3 minutes"},"schema":{"@context":"https:\/\/schema.org","@graph":[{"@type":"WebPage","@id":"https:\/\/imppact-chirurgie.fr\/index.php\/orthopedie\/chirurgie-de-la-main\/syndrome-du-canal-carpien-2\/","url":"https:\/\/imppact-chirurgie.fr\/index.php\/orthopedie\/chirurgie-de-la-main\/syndrome-du-canal-carpien-2\/","name":"Syndrome du canal carpien | IMPPACT Chirurgie","isPartOf":{"@id":"https:\/\/imppact-chirurgie.fr\/#website"},"datePublished":"2024-03-13T20:52:45+00:00","dateModified":"2025-02-10T19:31:30+00:00","breadcrumb":{"@id":"https:\/\/imppact-chirurgie.fr\/index.php\/orthopedie\/chirurgie-de-la-main\/syndrome-du-canal-carpien-2\/#breadcrumb"},"inLanguage":"fr-FR","potentialAction":[{"@type":"ReadAction","target":["https:\/\/imppact-chirurgie.fr\/index.php\/orthopedie\/chirurgie-de-la-main\/syndrome-du-canal-carpien-2\/"]}]},{"@type":"BreadcrumbList","@id":"https:\/\/imppact-chirurgie.fr\/index.php\/orthopedie\/chirurgie-de-la-main\/syndrome-du-canal-carpien-2\/#breadcrumb","itemListElement":[{"@type":"ListItem","position":1,"name":"Accueil","item":"https:\/\/imppact-chirurgie.fr\/"},{"@type":"ListItem","position":2,"name":"Orthop\u00e9die","item":"https:\/\/imppact-chirurgie.fr\/index.php\/orthopedie\/"},{"@type":"ListItem","position":3,"name":"Chirurgie de la main","item":"https:\/\/imppact-chirurgie.fr\/index.php\/orthopedie\/chirurgie-de-la-main\/"},{"@type":"ListItem","position":4,"name":"Syndrome du canal carpien"}]},{"@type":"WebSite","@id":"https:\/\/imppact-chirurgie.fr\/#website","url":"https:\/\/imppact-chirurgie.fr\/","name":"IMPPACT Chirurgie","description":"IMPPACT Institut Main Pied Plastique Articulations Chirurgie Traumatologie","publisher":{"@id":"https:\/\/imppact-chirurgie.fr\/#organization"},"potentialAction":[{"@type":"SearchAction","target":{"@type":"EntryPoint","urlTemplate":"https:\/\/imppact-chirurgie.fr\/?s={search_term_string}"},"query-input":{"@type":"PropertyValueSpecification","valueRequired":true,"valueName":"search_term_string"}}],"inLanguage":"fr-FR"},{"@type":"Organization","@id":"https:\/\/imppact-chirurgie.fr\/#organization","name":"Imppact Chirurgie","alternateName":"Institut Main Pied Plastique Articulations Chirurgie Traumatologie","url":"https:\/\/imppact-chirurgie.fr\/","logo":{"@type":"ImageObject","inLanguage":"fr-FR","@id":"https:\/\/imppact-chirurgie.fr\/#\/schema\/logo\/image\/","url":"https:\/\/imppact-chirurgie.fr\/wp-content\/uploads\/2024\/02\/logo_final_imppact.png","contentUrl":"https:\/\/imppact-chirurgie.fr\/wp-content\/uploads\/2024\/02\/logo_final_imppact.png","width":1000,"height":523,"caption":"Imppact Chirurgie"},"image":{"@id":"https:\/\/imppact-chirurgie.fr\/#\/schema\/logo\/image\/"}}]}},"_links":{"self":[{"href":"https:\/\/imppact-chirurgie.fr\/index.php\/wp-json\/wp\/v2\/pages\/1007","targetHints":{"allow":["GET"]}}],"collection":[{"href":"https:\/\/imppact-chirurgie.fr\/index.php\/wp-json\/wp\/v2\/pages"}],"about":[{"href":"https:\/\/imppact-chirurgie.fr\/index.php\/wp-json\/wp\/v2\/types\/page"}],"author":[{"embeddable":true,"href":"https:\/\/imppact-chirurgie.fr\/index.php\/wp-json\/wp\/v2\/users\/1"}],"replies":[{"embeddable":true,"href":"https:\/\/imppact-chirurgie.fr\/index.php\/wp-json\/wp\/v2\/comments?post=1007"}],"version-history":[{"count":15,"href":"https:\/\/imppact-chirurgie.fr\/index.php\/wp-json\/wp\/v2\/pages\/1007\/revisions"}],"predecessor-version":[{"id":2217,"href":"https:\/\/imppact-chirurgie.fr\/index.php\/wp-json\/wp\/v2\/pages\/1007\/revisions\/2217"}],"up":[{"embeddable":true,"href":"https:\/\/imppact-chirurgie.fr\/index.php\/wp-json\/wp\/v2\/pages\/1014"}],"wp:attachment":[{"href":"https:\/\/imppact-chirurgie.fr\/index.php\/wp-json\/wp\/v2\/media?parent=1007"}],"curies":[{"name":"wp","href":"https:\/\/api.w.org\/{rel}","templated":true}]}}