{"id":1087,"date":"2024-03-26T14:37:38","date_gmt":"2024-03-26T13:37:38","guid":{"rendered":"https:\/\/imppact-chirurgie.fr\/?page_id=1087"},"modified":"2024-10-01T13:07:52","modified_gmt":"2024-10-01T11:07:52","slug":"maladie-de-dupuytren","status":"publish","type":"page","link":"https:\/\/imppact-chirurgie.fr\/index.php\/orthopedie\/chirurgie-de-la-main\/maladie-de-dupuytren\/","title":{"rendered":"Maladie de Dupuytren"},"content":{"rendered":"<p>[et_pb_section fb_built=\u00a0\u00bb1&Prime; admin_label=\u00a0\u00bbsection\u00a0\u00bb _builder_version=\u00a0\u00bb4.16&Prime; global_colors_info=\u00a0\u00bb{}\u00a0\u00bb][et_pb_row column_structure=\u00a0\u00bb3_5,2_5&Prime; admin_label=\u00a0\u00bbrow\u00a0\u00bb _builder_version=\u00a0\u00bb4.27.0&Prime; background_size=\u00a0\u00bbinitial\u00a0\u00bb background_position=\u00a0\u00bbtop_left\u00a0\u00bb background_repeat=\u00a0\u00bbrepeat\u00a0\u00bb custom_margin=\u00a0\u00bb||||false|false\u00a0\u00bb custom_padding=\u00a0\u00bb||||false|false\u00a0\u00bb hover_enabled=\u00a0\u00bb0&Prime; global_colors_info=\u00a0\u00bb{}\u00a0\u00bb sticky_enabled=\u00a0\u00bb0&Prime;][et_pb_column type=\u00a0\u00bb3_5&Prime; _builder_version=\u00a0\u00bb4.16&Prime; custom_padding=\u00a0\u00bb|||\u00a0\u00bb global_colors_info=\u00a0\u00bb{}\u00a0\u00bb custom_padding__hover=\u00a0\u00bb|||\u00a0\u00bb][et_pb_text admin_label=\u00a0\u00bbText\u00a0\u00bb _builder_version=\u00a0\u00bb4.24.3&Prime; background_size=\u00a0\u00bbinitial\u00a0\u00bb background_position=\u00a0\u00bbtop_left\u00a0\u00bb background_repeat=\u00a0\u00bbrepeat\u00a0\u00bb width=\u00a0\u00bb99.8%\u00a0\u00bb custom_margin=\u00a0\u00bb||||false|false\u00a0\u00bb custom_padding=\u00a0\u00bb12px|||0px||\u00a0\u00bb global_colors_info=\u00a0\u00bb{}\u00a0\u00bb]<\/p>\n<h2>La Maladie de Dupuytren<\/h2>\n<p class=\"p1\"><b>Diagnostic de la Maladie de Dupuytren<\/b><\/p>\n<p class=\"p1\">Le diagnostic de la maladie de Dupuytren est principalement clinique, bas\u00e9 sur l&rsquo;examen physique et les sympt\u00f4mes rapport\u00e9s par le patient.<\/p>\n<ul class=\"ul1\">\n<li class=\"li1\"><b>Examen Clinique :<\/b><\/li>\n<ul class=\"ul1\">\n<li class=\"li1\"><b>Nodules :<\/b> Le m\u00e9decin palpe la paume pour d\u00e9tecter des nodules fermes sous la peau.<\/li>\n<li class=\"li1\"><b>Cordes Fibreuses :<\/b> Identification des cordes sous-cutan\u00e9es qui se forment au fur et \u00e0 mesure que la maladie progresse.<\/li>\n<li class=\"li1\"><b>\u00c9valuation de la Contracture :<\/b> Le m\u00e9decin \u00e9value l&rsquo;extension des doigts. Le <b>test de la table<\/b> est souvent utilis\u00e9 : on demande au patient de poser sa main \u00e0 plat sur une surface plane.<\/li>\n<\/ul>\n<li class=\"li1\"><b>Tests Compl\u00e9mentaires :<\/b><\/li>\n<ul class=\"ul1\">\n<li class=\"li1\">Bien que rarement n\u00e9cessaires, des examens d&rsquo;imagerie (comme l&rsquo;\u00e9chographie ou l&rsquo;IRM) peuvent \u00eatre utilis\u00e9s pour \u00e9valuer l&rsquo;\u00e9tendue des l\u00e9sions dans les cas complexes ou avant une intervention chirurgicale.<\/li>\n<\/ul>\n<\/ul>\n<p>[\/et_pb_text][\/et_pb_column][et_pb_column type=\u00a0\u00bb2_5&Prime; _builder_version=\u00a0\u00bb4.16&Prime; custom_padding=\u00a0\u00bb|||\u00a0\u00bb global_colors_info=\u00a0\u00bb{}\u00a0\u00bb custom_padding__hover=\u00a0\u00bb|||\u00a0\u00bb][et_pb_image src=\u00a0\u00bbhttps:\/\/imppact-chirurgie.fr\/wp-content\/uploads\/2024\/09\/IMG_8264-scaled.jpeg\u00a0\u00bb alt=\u00a0\u00bbDoigt \u00e0 ressaut\u00a0\u00bb title_text=\u00a0\u00bbIMG_8264&Prime; align=\u00a0\u00bbright\u00a0\u00bb _builder_version=\u00a0\u00bb4.24.3&Prime; _module_preset=\u00a0\u00bbdefault\u00a0\u00bb width=\u00a0\u00bb80%\u00a0\u00bb border_radii=\u00a0\u00bbon|12px|12px|12px|12px\u00a0\u00bb global_colors_info=\u00a0\u00bb{}\u00a0\u00bb][\/et_pb_image][\/et_pb_column][\/et_pb_row][et_pb_row admin_label=\u00a0\u00bbrow\u00a0\u00bb _builder_version=\u00a0\u00bb4.27.0&Prime; background_size=\u00a0\u00bbinitial\u00a0\u00bb background_position=\u00a0\u00bbtop_left\u00a0\u00bb background_repeat=\u00a0\u00bbrepeat\u00a0\u00bb custom_margin=\u00a0\u00bb||||false|false\u00a0\u00bb custom_padding=\u00a0\u00bb1px||||false|false\u00a0\u00bb hover_enabled=\u00a0\u00bb0&Prime; global_colors_info=\u00a0\u00bb{}\u00a0\u00bb sticky_enabled=\u00a0\u00bb0&Prime;][et_pb_column type=\u00a0\u00bb4_4&Prime; _builder_version=\u00a0\u00bb4.16&Prime; custom_padding=\u00a0\u00bb|||\u00a0\u00bb global_colors_info=\u00a0\u00bb{}\u00a0\u00bb custom_padding__hover=\u00a0\u00bb|||\u00a0\u00bb][et_pb_text admin_label=\u00a0\u00bbText\u00a0\u00bb _builder_version=\u00a0\u00bb4.24.3&Prime; background_size=\u00a0\u00bbinitial\u00a0\u00bb background_position=\u00a0\u00bbtop_left\u00a0\u00bb background_repeat=\u00a0\u00bbrepeat\u00a0\u00bb width=\u00a0\u00bb99.8%\u00a0\u00bb custom_margin=\u00a0\u00bb||||false|false\u00a0\u00bb custom_padding=\u00a0\u00bb|||0px||\u00a0\u00bb global_colors_info=\u00a0\u00bb{}\u00a0\u00bb]<\/p>\n<p class=\"p1\"><b>Traitement Chirurgical de la Maladie de Dupuytren<\/b><\/p>\n<p class=\"p1\">La chirurgie est g\u00e9n\u00e9ralement envisag\u00e9e lorsque la maladie entra\u00eene une contracture significative des doigts, interf\u00e9rant avec la fonction de la main.<\/p>\n<ul class=\"ul1\">\n<li class=\"li1\"><b>Indications de la Chirurgie :<\/b><\/li>\n<ul class=\"ul1\">\n<li class=\"li1\"><b>Incapacit\u00e9 Fonctionnelle :<\/b> Lorsque la flexion du doigt interf\u00e8re avec les activit\u00e9s quotidiennes.<\/li>\n<li class=\"li1\"><b>Contracture D\u00e9passant 30\u00b0 :<\/b> Lorsque l&rsquo;extension d&rsquo;un doigt ne peut pas d\u00e9passer 30 degr\u00e9s (contracture en flexion).<\/li>\n<li class=\"li1\"><b>Progression Rapide :<\/b> Dans les cas o\u00f9 la maladie progresse rapidement.<\/li>\n<\/ul>\n<li class=\"li1\"><b>Options Chirurgicales :<\/b><\/li>\n<ul class=\"ul1\">\n<li class=\"li1\"><b>Fasciotomie \u00e0 Aiguille (ou Fasciotomie percutan\u00e9e) :<\/b><\/li>\n<ul class=\"ul1\">\n<li class=\"li1\"><b>Proc\u00e9dure :<\/b> Le chirurgien utilise une aiguille pour sectionner les cordes fibreuses sous la peau sans les retirer.<\/li>\n<li class=\"li1\"><b>Avantages :<\/b> Technique minimalement invasive, r\u00e9cup\u00e9ration rapide.<\/li>\n<li class=\"li1\"><b>Inconv\u00e9nients :<\/b> Risque de r\u00e9cidive plus \u00e9lev\u00e9 compar\u00e9 \u00e0 d&rsquo;autres techniques.<\/li>\n<\/ul>\n<li class=\"li1\"><b>Fasciectomie Limit\u00e9e :<\/b><\/li>\n<ul class=\"ul1\">\n<li class=\"li1\"><b>Proc\u00e9dure :<\/b> Ablation partielle des cordes fibreuses affect\u00e9es.<\/li>\n<li class=\"li1\"><b>Avantages :<\/b> R\u00e9duit la contracture tout en \u00e9tant moins invasive qu&rsquo;une fasciectomie compl\u00e8te.<\/li>\n<li class=\"li1\"><b>Inconv\u00e9nients :<\/b> Risque de r\u00e9cidive.<\/li>\n<\/ul>\n<li class=\"li1\"><b>Fasciectomie \u00c9tendue :<\/b><\/li>\n<ul class=\"ul1\">\n<li class=\"li1\"><b>Proc\u00e9dure :<\/b> Ablation compl\u00e8te du fascia affect\u00e9, y compris les zones saines avoisinantes.<\/li>\n<li class=\"li1\"><b>Avantages :<\/b> R\u00e9duit le risque de r\u00e9cidive.<\/li>\n<li class=\"li1\"><b>Inconv\u00e9nients :<\/b> Chirurgie plus complexe, n\u00e9cessitant une r\u00e9cup\u00e9ration plus longue.<\/li>\n<\/ul>\n<li class=\"li1\"><b>Dermofasciectomie :<\/b><\/li>\n<ul class=\"ul1\">\n<li class=\"li1\"><b>Proc\u00e9dure :<\/b> Ablation du fascia affect\u00e9 avec la peau sus-jacente, suivie d&rsquo;une greffe de peau.<\/li>\n<li class=\"li1\"><b>Avantages :<\/b> R\u00e9duit consid\u00e9rablement le risque de r\u00e9cidive.<\/li>\n<li class=\"li1\"><b>Inconv\u00e9nients :<\/b> Processus de gu\u00e9rison plus long, risque de complications li\u00e9es \u00e0 la greffe de peau.<\/li>\n<\/ul>\n<\/ul>\n<li class=\"li1\"><b>Suites Op\u00e9ratoires :<\/b><\/li>\n<ul class=\"ul1\">\n<li class=\"li1\"><b>R\u00e9\u00e9ducation :<\/b> Des s\u00e9ances de physioth\u00e9rapie sont souvent n\u00e9cessaires pour restaurer la fonction de la main, renforcer les muscles, et am\u00e9liorer la mobilit\u00e9 des doigts.<\/li>\n<li class=\"li1\"><b>Orth\u00e8se :<\/b> Le port d\u2019une attelle peut \u00eatre recommand\u00e9 pour maintenir les doigts en extension et pr\u00e9venir les r\u00e9cidives.<\/li>\n<\/ul>\n<\/ul>\n<ul class=\"ul1\">\n<li class=\"li1\"><b>Complications Potentielles :<\/b><\/li>\n<ul class=\"ul1\">\n<li class=\"li1\"><b>R\u00e9cidive de la Maladie :<\/b> La r\u00e9cidive est possible, m\u00eame apr\u00e8s un traitement chirurgical.<\/li>\n<li class=\"li1\"><b>Infections :<\/b> Risque d&rsquo;infection post-op\u00e9ratoire, bien que faible.<\/li>\n<li class=\"li1\"><b>L\u00e9sions Nerveuses :<\/b> Dommages potentiels aux nerfs digitaux, entra\u00eenant une perte de sensibilit\u00e9 ou de mobilit\u00e9.<\/li>\n<\/ul>\n<\/ul>\n<p class=\"p1\"><b>Conclusion<\/b><\/p>\n<p class=\"p1\">Le diagnostic de la maladie de Dupuytren repose sur un examen clinique approfondi. La chirurgie est une option de traitement efficace pour les cas avanc\u00e9s, visant \u00e0 restaurer la fonction de la main et \u00e0 am\u00e9liorer la qualit\u00e9 de vie du patient. Toutefois, il est important de peser les risques et les b\u00e9n\u00e9fices de chaque option chirurgicale, et de suivre un programme de r\u00e9\u00e9ducation pour optimiser les r\u00e9sultats post-op\u00e9ratoires.<\/p>\n<p>[\/et_pb_text][\/et_pb_column][\/et_pb_row][\/et_pb_section]<\/p>\n","protected":false},"excerpt":{"rendered":"<p>La Maladie de Dupuytren Diagnostic de la Maladie de Dupuytren Le diagnostic de la maladie de Dupuytren est principalement clinique, bas\u00e9 sur l&rsquo;examen physique et les sympt\u00f4mes rapport\u00e9s par le patient. Examen Clinique : Nodules : Le m\u00e9decin palpe la paume pour d\u00e9tecter des nodules fermes sous la peau. Cordes Fibreuses : Identification des cordes [&hellip;]<\/p>\n","protected":false},"author":1,"featured_media":0,"parent":1014,"menu_order":0,"comment_status":"closed","ping_status":"closed","template":"","meta":{"_et_pb_use_builder":"on","_et_pb_old_content":"","_et_gb_content_width":"","_monsterinsights_skip_tracking":false,"_monsterinsights_sitenote_active":false,"_monsterinsights_sitenote_note":"","_monsterinsights_sitenote_category":0,"footnotes":""},"class_list":["post-1087","page","type-page","status-publish","hentry"],"yoast_head":"<!-- This site is optimized with the Yoast SEO plugin v27.4 - https:\/\/yoast.com\/product\/yoast-seo-wordpress\/ -->\n<title>Maladie de Dupuytren | IMPPACT Chirurgie<\/title>\n<meta name=\"robots\" content=\"index, follow, max-snippet:-1, max-image-preview:large, max-video-preview:-1\" \/>\n<link rel=\"canonical\" href=\"https:\/\/imppact-chirurgie.fr\/index.php\/orthopedie\/chirurgie-de-la-main\/maladie-de-dupuytren\/\" \/>\n<meta property=\"og:locale\" content=\"fr_FR\" \/>\n<meta property=\"og:type\" content=\"article\" \/>\n<meta property=\"og:title\" content=\"Maladie de Dupuytren | IMPPACT Chirurgie\" \/>\n<meta property=\"og:description\" content=\"La Maladie de Dupuytren Diagnostic de la Maladie de Dupuytren Le diagnostic de la maladie de Dupuytren est principalement clinique, bas\u00e9 sur l&#039;examen physique et les sympt\u00f4mes rapport\u00e9s par le patient. Examen Clinique : Nodules : Le m\u00e9decin palpe la paume pour d\u00e9tecter des nodules fermes sous la peau. Cordes Fibreuses : Identification des cordes [&hellip;]\" \/>\n<meta property=\"og:url\" content=\"https:\/\/imppact-chirurgie.fr\/index.php\/orthopedie\/chirurgie-de-la-main\/maladie-de-dupuytren\/\" \/>\n<meta property=\"og:site_name\" content=\"IMPPACT Chirurgie\" \/>\n<meta property=\"article:modified_time\" content=\"2024-10-01T11:07:52+00:00\" \/>\n<meta name=\"twitter:card\" content=\"summary_large_image\" \/>\n<meta name=\"twitter:label1\" content=\"Dur\u00e9e de lecture estim\u00e9e\" \/>\n\t<meta name=\"twitter:data1\" content=\"4 minutes\" \/>\n<script type=\"application\/ld+json\" class=\"yoast-schema-graph\">{\"@context\":\"https:\\\/\\\/schema.org\",\"@graph\":[{\"@type\":\"WebPage\",\"@id\":\"https:\\\/\\\/imppact-chirurgie.fr\\\/index.php\\\/orthopedie\\\/chirurgie-de-la-main\\\/maladie-de-dupuytren\\\/\",\"url\":\"https:\\\/\\\/imppact-chirurgie.fr\\\/index.php\\\/orthopedie\\\/chirurgie-de-la-main\\\/maladie-de-dupuytren\\\/\",\"name\":\"Maladie de Dupuytren | IMPPACT Chirurgie\",\"isPartOf\":{\"@id\":\"https:\\\/\\\/imppact-chirurgie.fr\\\/#website\"},\"datePublished\":\"2024-03-26T13:37:38+00:00\",\"dateModified\":\"2024-10-01T11:07:52+00:00\",\"breadcrumb\":{\"@id\":\"https:\\\/\\\/imppact-chirurgie.fr\\\/index.php\\\/orthopedie\\\/chirurgie-de-la-main\\\/maladie-de-dupuytren\\\/#breadcrumb\"},\"inLanguage\":\"fr-FR\",\"potentialAction\":[{\"@type\":\"ReadAction\",\"target\":[\"https:\\\/\\\/imppact-chirurgie.fr\\\/index.php\\\/orthopedie\\\/chirurgie-de-la-main\\\/maladie-de-dupuytren\\\/\"]}]},{\"@type\":\"BreadcrumbList\",\"@id\":\"https:\\\/\\\/imppact-chirurgie.fr\\\/index.php\\\/orthopedie\\\/chirurgie-de-la-main\\\/maladie-de-dupuytren\\\/#breadcrumb\",\"itemListElement\":[{\"@type\":\"ListItem\",\"position\":1,\"name\":\"Accueil\",\"item\":\"https:\\\/\\\/imppact-chirurgie.fr\\\/\"},{\"@type\":\"ListItem\",\"position\":2,\"name\":\"Orthop\u00e9die\",\"item\":\"https:\\\/\\\/imppact-chirurgie.fr\\\/index.php\\\/orthopedie\\\/\"},{\"@type\":\"ListItem\",\"position\":3,\"name\":\"Chirurgie de la main\",\"item\":\"https:\\\/\\\/imppact-chirurgie.fr\\\/index.php\\\/orthopedie\\\/chirurgie-de-la-main\\\/\"},{\"@type\":\"ListItem\",\"position\":4,\"name\":\"Maladie de Dupuytren\"}]},{\"@type\":\"WebSite\",\"@id\":\"https:\\\/\\\/imppact-chirurgie.fr\\\/#website\",\"url\":\"https:\\\/\\\/imppact-chirurgie.fr\\\/\",\"name\":\"IMPPACT Chirurgie\",\"description\":\"IMPPACT Institut Main Pied Plastique Articulations Chirurgie Traumatologie\",\"publisher\":{\"@id\":\"https:\\\/\\\/imppact-chirurgie.fr\\\/#organization\"},\"potentialAction\":[{\"@type\":\"SearchAction\",\"target\":{\"@type\":\"EntryPoint\",\"urlTemplate\":\"https:\\\/\\\/imppact-chirurgie.fr\\\/?s={search_term_string}\"},\"query-input\":{\"@type\":\"PropertyValueSpecification\",\"valueRequired\":true,\"valueName\":\"search_term_string\"}}],\"inLanguage\":\"fr-FR\"},{\"@type\":\"Organization\",\"@id\":\"https:\\\/\\\/imppact-chirurgie.fr\\\/#organization\",\"name\":\"Imppact Chirurgie\",\"alternateName\":\"Institut Main Pied Plastique Articulations Chirurgie Traumatologie\",\"url\":\"https:\\\/\\\/imppact-chirurgie.fr\\\/\",\"logo\":{\"@type\":\"ImageObject\",\"inLanguage\":\"fr-FR\",\"@id\":\"https:\\\/\\\/imppact-chirurgie.fr\\\/#\\\/schema\\\/logo\\\/image\\\/\",\"url\":\"https:\\\/\\\/imppact-chirurgie.fr\\\/wp-content\\\/uploads\\\/2024\\\/02\\\/logo_final_imppact.png\",\"contentUrl\":\"https:\\\/\\\/imppact-chirurgie.fr\\\/wp-content\\\/uploads\\\/2024\\\/02\\\/logo_final_imppact.png\",\"width\":1000,\"height\":523,\"caption\":\"Imppact Chirurgie\"},\"image\":{\"@id\":\"https:\\\/\\\/imppact-chirurgie.fr\\\/#\\\/schema\\\/logo\\\/image\\\/\"}}]}<\/script>\n<!-- \/ Yoast SEO plugin. -->","yoast_head_json":{"title":"Maladie de Dupuytren | IMPPACT Chirurgie","robots":{"index":"index","follow":"follow","max-snippet":"max-snippet:-1","max-image-preview":"max-image-preview:large","max-video-preview":"max-video-preview:-1"},"canonical":"https:\/\/imppact-chirurgie.fr\/index.php\/orthopedie\/chirurgie-de-la-main\/maladie-de-dupuytren\/","og_locale":"fr_FR","og_type":"article","og_title":"Maladie de Dupuytren | IMPPACT Chirurgie","og_description":"La Maladie de Dupuytren Diagnostic de la Maladie de Dupuytren Le diagnostic de la maladie de Dupuytren est principalement clinique, bas\u00e9 sur l'examen physique et les sympt\u00f4mes rapport\u00e9s par le patient. Examen Clinique : Nodules : Le m\u00e9decin palpe la paume pour d\u00e9tecter des nodules fermes sous la peau. Cordes Fibreuses : Identification des cordes [&hellip;]","og_url":"https:\/\/imppact-chirurgie.fr\/index.php\/orthopedie\/chirurgie-de-la-main\/maladie-de-dupuytren\/","og_site_name":"IMPPACT Chirurgie","article_modified_time":"2024-10-01T11:07:52+00:00","twitter_card":"summary_large_image","twitter_misc":{"Dur\u00e9e de lecture estim\u00e9e":"4 minutes"},"schema":{"@context":"https:\/\/schema.org","@graph":[{"@type":"WebPage","@id":"https:\/\/imppact-chirurgie.fr\/index.php\/orthopedie\/chirurgie-de-la-main\/maladie-de-dupuytren\/","url":"https:\/\/imppact-chirurgie.fr\/index.php\/orthopedie\/chirurgie-de-la-main\/maladie-de-dupuytren\/","name":"Maladie de Dupuytren | IMPPACT Chirurgie","isPartOf":{"@id":"https:\/\/imppact-chirurgie.fr\/#website"},"datePublished":"2024-03-26T13:37:38+00:00","dateModified":"2024-10-01T11:07:52+00:00","breadcrumb":{"@id":"https:\/\/imppact-chirurgie.fr\/index.php\/orthopedie\/chirurgie-de-la-main\/maladie-de-dupuytren\/#breadcrumb"},"inLanguage":"fr-FR","potentialAction":[{"@type":"ReadAction","target":["https:\/\/imppact-chirurgie.fr\/index.php\/orthopedie\/chirurgie-de-la-main\/maladie-de-dupuytren\/"]}]},{"@type":"BreadcrumbList","@id":"https:\/\/imppact-chirurgie.fr\/index.php\/orthopedie\/chirurgie-de-la-main\/maladie-de-dupuytren\/#breadcrumb","itemListElement":[{"@type":"ListItem","position":1,"name":"Accueil","item":"https:\/\/imppact-chirurgie.fr\/"},{"@type":"ListItem","position":2,"name":"Orthop\u00e9die","item":"https:\/\/imppact-chirurgie.fr\/index.php\/orthopedie\/"},{"@type":"ListItem","position":3,"name":"Chirurgie de la main","item":"https:\/\/imppact-chirurgie.fr\/index.php\/orthopedie\/chirurgie-de-la-main\/"},{"@type":"ListItem","position":4,"name":"Maladie de Dupuytren"}]},{"@type":"WebSite","@id":"https:\/\/imppact-chirurgie.fr\/#website","url":"https:\/\/imppact-chirurgie.fr\/","name":"IMPPACT Chirurgie","description":"IMPPACT Institut Main Pied Plastique Articulations Chirurgie Traumatologie","publisher":{"@id":"https:\/\/imppact-chirurgie.fr\/#organization"},"potentialAction":[{"@type":"SearchAction","target":{"@type":"EntryPoint","urlTemplate":"https:\/\/imppact-chirurgie.fr\/?s={search_term_string}"},"query-input":{"@type":"PropertyValueSpecification","valueRequired":true,"valueName":"search_term_string"}}],"inLanguage":"fr-FR"},{"@type":"Organization","@id":"https:\/\/imppact-chirurgie.fr\/#organization","name":"Imppact Chirurgie","alternateName":"Institut Main Pied Plastique Articulations Chirurgie Traumatologie","url":"https:\/\/imppact-chirurgie.fr\/","logo":{"@type":"ImageObject","inLanguage":"fr-FR","@id":"https:\/\/imppact-chirurgie.fr\/#\/schema\/logo\/image\/","url":"https:\/\/imppact-chirurgie.fr\/wp-content\/uploads\/2024\/02\/logo_final_imppact.png","contentUrl":"https:\/\/imppact-chirurgie.fr\/wp-content\/uploads\/2024\/02\/logo_final_imppact.png","width":1000,"height":523,"caption":"Imppact Chirurgie"},"image":{"@id":"https:\/\/imppact-chirurgie.fr\/#\/schema\/logo\/image\/"}}]}},"_links":{"self":[{"href":"https:\/\/imppact-chirurgie.fr\/index.php\/wp-json\/wp\/v2\/pages\/1087","targetHints":{"allow":["GET"]}}],"collection":[{"href":"https:\/\/imppact-chirurgie.fr\/index.php\/wp-json\/wp\/v2\/pages"}],"about":[{"href":"https:\/\/imppact-chirurgie.fr\/index.php\/wp-json\/wp\/v2\/types\/page"}],"author":[{"embeddable":true,"href":"https:\/\/imppact-chirurgie.fr\/index.php\/wp-json\/wp\/v2\/users\/1"}],"replies":[{"embeddable":true,"href":"https:\/\/imppact-chirurgie.fr\/index.php\/wp-json\/wp\/v2\/comments?post=1087"}],"version-history":[{"count":6,"href":"https:\/\/imppact-chirurgie.fr\/index.php\/wp-json\/wp\/v2\/pages\/1087\/revisions"}],"predecessor-version":[{"id":1753,"href":"https:\/\/imppact-chirurgie.fr\/index.php\/wp-json\/wp\/v2\/pages\/1087\/revisions\/1753"}],"up":[{"embeddable":true,"href":"https:\/\/imppact-chirurgie.fr\/index.php\/wp-json\/wp\/v2\/pages\/1014"}],"wp:attachment":[{"href":"https:\/\/imppact-chirurgie.fr\/index.php\/wp-json\/wp\/v2\/media?parent=1087"}],"curies":[{"name":"wp","href":"https:\/\/api.w.org\/{rel}","templated":true}]}}