{"id":1100,"date":"2024-03-26T15:07:15","date_gmt":"2024-03-26T14:07:15","guid":{"rendered":"https:\/\/imppact-chirurgie.fr\/?page_id=1100"},"modified":"2024-10-01T13:15:49","modified_gmt":"2024-10-01T11:15:49","slug":"cubital-au-coude","status":"publish","type":"page","link":"https:\/\/imppact-chirurgie.fr\/index.php\/orthopedie\/chirurgie-de-la-main\/cubital-au-coude\/","title":{"rendered":"Cubital au coude"},"content":{"rendered":"<p>[et_pb_section fb_built=\u00a0\u00bb1&Prime; admin_label=\u00a0\u00bbsection\u00a0\u00bb _builder_version=\u00a0\u00bb4.16&Prime; global_colors_info=\u00a0\u00bb{}\u00a0\u00bb][et_pb_row admin_label=\u00a0\u00bbrow\u00a0\u00bb _builder_version=\u00a0\u00bb4.27.0&Prime; background_size=\u00a0\u00bbinitial\u00a0\u00bb background_position=\u00a0\u00bbtop_left\u00a0\u00bb background_repeat=\u00a0\u00bbrepeat\u00a0\u00bb custom_margin=\u00a0\u00bb||||false|false\u00a0\u00bb custom_padding=\u00a0\u00bb||||false|false\u00a0\u00bb hover_enabled=\u00a0\u00bb0&Prime; global_colors_info=\u00a0\u00bb{}\u00a0\u00bb sticky_enabled=\u00a0\u00bb0&Prime;][et_pb_column type=\u00a0\u00bb4_4&Prime; _builder_version=\u00a0\u00bb4.16&Prime; custom_padding=\u00a0\u00bb|||\u00a0\u00bb global_colors_info=\u00a0\u00bb{}\u00a0\u00bb custom_padding__hover=\u00a0\u00bb|||\u00a0\u00bb][et_pb_text admin_label=\u00a0\u00bbText\u00a0\u00bb _builder_version=\u00a0\u00bb4.24.3&Prime; background_size=\u00a0\u00bbinitial\u00a0\u00bb background_position=\u00a0\u00bbtop_left\u00a0\u00bb background_repeat=\u00a0\u00bbrepeat\u00a0\u00bb width=\u00a0\u00bb99.8%\u00a0\u00bb custom_margin=\u00a0\u00bb||||false|false\u00a0\u00bb custom_padding=\u00a0\u00bb12px|||0px||\u00a0\u00bb global_colors_info=\u00a0\u00bb{}\u00a0\u00bb]<\/p>\n<h2>La compression du nerf ulnaire<\/h2>\n<div class=\"et_pb_with_border et_pb_module et_pb_text et_pb_text_1  et_pb_text_align_left et_pb_bg_layout_light\">\n<div class=\"et_pb_text_inner\">\n<p class=\"p1\">La compression du nerf ulnaire au niveau du coude, \u00e9galement connue sous le nom de syndrome du tunnel cubital, est une affection dans laquelle le nerf ulnaire, qui traverse le coude, est comprim\u00e9 ou irrit\u00e9. Ce nerf est responsable de la sensibilit\u00e9 de l&rsquo;auriculaire et de la moiti\u00e9 de l&rsquo;annulaire, ainsi que de certains muscles de la main.<\/p>\n<p class=\"p2\"><b>Sympt\u00f4mes<\/b><\/p>\n<ul class=\"ul1\">\n<li class=\"li1\"><b>Engourdissement et picotements<\/b> : Principalement dans l&rsquo;auriculaire et la moiti\u00e9 de l&rsquo;annulaire, surtout en position prolong\u00e9e de flexion du coude.<\/li>\n<li class=\"li1\"><b>Douleur au coude<\/b> : Douleur du c\u00f4t\u00e9 interne du coude, qui peut irradier vers l&rsquo;avant-bras et la main.<\/li>\n<li class=\"li1\"><b>Faiblesse musculaire<\/b> : Difficult\u00e9 \u00e0 effectuer des mouvements fins avec les doigts, comme saisir ou tenir des objets.<\/li>\n<li class=\"li1\"><b>Atrophie musculaire<\/b> : Dans les cas graves, une perte de masse musculaire dans la main.<\/li>\n<\/ul>\n<\/div>\n<\/div>\n<p>[\/et_pb_text][\/et_pb_column][\/et_pb_row][et_pb_row admin_label=\u00a0\u00bbrow\u00a0\u00bb _builder_version=\u00a0\u00bb4.27.0&Prime; background_size=\u00a0\u00bbinitial\u00a0\u00bb background_position=\u00a0\u00bbtop_left\u00a0\u00bb background_repeat=\u00a0\u00bbrepeat\u00a0\u00bb min_height=\u00a0\u00bb948.5px\u00a0\u00bb custom_margin=\u00a0\u00bb||||false|false\u00a0\u00bb custom_padding=\u00a0\u00bb||||false|false\u00a0\u00bb hover_enabled=\u00a0\u00bb0&Prime; global_colors_info=\u00a0\u00bb{}\u00a0\u00bb sticky_enabled=\u00a0\u00bb0&Prime;][et_pb_column type=\u00a0\u00bb4_4&Prime; _builder_version=\u00a0\u00bb4.16&Prime; custom_padding=\u00a0\u00bb|||\u00a0\u00bb global_colors_info=\u00a0\u00bb{}\u00a0\u00bb custom_padding__hover=\u00a0\u00bb|||\u00a0\u00bb][et_pb_text admin_label=\u00a0\u00bbText\u00a0\u00bb _builder_version=\u00a0\u00bb4.24.3&Prime; background_size=\u00a0\u00bbinitial\u00a0\u00bb background_position=\u00a0\u00bbtop_left\u00a0\u00bb background_repeat=\u00a0\u00bbrepeat\u00a0\u00bb width=\u00a0\u00bb99.8%\u00a0\u00bb custom_margin=\u00a0\u00bb||||false|false\u00a0\u00bb custom_padding=\u00a0\u00bb|||0px||\u00a0\u00bb global_colors_info=\u00a0\u00bb{}\u00a0\u00bb]<\/p>\n<p class=\"p2\"><b>Causes<\/b><\/p>\n<ul class=\"ul1\">\n<li class=\"li1\"><b>Mouvements r\u00e9p\u00e9titifs<\/b> : Flexion et extension fr\u00e9quentes du coude, comme dans certaines activit\u00e9s professionnelles ou sportives.<\/li>\n<li class=\"li1\"><b>Pression prolong\u00e9e<\/b> : S&rsquo;appuyer sur le coude pendant une longue p\u00e9riode.<\/li>\n<li class=\"li1\"><b>Traumatisme<\/b> : Blessure directe au coude.<\/li>\n<li class=\"li1\"><b>Arthrite<\/b> : Inflammation qui peut affecter les structures autour du nerf.<\/li>\n<\/ul>\n<p class=\"p2\"><b>Diagnostic<\/b><\/p>\n<ul class=\"ul1\">\n<li class=\"li1\"><b>Examen clinique<\/b> : \u00c9valuation des sympt\u00f4mes, test de Tinel (tapotement sur le nerf au niveau du coude pour reproduire les sympt\u00f4mes), test de flexion du coude.<\/li>\n<li class=\"li1\"><b>Tests \u00e9lectrodiagnostiques<\/b> : \u00c9lectromyographie (EMG) et \u00e9tude de conduction nerveuse pour mesurer la fonction nerveuse.<\/li>\n<li class=\"li1\"><b>Imagerie<\/b> : Radiographies ou IRM pour \u00e9valuer les structures anatomiques autour du nerf.<\/li>\n<\/ul>\n<p class=\"p2\"><b>Traitement<\/b><\/p>\n<ul class=\"ul1\">\n<li class=\"li1\"><b>Conservateur<\/b><\/li>\n<ul class=\"ul1\">\n<li class=\"li1\"><b>Repos et modification des activit\u00e9s<\/b> : \u00c9viter les mouvements qui exacerbent les sympt\u00f4mes.<\/li>\n<li class=\"li1\"><b>Attelles<\/b> : Utiliser une attelle pour maintenir le coude en position droite pendant la nuit.<\/li>\n<li class=\"li1\"><b>Kin\u00e9sith\u00e9rapie <\/b> : Exercices pour am\u00e9liorer la force et la flexibilit\u00e9.<\/li>\n<li class=\"li1\"><b>M\u00e9dicaments<\/b> : Anti-inflammatoires non st\u00e9ro\u00efdiens (AINS) pour r\u00e9duire la douleur et l&rsquo;inflammation.<\/li>\n<\/ul>\n<li class=\"li1\"><b>Intervention chirurgicale<\/b><\/li>\n<ul class=\"ul1\">\n<li class=\"li1\"><b>D\u00e9compression du nerf<\/b> : Lib\u00e9ration du nerf pour soulager la pression.<\/li>\n<li class=\"li1\"><b>Transposition ant\u00e9rieure<\/b> : D\u00e9placement du nerf \u00e0 un endroit moins susceptible d&rsquo;\u00eatre comprim\u00e9.<\/li>\n<\/ul>\n<\/ul>\n<p class=\"p2\"><b>Pr\u00e9vention<\/b><\/p>\n<ul class=\"ul1\">\n<li class=\"li1\"><b>\u00c9viter les pressions prolong\u00e9es<\/b> : R\u00e9duire le temps pass\u00e9 \u00e0 appuyer sur le coude.<\/li>\n<li class=\"li1\"><b>Adapter les postes de travail<\/b> : Utiliser des coussins ou des supports ergonomiques.<\/li>\n<li class=\"li1\"><b>Renforcement et \u00e9tirements<\/b> : Maintenir la force et la flexibilit\u00e9 des muscles autour du coude.<\/li>\n<\/ul>\n<p class=\"p2\"><b>Indications de la chirurgie<\/b><\/p>\n<p class=\"p1\">La chirurgie est g\u00e9n\u00e9ralement recommand\u00e9e lorsque les traitements conservateurs (comme les attelles, les anti-inflammatoires et la th\u00e9rapie physique) ne sont pas efficaces, ou lorsque les sympt\u00f4mes sont s\u00e9v\u00e8res<\/p>\n<p class=\"p2\"><b>Types de chirurgie<\/b><\/p>\n<p class=\"p1\">Il existe plusieurs techniques pour la lib\u00e9ration du nerf ulnaire :<\/p>\n<ul class=\"ul1\">\n<li class=\"li1\"><b>D\u00e9compression simple<\/b> : Le chirurgien fait une incision au-dessus du coude pour lib\u00e9rer le nerf sans le d\u00e9placer. Cela implique de rel\u00e2cher les tissus qui compriment le nerf.<\/li>\n<li class=\"li1\"><b>Transposition ant\u00e9rieure<\/b> : Le nerf ulnaire est d\u00e9plac\u00e9 de son emplacement derri\u00e8re l&rsquo;\u00e9picondyle m\u00e9dial (la partie osseuse interne du coude) vers un nouvel emplacement devant ou \u00e0 c\u00f4t\u00e9 de celui-ci pour r\u00e9duire la tension sur le nerf.<\/li>\n<\/ul>\n<p class=\"p2\"><b>Proc\u00e9dure chirurgicale<\/b><\/p>\n<p class=\"p1\">La proc\u00e9dure se d\u00e9roule g\u00e9n\u00e9ralement sous anesth\u00e9sie locale ou g\u00e9n\u00e9rale. Les \u00e9tapes de la chirurgie comprennent :<\/p>\n<ul class=\"ul1\">\n<li class=\"li1\"><b>Incision<\/b> : Une incision est faite le long de la partie interne du coude pour acc\u00e9der au nerf ulnaire.<\/li>\n<li class=\"li1\"><b>Identification du nerf<\/b> : Le nerf est identifi\u00e9 et les structures qui le compriment sont rel\u00e2ch\u00e9es.<\/li>\n<li class=\"li1\"><b>Lib\u00e9ration ou transposition<\/b> : Selon la technique choisie, le nerf est soit lib\u00e9r\u00e9 de ses attaches, soit repositionn\u00e9 \u00e0 un nouvel emplacement.<\/li>\n<li class=\"li1\"><b>Fermeture<\/b> : L&rsquo;incision est ferm\u00e9e avec des sutures et un bandage est appliqu\u00e9.<\/li>\n<\/ul>\n<p class=\"p2\"><b>R\u00e9habilitation<\/b><\/p>\n<p class=\"p1\">Apr\u00e8s la chirurgie, une p\u00e9riode de r\u00e9habilitation est n\u00e9cessaire pour assurer une r\u00e9cup\u00e9ration optimale :<\/p>\n<ul class=\"ul1\">\n<li class=\"li1\"><b>Immobilisation<\/b> : Le bras peut \u00eatre immobilis\u00e9 pendant quelques jours pour permettre la gu\u00e9rison initiale.<\/li>\n<li class=\"li1\"><b>Kin\u00e9sith\u00e9rapie<\/b> : Des exercices de r\u00e9\u00e9ducation sont recommand\u00e9s pour restaurer la force et la mobilit\u00e9 du bras et de la main en fonction de l\u2019\u00e9volution lors de la consultation post op\u00e9ratoire.<\/li>\n<li class=\"li1\"><b>Gestion de la douleur<\/b> : Des analg\u00e9siques et des anti-inflammatoires peuvent \u00eatre prescrits pour g\u00e9rer la douleur postop\u00e9ratoire.<\/li>\n<\/ul>\n<p class=\"p2\"><b>R\u00e9sultats et Complications<\/b><\/p>\n<p class=\"p1\">Les r\u00e9sultats de la chirurgie de lib\u00e9ration du nerf ulnaire sont g\u00e9n\u00e9ralement positifs, avec une am\u00e9lioration significative des sympt\u00f4mes pour la majorit\u00e9 des patients. Cependant, comme toute intervention chirurgicale, il existe des risques et des complications potentielles, notamment :<\/p>\n<ul class=\"ul1\">\n<li class=\"li1\">Infection<\/li>\n<li class=\"li1\">Saignement<\/li>\n<li class=\"li1\">L\u00e9sion nerveuse<\/li>\n<li class=\"li1\">Cicatrice douloureuse<\/li>\n<li class=\"li1\">R\u00e9currence des sympt\u00f4mes<\/li>\n<\/ul>\n<p class=\"p1\">Il est important de discuter de ces risques avec votre chirurgien avant l&rsquo;op\u00e9ration et de suivre toutes les instructions postop\u00e9ratoires pour maximiser les chances de succ\u00e8s.<\/p>\n<p class=\"p3\">[\/et_pb_text][\/et_pb_column][\/et_pb_row][\/et_pb_section]<\/p>\n","protected":false},"excerpt":{"rendered":"<p>La compression du nerf ulnaire La compression du nerf ulnaire au niveau du coude, \u00e9galement connue sous le nom de syndrome du tunnel cubital, est une affection dans laquelle le nerf ulnaire, qui traverse le coude, est comprim\u00e9 ou irrit\u00e9. Ce nerf est responsable de la sensibilit\u00e9 de l&rsquo;auriculaire et de la moiti\u00e9 de l&rsquo;annulaire, [&hellip;]<\/p>\n","protected":false},"author":1,"featured_media":0,"parent":1014,"menu_order":0,"comment_status":"closed","ping_status":"closed","template":"","meta":{"_et_pb_use_builder":"on","_et_pb_old_content":"","_et_gb_content_width":"","_monsterinsights_skip_tracking":false,"_monsterinsights_sitenote_active":false,"_monsterinsights_sitenote_note":"","_monsterinsights_sitenote_category":0,"footnotes":""},"class_list":["post-1100","page","type-page","status-publish","hentry"],"yoast_head":"<!-- This site is optimized with the Yoast SEO plugin v27.3 - https:\/\/yoast.com\/product\/yoast-seo-wordpress\/ -->\n<title>Cubital au coude | IMPPACT Chirurgie<\/title>\n<meta name=\"robots\" content=\"index, follow, max-snippet:-1, max-image-preview:large, max-video-preview:-1\" \/>\n<link rel=\"canonical\" href=\"https:\/\/imppact-chirurgie.fr\/index.php\/orthopedie\/chirurgie-de-la-main\/cubital-au-coude\/\" \/>\n<meta property=\"og:locale\" content=\"fr_FR\" \/>\n<meta property=\"og:type\" content=\"article\" \/>\n<meta property=\"og:title\" content=\"Cubital au coude | IMPPACT Chirurgie\" \/>\n<meta property=\"og:description\" content=\"La compression du nerf ulnaire La compression du nerf ulnaire au niveau du coude, \u00e9galement connue sous le nom de syndrome du tunnel cubital, est une affection dans laquelle le nerf ulnaire, qui traverse le coude, est comprim\u00e9 ou irrit\u00e9. Ce nerf est responsable de la sensibilit\u00e9 de l&#039;auriculaire et de la moiti\u00e9 de l&#039;annulaire, [&hellip;]\" \/>\n<meta property=\"og:url\" content=\"https:\/\/imppact-chirurgie.fr\/index.php\/orthopedie\/chirurgie-de-la-main\/cubital-au-coude\/\" \/>\n<meta property=\"og:site_name\" content=\"IMPPACT Chirurgie\" \/>\n<meta property=\"article:modified_time\" content=\"2024-10-01T11:15:49+00:00\" \/>\n<meta name=\"twitter:card\" content=\"summary_large_image\" \/>\n<meta name=\"twitter:label1\" content=\"Dur\u00e9e de lecture estim\u00e9e\" \/>\n\t<meta name=\"twitter:data1\" content=\"3 minutes\" \/>\n<script type=\"application\/ld+json\" class=\"yoast-schema-graph\">{\"@context\":\"https:\\\/\\\/schema.org\",\"@graph\":[{\"@type\":\"WebPage\",\"@id\":\"https:\\\/\\\/imppact-chirurgie.fr\\\/index.php\\\/orthopedie\\\/chirurgie-de-la-main\\\/cubital-au-coude\\\/\",\"url\":\"https:\\\/\\\/imppact-chirurgie.fr\\\/index.php\\\/orthopedie\\\/chirurgie-de-la-main\\\/cubital-au-coude\\\/\",\"name\":\"Cubital au coude | IMPPACT Chirurgie\",\"isPartOf\":{\"@id\":\"https:\\\/\\\/imppact-chirurgie.fr\\\/#website\"},\"datePublished\":\"2024-03-26T14:07:15+00:00\",\"dateModified\":\"2024-10-01T11:15:49+00:00\",\"breadcrumb\":{\"@id\":\"https:\\\/\\\/imppact-chirurgie.fr\\\/index.php\\\/orthopedie\\\/chirurgie-de-la-main\\\/cubital-au-coude\\\/#breadcrumb\"},\"inLanguage\":\"fr-FR\",\"potentialAction\":[{\"@type\":\"ReadAction\",\"target\":[\"https:\\\/\\\/imppact-chirurgie.fr\\\/index.php\\\/orthopedie\\\/chirurgie-de-la-main\\\/cubital-au-coude\\\/\"]}]},{\"@type\":\"BreadcrumbList\",\"@id\":\"https:\\\/\\\/imppact-chirurgie.fr\\\/index.php\\\/orthopedie\\\/chirurgie-de-la-main\\\/cubital-au-coude\\\/#breadcrumb\",\"itemListElement\":[{\"@type\":\"ListItem\",\"position\":1,\"name\":\"Accueil\",\"item\":\"https:\\\/\\\/imppact-chirurgie.fr\\\/\"},{\"@type\":\"ListItem\",\"position\":2,\"name\":\"Orthop\u00e9die\",\"item\":\"https:\\\/\\\/imppact-chirurgie.fr\\\/index.php\\\/orthopedie\\\/\"},{\"@type\":\"ListItem\",\"position\":3,\"name\":\"Chirurgie de la main\",\"item\":\"https:\\\/\\\/imppact-chirurgie.fr\\\/index.php\\\/orthopedie\\\/chirurgie-de-la-main\\\/\"},{\"@type\":\"ListItem\",\"position\":4,\"name\":\"Cubital au coude\"}]},{\"@type\":\"WebSite\",\"@id\":\"https:\\\/\\\/imppact-chirurgie.fr\\\/#website\",\"url\":\"https:\\\/\\\/imppact-chirurgie.fr\\\/\",\"name\":\"IMPPACT Chirurgie\",\"description\":\"IMPPACT Institut Main Pied Plastique Articulations Chirurgie Traumatologie\",\"publisher\":{\"@id\":\"https:\\\/\\\/imppact-chirurgie.fr\\\/#organization\"},\"potentialAction\":[{\"@type\":\"SearchAction\",\"target\":{\"@type\":\"EntryPoint\",\"urlTemplate\":\"https:\\\/\\\/imppact-chirurgie.fr\\\/?s={search_term_string}\"},\"query-input\":{\"@type\":\"PropertyValueSpecification\",\"valueRequired\":true,\"valueName\":\"search_term_string\"}}],\"inLanguage\":\"fr-FR\"},{\"@type\":\"Organization\",\"@id\":\"https:\\\/\\\/imppact-chirurgie.fr\\\/#organization\",\"name\":\"Imppact Chirurgie\",\"alternateName\":\"Institut Main Pied Plastique Articulations Chirurgie Traumatologie\",\"url\":\"https:\\\/\\\/imppact-chirurgie.fr\\\/\",\"logo\":{\"@type\":\"ImageObject\",\"inLanguage\":\"fr-FR\",\"@id\":\"https:\\\/\\\/imppact-chirurgie.fr\\\/#\\\/schema\\\/logo\\\/image\\\/\",\"url\":\"https:\\\/\\\/imppact-chirurgie.fr\\\/wp-content\\\/uploads\\\/2024\\\/02\\\/logo_final_imppact.png\",\"contentUrl\":\"https:\\\/\\\/imppact-chirurgie.fr\\\/wp-content\\\/uploads\\\/2024\\\/02\\\/logo_final_imppact.png\",\"width\":1000,\"height\":523,\"caption\":\"Imppact Chirurgie\"},\"image\":{\"@id\":\"https:\\\/\\\/imppact-chirurgie.fr\\\/#\\\/schema\\\/logo\\\/image\\\/\"}}]}<\/script>\n<!-- \/ Yoast SEO plugin. -->","yoast_head_json":{"title":"Cubital au coude | IMPPACT Chirurgie","robots":{"index":"index","follow":"follow","max-snippet":"max-snippet:-1","max-image-preview":"max-image-preview:large","max-video-preview":"max-video-preview:-1"},"canonical":"https:\/\/imppact-chirurgie.fr\/index.php\/orthopedie\/chirurgie-de-la-main\/cubital-au-coude\/","og_locale":"fr_FR","og_type":"article","og_title":"Cubital au coude | IMPPACT Chirurgie","og_description":"La compression du nerf ulnaire La compression du nerf ulnaire au niveau du coude, \u00e9galement connue sous le nom de syndrome du tunnel cubital, est une affection dans laquelle le nerf ulnaire, qui traverse le coude, est comprim\u00e9 ou irrit\u00e9. Ce nerf est responsable de la sensibilit\u00e9 de l'auriculaire et de la moiti\u00e9 de l'annulaire, [&hellip;]","og_url":"https:\/\/imppact-chirurgie.fr\/index.php\/orthopedie\/chirurgie-de-la-main\/cubital-au-coude\/","og_site_name":"IMPPACT Chirurgie","article_modified_time":"2024-10-01T11:15:49+00:00","twitter_card":"summary_large_image","twitter_misc":{"Dur\u00e9e de lecture estim\u00e9e":"3 minutes"},"schema":{"@context":"https:\/\/schema.org","@graph":[{"@type":"WebPage","@id":"https:\/\/imppact-chirurgie.fr\/index.php\/orthopedie\/chirurgie-de-la-main\/cubital-au-coude\/","url":"https:\/\/imppact-chirurgie.fr\/index.php\/orthopedie\/chirurgie-de-la-main\/cubital-au-coude\/","name":"Cubital au coude | IMPPACT Chirurgie","isPartOf":{"@id":"https:\/\/imppact-chirurgie.fr\/#website"},"datePublished":"2024-03-26T14:07:15+00:00","dateModified":"2024-10-01T11:15:49+00:00","breadcrumb":{"@id":"https:\/\/imppact-chirurgie.fr\/index.php\/orthopedie\/chirurgie-de-la-main\/cubital-au-coude\/#breadcrumb"},"inLanguage":"fr-FR","potentialAction":[{"@type":"ReadAction","target":["https:\/\/imppact-chirurgie.fr\/index.php\/orthopedie\/chirurgie-de-la-main\/cubital-au-coude\/"]}]},{"@type":"BreadcrumbList","@id":"https:\/\/imppact-chirurgie.fr\/index.php\/orthopedie\/chirurgie-de-la-main\/cubital-au-coude\/#breadcrumb","itemListElement":[{"@type":"ListItem","position":1,"name":"Accueil","item":"https:\/\/imppact-chirurgie.fr\/"},{"@type":"ListItem","position":2,"name":"Orthop\u00e9die","item":"https:\/\/imppact-chirurgie.fr\/index.php\/orthopedie\/"},{"@type":"ListItem","position":3,"name":"Chirurgie de la main","item":"https:\/\/imppact-chirurgie.fr\/index.php\/orthopedie\/chirurgie-de-la-main\/"},{"@type":"ListItem","position":4,"name":"Cubital au coude"}]},{"@type":"WebSite","@id":"https:\/\/imppact-chirurgie.fr\/#website","url":"https:\/\/imppact-chirurgie.fr\/","name":"IMPPACT Chirurgie","description":"IMPPACT Institut Main Pied Plastique Articulations Chirurgie Traumatologie","publisher":{"@id":"https:\/\/imppact-chirurgie.fr\/#organization"},"potentialAction":[{"@type":"SearchAction","target":{"@type":"EntryPoint","urlTemplate":"https:\/\/imppact-chirurgie.fr\/?s={search_term_string}"},"query-input":{"@type":"PropertyValueSpecification","valueRequired":true,"valueName":"search_term_string"}}],"inLanguage":"fr-FR"},{"@type":"Organization","@id":"https:\/\/imppact-chirurgie.fr\/#organization","name":"Imppact Chirurgie","alternateName":"Institut Main Pied Plastique Articulations Chirurgie Traumatologie","url":"https:\/\/imppact-chirurgie.fr\/","logo":{"@type":"ImageObject","inLanguage":"fr-FR","@id":"https:\/\/imppact-chirurgie.fr\/#\/schema\/logo\/image\/","url":"https:\/\/imppact-chirurgie.fr\/wp-content\/uploads\/2024\/02\/logo_final_imppact.png","contentUrl":"https:\/\/imppact-chirurgie.fr\/wp-content\/uploads\/2024\/02\/logo_final_imppact.png","width":1000,"height":523,"caption":"Imppact Chirurgie"},"image":{"@id":"https:\/\/imppact-chirurgie.fr\/#\/schema\/logo\/image\/"}}]}},"_links":{"self":[{"href":"https:\/\/imppact-chirurgie.fr\/index.php\/wp-json\/wp\/v2\/pages\/1100","targetHints":{"allow":["GET"]}}],"collection":[{"href":"https:\/\/imppact-chirurgie.fr\/index.php\/wp-json\/wp\/v2\/pages"}],"about":[{"href":"https:\/\/imppact-chirurgie.fr\/index.php\/wp-json\/wp\/v2\/types\/page"}],"author":[{"embeddable":true,"href":"https:\/\/imppact-chirurgie.fr\/index.php\/wp-json\/wp\/v2\/users\/1"}],"replies":[{"embeddable":true,"href":"https:\/\/imppact-chirurgie.fr\/index.php\/wp-json\/wp\/v2\/comments?post=1100"}],"version-history":[{"count":6,"href":"https:\/\/imppact-chirurgie.fr\/index.php\/wp-json\/wp\/v2\/pages\/1100\/revisions"}],"predecessor-version":[{"id":1755,"href":"https:\/\/imppact-chirurgie.fr\/index.php\/wp-json\/wp\/v2\/pages\/1100\/revisions\/1755"}],"up":[{"embeddable":true,"href":"https:\/\/imppact-chirurgie.fr\/index.php\/wp-json\/wp\/v2\/pages\/1014"}],"wp:attachment":[{"href":"https:\/\/imppact-chirurgie.fr\/index.php\/wp-json\/wp\/v2\/media?parent=1100"}],"curies":[{"name":"wp","href":"https:\/\/api.w.org\/{rel}","templated":true}]}}