{"id":1135,"date":"2024-04-04T11:27:54","date_gmt":"2024-04-04T09:27:54","guid":{"rendered":"https:\/\/imppact-chirurgie.fr\/?page_id=1135"},"modified":"2024-10-08T12:12:29","modified_gmt":"2024-10-08T10:12:29","slug":"hallux-valgus-2","status":"publish","type":"page","link":"https:\/\/imppact-chirurgie.fr\/index.php\/orthopedie\/chirurgie-du-pied\/hallux-valgus-2\/","title":{"rendered":"Hallux valgus"},"content":{"rendered":"<p>[et_pb_section fb_built=\u00a0\u00bb1&Prime; admin_label=\u00a0\u00bbsection\u00a0\u00bb _builder_version=\u00a0\u00bb4.16&Prime; custom_padding=\u00a0\u00bb||0px|||\u00a0\u00bb global_colors_info=\u00a0\u00bb{}\u00a0\u00bb][et_pb_row column_structure=\u00a0\u00bb3_5,2_5&Prime; admin_label=\u00a0\u00bbrow\u00a0\u00bb _builder_version=\u00a0\u00bb4.27.0&Prime; background_size=\u00a0\u00bbinitial\u00a0\u00bb background_position=\u00a0\u00bbtop_left\u00a0\u00bb background_repeat=\u00a0\u00bbrepeat\u00a0\u00bb custom_margin=\u00a0\u00bb||||false|false\u00a0\u00bb custom_padding=\u00a0\u00bb||||false|false\u00a0\u00bb hover_enabled=\u00a0\u00bb0&Prime; global_colors_info=\u00a0\u00bb{}\u00a0\u00bb sticky_enabled=\u00a0\u00bb0&Prime;][et_pb_column type=\u00a0\u00bb3_5&Prime; _builder_version=\u00a0\u00bb4.16&Prime; custom_padding=\u00a0\u00bb|||\u00a0\u00bb global_colors_info=\u00a0\u00bb{}\u00a0\u00bb custom_padding__hover=\u00a0\u00bb|||\u00a0\u00bb][et_pb_text admin_label=\u00a0\u00bbText\u00a0\u00bb _builder_version=\u00a0\u00bb4.24.0&Prime; background_size=\u00a0\u00bbinitial\u00a0\u00bb background_position=\u00a0\u00bbtop_left\u00a0\u00bb background_repeat=\u00a0\u00bbrepeat\u00a0\u00bb width=\u00a0\u00bb99.8%\u00a0\u00bb custom_margin=\u00a0\u00bb||||false|false\u00a0\u00bb custom_padding=\u00a0\u00bb12px|||0px||\u00a0\u00bb global_colors_info=\u00a0\u00bb{}\u00a0\u00bb]<\/p>\n<h2 style=\"text-align: justify;\">L&rsquo;Hallux valgus<\/h2>\n<div class=\"et_pb_with_border et_pb_module et_pb_text et_pb_text_1  et_pb_text_align_left et_pb_bg_layout_light\">\n<div class=\"et_pb_text_inner\">\n<p class=\"p1\" style=\"text-align: justify;\">\n<p class=\"p1\" style=\"text-align: justify;\"><span class=\"s1\"><span>L\u2019hallux valgus repr\u00e9sente la majorit\u00e9 de nos interventions. Il s\u2019agit d\u2019une pathologie \u00e0 pr\u00e9dominance f\u00e9minine dont la g\u00eane est variable. Elle associe une d\u00e9formation du gros orteil qui \u00ab part vers le dehors \u00bb \u00e0 un oignon sur le c\u00f4t\u00e9 du pied. Les facteurs pr\u00e9disposant sont la bri\u00e8vet\u00e9 du premier m\u00e9tatarsien avec exc\u00e8s de longueur de l\u2019hallux (pied \u00e9gyptien). Cette conformation se retrouve g\u00e9n\u00e9ralement dans une m\u00eame famille expliquant les formes familiales de la pathologie. Les habitudes de chaussage, et en particulier, les bouts pointus vont favoriser un effet valgisant sur un hallux pr\u00e9dispos\u00e9. D\u2019autres facteurs peuvent jouer comme un pied plat ou une hyperlaxit\u00e9 ligamentaire.<\/span><\/span><\/p>\n<\/div>\n<\/div>\n<div class=\"et_pb_with_border et_pb_module et_pb_text et_pb_text_2  et_pb_text_align_left et_pb_bg_layout_light\">\n<div class=\"et_pb_text_inner\"><\/div>\n<\/div>\n<p>[\/et_pb_text][\/et_pb_column][et_pb_column type=\u00a0\u00bb2_5&Prime; _builder_version=\u00a0\u00bb4.16&Prime; custom_padding=\u00a0\u00bb|||\u00a0\u00bb global_colors_info=\u00a0\u00bb{}\u00a0\u00bb custom_padding__hover=\u00a0\u00bb|||\u00a0\u00bb][et_pb_image src=\u00a0\u00bbhttps:\/\/imppact-chirurgie.fr\/wp-content\/uploads\/2024\/02\/hallux-valgus-1-510&#215;382-1.jpg\u00a0\u00bb alt=\u00a0\u00bbHallux rigidus\u00a0\u00bb title_text=\u00a0\u00bbhallux-valgus-1-510&#215;382&Prime; _builder_version=\u00a0\u00bb4.24.0&Prime; _module_preset=\u00a0\u00bbdefault\u00a0\u00bb border_radii=\u00a0\u00bbon|12px|12px|12px|12px\u00a0\u00bb global_colors_info=\u00a0\u00bb{}\u00a0\u00bb][\/et_pb_image][\/et_pb_column][\/et_pb_row][et_pb_row admin_label=\u00a0\u00bbrow\u00a0\u00bb _builder_version=\u00a0\u00bb4.27.0&Prime; background_size=\u00a0\u00bbinitial\u00a0\u00bb background_position=\u00a0\u00bbtop_left\u00a0\u00bb background_repeat=\u00a0\u00bbrepeat\u00a0\u00bb min_height=\u00a0\u00bb325px\u00a0\u00bb custom_margin=\u00a0\u00bb||||false|false\u00a0\u00bb custom_padding=\u00a0\u00bb||||false|false\u00a0\u00bb hover_enabled=\u00a0\u00bb0&Prime; global_colors_info=\u00a0\u00bb{}\u00a0\u00bb sticky_enabled=\u00a0\u00bb0&Prime;][et_pb_column type=\u00a0\u00bb4_4&Prime; _builder_version=\u00a0\u00bb4.16&Prime; custom_padding=\u00a0\u00bb|||\u00a0\u00bb global_colors_info=\u00a0\u00bb{}\u00a0\u00bb custom_padding__hover=\u00a0\u00bb|||\u00a0\u00bb][et_pb_text admin_label=\u00a0\u00bbText\u00a0\u00bb _builder_version=\u00a0\u00bb4.24.0&Prime; background_size=\u00a0\u00bbinitial\u00a0\u00bb background_position=\u00a0\u00bbtop_left\u00a0\u00bb background_repeat=\u00a0\u00bbrepeat\u00a0\u00bb width=\u00a0\u00bb99.8%\u00a0\u00bb custom_margin=\u00a0\u00bb||||false|false\u00a0\u00bb custom_padding=\u00a0\u00bb|||0px||\u00a0\u00bb global_colors_info=\u00a0\u00bb{}\u00a0\u00bb]<\/p>\n<p class=\"p1\" style=\"text-align: justify;\"><span class=\"s1\">La clinique associe une exostose inesth\u00e9tique au bord m\u00e9dial du pied, un conflit douloureux au chaussage. Les objectifs du traitement sont de r\u00e9tablir une axe m\u00e9tatarso-phalangien de l\u2019hallux, r\u00e9tablir une \u00e9quilibre musculaire physiologique et supprimer tout conflit douloureux avec la chaussure.<\/span><\/p>\n<p class=\"p1\" style=\"text-align: justify;\"><span class=\"s1\">Le traitement m\u00e9dical repose surtout sur l\u2019\u00e9ducation du patient et ses habitudes de chaussages. Les orth\u00e8ses et orthoplasties permettront de rendre la chaussure plus confortable. Pour r\u00e9pondre au cahier des charges \u00e9nonc\u00e9 plus haut, le traitement chirurgical reste le seul efficace. Plusieurs techniques ont \u00e9t\u00e9 d\u00e9crites depuis Morton en 1876 et Reverdin en 1881.<\/span><\/p>\n<p class=\"p1\" style=\"text-align: justify;\"><span style=\"font-size: 14px;\">Nous utilisons les techniques les plus r\u00e9centes pour corriger les d\u00e9formations en adaptant la chirurgie en fonction de chaque patient. Soit, nous utilisons la technique classique d\u2019ost\u00e9otomie de Scarf, popularis\u00e9e par Barouk en France ; soit, nous avons recours aux techniques modernes dites mini-invasives voire percutan\u00e9es qui simplifient les suites op\u00e9ratoires et minimisent les risques de raideurs.\u00a0<\/span><\/p>\n<p class=\"p1\" style=\"text-align: justify;\"><strong><span style=\"font-size: 14px;\"><\/span><\/strong><\/p>\n<div class=\"et_pb_with_border et_pb_module et_pb_text et_pb_text_3  et_pb_text_align_left et_pb_bg_layout_light\">\n<div class=\"et_pb_text_inner\">\n<p class=\"p1\"><span class=\"s1\">Une hospitalisation courte (48h en moyenne) est g\u00e9n\u00e9ralement indiqu\u00e9e. La sortie se fait avec une chaussure de d\u00e9charge m\u00e9dicalis\u00e9e.<\/span><\/p>\n<p class=\"p1\"><span class=\"s1\"><\/span><\/p>\n<p class=\"p1\"><span class=\"s1\"><\/span><\/p>\n<p class=\"p1\"><span class=\"s1\"><\/span><\/p>\n<h3 class=\"p1\"><span class=\"s1\">Consignes post-op\u00e9ratoires apr\u00e8s chirurgie de l\u2019Hallux Valgus<\/span><\/h3>\n<h3 class=\"p1\"><span class=\"s1\"><\/span><\/h3>\n<p><span class=\"s1\"><\/span><\/p>\n<p style=\"text-align: justify;\"><span class=\"s1\">Vous venez de b\u00e9n\u00e9ficier d\u2019une chirurgie correctrice pour Hallux Valgus. Cette fiche va vous aider \u00e0 mieux appr\u00e9hender les suites op\u00e9ratoires pour am\u00e9liorer la cicatrisation et la r\u00e9adaptation.<\/span><\/p>\n<p style=\"text-align: justify;\"><span class=\"s1\"><\/span><\/p>\n<p style=\"text-align: justify;\"><strong><span class=\"s1\">Les soins infirmiers :<\/span><\/strong><\/p>\n<p style=\"text-align: justify;\"><span class=\"s1\">Les pansements doivent \u00eatre refaits tous les deux jours pendant une dizaine de jours. Les fils sont soit r\u00e9sorbables soit \u00e0 retirer au terme de la cicatrisation. Une fois la cicatrisation obtenue, vous pouvez remettre le pied \u00e0 l\u2019eau (douche, bains\u2026). Pour am\u00e9liorer la cicatrisation, ne fumez pas. Afin de pr\u00e9venir les phl\u00e9bites, des injections quotidiennes d\u2019h\u00e9parine sont \u00e0 faire pendant 7 jours environ. Le traitement est fonction de la reprise de la d\u00e9ambulation et doit \u00eatre adapt\u00e9 avec le m\u00e9decin traitant. Il faut y associer une surveillance de la tol\u00e9rance par prises de sang deux fois par semaine.<\/span><\/p>\n<p style=\"text-align: justify;\"><span class=\"s1\"><\/span><\/p>\n<p style=\"text-align: justify;\"><strong><span class=\"s1\">Lutter contre l\u2019\u0153d\u00e8me :<\/span><\/strong><\/p>\n<p style=\"text-align: justify;\"><span class=\"s1\">Pendant les quinze premiers jours, limitez vos d\u00e9placements au minimum et ne marchez qu\u2019une dizaine de minutes par heure. Essayez au maximum de sur\u00e9lever les pieds en les posant sur un gros oreiller la nuit ou en rehaussant les pieds de votre lit. La journ\u00e9e, il est conseillez de poser le pied sur une chaise devant vous. D\u00e8s la cicatrisation de la plaie, vous pouvez porter les chaussettes de contention si elles vous ont \u00e9t\u00e9 prescrites.<\/span><\/p>\n<p style=\"text-align: justify;\"><span class=\"s1\"><\/span><\/p>\n<p style=\"text-align: justify;\"><strong><span class=\"s1\">La marche :<\/span><\/strong><\/p>\n<p style=\"text-align: justify;\"><span class=\"s1\">Elle est autoris\u00e9e d\u00e8s le lendemain de l\u2019op\u00e9ration avec la chaussure m\u00e9dicalis\u00e9e qui vous a \u00e9t\u00e9 prescrite. Vous devez la porter en permanence d\u00e8s que vous voulez vous d\u00e9placer. Cette chaussure permet de limiter l\u2019appui afin de favoriser la cicatrisation cutan\u00e9e et la consolidation osseuse. Vous devez marcher le moins possible au d\u00e9but (10 minutes par heure). Il est interdit de conduire avec cette chaussure.<\/span><\/p>\n<p style=\"text-align: justify;\"><span class=\"s1\"><\/span><\/p>\n<p style=\"text-align: justify;\"><strong><span class=\"s1\">La r\u00e9\u00e9ducation :<\/span><\/strong><\/p>\n<p style=\"text-align: justify;\"><span class=\"s1\">D\u00e8s le retour au domicile, nous autorisons les patients \u00e0 mobiliser leur gros orteil par eux-m\u00eames. Pour cela, assis sur une chaise ou en tailleur, il vous suffit de rapprocher le pied op\u00e9r\u00e9 de vous. Puis, vous saisissez le gros orteil entre le pouce et l\u2019index, sous l\u2019ongle de l\u2019orteil et mobilisez l\u2019articulation op\u00e9r\u00e9e en actionnant votre orteil en flexion et extension. Il est bon aussi de faire travailler les petits orteils qui ont facilement tendance \u00e0 s\u2019ankyloser.<\/span><\/p>\n<p class=\"p2\" style=\"text-align: justify;\"><span class=\"s1\"><\/span><\/p>\n<\/div>\n<p style=\"text-align: justify;\"><span style=\"font-size: 14px;\">La kin\u00e9sith\u00e9rapie vous sera prescrite \u00e0 la consultation de contr\u00f4le, g\u00e9n\u00e9ralement 4 semaines apr\u00e8s la chirurgie. Le jour de la consultation, vous pourrez retirer la chaussure m\u00e9dicalis\u00e9e et reprendre des habitudes de chaussage en \u00e9vitant les talons, les bouts pointus et les cuirs rigides pendant deux \u00e0 quatre mois. Des drainages lymphatiques vous seront aussi prescrits car le pied aura tendance \u00e0 rester gonfl\u00e9 longtemps apr\u00e8s l\u2019op\u00e9ration (jusqu\u2019\u00e0 six mois chez les patients souffrant d\u2019insuffisance veineuse).<\/span><\/p>\n<\/div>\n<p class=\"p1\" style=\"text-align: justify;\"><span class=\"s1\"><\/span><\/p>\n<p class=\"p1\" style=\"text-align: justify;\"><span class=\"s1\"><\/span><\/p>\n<p class=\"p1\">\n<p>[\/et_pb_text][\/et_pb_column][\/et_pb_row][\/et_pb_section]<\/p>\n","protected":false},"excerpt":{"rendered":"<p>L&rsquo;Hallux valgus L\u2019hallux valgus repr\u00e9sente la majorit\u00e9 de nos interventions. Il s\u2019agit d\u2019une pathologie \u00e0 pr\u00e9dominance f\u00e9minine dont la g\u00eane est variable. Elle associe une d\u00e9formation du gros orteil qui \u00ab part vers le dehors \u00bb \u00e0 un oignon sur le c\u00f4t\u00e9 du pied. Les facteurs pr\u00e9disposant sont la bri\u00e8vet\u00e9 du premier m\u00e9tatarsien avec exc\u00e8s [&hellip;]<\/p>\n","protected":false},"author":1,"featured_media":0,"parent":1172,"menu_order":0,"comment_status":"closed","ping_status":"closed","template":"","meta":{"_et_pb_use_builder":"on","_et_pb_old_content":"","_et_gb_content_width":"","_monsterinsights_skip_tracking":false,"_monsterinsights_sitenote_active":false,"_monsterinsights_sitenote_note":"","_monsterinsights_sitenote_category":0,"footnotes":""},"class_list":["post-1135","page","type-page","status-publish","hentry"],"yoast_head":"<!-- This site is optimized with the Yoast SEO plugin v27.4 - https:\/\/yoast.com\/product\/yoast-seo-wordpress\/ -->\n<title>Hallux valgus | IMPPACT Chirurgie<\/title>\n<meta name=\"robots\" content=\"index, follow, max-snippet:-1, max-image-preview:large, max-video-preview:-1\" \/>\n<link rel=\"canonical\" href=\"https:\/\/imppact-chirurgie.fr\/index.php\/orthopedie\/chirurgie-du-pied\/hallux-valgus-2\/\" \/>\n<meta property=\"og:locale\" content=\"fr_FR\" \/>\n<meta property=\"og:type\" content=\"article\" \/>\n<meta property=\"og:title\" content=\"Hallux valgus | IMPPACT Chirurgie\" \/>\n<meta property=\"og:description\" content=\"L&#039;Hallux valgus L\u2019hallux valgus repr\u00e9sente la majorit\u00e9 de nos interventions. Il s\u2019agit d\u2019une pathologie \u00e0 pr\u00e9dominance f\u00e9minine dont la g\u00eane est variable. Elle associe une d\u00e9formation du gros orteil qui \u00ab part vers le dehors \u00bb \u00e0 un oignon sur le c\u00f4t\u00e9 du pied. Les facteurs pr\u00e9disposant sont la bri\u00e8vet\u00e9 du premier m\u00e9tatarsien avec exc\u00e8s [&hellip;]\" \/>\n<meta property=\"og:url\" content=\"https:\/\/imppact-chirurgie.fr\/index.php\/orthopedie\/chirurgie-du-pied\/hallux-valgus-2\/\" \/>\n<meta property=\"og:site_name\" content=\"IMPPACT Chirurgie\" \/>\n<meta property=\"article:modified_time\" content=\"2024-10-08T10:12:29+00:00\" \/>\n<meta name=\"twitter:card\" content=\"summary_large_image\" \/>\n<meta name=\"twitter:label1\" content=\"Dur\u00e9e de lecture estim\u00e9e\" \/>\n\t<meta name=\"twitter:data1\" content=\"2 minutes\" \/>\n<script type=\"application\/ld+json\" class=\"yoast-schema-graph\">{\"@context\":\"https:\\\/\\\/schema.org\",\"@graph\":[{\"@type\":\"WebPage\",\"@id\":\"https:\\\/\\\/imppact-chirurgie.fr\\\/index.php\\\/orthopedie\\\/chirurgie-du-pied\\\/hallux-valgus-2\\\/\",\"url\":\"https:\\\/\\\/imppact-chirurgie.fr\\\/index.php\\\/orthopedie\\\/chirurgie-du-pied\\\/hallux-valgus-2\\\/\",\"name\":\"Hallux valgus | IMPPACT Chirurgie\",\"isPartOf\":{\"@id\":\"https:\\\/\\\/imppact-chirurgie.fr\\\/#website\"},\"datePublished\":\"2024-04-04T09:27:54+00:00\",\"dateModified\":\"2024-10-08T10:12:29+00:00\",\"breadcrumb\":{\"@id\":\"https:\\\/\\\/imppact-chirurgie.fr\\\/index.php\\\/orthopedie\\\/chirurgie-du-pied\\\/hallux-valgus-2\\\/#breadcrumb\"},\"inLanguage\":\"fr-FR\",\"potentialAction\":[{\"@type\":\"ReadAction\",\"target\":[\"https:\\\/\\\/imppact-chirurgie.fr\\\/index.php\\\/orthopedie\\\/chirurgie-du-pied\\\/hallux-valgus-2\\\/\"]}]},{\"@type\":\"BreadcrumbList\",\"@id\":\"https:\\\/\\\/imppact-chirurgie.fr\\\/index.php\\\/orthopedie\\\/chirurgie-du-pied\\\/hallux-valgus-2\\\/#breadcrumb\",\"itemListElement\":[{\"@type\":\"ListItem\",\"position\":1,\"name\":\"Accueil\",\"item\":\"https:\\\/\\\/imppact-chirurgie.fr\\\/\"},{\"@type\":\"ListItem\",\"position\":2,\"name\":\"Orthop\u00e9die\",\"item\":\"https:\\\/\\\/imppact-chirurgie.fr\\\/index.php\\\/orthopedie\\\/\"},{\"@type\":\"ListItem\",\"position\":3,\"name\":\"Chirurgie du pied\",\"item\":\"https:\\\/\\\/imppact-chirurgie.fr\\\/index.php\\\/orthopedie\\\/chirurgie-du-pied\\\/\"},{\"@type\":\"ListItem\",\"position\":4,\"name\":\"Hallux valgus\"}]},{\"@type\":\"WebSite\",\"@id\":\"https:\\\/\\\/imppact-chirurgie.fr\\\/#website\",\"url\":\"https:\\\/\\\/imppact-chirurgie.fr\\\/\",\"name\":\"IMPPACT Chirurgie\",\"description\":\"IMPPACT Institut Main Pied Plastique Articulations Chirurgie Traumatologie\",\"publisher\":{\"@id\":\"https:\\\/\\\/imppact-chirurgie.fr\\\/#organization\"},\"potentialAction\":[{\"@type\":\"SearchAction\",\"target\":{\"@type\":\"EntryPoint\",\"urlTemplate\":\"https:\\\/\\\/imppact-chirurgie.fr\\\/?s={search_term_string}\"},\"query-input\":{\"@type\":\"PropertyValueSpecification\",\"valueRequired\":true,\"valueName\":\"search_term_string\"}}],\"inLanguage\":\"fr-FR\"},{\"@type\":\"Organization\",\"@id\":\"https:\\\/\\\/imppact-chirurgie.fr\\\/#organization\",\"name\":\"Imppact Chirurgie\",\"alternateName\":\"Institut Main Pied Plastique Articulations Chirurgie Traumatologie\",\"url\":\"https:\\\/\\\/imppact-chirurgie.fr\\\/\",\"logo\":{\"@type\":\"ImageObject\",\"inLanguage\":\"fr-FR\",\"@id\":\"https:\\\/\\\/imppact-chirurgie.fr\\\/#\\\/schema\\\/logo\\\/image\\\/\",\"url\":\"https:\\\/\\\/imppact-chirurgie.fr\\\/wp-content\\\/uploads\\\/2024\\\/02\\\/logo_final_imppact.png\",\"contentUrl\":\"https:\\\/\\\/imppact-chirurgie.fr\\\/wp-content\\\/uploads\\\/2024\\\/02\\\/logo_final_imppact.png\",\"width\":1000,\"height\":523,\"caption\":\"Imppact Chirurgie\"},\"image\":{\"@id\":\"https:\\\/\\\/imppact-chirurgie.fr\\\/#\\\/schema\\\/logo\\\/image\\\/\"}}]}<\/script>\n<!-- \/ Yoast SEO plugin. -->","yoast_head_json":{"title":"Hallux valgus | IMPPACT Chirurgie","robots":{"index":"index","follow":"follow","max-snippet":"max-snippet:-1","max-image-preview":"max-image-preview:large","max-video-preview":"max-video-preview:-1"},"canonical":"https:\/\/imppact-chirurgie.fr\/index.php\/orthopedie\/chirurgie-du-pied\/hallux-valgus-2\/","og_locale":"fr_FR","og_type":"article","og_title":"Hallux valgus | IMPPACT Chirurgie","og_description":"L'Hallux valgus L\u2019hallux valgus repr\u00e9sente la majorit\u00e9 de nos interventions. Il s\u2019agit d\u2019une pathologie \u00e0 pr\u00e9dominance f\u00e9minine dont la g\u00eane est variable. Elle associe une d\u00e9formation du gros orteil qui \u00ab part vers le dehors \u00bb \u00e0 un oignon sur le c\u00f4t\u00e9 du pied. Les facteurs pr\u00e9disposant sont la bri\u00e8vet\u00e9 du premier m\u00e9tatarsien avec exc\u00e8s [&hellip;]","og_url":"https:\/\/imppact-chirurgie.fr\/index.php\/orthopedie\/chirurgie-du-pied\/hallux-valgus-2\/","og_site_name":"IMPPACT Chirurgie","article_modified_time":"2024-10-08T10:12:29+00:00","twitter_card":"summary_large_image","twitter_misc":{"Dur\u00e9e de lecture estim\u00e9e":"2 minutes"},"schema":{"@context":"https:\/\/schema.org","@graph":[{"@type":"WebPage","@id":"https:\/\/imppact-chirurgie.fr\/index.php\/orthopedie\/chirurgie-du-pied\/hallux-valgus-2\/","url":"https:\/\/imppact-chirurgie.fr\/index.php\/orthopedie\/chirurgie-du-pied\/hallux-valgus-2\/","name":"Hallux valgus | IMPPACT Chirurgie","isPartOf":{"@id":"https:\/\/imppact-chirurgie.fr\/#website"},"datePublished":"2024-04-04T09:27:54+00:00","dateModified":"2024-10-08T10:12:29+00:00","breadcrumb":{"@id":"https:\/\/imppact-chirurgie.fr\/index.php\/orthopedie\/chirurgie-du-pied\/hallux-valgus-2\/#breadcrumb"},"inLanguage":"fr-FR","potentialAction":[{"@type":"ReadAction","target":["https:\/\/imppact-chirurgie.fr\/index.php\/orthopedie\/chirurgie-du-pied\/hallux-valgus-2\/"]}]},{"@type":"BreadcrumbList","@id":"https:\/\/imppact-chirurgie.fr\/index.php\/orthopedie\/chirurgie-du-pied\/hallux-valgus-2\/#breadcrumb","itemListElement":[{"@type":"ListItem","position":1,"name":"Accueil","item":"https:\/\/imppact-chirurgie.fr\/"},{"@type":"ListItem","position":2,"name":"Orthop\u00e9die","item":"https:\/\/imppact-chirurgie.fr\/index.php\/orthopedie\/"},{"@type":"ListItem","position":3,"name":"Chirurgie du pied","item":"https:\/\/imppact-chirurgie.fr\/index.php\/orthopedie\/chirurgie-du-pied\/"},{"@type":"ListItem","position":4,"name":"Hallux valgus"}]},{"@type":"WebSite","@id":"https:\/\/imppact-chirurgie.fr\/#website","url":"https:\/\/imppact-chirurgie.fr\/","name":"IMPPACT Chirurgie","description":"IMPPACT Institut Main Pied Plastique Articulations Chirurgie Traumatologie","publisher":{"@id":"https:\/\/imppact-chirurgie.fr\/#organization"},"potentialAction":[{"@type":"SearchAction","target":{"@type":"EntryPoint","urlTemplate":"https:\/\/imppact-chirurgie.fr\/?s={search_term_string}"},"query-input":{"@type":"PropertyValueSpecification","valueRequired":true,"valueName":"search_term_string"}}],"inLanguage":"fr-FR"},{"@type":"Organization","@id":"https:\/\/imppact-chirurgie.fr\/#organization","name":"Imppact Chirurgie","alternateName":"Institut Main Pied Plastique Articulations Chirurgie Traumatologie","url":"https:\/\/imppact-chirurgie.fr\/","logo":{"@type":"ImageObject","inLanguage":"fr-FR","@id":"https:\/\/imppact-chirurgie.fr\/#\/schema\/logo\/image\/","url":"https:\/\/imppact-chirurgie.fr\/wp-content\/uploads\/2024\/02\/logo_final_imppact.png","contentUrl":"https:\/\/imppact-chirurgie.fr\/wp-content\/uploads\/2024\/02\/logo_final_imppact.png","width":1000,"height":523,"caption":"Imppact Chirurgie"},"image":{"@id":"https:\/\/imppact-chirurgie.fr\/#\/schema\/logo\/image\/"}}]}},"_links":{"self":[{"href":"https:\/\/imppact-chirurgie.fr\/index.php\/wp-json\/wp\/v2\/pages\/1135","targetHints":{"allow":["GET"]}}],"collection":[{"href":"https:\/\/imppact-chirurgie.fr\/index.php\/wp-json\/wp\/v2\/pages"}],"about":[{"href":"https:\/\/imppact-chirurgie.fr\/index.php\/wp-json\/wp\/v2\/types\/page"}],"author":[{"embeddable":true,"href":"https:\/\/imppact-chirurgie.fr\/index.php\/wp-json\/wp\/v2\/users\/1"}],"replies":[{"embeddable":true,"href":"https:\/\/imppact-chirurgie.fr\/index.php\/wp-json\/wp\/v2\/comments?post=1135"}],"version-history":[{"count":4,"href":"https:\/\/imppact-chirurgie.fr\/index.php\/wp-json\/wp\/v2\/pages\/1135\/revisions"}],"predecessor-version":[{"id":1875,"href":"https:\/\/imppact-chirurgie.fr\/index.php\/wp-json\/wp\/v2\/pages\/1135\/revisions\/1875"}],"up":[{"embeddable":true,"href":"https:\/\/imppact-chirurgie.fr\/index.php\/wp-json\/wp\/v2\/pages\/1172"}],"wp:attachment":[{"href":"https:\/\/imppact-chirurgie.fr\/index.php\/wp-json\/wp\/v2\/media?parent=1135"}],"curies":[{"name":"wp","href":"https:\/\/api.w.org\/{rel}","templated":true}]}}