{"id":1145,"date":"2024-04-04T11:50:31","date_gmt":"2024-04-04T09:50:31","guid":{"rendered":"https:\/\/imppact-chirurgie.fr\/?page_id=1145"},"modified":"2024-10-08T12:19:52","modified_gmt":"2024-10-08T10:19:52","slug":"orteils-en-griffe","status":"publish","type":"page","link":"https:\/\/imppact-chirurgie.fr\/index.php\/orthopedie\/chirurgie-du-pied\/orteils-en-griffe\/","title":{"rendered":"Orteils en griffe"},"content":{"rendered":"<p>[et_pb_section fb_built=\u00a0\u00bb1&Prime; admin_label=\u00a0\u00bbsection\u00a0\u00bb _builder_version=\u00a0\u00bb4.16&Prime; custom_padding=\u00a0\u00bb||0px|||\u00a0\u00bb global_colors_info=\u00a0\u00bb{}\u00a0\u00bb][et_pb_row admin_label=\u00a0\u00bbrow\u00a0\u00bb _builder_version=\u00a0\u00bb4.27.0&Prime; background_size=\u00a0\u00bbinitial\u00a0\u00bb background_position=\u00a0\u00bbtop_left\u00a0\u00bb background_repeat=\u00a0\u00bbrepeat\u00a0\u00bb custom_margin=\u00a0\u00bb||||false|false\u00a0\u00bb custom_padding=\u00a0\u00bb||||false|false\u00a0\u00bb hover_enabled=\u00a0\u00bb0&Prime; global_colors_info=\u00a0\u00bb{}\u00a0\u00bb sticky_enabled=\u00a0\u00bb0&Prime;][et_pb_column type=\u00a0\u00bb4_4&Prime; _builder_version=\u00a0\u00bb4.16&Prime; custom_padding=\u00a0\u00bb|||\u00a0\u00bb global_colors_info=\u00a0\u00bb{}\u00a0\u00bb custom_padding__hover=\u00a0\u00bb|||\u00a0\u00bb][et_pb_text admin_label=\u00a0\u00bbText\u00a0\u00bb _builder_version=\u00a0\u00bb4.27.0&Prime; background_size=\u00a0\u00bbinitial\u00a0\u00bb background_position=\u00a0\u00bbtop_left\u00a0\u00bb background_repeat=\u00a0\u00bbrepeat\u00a0\u00bb width=\u00a0\u00bb99.8%\u00a0\u00bb min_height=\u00a0\u00bb157.8px\u00a0\u00bb custom_margin=\u00a0\u00bb||-15px||false|false\u00a0\u00bb custom_padding=\u00a0\u00bb12px||14px|0px||\u00a0\u00bb hover_enabled=\u00a0\u00bb0&Prime; global_colors_info=\u00a0\u00bb{}\u00a0\u00bb sticky_enabled=\u00a0\u00bb0&Prime;]<\/p>\n<h2 style=\"text-align: justify;\">Les orteils en griffe<\/h2>\n<p>&nbsp;<\/p>\n<p style=\"text-align: justify;\"><span style=\"font-size: 14px; text-align: justify;\">Les orteils en griffe sont fr\u00e9quents dans la pathologie de l\u2019avant pied et pr\u00e9 dominent chez les femmes. Elle t\u00e9moigne d\u2019un d\u00e9s\u00e9quilibre morphologique et\/ou statique du pied. <\/span><span style=\"text-align: justify;\">Il s\u2019agit d\u2019une d\u00e9formation banale qui s\u2019accompagne d\u2019une g\u00eane souvent importante. La griffe est favoris\u00e9e par un chaussage trop court ou trop \u00e9troit. Elle est plus fr\u00e9quente chez les sujets au pied grec. Plus rarement, il s\u2019agit d\u2019une pathologie cong\u00e9nitale (quintus varus, clinodactylie\u2026).<\/span><\/p>\n<p>[\/et_pb_text][\/et_pb_column][\/et_pb_row][et_pb_row admin_label=\u00a0\u00bbrow\u00a0\u00bb _builder_version=\u00a0\u00bb4.27.0&Prime; background_size=\u00a0\u00bbinitial\u00a0\u00bb background_position=\u00a0\u00bbtop_left\u00a0\u00bb background_repeat=\u00a0\u00bbrepeat\u00a0\u00bb min_height=\u00a0\u00bb325px\u00a0\u00bb custom_margin=\u00a0\u00bb||||false|false\u00a0\u00bb custom_padding=\u00a0\u00bb3px||||false|false\u00a0\u00bb hover_enabled=\u00a0\u00bb0&Prime; global_colors_info=\u00a0\u00bb{}\u00a0\u00bb sticky_enabled=\u00a0\u00bb0&Prime;][et_pb_column type=\u00a0\u00bb4_4&Prime; _builder_version=\u00a0\u00bb4.16&Prime; custom_padding=\u00a0\u00bb|||\u00a0\u00bb global_colors_info=\u00a0\u00bb{}\u00a0\u00bb custom_padding__hover=\u00a0\u00bb|||\u00a0\u00bb][et_pb_text admin_label=\u00a0\u00bbText\u00a0\u00bb _builder_version=\u00a0\u00bb4.27.0&Prime; background_size=\u00a0\u00bbinitial\u00a0\u00bb background_position=\u00a0\u00bbtop_left\u00a0\u00bb background_repeat=\u00a0\u00bbrepeat\u00a0\u00bb width=\u00a0\u00bb99.8%\u00a0\u00bb custom_margin=\u00a0\u00bb||||false|false\u00a0\u00bb custom_padding=\u00a0\u00bb||||false|false\u00a0\u00bb hover_enabled=\u00a0\u00bb0&Prime; global_colors_info=\u00a0\u00bb{}\u00a0\u00bb sticky_enabled=\u00a0\u00bb0&Prime;]<\/p>\n<div class=\"et_pb_with_border et_pb_module et_pb_text et_pb_text_1  et_pb_text_align_left et_pb_bg_layout_light\">\n<div class=\"et_pb_text_inner\">\n<p class=\"p1\" style=\"text-align: justify;\"><span class=\"s1\">Souvent le patient consulte pour un conflit douloureux au chaussage, une m\u00e9tatarsalgie, un cor r\u00e9cidivant etc\u2026Les griffes d\u2019orteils peuvent \u00eatre les pr\u00e9curseurs s\u2019un pied neurologique ce qui doit conduire \u00e0 un examen clinique minutieux.<\/span><\/p>\n<p class=\"p1\" style=\"text-align: justify;\"><span class=\"s1\">Le traitement m\u00e9dical repose sur l\u2019\u00e9ducation du patient et de ses habitudes de chaussage. Les soins de p\u00e9dicurie sont n\u00e9cessaires et compl\u00e9t\u00e9s par des orthoplasties qui peuvent r\u00e9duire une griffe encore souple. Les semelles sont souvent n\u00e9cessaires : une barre r\u00e9tro capitale \u00e0 laquelle sont ajout\u00e9s des \u00e9l\u00e9ments sous capitaux. On conseillera \u00e9galement une r\u00e9\u00e9ducation avec des auto-mobilisations.<\/span><\/p>\n<p class=\"p1\" style=\"text-align: justify;\">Le traitement chirurgical est bas\u00e9 sur des transferts tendineux, des ost\u00e9otomies voire des arthrod\u00e8ses. Chaque geste r\u00e9pond \u00e0 une griffe donn\u00e9e d\u00e9termin\u00e9e par l\u2019examen pr\u00e9-op\u00e9ratoire. Les abords chirurgicaux sont de plus en plus minimis\u00e9s et peuvent se traiter par technique percutan\u00e9e.<br \/><span class=\"s1\"><\/span><\/p>\n<\/div>\n<\/div>\n<div class=\"et_pb_with_border et_pb_module et_pb_text et_pb_text_2  et_pb_text_align_left et_pb_bg_layout_light\">\n<div class=\"et_pb_text_inner\">\n<p class=\"p1\"><span class=\"s1\"><\/span><\/p>\n<\/div>\n<\/div>\n<p>&nbsp;<\/p>\n<p class=\"p1\" style=\"text-align: justify;\"><span class=\"s1\"><\/span><\/p>\n<p class=\"p1\">[\/et_pb_text][\/et_pb_column][\/et_pb_row][\/et_pb_section]<\/p>\n","protected":false},"excerpt":{"rendered":"<p>Les orteils en griffe &nbsp; Les orteils en griffe sont fr\u00e9quents dans la pathologie de l\u2019avant pied et pr\u00e9 dominent chez les femmes. Elle t\u00e9moigne d\u2019un d\u00e9s\u00e9quilibre morphologique et\/ou statique du pied. Il s\u2019agit d\u2019une d\u00e9formation banale qui s\u2019accompagne d\u2019une g\u00eane souvent importante. La griffe est favoris\u00e9e par un chaussage trop court ou trop \u00e9troit. [&hellip;]<\/p>\n","protected":false},"author":1,"featured_media":0,"parent":1172,"menu_order":0,"comment_status":"closed","ping_status":"closed","template":"","meta":{"_et_pb_use_builder":"on","_et_pb_old_content":"","_et_gb_content_width":"","_monsterinsights_skip_tracking":false,"_monsterinsights_sitenote_active":false,"_monsterinsights_sitenote_note":"","_monsterinsights_sitenote_category":0,"footnotes":""},"class_list":["post-1145","page","type-page","status-publish","hentry"],"yoast_head":"<!-- This site is optimized with the Yoast SEO plugin v27.4 - https:\/\/yoast.com\/product\/yoast-seo-wordpress\/ -->\n<title>Orteils en griffe | IMPPACT Chirurgie<\/title>\n<meta name=\"robots\" content=\"index, follow, max-snippet:-1, max-image-preview:large, max-video-preview:-1\" \/>\n<link rel=\"canonical\" href=\"https:\/\/imppact-chirurgie.fr\/index.php\/orthopedie\/chirurgie-du-pied\/orteils-en-griffe\/\" \/>\n<meta property=\"og:locale\" content=\"fr_FR\" \/>\n<meta property=\"og:type\" content=\"article\" \/>\n<meta property=\"og:title\" content=\"Orteils en griffe | IMPPACT Chirurgie\" \/>\n<meta property=\"og:description\" content=\"Les orteils en griffe &nbsp; Les orteils en griffe sont fr\u00e9quents dans la pathologie de l\u2019avant pied et pr\u00e9 dominent chez les femmes. Elle t\u00e9moigne d\u2019un d\u00e9s\u00e9quilibre morphologique et\/ou statique du pied. Il s\u2019agit d\u2019une d\u00e9formation banale qui s\u2019accompagne d\u2019une g\u00eane souvent importante. La griffe est favoris\u00e9e par un chaussage trop court ou trop \u00e9troit. [&hellip;]\" \/>\n<meta property=\"og:url\" content=\"https:\/\/imppact-chirurgie.fr\/index.php\/orthopedie\/chirurgie-du-pied\/orteils-en-griffe\/\" \/>\n<meta property=\"og:site_name\" content=\"IMPPACT Chirurgie\" \/>\n<meta property=\"article:modified_time\" content=\"2024-10-08T10:19:52+00:00\" \/>\n<meta name=\"twitter:card\" content=\"summary_large_image\" \/>\n<meta name=\"twitter:label1\" content=\"Dur\u00e9e de lecture estim\u00e9e\" \/>\n\t<meta name=\"twitter:data1\" content=\"2 minutes\" \/>\n<script type=\"application\/ld+json\" class=\"yoast-schema-graph\">{\"@context\":\"https:\\\/\\\/schema.org\",\"@graph\":[{\"@type\":\"WebPage\",\"@id\":\"https:\\\/\\\/imppact-chirurgie.fr\\\/index.php\\\/orthopedie\\\/chirurgie-du-pied\\\/orteils-en-griffe\\\/\",\"url\":\"https:\\\/\\\/imppact-chirurgie.fr\\\/index.php\\\/orthopedie\\\/chirurgie-du-pied\\\/orteils-en-griffe\\\/\",\"name\":\"Orteils en griffe | IMPPACT Chirurgie\",\"isPartOf\":{\"@id\":\"https:\\\/\\\/imppact-chirurgie.fr\\\/#website\"},\"datePublished\":\"2024-04-04T09:50:31+00:00\",\"dateModified\":\"2024-10-08T10:19:52+00:00\",\"breadcrumb\":{\"@id\":\"https:\\\/\\\/imppact-chirurgie.fr\\\/index.php\\\/orthopedie\\\/chirurgie-du-pied\\\/orteils-en-griffe\\\/#breadcrumb\"},\"inLanguage\":\"fr-FR\",\"potentialAction\":[{\"@type\":\"ReadAction\",\"target\":[\"https:\\\/\\\/imppact-chirurgie.fr\\\/index.php\\\/orthopedie\\\/chirurgie-du-pied\\\/orteils-en-griffe\\\/\"]}]},{\"@type\":\"BreadcrumbList\",\"@id\":\"https:\\\/\\\/imppact-chirurgie.fr\\\/index.php\\\/orthopedie\\\/chirurgie-du-pied\\\/orteils-en-griffe\\\/#breadcrumb\",\"itemListElement\":[{\"@type\":\"ListItem\",\"position\":1,\"name\":\"Accueil\",\"item\":\"https:\\\/\\\/imppact-chirurgie.fr\\\/\"},{\"@type\":\"ListItem\",\"position\":2,\"name\":\"Orthop\u00e9die\",\"item\":\"https:\\\/\\\/imppact-chirurgie.fr\\\/index.php\\\/orthopedie\\\/\"},{\"@type\":\"ListItem\",\"position\":3,\"name\":\"Chirurgie du pied\",\"item\":\"https:\\\/\\\/imppact-chirurgie.fr\\\/index.php\\\/orthopedie\\\/chirurgie-du-pied\\\/\"},{\"@type\":\"ListItem\",\"position\":4,\"name\":\"Orteils en griffe\"}]},{\"@type\":\"WebSite\",\"@id\":\"https:\\\/\\\/imppact-chirurgie.fr\\\/#website\",\"url\":\"https:\\\/\\\/imppact-chirurgie.fr\\\/\",\"name\":\"IMPPACT Chirurgie\",\"description\":\"IMPPACT Institut Main Pied Plastique Articulations Chirurgie Traumatologie\",\"publisher\":{\"@id\":\"https:\\\/\\\/imppact-chirurgie.fr\\\/#organization\"},\"potentialAction\":[{\"@type\":\"SearchAction\",\"target\":{\"@type\":\"EntryPoint\",\"urlTemplate\":\"https:\\\/\\\/imppact-chirurgie.fr\\\/?s={search_term_string}\"},\"query-input\":{\"@type\":\"PropertyValueSpecification\",\"valueRequired\":true,\"valueName\":\"search_term_string\"}}],\"inLanguage\":\"fr-FR\"},{\"@type\":\"Organization\",\"@id\":\"https:\\\/\\\/imppact-chirurgie.fr\\\/#organization\",\"name\":\"Imppact Chirurgie\",\"alternateName\":\"Institut Main Pied Plastique Articulations Chirurgie Traumatologie\",\"url\":\"https:\\\/\\\/imppact-chirurgie.fr\\\/\",\"logo\":{\"@type\":\"ImageObject\",\"inLanguage\":\"fr-FR\",\"@id\":\"https:\\\/\\\/imppact-chirurgie.fr\\\/#\\\/schema\\\/logo\\\/image\\\/\",\"url\":\"https:\\\/\\\/imppact-chirurgie.fr\\\/wp-content\\\/uploads\\\/2024\\\/02\\\/logo_final_imppact.png\",\"contentUrl\":\"https:\\\/\\\/imppact-chirurgie.fr\\\/wp-content\\\/uploads\\\/2024\\\/02\\\/logo_final_imppact.png\",\"width\":1000,\"height\":523,\"caption\":\"Imppact Chirurgie\"},\"image\":{\"@id\":\"https:\\\/\\\/imppact-chirurgie.fr\\\/#\\\/schema\\\/logo\\\/image\\\/\"}}]}<\/script>\n<!-- \/ Yoast SEO plugin. -->","yoast_head_json":{"title":"Orteils en griffe | IMPPACT Chirurgie","robots":{"index":"index","follow":"follow","max-snippet":"max-snippet:-1","max-image-preview":"max-image-preview:large","max-video-preview":"max-video-preview:-1"},"canonical":"https:\/\/imppact-chirurgie.fr\/index.php\/orthopedie\/chirurgie-du-pied\/orteils-en-griffe\/","og_locale":"fr_FR","og_type":"article","og_title":"Orteils en griffe | IMPPACT Chirurgie","og_description":"Les orteils en griffe &nbsp; Les orteils en griffe sont fr\u00e9quents dans la pathologie de l\u2019avant pied et pr\u00e9 dominent chez les femmes. Elle t\u00e9moigne d\u2019un d\u00e9s\u00e9quilibre morphologique et\/ou statique du pied. Il s\u2019agit d\u2019une d\u00e9formation banale qui s\u2019accompagne d\u2019une g\u00eane souvent importante. La griffe est favoris\u00e9e par un chaussage trop court ou trop \u00e9troit. [&hellip;]","og_url":"https:\/\/imppact-chirurgie.fr\/index.php\/orthopedie\/chirurgie-du-pied\/orteils-en-griffe\/","og_site_name":"IMPPACT Chirurgie","article_modified_time":"2024-10-08T10:19:52+00:00","twitter_card":"summary_large_image","twitter_misc":{"Dur\u00e9e de lecture estim\u00e9e":"2 minutes"},"schema":{"@context":"https:\/\/schema.org","@graph":[{"@type":"WebPage","@id":"https:\/\/imppact-chirurgie.fr\/index.php\/orthopedie\/chirurgie-du-pied\/orteils-en-griffe\/","url":"https:\/\/imppact-chirurgie.fr\/index.php\/orthopedie\/chirurgie-du-pied\/orteils-en-griffe\/","name":"Orteils en griffe | IMPPACT Chirurgie","isPartOf":{"@id":"https:\/\/imppact-chirurgie.fr\/#website"},"datePublished":"2024-04-04T09:50:31+00:00","dateModified":"2024-10-08T10:19:52+00:00","breadcrumb":{"@id":"https:\/\/imppact-chirurgie.fr\/index.php\/orthopedie\/chirurgie-du-pied\/orteils-en-griffe\/#breadcrumb"},"inLanguage":"fr-FR","potentialAction":[{"@type":"ReadAction","target":["https:\/\/imppact-chirurgie.fr\/index.php\/orthopedie\/chirurgie-du-pied\/orteils-en-griffe\/"]}]},{"@type":"BreadcrumbList","@id":"https:\/\/imppact-chirurgie.fr\/index.php\/orthopedie\/chirurgie-du-pied\/orteils-en-griffe\/#breadcrumb","itemListElement":[{"@type":"ListItem","position":1,"name":"Accueil","item":"https:\/\/imppact-chirurgie.fr\/"},{"@type":"ListItem","position":2,"name":"Orthop\u00e9die","item":"https:\/\/imppact-chirurgie.fr\/index.php\/orthopedie\/"},{"@type":"ListItem","position":3,"name":"Chirurgie du pied","item":"https:\/\/imppact-chirurgie.fr\/index.php\/orthopedie\/chirurgie-du-pied\/"},{"@type":"ListItem","position":4,"name":"Orteils en griffe"}]},{"@type":"WebSite","@id":"https:\/\/imppact-chirurgie.fr\/#website","url":"https:\/\/imppact-chirurgie.fr\/","name":"IMPPACT Chirurgie","description":"IMPPACT Institut Main Pied Plastique Articulations Chirurgie Traumatologie","publisher":{"@id":"https:\/\/imppact-chirurgie.fr\/#organization"},"potentialAction":[{"@type":"SearchAction","target":{"@type":"EntryPoint","urlTemplate":"https:\/\/imppact-chirurgie.fr\/?s={search_term_string}"},"query-input":{"@type":"PropertyValueSpecification","valueRequired":true,"valueName":"search_term_string"}}],"inLanguage":"fr-FR"},{"@type":"Organization","@id":"https:\/\/imppact-chirurgie.fr\/#organization","name":"Imppact Chirurgie","alternateName":"Institut Main Pied Plastique Articulations Chirurgie Traumatologie","url":"https:\/\/imppact-chirurgie.fr\/","logo":{"@type":"ImageObject","inLanguage":"fr-FR","@id":"https:\/\/imppact-chirurgie.fr\/#\/schema\/logo\/image\/","url":"https:\/\/imppact-chirurgie.fr\/wp-content\/uploads\/2024\/02\/logo_final_imppact.png","contentUrl":"https:\/\/imppact-chirurgie.fr\/wp-content\/uploads\/2024\/02\/logo_final_imppact.png","width":1000,"height":523,"caption":"Imppact Chirurgie"},"image":{"@id":"https:\/\/imppact-chirurgie.fr\/#\/schema\/logo\/image\/"}}]}},"_links":{"self":[{"href":"https:\/\/imppact-chirurgie.fr\/index.php\/wp-json\/wp\/v2\/pages\/1145","targetHints":{"allow":["GET"]}}],"collection":[{"href":"https:\/\/imppact-chirurgie.fr\/index.php\/wp-json\/wp\/v2\/pages"}],"about":[{"href":"https:\/\/imppact-chirurgie.fr\/index.php\/wp-json\/wp\/v2\/types\/page"}],"author":[{"embeddable":true,"href":"https:\/\/imppact-chirurgie.fr\/index.php\/wp-json\/wp\/v2\/users\/1"}],"replies":[{"embeddable":true,"href":"https:\/\/imppact-chirurgie.fr\/index.php\/wp-json\/wp\/v2\/comments?post=1145"}],"version-history":[{"count":5,"href":"https:\/\/imppact-chirurgie.fr\/index.php\/wp-json\/wp\/v2\/pages\/1145\/revisions"}],"predecessor-version":[{"id":1877,"href":"https:\/\/imppact-chirurgie.fr\/index.php\/wp-json\/wp\/v2\/pages\/1145\/revisions\/1877"}],"up":[{"embeddable":true,"href":"https:\/\/imppact-chirurgie.fr\/index.php\/wp-json\/wp\/v2\/pages\/1172"}],"wp:attachment":[{"href":"https:\/\/imppact-chirurgie.fr\/index.php\/wp-json\/wp\/v2\/media?parent=1145"}],"curies":[{"name":"wp","href":"https:\/\/api.w.org\/{rel}","templated":true}]}}