{"id":1158,"date":"2024-04-04T12:06:25","date_gmt":"2024-04-04T10:06:25","guid":{"rendered":"https:\/\/imppact-chirurgie.fr\/?page_id=1158"},"modified":"2024-11-04T14:36:25","modified_gmt":"2024-11-04T13:36:25","slug":"kyste-arthro-synovial","status":"publish","type":"page","link":"https:\/\/imppact-chirurgie.fr\/index.php\/orthopedie\/chirurgie-du-poignet\/kyste-arthro-synovial\/","title":{"rendered":"Kyste arthro-synovial"},"content":{"rendered":"<p>[et_pb_section fb_built=\u00a0\u00bb1&Prime; admin_label=\u00a0\u00bbsection\u00a0\u00bb _builder_version=\u00a0\u00bb4.16&Prime; custom_padding=\u00a0\u00bb||0px|||\u00a0\u00bb global_colors_info=\u00a0\u00bb{}\u00a0\u00bb][et_pb_row admin_label=\u00a0\u00bbrow\u00a0\u00bb _builder_version=\u00a0\u00bb4.27.0&Prime; background_size=\u00a0\u00bbinitial\u00a0\u00bb background_position=\u00a0\u00bbtop_left\u00a0\u00bb background_repeat=\u00a0\u00bbrepeat\u00a0\u00bb custom_margin=\u00a0\u00bb||||false|false\u00a0\u00bb custom_padding=\u00a0\u00bb||||false|false\u00a0\u00bb global_colors_info=\u00a0\u00bb{}\u00a0\u00bb][et_pb_column type=\u00a0\u00bb4_4&Prime; _builder_version=\u00a0\u00bb4.16&Prime; custom_padding=\u00a0\u00bb|||\u00a0\u00bb global_colors_info=\u00a0\u00bb{}\u00a0\u00bb custom_padding__hover=\u00a0\u00bb|||\u00a0\u00bb][et_pb_text admin_label=\u00a0\u00bbText\u00a0\u00bb _builder_version=\u00a0\u00bb4.27.2&Prime; background_size=\u00a0\u00bbinitial\u00a0\u00bb background_position=\u00a0\u00bbtop_left\u00a0\u00bb background_repeat=\u00a0\u00bbrepeat\u00a0\u00bb width=\u00a0\u00bb99.8%\u00a0\u00bb min_height=\u00a0\u00bb157.8px\u00a0\u00bb custom_margin=\u00a0\u00bb||||false|false\u00a0\u00bb custom_padding=\u00a0\u00bb||||false|false\u00a0\u00bb hover_enabled=\u00a0\u00bb0&Prime; global_colors_info=\u00a0\u00bb{}\u00a0\u00bb sticky_enabled=\u00a0\u00bb0&Prime;]<\/p>\n<h2 style=\"text-align: justify;\">Les kyste arthro-synovial<\/h2>\n<p>Un kyste arthrosynovial du poignet est une poche remplie de liquide qui se forme g\u00e9n\u00e9ralement \u00e0 proximit\u00e9 des articulations ou des tendons dans le poignet. Il est souvent appel\u00e9 \u00ab\u00a0kyste synovial\u00a0\u00bb et est li\u00e9 \u00e0 la synoviale, le tissu qui produit le liquide synovial qui lubrifie les articulations.<\/p>\n<div class=\"et_pb_with_border et_pb_module et_pb_text et_pb_text_1  et_pb_text_align_left et_pb_bg_layout_light\">\n<div class=\"et_pb_text_inner\">\n<p class=\"p3\"><strong>Causes :<\/strong><\/p>\n<p class=\"p3\">Ces kystes peuvent se former \u00e0 la suite d&rsquo;une irritation ou d&rsquo;une inflammation de l&rsquo;articulation ou du tendon. Le liquide synovial peut s&rsquo;accumuler et cr\u00e9er un kyste. Parfois, l&rsquo;origine exacte n&rsquo;est pas claire.<\/p>\n<p class=\"p3\"><strong>Sympt\u00f4mes<\/strong> :<\/p>\n<p class=\"p3\">Les kystes synoviaux sont souvent indolores, mais ils peuvent causer des douleurs ou une g\u00eane, en particulier s&rsquo;ils appuient sur des structures voisines comme des nerfs. Ils peuvent \u00e9galement provoquer une sensation de masse ou de gonflement visible sous la peau.<\/p>\n<p class=\"p3\"><strong>Diagnostic :<\/strong><\/p>\n<p class=\"p3\">Le diagnostic est g\u00e9n\u00e9ralement pos\u00e9 par un m\u00e9decin \u00e0 l&rsquo;aide d&rsquo;un examen physique. Des tests d&rsquo;imagerie comme une \u00e9chographie ou une IRM peuvent \u00eatre utilis\u00e9s pour \u00e9valuer la taille et la position du kyste, ainsi que pour s\u2019assurer de la nature kystique de la masse.<\/p>\n<p class=\"p3\"><strong>Traitement<\/strong> :<\/p>\n<p class=\"p3\">Dans de nombreux cas, les kystes arthrosynoviaux ne n\u00e9cessitent pas de traitement et peuvent dispara\u00eetre d&rsquo;eux-m\u00eames. Si le kyste cause des sympt\u00f4mes, des options de traitement peuvent inclure des injections de corticost\u00e9ro\u00efdes, la ponction pour \u00e9vacuer le liquide, ou une intervention chirurgicale pour enlever le kyste.<\/p>\n<p class=\"p4\"><b>Indications pour la chirurgie<\/b><\/p>\n<p class=\"p5\">La chirurgie peut \u00eatre envisag\u00e9e lorsque :<\/p>\n<ul class=\"ul1\">\n<li class=\"li5\">Le kyste provoque des douleurs significatives.<\/li>\n<li class=\"li5\">Le kyste est volumineux et interf\u00e8re avec la fonction du poignet.<\/li>\n<li class=\"li5\">Les traitements conservateurs comme la compression ou les injections de corticost\u00e9ro\u00efdes ne sont pas efficaces.<\/li>\n<\/ul>\n<p class=\"p4\"><b>Pr\u00e9paration \u00e0 la chirurgie<\/b><\/p>\n<ul class=\"ul1\">\n<li class=\"li5\"><b>Consultation<\/b> : Le chirurgien \u00e9value la taille du kyste, son impact sur les structures environnantes, et discute des options chirurgicales.<\/li>\n<li class=\"li5\"><b>Examens pr\u00e9op\u00e9ratoires<\/b> : Des examens comme des radiographies , une \u00e9chographie ou une IRM peuvent \u00eatre r\u00e9alis\u00e9s pour planifier la proc\u00e9dure.<\/li>\n<li class=\"li5\"><b>Anesth\u00e9sie<\/b> : La chirurgie peut \u00eatre r\u00e9alis\u00e9e sous anesth\u00e9sie loco-r\u00e9gionale<\/li>\n<\/ul>\n<p class=\"p4\"><b>Proc\u00e9dure chirurgicale<\/b><\/p>\n<ul class=\"ul1\">\n<li class=\"li5\"><b>Incision<\/b> : Le chirurgien pratique une incision sur le poignet, souvent du c\u00f4t\u00e9 dorsal o\u00f9 se trouve le kyste.<\/li>\n<li class=\"li5\"><b>Exposition du kyste<\/b> : Les tissus environnants sont d\u00e9licatement s\u00e9par\u00e9s pour acc\u00e9der au kyste.<\/li>\n<li class=\"li5\"><b>Excision du kyste<\/b> : Le kyste est retir\u00e9 en totalit\u00e9, y compris sa base, pour minimiser le risque de r\u00e9cidive.<\/li>\n<li class=\"li5\"><b>Fermeture<\/b> : L&rsquo;incision est ferm\u00e9e avec des sutures, et un bandage est appliqu\u00e9.<\/li>\n<\/ul>\n<p class=\"p4\"><b>Apr\u00e8s l&rsquo;op\u00e9ration<\/b><\/p>\n<ul class=\"ul1\">\n<li class=\"li5\"><b>Soins post-op\u00e9ratoires<\/b> : des pansements r\u00e9guliers sont n\u00e9c\u00e9ssaires pendant une douzaine de jours.<\/li>\n<li class=\"li5\"><b>Gestion de la Douleur<\/b> : Des m\u00e9dicaments peuvent \u00eatre prescrits pour g\u00e9rer la douleur post-op\u00e9ratoire.<\/li>\n<li class=\"li5\"><b>R\u00e9habilitation<\/b> : Une p\u00e9riode de r\u00e9habilitation peut \u00eatre n\u00e9cessaire pour restaurer la mobilit\u00e9 et la force du poignet. Cela peut inclure des exercices de physioth\u00e9rapie.<\/li>\n<li class=\"li5\"><b>Suivi<\/b> : Des visites de suivi sont g\u00e9n\u00e9ralement programm\u00e9es pour s&rsquo;assurer que la gu\u00e9rison se d\u00e9roule correctement.<\/li>\n<\/ul>\n<p class=\"p4\"><b>Risques et complications<\/b><\/p>\n<p class=\"p5\">Comme pour toute intervention chirurgicale, il y a des risques associ\u00e9s, tels que :<\/p>\n<ul class=\"ul1\">\n<li class=\"li5\">Infection<\/li>\n<li class=\"li5\">H\u00e9morragie<\/li>\n<li class=\"li5\">Cicatrisation anormale<\/li>\n<li class=\"li5\">R\u00e9action \u00e0 l&rsquo;anesth\u00e9sie<\/li>\n<li class=\"li5\">R\u00e9cidive du kyste<\/li>\n<\/ul>\n<\/div>\n<\/div>\n<p>[\/et_pb_text][\/et_pb_column][\/et_pb_row][et_pb_row _builder_version=\u00a0\u00bb4.27.2&Prime; _module_preset=\u00a0\u00bbdefault\u00a0\u00bb hover_enabled=\u00a0\u00bb0&Prime; global_colors_info=\u00a0\u00bb{}\u00a0\u00bb theme_builder_area=\u00a0\u00bbpost_content\u00a0\u00bb sticky_enabled=\u00a0\u00bb0&Prime;][et_pb_column type=\u00a0\u00bb4_4&Prime; _builder_version=\u00a0\u00bb4.27.0&Prime; _module_preset=\u00a0\u00bbdefault\u00a0\u00bb global_colors_info=\u00a0\u00bb{}\u00a0\u00bb theme_builder_area=\u00a0\u00bbpost_content\u00a0\u00bb][et_pb_gallery gallery_ids=\u00a0\u00bb1982&Prime; _builder_version=\u00a0\u00bb4.27.2&Prime; _module_preset=\u00a0\u00bbdefault\u00a0\u00bb title_level=\u00a0\u00bbh6&Prime; title_font=\u00a0\u00bb|||on|||||\u00a0\u00bb hover_enabled=\u00a0\u00bb0&Prime; global_colors_info=\u00a0\u00bb{}\u00a0\u00bb theme_builder_area=\u00a0\u00bbpost_content\u00a0\u00bb sticky_enabled=\u00a0\u00bb0&Prime;][\/et_pb_gallery][\/et_pb_column][\/et_pb_row][\/et_pb_section]<\/p>\n","protected":false},"excerpt":{"rendered":"<p>Les kyste arthro-synovial Un kyste arthrosynovial du poignet est une poche remplie de liquide qui se forme g\u00e9n\u00e9ralement \u00e0 proximit\u00e9 des articulations ou des tendons dans le poignet. Il est souvent appel\u00e9 \u00ab\u00a0kyste synovial\u00a0\u00bb et est li\u00e9 \u00e0 la synoviale, le tissu qui produit le liquide synovial qui lubrifie les articulations. Causes : Ces kystes [&hellip;]<\/p>\n","protected":false},"author":1,"featured_media":0,"parent":1170,"menu_order":0,"comment_status":"closed","ping_status":"closed","template":"","meta":{"_et_pb_use_builder":"on","_et_pb_old_content":"","_et_gb_content_width":"","_monsterinsights_skip_tracking":false,"_monsterinsights_sitenote_active":false,"_monsterinsights_sitenote_note":"","_monsterinsights_sitenote_category":0,"footnotes":""},"class_list":["post-1158","page","type-page","status-publish","hentry"],"yoast_head":"<!-- This site is optimized with the Yoast SEO plugin v27.4 - https:\/\/yoast.com\/product\/yoast-seo-wordpress\/ -->\n<title>Kyste arthro-synovial | IMPPACT Chirurgie<\/title>\n<meta name=\"robots\" content=\"index, follow, max-snippet:-1, max-image-preview:large, max-video-preview:-1\" \/>\n<link rel=\"canonical\" href=\"https:\/\/imppact-chirurgie.fr\/index.php\/orthopedie\/chirurgie-du-poignet\/kyste-arthro-synovial\/\" \/>\n<meta property=\"og:locale\" content=\"fr_FR\" \/>\n<meta property=\"og:type\" content=\"article\" \/>\n<meta property=\"og:title\" content=\"Kyste arthro-synovial | IMPPACT Chirurgie\" \/>\n<meta property=\"og:description\" content=\"Les kyste arthro-synovial Un kyste arthrosynovial du poignet est une poche remplie de liquide qui se forme g\u00e9n\u00e9ralement \u00e0 proximit\u00e9 des articulations ou des tendons dans le poignet. Il est souvent appel\u00e9 &quot;kyste synovial&quot; et est li\u00e9 \u00e0 la synoviale, le tissu qui produit le liquide synovial qui lubrifie les articulations. Causes : Ces kystes [&hellip;]\" \/>\n<meta property=\"og:url\" content=\"https:\/\/imppact-chirurgie.fr\/index.php\/orthopedie\/chirurgie-du-poignet\/kyste-arthro-synovial\/\" \/>\n<meta property=\"og:site_name\" content=\"IMPPACT Chirurgie\" \/>\n<meta property=\"article:modified_time\" content=\"2024-11-04T13:36:25+00:00\" \/>\n<meta name=\"twitter:card\" content=\"summary_large_image\" \/>\n<meta name=\"twitter:label1\" content=\"Dur\u00e9e de lecture estim\u00e9e\" \/>\n\t<meta name=\"twitter:data1\" content=\"3 minutes\" \/>\n<script type=\"application\/ld+json\" class=\"yoast-schema-graph\">{\"@context\":\"https:\\\/\\\/schema.org\",\"@graph\":[{\"@type\":\"WebPage\",\"@id\":\"https:\\\/\\\/imppact-chirurgie.fr\\\/index.php\\\/orthopedie\\\/chirurgie-du-poignet\\\/kyste-arthro-synovial\\\/\",\"url\":\"https:\\\/\\\/imppact-chirurgie.fr\\\/index.php\\\/orthopedie\\\/chirurgie-du-poignet\\\/kyste-arthro-synovial\\\/\",\"name\":\"Kyste arthro-synovial | IMPPACT Chirurgie\",\"isPartOf\":{\"@id\":\"https:\\\/\\\/imppact-chirurgie.fr\\\/#website\"},\"datePublished\":\"2024-04-04T10:06:25+00:00\",\"dateModified\":\"2024-11-04T13:36:25+00:00\",\"breadcrumb\":{\"@id\":\"https:\\\/\\\/imppact-chirurgie.fr\\\/index.php\\\/orthopedie\\\/chirurgie-du-poignet\\\/kyste-arthro-synovial\\\/#breadcrumb\"},\"inLanguage\":\"fr-FR\",\"potentialAction\":[{\"@type\":\"ReadAction\",\"target\":[\"https:\\\/\\\/imppact-chirurgie.fr\\\/index.php\\\/orthopedie\\\/chirurgie-du-poignet\\\/kyste-arthro-synovial\\\/\"]}]},{\"@type\":\"BreadcrumbList\",\"@id\":\"https:\\\/\\\/imppact-chirurgie.fr\\\/index.php\\\/orthopedie\\\/chirurgie-du-poignet\\\/kyste-arthro-synovial\\\/#breadcrumb\",\"itemListElement\":[{\"@type\":\"ListItem\",\"position\":1,\"name\":\"Accueil\",\"item\":\"https:\\\/\\\/imppact-chirurgie.fr\\\/\"},{\"@type\":\"ListItem\",\"position\":2,\"name\":\"Orthop\u00e9die\",\"item\":\"https:\\\/\\\/imppact-chirurgie.fr\\\/index.php\\\/orthopedie\\\/\"},{\"@type\":\"ListItem\",\"position\":3,\"name\":\"Chirurgie du poignet\",\"item\":\"https:\\\/\\\/imppact-chirurgie.fr\\\/index.php\\\/orthopedie\\\/chirurgie-du-poignet\\\/\"},{\"@type\":\"ListItem\",\"position\":4,\"name\":\"Kyste arthro-synovial\"}]},{\"@type\":\"WebSite\",\"@id\":\"https:\\\/\\\/imppact-chirurgie.fr\\\/#website\",\"url\":\"https:\\\/\\\/imppact-chirurgie.fr\\\/\",\"name\":\"IMPPACT Chirurgie\",\"description\":\"IMPPACT Institut Main Pied Plastique Articulations Chirurgie Traumatologie\",\"publisher\":{\"@id\":\"https:\\\/\\\/imppact-chirurgie.fr\\\/#organization\"},\"potentialAction\":[{\"@type\":\"SearchAction\",\"target\":{\"@type\":\"EntryPoint\",\"urlTemplate\":\"https:\\\/\\\/imppact-chirurgie.fr\\\/?s={search_term_string}\"},\"query-input\":{\"@type\":\"PropertyValueSpecification\",\"valueRequired\":true,\"valueName\":\"search_term_string\"}}],\"inLanguage\":\"fr-FR\"},{\"@type\":\"Organization\",\"@id\":\"https:\\\/\\\/imppact-chirurgie.fr\\\/#organization\",\"name\":\"Imppact Chirurgie\",\"alternateName\":\"Institut Main Pied Plastique Articulations Chirurgie Traumatologie\",\"url\":\"https:\\\/\\\/imppact-chirurgie.fr\\\/\",\"logo\":{\"@type\":\"ImageObject\",\"inLanguage\":\"fr-FR\",\"@id\":\"https:\\\/\\\/imppact-chirurgie.fr\\\/#\\\/schema\\\/logo\\\/image\\\/\",\"url\":\"https:\\\/\\\/imppact-chirurgie.fr\\\/wp-content\\\/uploads\\\/2024\\\/02\\\/logo_final_imppact.png\",\"contentUrl\":\"https:\\\/\\\/imppact-chirurgie.fr\\\/wp-content\\\/uploads\\\/2024\\\/02\\\/logo_final_imppact.png\",\"width\":1000,\"height\":523,\"caption\":\"Imppact Chirurgie\"},\"image\":{\"@id\":\"https:\\\/\\\/imppact-chirurgie.fr\\\/#\\\/schema\\\/logo\\\/image\\\/\"}}]}<\/script>\n<!-- \/ Yoast SEO plugin. -->","yoast_head_json":{"title":"Kyste arthro-synovial | IMPPACT Chirurgie","robots":{"index":"index","follow":"follow","max-snippet":"max-snippet:-1","max-image-preview":"max-image-preview:large","max-video-preview":"max-video-preview:-1"},"canonical":"https:\/\/imppact-chirurgie.fr\/index.php\/orthopedie\/chirurgie-du-poignet\/kyste-arthro-synovial\/","og_locale":"fr_FR","og_type":"article","og_title":"Kyste arthro-synovial | IMPPACT Chirurgie","og_description":"Les kyste arthro-synovial Un kyste arthrosynovial du poignet est une poche remplie de liquide qui se forme g\u00e9n\u00e9ralement \u00e0 proximit\u00e9 des articulations ou des tendons dans le poignet. Il est souvent appel\u00e9 \"kyste synovial\" et est li\u00e9 \u00e0 la synoviale, le tissu qui produit le liquide synovial qui lubrifie les articulations. Causes : Ces kystes [&hellip;]","og_url":"https:\/\/imppact-chirurgie.fr\/index.php\/orthopedie\/chirurgie-du-poignet\/kyste-arthro-synovial\/","og_site_name":"IMPPACT Chirurgie","article_modified_time":"2024-11-04T13:36:25+00:00","twitter_card":"summary_large_image","twitter_misc":{"Dur\u00e9e de lecture estim\u00e9e":"3 minutes"},"schema":{"@context":"https:\/\/schema.org","@graph":[{"@type":"WebPage","@id":"https:\/\/imppact-chirurgie.fr\/index.php\/orthopedie\/chirurgie-du-poignet\/kyste-arthro-synovial\/","url":"https:\/\/imppact-chirurgie.fr\/index.php\/orthopedie\/chirurgie-du-poignet\/kyste-arthro-synovial\/","name":"Kyste arthro-synovial | IMPPACT Chirurgie","isPartOf":{"@id":"https:\/\/imppact-chirurgie.fr\/#website"},"datePublished":"2024-04-04T10:06:25+00:00","dateModified":"2024-11-04T13:36:25+00:00","breadcrumb":{"@id":"https:\/\/imppact-chirurgie.fr\/index.php\/orthopedie\/chirurgie-du-poignet\/kyste-arthro-synovial\/#breadcrumb"},"inLanguage":"fr-FR","potentialAction":[{"@type":"ReadAction","target":["https:\/\/imppact-chirurgie.fr\/index.php\/orthopedie\/chirurgie-du-poignet\/kyste-arthro-synovial\/"]}]},{"@type":"BreadcrumbList","@id":"https:\/\/imppact-chirurgie.fr\/index.php\/orthopedie\/chirurgie-du-poignet\/kyste-arthro-synovial\/#breadcrumb","itemListElement":[{"@type":"ListItem","position":1,"name":"Accueil","item":"https:\/\/imppact-chirurgie.fr\/"},{"@type":"ListItem","position":2,"name":"Orthop\u00e9die","item":"https:\/\/imppact-chirurgie.fr\/index.php\/orthopedie\/"},{"@type":"ListItem","position":3,"name":"Chirurgie du poignet","item":"https:\/\/imppact-chirurgie.fr\/index.php\/orthopedie\/chirurgie-du-poignet\/"},{"@type":"ListItem","position":4,"name":"Kyste arthro-synovial"}]},{"@type":"WebSite","@id":"https:\/\/imppact-chirurgie.fr\/#website","url":"https:\/\/imppact-chirurgie.fr\/","name":"IMPPACT Chirurgie","description":"IMPPACT Institut Main Pied Plastique Articulations Chirurgie Traumatologie","publisher":{"@id":"https:\/\/imppact-chirurgie.fr\/#organization"},"potentialAction":[{"@type":"SearchAction","target":{"@type":"EntryPoint","urlTemplate":"https:\/\/imppact-chirurgie.fr\/?s={search_term_string}"},"query-input":{"@type":"PropertyValueSpecification","valueRequired":true,"valueName":"search_term_string"}}],"inLanguage":"fr-FR"},{"@type":"Organization","@id":"https:\/\/imppact-chirurgie.fr\/#organization","name":"Imppact Chirurgie","alternateName":"Institut Main Pied Plastique Articulations Chirurgie Traumatologie","url":"https:\/\/imppact-chirurgie.fr\/","logo":{"@type":"ImageObject","inLanguage":"fr-FR","@id":"https:\/\/imppact-chirurgie.fr\/#\/schema\/logo\/image\/","url":"https:\/\/imppact-chirurgie.fr\/wp-content\/uploads\/2024\/02\/logo_final_imppact.png","contentUrl":"https:\/\/imppact-chirurgie.fr\/wp-content\/uploads\/2024\/02\/logo_final_imppact.png","width":1000,"height":523,"caption":"Imppact Chirurgie"},"image":{"@id":"https:\/\/imppact-chirurgie.fr\/#\/schema\/logo\/image\/"}}]}},"_links":{"self":[{"href":"https:\/\/imppact-chirurgie.fr\/index.php\/wp-json\/wp\/v2\/pages\/1158","targetHints":{"allow":["GET"]}}],"collection":[{"href":"https:\/\/imppact-chirurgie.fr\/index.php\/wp-json\/wp\/v2\/pages"}],"about":[{"href":"https:\/\/imppact-chirurgie.fr\/index.php\/wp-json\/wp\/v2\/types\/page"}],"author":[{"embeddable":true,"href":"https:\/\/imppact-chirurgie.fr\/index.php\/wp-json\/wp\/v2\/users\/1"}],"replies":[{"embeddable":true,"href":"https:\/\/imppact-chirurgie.fr\/index.php\/wp-json\/wp\/v2\/comments?post=1158"}],"version-history":[{"count":8,"href":"https:\/\/imppact-chirurgie.fr\/index.php\/wp-json\/wp\/v2\/pages\/1158\/revisions"}],"predecessor-version":[{"id":1984,"href":"https:\/\/imppact-chirurgie.fr\/index.php\/wp-json\/wp\/v2\/pages\/1158\/revisions\/1984"}],"up":[{"embeddable":true,"href":"https:\/\/imppact-chirurgie.fr\/index.php\/wp-json\/wp\/v2\/pages\/1170"}],"wp:attachment":[{"href":"https:\/\/imppact-chirurgie.fr\/index.php\/wp-json\/wp\/v2\/media?parent=1158"}],"curies":[{"name":"wp","href":"https:\/\/api.w.org\/{rel}","templated":true}]}}