{"id":1228,"date":"2024-04-15T11:17:55","date_gmt":"2024-04-15T09:17:55","guid":{"rendered":"https:\/\/imppact-chirurgie.fr\/?page_id=1228"},"modified":"2024-10-08T13:03:36","modified_gmt":"2024-10-08T11:03:36","slug":"tendinite-de-quervain","status":"publish","type":"page","link":"https:\/\/imppact-chirurgie.fr\/index.php\/orthopedie\/chirurgie-du-poignet\/tendinite-de-quervain\/","title":{"rendered":"Tendinite de Quervain"},"content":{"rendered":"<p>[et_pb_section fb_built=\u00a0\u00bb1&Prime; admin_label=\u00a0\u00bbsection\u00a0\u00bb _builder_version=\u00a0\u00bb4.16&Prime; custom_padding=\u00a0\u00bb||0px|||\u00a0\u00bb global_colors_info=\u00a0\u00bb{}\u00a0\u00bb][et_pb_row admin_label=\u00a0\u00bbrow\u00a0\u00bb _builder_version=\u00a0\u00bb4.27.0&Prime; background_size=\u00a0\u00bbinitial\u00a0\u00bb background_position=\u00a0\u00bbtop_left\u00a0\u00bb background_repeat=\u00a0\u00bbrepeat\u00a0\u00bb custom_margin=\u00a0\u00bb||||false|false\u00a0\u00bb custom_padding=\u00a0\u00bb||||false|false\u00a0\u00bb hover_enabled=\u00a0\u00bb0&Prime; global_colors_info=\u00a0\u00bb{}\u00a0\u00bb sticky_enabled=\u00a0\u00bb0&Prime;][et_pb_column type=\u00a0\u00bb4_4&Prime; _builder_version=\u00a0\u00bb4.16&Prime; custom_padding=\u00a0\u00bb|||\u00a0\u00bb global_colors_info=\u00a0\u00bb{}\u00a0\u00bb custom_padding__hover=\u00a0\u00bb|||\u00a0\u00bb][et_pb_text admin_label=\u00a0\u00bbText\u00a0\u00bb _builder_version=\u00a0\u00bb4.27.0&Prime; background_size=\u00a0\u00bbinitial\u00a0\u00bb background_position=\u00a0\u00bbtop_left\u00a0\u00bb background_repeat=\u00a0\u00bbrepeat\u00a0\u00bb custom_margin=\u00a0\u00bb||33px||false|false\u00a0\u00bb custom_padding=\u00a0\u00bb||||false|false\u00a0\u00bb global_colors_info=\u00a0\u00bb{}\u00a0\u00bb]<\/p>\n<h2 style=\"text-align: justify;\">Tendinite de De Quervain<\/h2>\n<p>&nbsp;<\/p>\n<div class=\"et_pb_with_border et_pb_module et_pb_text et_pb_text_1  et_pb_text_align_left et_pb_bg_layout_light\">\n<div class=\"et_pb_text_inner\">\n<p class=\"p1\">La tendinite de De Quervain est une affection douloureuse qui touche les tendons du poignet, en particulier ceux qui se situent au niveau du pouce. Cette tendinite est caus\u00e9e par une inflammation des tendons qui passent dans un canal \u00e9troit au niveau du poignet.<\/p>\n<p class=\"p2\"><b>Diagnostic<\/b><\/p>\n<ul class=\"ul1\">\n<li class=\"li1\"><b>Symptomes :<\/b><\/li>\n<ul class=\"ul1\">\n<li class=\"li1\">Douleur localis\u00e9e \u00e0 la base du pouce, souvent augment\u00e9e par les mouvements du poignet ou du pouce. Un gonflement peut se voir sur le bord lat\u00e9ral du poignet.<\/li>\n<li class=\"li1\"><\/li>\n<\/ul>\n<li class=\"li1\"><b>Examen Clinique :<\/b><\/li>\n<ul class=\"ul1\">\n<li class=\"li1\"><b>Test de Finkelstein :<\/b> Le m\u00e9decin demande au patient de plier le pouce contre la paume et de fermer le poing, puis de d\u00e9placer le poignet en inclinaison ulnaire. La douleur aigu\u00eb dans la r\u00e9gion du pouce et du poignet peut indiquer une tendinite de De Quervain.<\/li>\n<\/ul>\n<li class=\"li1\"><b>Examen Imagerie :<\/b><\/li>\n<ul class=\"ul1\">\n<li class=\"li1\"><b>\u00c9chographie :<\/b> Peut \u00eatre utilis\u00e9e pour visualiser l&rsquo;inflammation des tendons et la pr\u00e9sence d\u2019\u00e9ventuels nodules ou anomalies.<\/li>\n<li class=\"li1\"><b>IRM :<\/b> Rarement n\u00e9cessaire, mais peut aider \u00e0 exclure d\u2019autres causes de douleur ou \u00e0 visualiser les structures en profondeur.<\/li>\n<\/ul>\n<\/ul>\n<p class=\"p2\"><b>Traitement<\/b><\/p>\n<ul class=\"ul1\">\n<li class=\"li1\"><b>Repos et Modifications des Activit\u00e9s :<\/b><\/li>\n<ul class=\"ul1\">\n<li class=\"li1\"><b>Repos du Poignet :<\/b> \u00c9viter les activit\u00e9s qui exacerbent la douleur et donner du repos aux tendons affect\u00e9s.<\/li>\n<li class=\"li1\"><b>Orth\u00e8se :<\/b> Utilisation d\u2019une attelle ou d\u2019une orth\u00e8se pour immobiliser le poignet et le pouce, r\u00e9duisant ainsi les mouvements et la pression sur les tendons.<\/li>\n<\/ul>\n<li class=\"li1\"><b>M\u00e9dicaments :<\/b><\/li>\n<ul class=\"ul1\">\n<li class=\"li1\"><b>Anti-inflammatoires Non St\u00e9ro\u00efdiens (AINS) :<\/b> Ibuprof\u00e8ne ou naprox\u00e8ne peuvent aider \u00e0 r\u00e9duire la douleur et l&rsquo;inflammation.<\/li>\n<li class=\"li1\"><b>Corticost\u00e9ro\u00efdes :<\/b> Injections locales de corticost\u00e9ro\u00efdes peuvent \u00eatre envisag\u00e9es si les AINS ne sont pas suffisants.<\/li>\n<\/ul>\n<li class=\"li1\"><b>Physioth\u00e9rapie :<\/b><\/li>\n<ul class=\"ul1\">\n<li class=\"li1\"><b>Exercices d&rsquo;\u00c9tirement et de Renforcement :<\/b> Techniques sp\u00e9cifiques pour am\u00e9liorer la flexibilit\u00e9 et la force des tendons et des muscles environnants.<\/li>\n<\/ul>\n<li class=\"li1\"><b>Chirurgie :<\/b><\/li>\n<ul class=\"ul1\">\n<li class=\"li1\"><b>Intervention Chirurgicale :<\/b> Dans les cas graves ou r\u00e9fractaires au traitement conservateur, une intervention chirurgicale peut \u00eatre n\u00e9cessaire pour lib\u00e9rer les tendons et r\u00e9duire la compression.<\/li>\n<\/ul>\n<\/ul>\n<p class=\"p1\"><b>Objectif de la Chirurgie<\/b><\/p>\n<p class=\"p1\">L&rsquo;objectif principal de la chirurgie pour la tendinite de De Quervain est de soulager la pression sur les tendons affect\u00e9s en incisant le r\u00e9tinaculum (la bande de tissu conjonctif) qui les entoure. Cela permet aux tendons de glisser plus librement et r\u00e9duit la douleur et l&rsquo;inflammation.<\/p>\n<p class=\"p1\"><b>Technique Chirurgicale<\/b><\/p>\n<p class=\"p3\">Une incision au niveau du poignet est n\u00e9cessaire pour acc\u00e9der aux tendons et au r\u00e9tinaculum. Le chirurgien lib\u00e8re les tendons de la pression en les d\u00e9gageant du tissu en exc\u00e8s.<\/p>\n<p class=\"p1\"><b>R\u00e9habilitation Post-Op\u00e9ratoire<\/b><\/p>\n<ul class=\"ul1\">\n<li class=\"li1\"><b>Repos et immobilisation<\/b> : Le poignet peut \u00eatre immobilis\u00e9 avec une attelle pendant une p\u00e9riode d\u00e9termin\u00e9e pour permettre aux tendons de gu\u00e9rir.<\/li>\n<li class=\"li1\"><b>Kin\u00e9sitherapie <\/b> : Des exercices de r\u00e9habilitation peuvent \u00eatre prescrits pour restaurer la force, la flexibilit\u00e9 et la fonction du poignet.<\/li>\n<li class=\"li1\"><b>Gestion de la douleur<\/b> : Des analg\u00e9siques et des anti-inflammatoires peuvent \u00eatre n\u00e9cessaires pour g\u00e9rer la douleur post-op\u00e9ratoire.<\/li>\n<\/ul>\n<p class=\"p1\"><b>R\u00e9sultats et Complications<\/b><\/p>\n<p class=\"p1\">La plupart des patients constatent une am\u00e9lioration significative des sympt\u00f4mes apr\u00e8s la chirurgie. Cependant, comme pour toute intervention chirurgicale, il existe des risques potentiels de complications, notamment des infections, des l\u00e9sions nerveuses, ou des probl\u00e8mes de cicatrisation. Il est important de discuter des risques et des b\u00e9n\u00e9fices avec votre chirurgien avant de d\u00e9cider de proc\u00e9der \u00e0 une intervention.<\/p>\n<p class=\"p4\">\n<\/div>\n<\/div>\n<p>[\/et_pb_text][\/et_pb_column][\/et_pb_row][et_pb_row column_structure=\u00a0\u00bb1_4,3_4&Prime; _builder_version=\u00a0\u00bb4.27.0&Prime; _module_preset=\u00a0\u00bbdefault\u00a0\u00bb custom_margin=\u00a0\u00bb||21px||false|false\u00a0\u00bb border_width_all=\u00a0\u00bb12px\u00a0\u00bb border_color_all=\u00a0\u00bb#326963&Prime; global_colors_info=\u00a0\u00bb{}\u00a0\u00bb][et_pb_column type=\u00a0\u00bb1_4&Prime; _builder_version=\u00a0\u00bb4.24.3&Prime; _module_preset=\u00a0\u00bbdefault\u00a0\u00bb global_colors_info=\u00a0\u00bb{}\u00a0\u00bb][et_pb_icon font_icon=\u00a0\u00bb&#xe092;||divi||400&Prime; icon_color=\u00a0\u00bb#326963&Prime; icon_width=\u00a0\u00bb60px\u00a0\u00bb align=\u00a0\u00bbright\u00a0\u00bb _builder_version=\u00a0\u00bb4.24.3&Prime; _module_preset=\u00a0\u00bbdefault\u00a0\u00bb global_colors_info=\u00a0\u00bb{}\u00a0\u00bb][\/et_pb_icon][\/et_pb_column][et_pb_column type=\u00a0\u00bb3_4&Prime; _builder_version=\u00a0\u00bb4.24.3&Prime; _module_preset=\u00a0\u00bbdefault\u00a0\u00bb global_colors_info=\u00a0\u00bb{}\u00a0\u00bb][et_pb_text _builder_version=\u00a0\u00bb4.27.0&Prime; _module_preset=\u00a0\u00bbdefault\u00a0\u00bb custom_margin=\u00a0\u00bb-3px||||false|false\u00a0\u00bb global_colors_info=\u00a0\u00bb{}\u00a0\u00bb]<\/p>\n<p style=\"text-align: left;\"><span style=\"text-decoration: underline;\">T\u00e9l\u00e9charger la fiche post op\u00e9ratoire<\/span><\/p>\n<p style=\"text-align: left;\"><span style=\"text-decoration: underline;\"><a href=\"https:\/\/imppact-chirurgie.fr\/wp-content\/uploads\/2024\/09\/de_quervain_final.pdf\" target=\"_blank\" rel=\"noopener\">T\u00e9l\u00e9charger la fiche informations soci\u00e9t\u00e9s savantes<\/a><\/span><\/p>\n<p>[\/et_pb_text][\/et_pb_column][\/et_pb_row][\/et_pb_section]<\/p>\n","protected":false},"excerpt":{"rendered":"<p>Tendinite de De Quervain &nbsp; La tendinite de De Quervain est une affection douloureuse qui touche les tendons du poignet, en particulier ceux qui se situent au niveau du pouce. Cette tendinite est caus\u00e9e par une inflammation des tendons qui passent dans un canal \u00e9troit au niveau du poignet. Diagnostic Symptomes : Douleur localis\u00e9e \u00e0 [&hellip;]<\/p>\n","protected":false},"author":1,"featured_media":0,"parent":1170,"menu_order":0,"comment_status":"closed","ping_status":"closed","template":"","meta":{"_et_pb_use_builder":"on","_et_pb_old_content":"","_et_gb_content_width":"","_monsterinsights_skip_tracking":false,"_monsterinsights_sitenote_active":false,"_monsterinsights_sitenote_note":"","_monsterinsights_sitenote_category":0,"footnotes":""},"class_list":["post-1228","page","type-page","status-publish","hentry"],"yoast_head":"<!-- This site is optimized with the Yoast SEO plugin v27.4 - https:\/\/yoast.com\/product\/yoast-seo-wordpress\/ -->\n<title>Tendinite de Quervain | IMPPACT Chirurgie<\/title>\n<meta name=\"robots\" content=\"index, follow, max-snippet:-1, max-image-preview:large, max-video-preview:-1\" \/>\n<link rel=\"canonical\" href=\"https:\/\/imppact-chirurgie.fr\/index.php\/orthopedie\/chirurgie-du-poignet\/tendinite-de-quervain\/\" \/>\n<meta property=\"og:locale\" content=\"fr_FR\" \/>\n<meta property=\"og:type\" content=\"article\" \/>\n<meta property=\"og:title\" content=\"Tendinite de Quervain | IMPPACT Chirurgie\" \/>\n<meta property=\"og:description\" content=\"Tendinite de De Quervain &nbsp; La tendinite de De Quervain est une affection douloureuse qui touche les tendons du poignet, en particulier ceux qui se situent au niveau du pouce. Cette tendinite est caus\u00e9e par une inflammation des tendons qui passent dans un canal \u00e9troit au niveau du poignet. Diagnostic Symptomes : Douleur localis\u00e9e \u00e0 [&hellip;]\" \/>\n<meta property=\"og:url\" content=\"https:\/\/imppact-chirurgie.fr\/index.php\/orthopedie\/chirurgie-du-poignet\/tendinite-de-quervain\/\" \/>\n<meta property=\"og:site_name\" content=\"IMPPACT Chirurgie\" \/>\n<meta property=\"article:modified_time\" content=\"2024-10-08T11:03:36+00:00\" \/>\n<meta name=\"twitter:card\" content=\"summary_large_image\" \/>\n<meta name=\"twitter:label1\" content=\"Dur\u00e9e de lecture estim\u00e9e\" \/>\n\t<meta name=\"twitter:data1\" content=\"2 minutes\" \/>\n<script type=\"application\/ld+json\" class=\"yoast-schema-graph\">{\"@context\":\"https:\\\/\\\/schema.org\",\"@graph\":[{\"@type\":\"WebPage\",\"@id\":\"https:\\\/\\\/imppact-chirurgie.fr\\\/index.php\\\/orthopedie\\\/chirurgie-du-poignet\\\/tendinite-de-quervain\\\/\",\"url\":\"https:\\\/\\\/imppact-chirurgie.fr\\\/index.php\\\/orthopedie\\\/chirurgie-du-poignet\\\/tendinite-de-quervain\\\/\",\"name\":\"Tendinite de Quervain | IMPPACT Chirurgie\",\"isPartOf\":{\"@id\":\"https:\\\/\\\/imppact-chirurgie.fr\\\/#website\"},\"datePublished\":\"2024-04-15T09:17:55+00:00\",\"dateModified\":\"2024-10-08T11:03:36+00:00\",\"breadcrumb\":{\"@id\":\"https:\\\/\\\/imppact-chirurgie.fr\\\/index.php\\\/orthopedie\\\/chirurgie-du-poignet\\\/tendinite-de-quervain\\\/#breadcrumb\"},\"inLanguage\":\"fr-FR\",\"potentialAction\":[{\"@type\":\"ReadAction\",\"target\":[\"https:\\\/\\\/imppact-chirurgie.fr\\\/index.php\\\/orthopedie\\\/chirurgie-du-poignet\\\/tendinite-de-quervain\\\/\"]}]},{\"@type\":\"BreadcrumbList\",\"@id\":\"https:\\\/\\\/imppact-chirurgie.fr\\\/index.php\\\/orthopedie\\\/chirurgie-du-poignet\\\/tendinite-de-quervain\\\/#breadcrumb\",\"itemListElement\":[{\"@type\":\"ListItem\",\"position\":1,\"name\":\"Accueil\",\"item\":\"https:\\\/\\\/imppact-chirurgie.fr\\\/\"},{\"@type\":\"ListItem\",\"position\":2,\"name\":\"Orthop\u00e9die\",\"item\":\"https:\\\/\\\/imppact-chirurgie.fr\\\/index.php\\\/orthopedie\\\/\"},{\"@type\":\"ListItem\",\"position\":3,\"name\":\"Chirurgie du poignet\",\"item\":\"https:\\\/\\\/imppact-chirurgie.fr\\\/index.php\\\/orthopedie\\\/chirurgie-du-poignet\\\/\"},{\"@type\":\"ListItem\",\"position\":4,\"name\":\"Tendinite de Quervain\"}]},{\"@type\":\"WebSite\",\"@id\":\"https:\\\/\\\/imppact-chirurgie.fr\\\/#website\",\"url\":\"https:\\\/\\\/imppact-chirurgie.fr\\\/\",\"name\":\"IMPPACT Chirurgie\",\"description\":\"IMPPACT Institut Main Pied Plastique Articulations Chirurgie Traumatologie\",\"publisher\":{\"@id\":\"https:\\\/\\\/imppact-chirurgie.fr\\\/#organization\"},\"potentialAction\":[{\"@type\":\"SearchAction\",\"target\":{\"@type\":\"EntryPoint\",\"urlTemplate\":\"https:\\\/\\\/imppact-chirurgie.fr\\\/?s={search_term_string}\"},\"query-input\":{\"@type\":\"PropertyValueSpecification\",\"valueRequired\":true,\"valueName\":\"search_term_string\"}}],\"inLanguage\":\"fr-FR\"},{\"@type\":\"Organization\",\"@id\":\"https:\\\/\\\/imppact-chirurgie.fr\\\/#organization\",\"name\":\"Imppact Chirurgie\",\"alternateName\":\"Institut Main Pied Plastique Articulations Chirurgie Traumatologie\",\"url\":\"https:\\\/\\\/imppact-chirurgie.fr\\\/\",\"logo\":{\"@type\":\"ImageObject\",\"inLanguage\":\"fr-FR\",\"@id\":\"https:\\\/\\\/imppact-chirurgie.fr\\\/#\\\/schema\\\/logo\\\/image\\\/\",\"url\":\"https:\\\/\\\/imppact-chirurgie.fr\\\/wp-content\\\/uploads\\\/2024\\\/02\\\/logo_final_imppact.png\",\"contentUrl\":\"https:\\\/\\\/imppact-chirurgie.fr\\\/wp-content\\\/uploads\\\/2024\\\/02\\\/logo_final_imppact.png\",\"width\":1000,\"height\":523,\"caption\":\"Imppact Chirurgie\"},\"image\":{\"@id\":\"https:\\\/\\\/imppact-chirurgie.fr\\\/#\\\/schema\\\/logo\\\/image\\\/\"}}]}<\/script>\n<!-- \/ Yoast SEO plugin. -->","yoast_head_json":{"title":"Tendinite de Quervain | IMPPACT Chirurgie","robots":{"index":"index","follow":"follow","max-snippet":"max-snippet:-1","max-image-preview":"max-image-preview:large","max-video-preview":"max-video-preview:-1"},"canonical":"https:\/\/imppact-chirurgie.fr\/index.php\/orthopedie\/chirurgie-du-poignet\/tendinite-de-quervain\/","og_locale":"fr_FR","og_type":"article","og_title":"Tendinite de Quervain | IMPPACT Chirurgie","og_description":"Tendinite de De Quervain &nbsp; La tendinite de De Quervain est une affection douloureuse qui touche les tendons du poignet, en particulier ceux qui se situent au niveau du pouce. Cette tendinite est caus\u00e9e par une inflammation des tendons qui passent dans un canal \u00e9troit au niveau du poignet. Diagnostic Symptomes : Douleur localis\u00e9e \u00e0 [&hellip;]","og_url":"https:\/\/imppact-chirurgie.fr\/index.php\/orthopedie\/chirurgie-du-poignet\/tendinite-de-quervain\/","og_site_name":"IMPPACT Chirurgie","article_modified_time":"2024-10-08T11:03:36+00:00","twitter_card":"summary_large_image","twitter_misc":{"Dur\u00e9e de lecture estim\u00e9e":"2 minutes"},"schema":{"@context":"https:\/\/schema.org","@graph":[{"@type":"WebPage","@id":"https:\/\/imppact-chirurgie.fr\/index.php\/orthopedie\/chirurgie-du-poignet\/tendinite-de-quervain\/","url":"https:\/\/imppact-chirurgie.fr\/index.php\/orthopedie\/chirurgie-du-poignet\/tendinite-de-quervain\/","name":"Tendinite de Quervain | IMPPACT Chirurgie","isPartOf":{"@id":"https:\/\/imppact-chirurgie.fr\/#website"},"datePublished":"2024-04-15T09:17:55+00:00","dateModified":"2024-10-08T11:03:36+00:00","breadcrumb":{"@id":"https:\/\/imppact-chirurgie.fr\/index.php\/orthopedie\/chirurgie-du-poignet\/tendinite-de-quervain\/#breadcrumb"},"inLanguage":"fr-FR","potentialAction":[{"@type":"ReadAction","target":["https:\/\/imppact-chirurgie.fr\/index.php\/orthopedie\/chirurgie-du-poignet\/tendinite-de-quervain\/"]}]},{"@type":"BreadcrumbList","@id":"https:\/\/imppact-chirurgie.fr\/index.php\/orthopedie\/chirurgie-du-poignet\/tendinite-de-quervain\/#breadcrumb","itemListElement":[{"@type":"ListItem","position":1,"name":"Accueil","item":"https:\/\/imppact-chirurgie.fr\/"},{"@type":"ListItem","position":2,"name":"Orthop\u00e9die","item":"https:\/\/imppact-chirurgie.fr\/index.php\/orthopedie\/"},{"@type":"ListItem","position":3,"name":"Chirurgie du poignet","item":"https:\/\/imppact-chirurgie.fr\/index.php\/orthopedie\/chirurgie-du-poignet\/"},{"@type":"ListItem","position":4,"name":"Tendinite de Quervain"}]},{"@type":"WebSite","@id":"https:\/\/imppact-chirurgie.fr\/#website","url":"https:\/\/imppact-chirurgie.fr\/","name":"IMPPACT Chirurgie","description":"IMPPACT Institut Main Pied Plastique Articulations Chirurgie Traumatologie","publisher":{"@id":"https:\/\/imppact-chirurgie.fr\/#organization"},"potentialAction":[{"@type":"SearchAction","target":{"@type":"EntryPoint","urlTemplate":"https:\/\/imppact-chirurgie.fr\/?s={search_term_string}"},"query-input":{"@type":"PropertyValueSpecification","valueRequired":true,"valueName":"search_term_string"}}],"inLanguage":"fr-FR"},{"@type":"Organization","@id":"https:\/\/imppact-chirurgie.fr\/#organization","name":"Imppact Chirurgie","alternateName":"Institut Main Pied Plastique Articulations Chirurgie Traumatologie","url":"https:\/\/imppact-chirurgie.fr\/","logo":{"@type":"ImageObject","inLanguage":"fr-FR","@id":"https:\/\/imppact-chirurgie.fr\/#\/schema\/logo\/image\/","url":"https:\/\/imppact-chirurgie.fr\/wp-content\/uploads\/2024\/02\/logo_final_imppact.png","contentUrl":"https:\/\/imppact-chirurgie.fr\/wp-content\/uploads\/2024\/02\/logo_final_imppact.png","width":1000,"height":523,"caption":"Imppact Chirurgie"},"image":{"@id":"https:\/\/imppact-chirurgie.fr\/#\/schema\/logo\/image\/"}}]}},"_links":{"self":[{"href":"https:\/\/imppact-chirurgie.fr\/index.php\/wp-json\/wp\/v2\/pages\/1228","targetHints":{"allow":["GET"]}}],"collection":[{"href":"https:\/\/imppact-chirurgie.fr\/index.php\/wp-json\/wp\/v2\/pages"}],"about":[{"href":"https:\/\/imppact-chirurgie.fr\/index.php\/wp-json\/wp\/v2\/types\/page"}],"author":[{"embeddable":true,"href":"https:\/\/imppact-chirurgie.fr\/index.php\/wp-json\/wp\/v2\/users\/1"}],"replies":[{"embeddable":true,"href":"https:\/\/imppact-chirurgie.fr\/index.php\/wp-json\/wp\/v2\/comments?post=1228"}],"version-history":[{"count":6,"href":"https:\/\/imppact-chirurgie.fr\/index.php\/wp-json\/wp\/v2\/pages\/1228\/revisions"}],"predecessor-version":[{"id":1880,"href":"https:\/\/imppact-chirurgie.fr\/index.php\/wp-json\/wp\/v2\/pages\/1228\/revisions\/1880"}],"up":[{"embeddable":true,"href":"https:\/\/imppact-chirurgie.fr\/index.php\/wp-json\/wp\/v2\/pages\/1170"}],"wp:attachment":[{"href":"https:\/\/imppact-chirurgie.fr\/index.php\/wp-json\/wp\/v2\/media?parent=1228"}],"curies":[{"name":"wp","href":"https:\/\/api.w.org\/{rel}","templated":true}]}}