{"id":1361,"date":"2024-08-07T15:40:42","date_gmt":"2024-08-07T13:40:42","guid":{"rendered":"https:\/\/imppact-chirurgie.fr\/?page_id=1361"},"modified":"2024-10-29T10:02:40","modified_gmt":"2024-10-29T09:02:40","slug":"rhizarthrose","status":"publish","type":"page","link":"https:\/\/imppact-chirurgie.fr\/index.php\/orthopedie\/chirurgie-de-la-main\/rhizarthrose\/","title":{"rendered":"Rhizarthrose"},"content":{"rendered":"<p>[et_pb_section fb_built=\u00a0\u00bb1&Prime; admin_label=\u00a0\u00bbsection\u00a0\u00bb _builder_version=\u00a0\u00bb4.16&Prime; global_colors_info=\u00a0\u00bb{}\u00a0\u00bb][et_pb_row admin_label=\u00a0\u00bbrow\u00a0\u00bb _builder_version=\u00a0\u00bb4.27.0&Prime; background_size=\u00a0\u00bbinitial\u00a0\u00bb background_position=\u00a0\u00bbtop_left\u00a0\u00bb background_repeat=\u00a0\u00bbrepeat\u00a0\u00bb custom_margin=\u00a0\u00bb||||false|false\u00a0\u00bb custom_padding=\u00a0\u00bb||||false|false\u00a0\u00bb global_colors_info=\u00a0\u00bb{}\u00a0\u00bb][et_pb_column type=\u00a0\u00bb4_4&Prime; _builder_version=\u00a0\u00bb4.16&Prime; custom_padding=\u00a0\u00bb|||\u00a0\u00bb global_colors_info=\u00a0\u00bb{}\u00a0\u00bb custom_padding__hover=\u00a0\u00bb|||\u00a0\u00bb][et_pb_text admin_label=\u00a0\u00bbText\u00a0\u00bb _builder_version=\u00a0\u00bb4.24.3&Prime; background_size=\u00a0\u00bbinitial\u00a0\u00bb background_position=\u00a0\u00bbtop_left\u00a0\u00bb background_repeat=\u00a0\u00bbrepeat\u00a0\u00bb width=\u00a0\u00bb99.8%\u00a0\u00bb custom_margin=\u00a0\u00bb||||false|false\u00a0\u00bb custom_padding=\u00a0\u00bb|||0px||\u00a0\u00bb global_colors_info=\u00a0\u00bb{}\u00a0\u00bb]<\/p>\n<h2>La rhizarthrose<\/h2>\n<p class=\"p1\">La rhizarthrose, ou arthrose de la base du pouce, est une condition d\u00e9g\u00e9n\u00e9rative fr\u00e9quente qui affecte l&rsquo;articulation trap\u00e9zo-m\u00e9tacarpienne (articulation TMC) du pouce. Elle peut causer des douleurs significatives, une diminution de la fonction et des d\u00e9formations visibles.<\/p>\n<p class=\"p2\"><b>Diagnostic de la rhizarthrose<\/b><\/p>\n<p class=\"p1\">Le diagnostic de la rhizarthrose repose sur plusieurs \u00e9l\u00e9ments :<\/p>\n<ul class=\"ul1\">\n<li class=\"li1\"><b>Anamn\u00e8se<\/b> : Les patients d\u00e9crivent souvent une douleur \u00e0 la base du pouce, aggrav\u00e9e par l&rsquo;utilisation et les mouvements de pr\u00e9hension. Ils peuvent \u00e9galement mentionner une diminution de la force et une difficult\u00e9 \u00e0 effectuer des t\u00e2ches quotidiennes.<\/li>\n<li class=\"li1\"><b>Examen physique<\/b> :<\/li>\n<ul class=\"ul1\">\n<li class=\"li1\"><b>Inspection<\/b> : On recherche des signes de d\u00e9formation, de gonflement ou de subluxation de l&rsquo;articulation.<\/li>\n<li class=\"li1\"><b>Palpation<\/b> : La palpation de l&rsquo;articulation trap\u00e9zo-m\u00e9tacarpienne provoque souvent une douleur.<\/li>\n<li class=\"li1\"><b>Man\u0153uvre de Grind Test<\/b> : Un test clinique sp\u00e9cifique o\u00f9 le m\u00e9decin effectue une compression axiale du pouce combin\u00e9e \u00e0 une rotation, provoquant une douleur et un cr\u00e9pitement.<\/li>\n<\/ul>\n<li class=\"li1\"><b>Imagerie<\/b> :<\/li>\n<ul class=\"ul1\">\n<li class=\"li1\"><b>Radiographie<\/b> : C&rsquo;est l&rsquo;examen de choix pour confirmer le diagnostic. Les radiographies peuvent montrer des signes de diminution de l&rsquo;espace articulaire, des ost\u00e9ophytes (excroissances osseuses), des scl\u00e9rose osseuses, et des subluxations.<\/li>\n<li class=\"li1\"><b>IRM ou \u00e9chographie<\/b> : Rarement n\u00e9cessaires, ces examens peuvent \u00eatre utilis\u00e9s pour \u00e9valuer les tissus mous ou en cas de doute diagnostic.<\/li>\n<\/ul>\n<\/ul>\n<p class=\"p2\"><b>Traitement de la rhizarthrose<\/b><\/p>\n<p class=\"p1\">Le traitement de la rhizarthrose peut \u00eatre conservateur ou chirurgical, selon la s\u00e9v\u00e9rit\u00e9 des sympt\u00f4mes et la r\u00e9ponse au traitement initial.<\/p>\n<p class=\"p1\"><b>Traitement conservateur<\/b><\/p>\n<ul class=\"ul1\">\n<li class=\"li1\"><b>Orth\u00e8ses<\/b> :<\/li>\n<ul class=\"ul1\">\n<li class=\"li1\">Les orth\u00e8ses de pouce peuvent stabiliser l&rsquo;articulation et diminuer la douleur en limitant les mouvements aggravants.<\/li>\n<\/ul>\n<li class=\"li1\"><b>M\u00e9dicaments<\/b> :<\/li>\n<ul class=\"ul1\">\n<li class=\"li1\"><b>Antalgiques et anti-inflammatoires<\/b> : Utilisation d&rsquo;AINS (anti-inflammatoires non st\u00e9ro\u00efdiens) ou d&rsquo;analg\u00e9siques pour g\u00e9rer la douleur.<\/li>\n<li class=\"li1\"><b>Infiltrations de corticost\u00e9ro\u00efdes<\/b> : Injection de st\u00e9ro\u00efdes dans l&rsquo;articulation pour r\u00e9duire l&rsquo;inflammation et la douleur.<\/li>\n<\/ul>\n<li class=\"li1\"><b>Physioth\u00e9rapie<\/b> :<\/li>\n<ul class=\"ul1\">\n<li class=\"li1\">Exercices de renforcement musculaire et de mobilit\u00e9 articulaire pour am\u00e9liorer la fonction et diminuer la douleur.<\/li>\n<li class=\"li1\">Techniques de th\u00e9rapie manuelle et d&rsquo;adaptation ergonomique pour minimiser les contraintes sur l&rsquo;articulation.<\/li>\n<\/ul>\n<li class=\"li1\"><b>Modifications des activit\u00e9s<\/b> :<\/li>\n<ul class=\"ul1\">\n<li class=\"li1\">Adaptations des t\u00e2ches quotidiennes pour \u00e9viter les mouvements qui aggravent les sympt\u00f4mes.<\/li>\n<\/ul>\n<\/ul>\n<p class=\"p1\"><b>Traitement chirurgical<\/b><\/p>\n<p class=\"p1\">Lorsque le traitement conservateur \u00e9choue \u00e0 soulager les sympt\u00f4mes, plusieurs options chirurgicales peuvent \u00eatre envisag\u00e9es :<\/p>\n<ul class=\"ul1\">\n<li class=\"li1\"><b>Trapezectomie<\/b> :<\/li>\n<ul class=\"ul1\">\n<li class=\"li1\">Ablation du trap\u00e8ze, parfois combin\u00e9e avec une interposition tendineuse (utilisation d\u2019un tendon pour remplacer l\u2019articulation) ou une suspension arthroplastique.<\/li>\n<\/ul>\n<li class=\"li1\"><b>Arthrod\u00e8se<\/b> :<\/li>\n<ul class=\"ul1\">\n<li class=\"li1\">Fusion de l&rsquo;articulation, une option qui \u00e9limine la douleur mais limite la mobilit\u00e9.<\/li>\n<\/ul>\n<li class=\"li1\"><b>Proth\u00e8se articulaire<\/b> :<\/li>\n<ul class=\"ul1\">\n<li class=\"li1\">Remplacement de l&rsquo;articulation par une proth\u00e8se<\/li>\n<\/ul>\n<li class=\"li1\"><b>Ost\u00e9otomies<\/b> :<\/li>\n<ul class=\"ul1\">\n<li class=\"li1\">R\u00e9alignement osseux pour redistribuer les charges sur l\u2019articulation et r\u00e9duire la douleur.<\/li>\n<\/ul>\n<\/ul>\n<p class=\"p1\">Chaque cas de rhizarthrose est unique et le traitement doit \u00eatre individualis\u00e9 en fonction des besoins et des attentes du patient.<\/p>\n<p>[\/et_pb_text][\/et_pb_column][\/et_pb_row][et_pb_row admin_label=\u00a0\u00bbrow\u00a0\u00bb _builder_version=\u00a0\u00bb4.27.0&Prime; background_size=\u00a0\u00bbinitial\u00a0\u00bb background_position=\u00a0\u00bbtop_left\u00a0\u00bb background_repeat=\u00a0\u00bbrepeat\u00a0\u00bb custom_margin=\u00a0\u00bb||||false|false\u00a0\u00bb custom_padding=\u00a0\u00bb||||false|false\u00a0\u00bb global_colors_info=\u00a0\u00bb{}\u00a0\u00bb][et_pb_column type=\u00a0\u00bb4_4&Prime; _builder_version=\u00a0\u00bb4.16&Prime; custom_padding=\u00a0\u00bb|||\u00a0\u00bb global_colors_info=\u00a0\u00bb{}\u00a0\u00bb custom_padding__hover=\u00a0\u00bb|||\u00a0\u00bb][et_pb_text admin_label=\u00a0\u00bbText\u00a0\u00bb _builder_version=\u00a0\u00bb4.24.3&Prime; background_size=\u00a0\u00bbinitial\u00a0\u00bb background_position=\u00a0\u00bbtop_left\u00a0\u00bb background_repeat=\u00a0\u00bbrepeat\u00a0\u00bb width=\u00a0\u00bb99.8%\u00a0\u00bb custom_margin=\u00a0\u00bb||||false|false\u00a0\u00bb custom_padding=\u00a0\u00bb|||0px||\u00a0\u00bb global_colors_info=\u00a0\u00bb{}\u00a0\u00bb]<\/p>\n<p class=\"p2\"><b>Causes<\/b><\/p>\n<ul class=\"ul1\">\n<li class=\"li1\"><b>D\u00e9g\u00e9n\u00e9rescence articulaire<\/b> : Ils sont souvent associ\u00e9s \u00e0 l&rsquo;arthrose et \u00e0 la d\u00e9g\u00e9n\u00e9rescence des articulations.<\/li>\n<\/ul>\n<p class=\"p2\"><b>Diagnostic<\/b><\/p>\n<ul class=\"ul1\">\n<li class=\"li1\"><b>Examen physique<\/b> :<span class=\"Apple-converted-space\">\u00a0 <\/span>examen visuel et tactile du Kyste<\/li>\n<li class=\"li1\"><b>Imagerie<\/b> : Des radiographies ou des \u00e9chographies peuvent \u00eatre utilis\u00e9es pour \u00e9valuer l&rsquo;\u00e9tendue et la nature du Kyste.<\/li>\n<\/ul>\n<p class=\"p2\"><b>Traitement<\/b><\/p>\n<ul class=\"ul1\">\n<li class=\"li1\"><b>Surveillance <\/b>: Si le kyste est asymptomatique, il peut ne n\u00e9cessiter aucun traitement.<\/li>\n<li class=\"li1\"><b>Ponction<\/b> + <b>infiltration :<\/b> Le kyste peut \u00eatre drain\u00e9 \u00e0 l&rsquo;aide d&rsquo;une aiguille, mais cela peut parfois entra\u00eener des r\u00e9cidives.<\/li>\n<li class=\"li1\"><b>Chirurgie<\/b> : Si le kyste est douloureux ou r\u00e9current, une intervention chirurgicale peut \u00eatre envisag\u00e9e pour le retirer.<\/li>\n<\/ul>\n<p class=\"p2\"><b>Indications pour la chirurgie<\/b><\/p>\n<ul class=\"ul1\">\n<li class=\"li1\"><b>Douleur<\/b> : Le kyste peut causer une douleur qui affecte les activit\u00e9s quotidiennes.<\/li>\n<li class=\"li1\"><b>Infection<\/b> : Si le kyste est infect\u00e9 ou s&rsquo;il y a un risque d&rsquo;infection r\u00e9p\u00e9t\u00e9e.<\/li>\n<li class=\"li1\"><b>Probl\u00e8mes esth\u00e9tiques<\/b> : Bien que g\u00e9n\u00e9ralement b\u00e9nin, certains patients optent pour la chirurgie pour des raisons esth\u00e9tiques.<\/li>\n<\/ul>\n<p class=\"p2\"><b>Proc\u00e9dure chirurgicale<\/b><\/p>\n<ul class=\"ul1\">\n<li class=\"li1\"><b>Anesth\u00e9sie<\/b> : Locale, ou loco-r\u00e9gionale.<\/li>\n<li class=\"li1\"><b>Incision<\/b> : Une petite incision est faite au-dessus du kyste.<\/li>\n<li class=\"li1\"><b>Excision du kyste<\/b> : Le kyste et une petite partie de la capsule articulaire sous-jacent peuvent \u00eatre enlev\u00e9s pour minimiser les risques de r\u00e9cidive.<\/li>\n<li class=\"li1\"><b>Fermeture<\/b> : Sutures pour fermer l&rsquo;incision \u00e9ventuellement aid\u00e9 d\u2019un lambeau local.<\/li>\n<\/ul>\n<p class=\"p2\"><b>Post-op\u00e9ratoire<\/b><\/p>\n<ul class=\"ul1\">\n<li class=\"li1\"><b>Pansement<\/b> : par une infirmi\u00e8re dipl\u00f4m\u00e9e d\u2019\u00e9tat<\/li>\n<li class=\"li1\"><b>Gestion de la douleur<\/b> : M\u00e9dicaments analg\u00e9siques si n\u00e9cessaire.<\/li>\n<li class=\"li1\"><b>R\u00e9habilitation<\/b> : Exercices de physioth\u00e9rapie pour maintenir la mobilit\u00e9 articulaire.<\/li>\n<\/ul>\n<p class=\"p2\"><b>Risques et Complications<\/b><\/p>\n<ul class=\"ul1\">\n<li class=\"li1\"><b>R\u00e9cidive<\/b> : Les kystes peuvent r\u00e9appara\u00eetre m\u00eame apr\u00e8s une excision chirurgicale.<\/li>\n<li class=\"li1\"><b>Infection<\/b> : Risque d&rsquo;infection au site chirurgical.<\/li>\n<li class=\"li1\"><b>Rigidit\u00e9<\/b> : Possible raideur de l&rsquo;articulation post-chirurgicale.<\/li>\n<li class=\"li1\"><b>L\u00e9sions nerveuses ou tendineuses<\/b> : Risque de dommages aux structures environnantes.<\/li>\n<\/ul>\n<p class=\"p2\"><b>Alternatives \u00e0 la chirurgie<\/b><\/p>\n<ul class=\"ul1\">\n<li class=\"li1\"><b>Observation<\/b> : Si le kyste est asymptomatique.<\/li>\n<li class=\"li1\"><b>Ponction + injection de cortico st\u00e9ro\u00efdes<\/b> : Drainage du liquide du kyste, bien que souvent associ\u00e9 \u00e0 des r\u00e9cidives.<\/li>\n<\/ul>\n<p class=\"p1\">La d\u00e9cision de proc\u00e9der \u00e0 une chirurgie doit \u00eatre discut\u00e9e en d\u00e9tail avec votre chirurgien , tenant compte des sympt\u00f4mes, des attentes du patient et des \u00e9ventuels risques.<\/p>\n<p class=\"p3\">[\/et_pb_text][\/et_pb_column][\/et_pb_row][et_pb_row _builder_version=\u00a0\u00bb4.27.0&Prime; _module_preset=\u00a0\u00bbdefault\u00a0\u00bb global_colors_info=\u00a0\u00bb{}\u00a0\u00bb][et_pb_column type=\u00a0\u00bb4_4&Prime; _builder_version=\u00a0\u00bb4.27.0&Prime; _module_preset=\u00a0\u00bbdefault\u00a0\u00bb global_colors_info=\u00a0\u00bb{}\u00a0\u00bb][et_pb_gallery gallery_ids=\u00a0\u00bb1940,1939,1941&Prime; _builder_version=\u00a0\u00bb4.27.2&Prime; _module_preset=\u00a0\u00bbdefault\u00a0\u00bb title_level=\u00a0\u00bbh6&Prime; title_font=\u00a0\u00bb|||on|||||\u00a0\u00bb custom_margin=\u00a0\u00bb||||false|false\u00a0\u00bb global_colors_info=\u00a0\u00bb{}\u00a0\u00bb][\/et_pb_gallery][\/et_pb_column][\/et_pb_row][\/et_pb_section]<\/p>\n","protected":false},"excerpt":{"rendered":"<p>La rhizarthrose La rhizarthrose, ou arthrose de la base du pouce, est une condition d\u00e9g\u00e9n\u00e9rative fr\u00e9quente qui affecte l&rsquo;articulation trap\u00e9zo-m\u00e9tacarpienne (articulation TMC) du pouce. Elle peut causer des douleurs significatives, une diminution de la fonction et des d\u00e9formations visibles. Diagnostic de la rhizarthrose Le diagnostic de la rhizarthrose repose sur plusieurs \u00e9l\u00e9ments : Anamn\u00e8se : [&hellip;]<\/p>\n","protected":false},"author":1,"featured_media":0,"parent":1014,"menu_order":0,"comment_status":"closed","ping_status":"closed","template":"","meta":{"_et_pb_use_builder":"on","_et_pb_old_content":"","_et_gb_content_width":"","_monsterinsights_skip_tracking":false,"_monsterinsights_sitenote_active":false,"_monsterinsights_sitenote_note":"","_monsterinsights_sitenote_category":0,"footnotes":""},"class_list":["post-1361","page","type-page","status-publish","hentry"],"yoast_head":"<!-- This site is optimized with the Yoast SEO plugin v27.4 - https:\/\/yoast.com\/product\/yoast-seo-wordpress\/ -->\n<title>Rhizarthrose | IMPPACT Chirurgie<\/title>\n<meta name=\"robots\" content=\"index, follow, max-snippet:-1, max-image-preview:large, max-video-preview:-1\" \/>\n<link rel=\"canonical\" href=\"https:\/\/imppact-chirurgie.fr\/index.php\/orthopedie\/chirurgie-de-la-main\/rhizarthrose\/\" \/>\n<meta property=\"og:locale\" content=\"fr_FR\" \/>\n<meta property=\"og:type\" content=\"article\" \/>\n<meta property=\"og:title\" content=\"Rhizarthrose | IMPPACT Chirurgie\" \/>\n<meta property=\"og:description\" content=\"La rhizarthrose La rhizarthrose, ou arthrose de la base du pouce, est une condition d\u00e9g\u00e9n\u00e9rative fr\u00e9quente qui affecte l&#039;articulation trap\u00e9zo-m\u00e9tacarpienne (articulation TMC) du pouce. Elle peut causer des douleurs significatives, une diminution de la fonction et des d\u00e9formations visibles. Diagnostic de la rhizarthrose Le diagnostic de la rhizarthrose repose sur plusieurs \u00e9l\u00e9ments : Anamn\u00e8se : [&hellip;]\" \/>\n<meta property=\"og:url\" content=\"https:\/\/imppact-chirurgie.fr\/index.php\/orthopedie\/chirurgie-de-la-main\/rhizarthrose\/\" \/>\n<meta property=\"og:site_name\" content=\"IMPPACT Chirurgie\" \/>\n<meta property=\"article:modified_time\" content=\"2024-10-29T09:02:40+00:00\" \/>\n<meta name=\"twitter:card\" content=\"summary_large_image\" \/>\n<meta name=\"twitter:label1\" content=\"Dur\u00e9e de lecture estim\u00e9e\" \/>\n\t<meta name=\"twitter:data1\" content=\"3 minutes\" \/>\n<script type=\"application\/ld+json\" class=\"yoast-schema-graph\">{\"@context\":\"https:\\\/\\\/schema.org\",\"@graph\":[{\"@type\":\"WebPage\",\"@id\":\"https:\\\/\\\/imppact-chirurgie.fr\\\/index.php\\\/orthopedie\\\/chirurgie-de-la-main\\\/rhizarthrose\\\/\",\"url\":\"https:\\\/\\\/imppact-chirurgie.fr\\\/index.php\\\/orthopedie\\\/chirurgie-de-la-main\\\/rhizarthrose\\\/\",\"name\":\"Rhizarthrose | IMPPACT Chirurgie\",\"isPartOf\":{\"@id\":\"https:\\\/\\\/imppact-chirurgie.fr\\\/#website\"},\"datePublished\":\"2024-08-07T13:40:42+00:00\",\"dateModified\":\"2024-10-29T09:02:40+00:00\",\"breadcrumb\":{\"@id\":\"https:\\\/\\\/imppact-chirurgie.fr\\\/index.php\\\/orthopedie\\\/chirurgie-de-la-main\\\/rhizarthrose\\\/#breadcrumb\"},\"inLanguage\":\"fr-FR\",\"potentialAction\":[{\"@type\":\"ReadAction\",\"target\":[\"https:\\\/\\\/imppact-chirurgie.fr\\\/index.php\\\/orthopedie\\\/chirurgie-de-la-main\\\/rhizarthrose\\\/\"]}]},{\"@type\":\"BreadcrumbList\",\"@id\":\"https:\\\/\\\/imppact-chirurgie.fr\\\/index.php\\\/orthopedie\\\/chirurgie-de-la-main\\\/rhizarthrose\\\/#breadcrumb\",\"itemListElement\":[{\"@type\":\"ListItem\",\"position\":1,\"name\":\"Accueil\",\"item\":\"https:\\\/\\\/imppact-chirurgie.fr\\\/\"},{\"@type\":\"ListItem\",\"position\":2,\"name\":\"Orthop\u00e9die\",\"item\":\"https:\\\/\\\/imppact-chirurgie.fr\\\/index.php\\\/orthopedie\\\/\"},{\"@type\":\"ListItem\",\"position\":3,\"name\":\"Chirurgie de la main\",\"item\":\"https:\\\/\\\/imppact-chirurgie.fr\\\/index.php\\\/orthopedie\\\/chirurgie-de-la-main\\\/\"},{\"@type\":\"ListItem\",\"position\":4,\"name\":\"Rhizarthrose\"}]},{\"@type\":\"WebSite\",\"@id\":\"https:\\\/\\\/imppact-chirurgie.fr\\\/#website\",\"url\":\"https:\\\/\\\/imppact-chirurgie.fr\\\/\",\"name\":\"IMPPACT Chirurgie\",\"description\":\"IMPPACT Institut Main Pied Plastique Articulations Chirurgie Traumatologie\",\"publisher\":{\"@id\":\"https:\\\/\\\/imppact-chirurgie.fr\\\/#organization\"},\"potentialAction\":[{\"@type\":\"SearchAction\",\"target\":{\"@type\":\"EntryPoint\",\"urlTemplate\":\"https:\\\/\\\/imppact-chirurgie.fr\\\/?s={search_term_string}\"},\"query-input\":{\"@type\":\"PropertyValueSpecification\",\"valueRequired\":true,\"valueName\":\"search_term_string\"}}],\"inLanguage\":\"fr-FR\"},{\"@type\":\"Organization\",\"@id\":\"https:\\\/\\\/imppact-chirurgie.fr\\\/#organization\",\"name\":\"Imppact Chirurgie\",\"alternateName\":\"Institut Main Pied Plastique Articulations Chirurgie Traumatologie\",\"url\":\"https:\\\/\\\/imppact-chirurgie.fr\\\/\",\"logo\":{\"@type\":\"ImageObject\",\"inLanguage\":\"fr-FR\",\"@id\":\"https:\\\/\\\/imppact-chirurgie.fr\\\/#\\\/schema\\\/logo\\\/image\\\/\",\"url\":\"https:\\\/\\\/imppact-chirurgie.fr\\\/wp-content\\\/uploads\\\/2024\\\/02\\\/logo_final_imppact.png\",\"contentUrl\":\"https:\\\/\\\/imppact-chirurgie.fr\\\/wp-content\\\/uploads\\\/2024\\\/02\\\/logo_final_imppact.png\",\"width\":1000,\"height\":523,\"caption\":\"Imppact Chirurgie\"},\"image\":{\"@id\":\"https:\\\/\\\/imppact-chirurgie.fr\\\/#\\\/schema\\\/logo\\\/image\\\/\"}}]}<\/script>\n<!-- \/ Yoast SEO plugin. -->","yoast_head_json":{"title":"Rhizarthrose | IMPPACT Chirurgie","robots":{"index":"index","follow":"follow","max-snippet":"max-snippet:-1","max-image-preview":"max-image-preview:large","max-video-preview":"max-video-preview:-1"},"canonical":"https:\/\/imppact-chirurgie.fr\/index.php\/orthopedie\/chirurgie-de-la-main\/rhizarthrose\/","og_locale":"fr_FR","og_type":"article","og_title":"Rhizarthrose | IMPPACT Chirurgie","og_description":"La rhizarthrose La rhizarthrose, ou arthrose de la base du pouce, est une condition d\u00e9g\u00e9n\u00e9rative fr\u00e9quente qui affecte l'articulation trap\u00e9zo-m\u00e9tacarpienne (articulation TMC) du pouce. Elle peut causer des douleurs significatives, une diminution de la fonction et des d\u00e9formations visibles. Diagnostic de la rhizarthrose Le diagnostic de la rhizarthrose repose sur plusieurs \u00e9l\u00e9ments : Anamn\u00e8se : [&hellip;]","og_url":"https:\/\/imppact-chirurgie.fr\/index.php\/orthopedie\/chirurgie-de-la-main\/rhizarthrose\/","og_site_name":"IMPPACT Chirurgie","article_modified_time":"2024-10-29T09:02:40+00:00","twitter_card":"summary_large_image","twitter_misc":{"Dur\u00e9e de lecture estim\u00e9e":"3 minutes"},"schema":{"@context":"https:\/\/schema.org","@graph":[{"@type":"WebPage","@id":"https:\/\/imppact-chirurgie.fr\/index.php\/orthopedie\/chirurgie-de-la-main\/rhizarthrose\/","url":"https:\/\/imppact-chirurgie.fr\/index.php\/orthopedie\/chirurgie-de-la-main\/rhizarthrose\/","name":"Rhizarthrose | IMPPACT Chirurgie","isPartOf":{"@id":"https:\/\/imppact-chirurgie.fr\/#website"},"datePublished":"2024-08-07T13:40:42+00:00","dateModified":"2024-10-29T09:02:40+00:00","breadcrumb":{"@id":"https:\/\/imppact-chirurgie.fr\/index.php\/orthopedie\/chirurgie-de-la-main\/rhizarthrose\/#breadcrumb"},"inLanguage":"fr-FR","potentialAction":[{"@type":"ReadAction","target":["https:\/\/imppact-chirurgie.fr\/index.php\/orthopedie\/chirurgie-de-la-main\/rhizarthrose\/"]}]},{"@type":"BreadcrumbList","@id":"https:\/\/imppact-chirurgie.fr\/index.php\/orthopedie\/chirurgie-de-la-main\/rhizarthrose\/#breadcrumb","itemListElement":[{"@type":"ListItem","position":1,"name":"Accueil","item":"https:\/\/imppact-chirurgie.fr\/"},{"@type":"ListItem","position":2,"name":"Orthop\u00e9die","item":"https:\/\/imppact-chirurgie.fr\/index.php\/orthopedie\/"},{"@type":"ListItem","position":3,"name":"Chirurgie de la main","item":"https:\/\/imppact-chirurgie.fr\/index.php\/orthopedie\/chirurgie-de-la-main\/"},{"@type":"ListItem","position":4,"name":"Rhizarthrose"}]},{"@type":"WebSite","@id":"https:\/\/imppact-chirurgie.fr\/#website","url":"https:\/\/imppact-chirurgie.fr\/","name":"IMPPACT Chirurgie","description":"IMPPACT Institut Main Pied Plastique Articulations Chirurgie Traumatologie","publisher":{"@id":"https:\/\/imppact-chirurgie.fr\/#organization"},"potentialAction":[{"@type":"SearchAction","target":{"@type":"EntryPoint","urlTemplate":"https:\/\/imppact-chirurgie.fr\/?s={search_term_string}"},"query-input":{"@type":"PropertyValueSpecification","valueRequired":true,"valueName":"search_term_string"}}],"inLanguage":"fr-FR"},{"@type":"Organization","@id":"https:\/\/imppact-chirurgie.fr\/#organization","name":"Imppact Chirurgie","alternateName":"Institut Main Pied Plastique Articulations Chirurgie Traumatologie","url":"https:\/\/imppact-chirurgie.fr\/","logo":{"@type":"ImageObject","inLanguage":"fr-FR","@id":"https:\/\/imppact-chirurgie.fr\/#\/schema\/logo\/image\/","url":"https:\/\/imppact-chirurgie.fr\/wp-content\/uploads\/2024\/02\/logo_final_imppact.png","contentUrl":"https:\/\/imppact-chirurgie.fr\/wp-content\/uploads\/2024\/02\/logo_final_imppact.png","width":1000,"height":523,"caption":"Imppact Chirurgie"},"image":{"@id":"https:\/\/imppact-chirurgie.fr\/#\/schema\/logo\/image\/"}}]}},"_links":{"self":[{"href":"https:\/\/imppact-chirurgie.fr\/index.php\/wp-json\/wp\/v2\/pages\/1361","targetHints":{"allow":["GET"]}}],"collection":[{"href":"https:\/\/imppact-chirurgie.fr\/index.php\/wp-json\/wp\/v2\/pages"}],"about":[{"href":"https:\/\/imppact-chirurgie.fr\/index.php\/wp-json\/wp\/v2\/types\/page"}],"author":[{"embeddable":true,"href":"https:\/\/imppact-chirurgie.fr\/index.php\/wp-json\/wp\/v2\/users\/1"}],"replies":[{"embeddable":true,"href":"https:\/\/imppact-chirurgie.fr\/index.php\/wp-json\/wp\/v2\/comments?post=1361"}],"version-history":[{"count":7,"href":"https:\/\/imppact-chirurgie.fr\/index.php\/wp-json\/wp\/v2\/pages\/1361\/revisions"}],"predecessor-version":[{"id":1943,"href":"https:\/\/imppact-chirurgie.fr\/index.php\/wp-json\/wp\/v2\/pages\/1361\/revisions\/1943"}],"up":[{"embeddable":true,"href":"https:\/\/imppact-chirurgie.fr\/index.php\/wp-json\/wp\/v2\/pages\/1014"}],"wp:attachment":[{"href":"https:\/\/imppact-chirurgie.fr\/index.php\/wp-json\/wp\/v2\/media?parent=1361"}],"curies":[{"name":"wp","href":"https:\/\/api.w.org\/{rel}","templated":true}]}}