{"id":1388,"date":"2024-09-12T09:52:01","date_gmt":"2024-09-12T07:52:01","guid":{"rendered":"https:\/\/imppact-chirurgie.fr\/?page_id=1388"},"modified":"2024-10-29T10:04:22","modified_gmt":"2024-10-29T09:04:22","slug":"plaie-tendons-extenseurs","status":"publish","type":"page","link":"https:\/\/imppact-chirurgie.fr\/index.php\/sos-mains\/plaie-tendons-extenseurs\/","title":{"rendered":"Plaie tendons extenseurs"},"content":{"rendered":"<p>[et_pb_section fb_built=\u00a0\u00bb1&Prime; admin_label=\u00a0\u00bbsection\u00a0\u00bb _builder_version=\u00a0\u00bb4.16&Prime; global_colors_info=\u00a0\u00bb{}\u00a0\u00bb][et_pb_row admin_label=\u00a0\u00bbrow\u00a0\u00bb _builder_version=\u00a0\u00bb4.27.2&Prime; background_size=\u00a0\u00bbinitial\u00a0\u00bb background_position=\u00a0\u00bbtop_left\u00a0\u00bb background_repeat=\u00a0\u00bbrepeat\u00a0\u00bb custom_margin=\u00a0\u00bb||||false|false\u00a0\u00bb custom_padding=\u00a0\u00bb||||false|false\u00a0\u00bb hover_enabled=\u00a0\u00bb0&Prime; global_colors_info=\u00a0\u00bb{}\u00a0\u00bb sticky_enabled=\u00a0\u00bb0&Prime;][et_pb_column type=\u00a0\u00bb4_4&Prime; _builder_version=\u00a0\u00bb4.16&Prime; custom_padding=\u00a0\u00bb|||\u00a0\u00bb global_colors_info=\u00a0\u00bb{}\u00a0\u00bb custom_padding__hover=\u00a0\u00bb|||\u00a0\u00bb][et_pb_text admin_label=\u00a0\u00bbText\u00a0\u00bb _builder_version=\u00a0\u00bb4.24.3&Prime; background_size=\u00a0\u00bbinitial\u00a0\u00bb background_position=\u00a0\u00bbtop_left\u00a0\u00bb background_repeat=\u00a0\u00bbrepeat\u00a0\u00bb width=\u00a0\u00bb99.8%\u00a0\u00bb custom_margin=\u00a0\u00bb||||false|false\u00a0\u00bb custom_padding=\u00a0\u00bb|||0px||\u00a0\u00bb global_colors_info=\u00a0\u00bb{}\u00a0\u00bb]<\/p>\n<h2>La plaie des tendons extenseurs<\/h2>\n<p class=\"p1\">La chirurgie des tendons extenseurs de la main est une proc\u00e9dure effectu\u00e9e pour r\u00e9parer des dommages aux tendons qui permettent de redresser (\u00e9tendre) les doigts et le poignet.<\/p>\n<p class=\"p2\"><b>Indications pour la chirurgie des tendons extenseurs<\/b><\/p>\n<ul class=\"ul1\">\n<li class=\"li1\"><b>Rupture des tendons<\/b> : Cela peut \u00eatre d\u00fb \u00e0 des blessures traumatiques, comme des coupures profondes, ou \u00e0 des maladies d\u00e9g\u00e9n\u00e9ratives.<\/li>\n<li class=\"li1\"><b>Infections<\/b> : Les infections graves qui affectent les tendons peuvent n\u00e9cessiter une intervention chirurgicale.<\/li>\n<li class=\"li1\"><b>D\u00e9formations<\/b> : Certaines pathologies comme la polyarthrite rhumato\u00efde peuvent entra\u00eener des d\u00e9formations n\u00e9cessitant une correction chirurgicale.<\/li>\n<\/ul>\n<p class=\"p2\"><b>Pr\u00e9paration \u00e0 la chirurgie<\/b><\/p>\n<ul class=\"ul1\">\n<li class=\"li1\"><b>Consultation pr\u00e9op\u00e9ratoire dans un centre SOS mains<\/b> : \u00c9valuation du patient et discussion des possibilit\u00e9s th\u00e9rapeutiques.<\/li>\n<li class=\"li1\"><b>Imagerie<\/b> : Radiographies, \u00e9chographies ou IRM pour \u00e9valuer l\u2019\u00e9tendue des dommages.<\/li>\n<\/ul>\n<p class=\"p2\"><b>Types de proc\u00e9dures chirurgicales<\/b><\/p>\n<ul class=\"ul1\">\n<li class=\"li1\"><b>R\u00e9paration directe des tendons<\/b> :<\/li>\n<ul class=\"ul1\">\n<li class=\"li1\"><b>Suture primaire<\/b> : Utilis\u00e9e pour les ruptures r\u00e9centes o\u00f9 les bords du tendon peuvent \u00eatre rapproch\u00e9s et sutur\u00e9s directement.<\/li>\n<li class=\"li1\"><b>Greffe de tendon<\/b> : Utilis\u00e9e lorsque le tendon est gravement endommag\u00e9 ou r\u00e9tract\u00e9. Un tendon de substitution (g\u00e9n\u00e9ralement pr\u00e9lev\u00e9 sur une autre partie du corps) est utilis\u00e9.<\/li>\n<\/ul>\n<li class=\"li1\"><b>Transfert tendineux<\/b> : Parfois utilis\u00e9 lorsque le tendon d&rsquo;origine ne peut pas \u00eatre r\u00e9par\u00e9 et qu&rsquo;un tendon fonctionnel d&rsquo;une autre partie de la main est redirig\u00e9 pour remplacer la fonction perdue.<\/li>\n<li class=\"li1\"><b>T\u00e9nolyse<\/b>: Lib\u00e9ration chirurgicale du tendon lorsque celui-ci est adh\u00e9rent ou pi\u00e9g\u00e9 dans des tissus cicatriciels.<\/li>\n<\/ul>\n<p class=\"p2\"><b>Technique chirurgicale<\/b><\/p>\n<ul class=\"ul1\">\n<li class=\"li1\"><b>Anesth\u00e9sie<\/b> : La chirurgie peut \u00eatre r\u00e9alis\u00e9e sous anesth\u00e9sie locale, r\u00e9gionale (bloc du bras) ou g\u00e9n\u00e9rale.<\/li>\n<li class=\"li1\"><b>Incision<\/b> : Une incision est faite sur le site de la l\u00e9sion.<\/li>\n<li class=\"li1\"><b>R\u00e9paration du tendon<\/b> : Le tendon est identifi\u00e9 et r\u00e9par\u00e9 en utilisant des sutures sp\u00e9cifiques.<\/li>\n<li class=\"li1\"><b>Fermeture<\/b> : La peau est sutur\u00e9e et une attelle peut \u00eatre plac\u00e9 pour immobiliser la zone et favoriser la gu\u00e9rison.<\/li>\n<\/ul>\n<p class=\"p2\"><b>Post-op\u00e9ratoire<\/b><\/p>\n<ul class=\"ul1\">\n<li class=\"li1\"><b>Immobilisation<\/b> : La main est souvent immobilis\u00e9e pendant plusieurs semaines pour permettre au tendon de gu\u00e9rir correctement.<\/li>\n<li class=\"li1\"><b>R\u00e9\u00e9ducation<\/b> : Une kin\u00e9sith\u00e9rapie est essentielle pour restaurer la mobilit\u00e9 et la force. Cela peut inclure des exercices de mouvement passif puis actif, et des exercices de renforcement progressif.<\/li>\n<li class=\"li1\"><b>Suivi m\u00e9dical<\/b> : Des consultations r\u00e9guli\u00e8res dans un centre SOS mains sont n\u00e9cessaire pour surveiller la gu\u00e9rison et ajuster le plan de r\u00e9\u00e9ducation.<\/li>\n<\/ul>\n<p class=\"p2\"><b>Complications possibles<\/b><\/p>\n<ul class=\"ul1\">\n<li class=\"li1\"><b>Infections<\/b> : Risque inh\u00e9rent \u00e0 toute chirurgie.<\/li>\n<li class=\"li1\"><b>Rupture r\u00e9cidivante<\/b> : Le tendon r\u00e9par\u00e9 peut se rompre \u00e0 nouveau.<\/li>\n<li class=\"li1\"><b>Adh\u00e9rences<\/b> : Formation de tissus cicatriciels limitant le mouvement.<\/li>\n<li class=\"li1\"><b>Raideur et perte de fonction<\/b> : Malgr\u00e9 une r\u00e9\u00e9ducation intensive.<\/li>\n<\/ul>\n<p class=\"p2\"><b>Conclusion<\/b><\/p>\n<p class=\"p1\">La chirurgie des tendons extenseurs de la main est une intervention d\u00e9licate visant \u00e0 restaurer la fonction et la mobilit\u00e9 de la main apr\u00e8s une blessure ou une maladie. Le succ\u00e8s de la chirurgie d\u00e9pend non seulement de la technique chirurgicale, mais aussi de la r\u00e9\u00e9ducation post-op\u00e9ratoire et de la coop\u00e9ration du patient dans le respect des consignes de r\u00e9cup\u00e9ration.<\/p>\n<p class=\"p3\">[\/et_pb_text][\/et_pb_column][\/et_pb_row][\/et_pb_section]<\/p>\n","protected":false},"excerpt":{"rendered":"<p>La plaie des tendons extenseurs La chirurgie des tendons extenseurs de la main est une proc\u00e9dure effectu\u00e9e pour r\u00e9parer des dommages aux tendons qui permettent de redresser (\u00e9tendre) les doigts et le poignet. Indications pour la chirurgie des tendons extenseurs Rupture des tendons : Cela peut \u00eatre d\u00fb \u00e0 des blessures traumatiques, comme des coupures [&hellip;]<\/p>\n","protected":false},"author":1,"featured_media":0,"parent":889,"menu_order":0,"comment_status":"closed","ping_status":"closed","template":"","meta":{"_et_pb_use_builder":"on","_et_pb_old_content":"","_et_gb_content_width":"","_monsterinsights_skip_tracking":false,"_monsterinsights_sitenote_active":false,"_monsterinsights_sitenote_note":"","_monsterinsights_sitenote_category":0,"footnotes":""},"class_list":["post-1388","page","type-page","status-publish","hentry"],"yoast_head":"<!-- This site is optimized with the Yoast SEO plugin v27.4 - https:\/\/yoast.com\/product\/yoast-seo-wordpress\/ -->\n<title>Plaie tendons extenseurs | IMPPACT Chirurgie<\/title>\n<meta name=\"robots\" content=\"index, follow, max-snippet:-1, max-image-preview:large, max-video-preview:-1\" \/>\n<link rel=\"canonical\" href=\"https:\/\/imppact-chirurgie.fr\/index.php\/sos-mains\/plaie-tendons-extenseurs\/\" \/>\n<meta property=\"og:locale\" content=\"fr_FR\" \/>\n<meta property=\"og:type\" content=\"article\" \/>\n<meta property=\"og:title\" content=\"Plaie tendons extenseurs | IMPPACT Chirurgie\" \/>\n<meta property=\"og:description\" content=\"La plaie des tendons extenseurs La chirurgie des tendons extenseurs de la main est une proc\u00e9dure effectu\u00e9e pour r\u00e9parer des dommages aux tendons qui permettent de redresser (\u00e9tendre) les doigts et le poignet. Indications pour la chirurgie des tendons extenseurs Rupture des tendons : Cela peut \u00eatre d\u00fb \u00e0 des blessures traumatiques, comme des coupures [&hellip;]\" \/>\n<meta property=\"og:url\" content=\"https:\/\/imppact-chirurgie.fr\/index.php\/sos-mains\/plaie-tendons-extenseurs\/\" \/>\n<meta property=\"og:site_name\" content=\"IMPPACT Chirurgie\" \/>\n<meta property=\"article:modified_time\" content=\"2024-10-29T09:04:22+00:00\" \/>\n<meta name=\"twitter:card\" content=\"summary_large_image\" \/>\n<script type=\"application\/ld+json\" class=\"yoast-schema-graph\">{\"@context\":\"https:\\\/\\\/schema.org\",\"@graph\":[{\"@type\":\"WebPage\",\"@id\":\"https:\\\/\\\/imppact-chirurgie.fr\\\/index.php\\\/sos-mains\\\/plaie-tendons-extenseurs\\\/\",\"url\":\"https:\\\/\\\/imppact-chirurgie.fr\\\/index.php\\\/sos-mains\\\/plaie-tendons-extenseurs\\\/\",\"name\":\"Plaie tendons extenseurs | IMPPACT Chirurgie\",\"isPartOf\":{\"@id\":\"https:\\\/\\\/imppact-chirurgie.fr\\\/#website\"},\"datePublished\":\"2024-09-12T07:52:01+00:00\",\"dateModified\":\"2024-10-29T09:04:22+00:00\",\"breadcrumb\":{\"@id\":\"https:\\\/\\\/imppact-chirurgie.fr\\\/index.php\\\/sos-mains\\\/plaie-tendons-extenseurs\\\/#breadcrumb\"},\"inLanguage\":\"fr-FR\",\"potentialAction\":[{\"@type\":\"ReadAction\",\"target\":[\"https:\\\/\\\/imppact-chirurgie.fr\\\/index.php\\\/sos-mains\\\/plaie-tendons-extenseurs\\\/\"]}]},{\"@type\":\"BreadcrumbList\",\"@id\":\"https:\\\/\\\/imppact-chirurgie.fr\\\/index.php\\\/sos-mains\\\/plaie-tendons-extenseurs\\\/#breadcrumb\",\"itemListElement\":[{\"@type\":\"ListItem\",\"position\":1,\"name\":\"Accueil\",\"item\":\"https:\\\/\\\/imppact-chirurgie.fr\\\/\"},{\"@type\":\"ListItem\",\"position\":2,\"name\":\"SOS mains\",\"item\":\"https:\\\/\\\/imppact-chirurgie.fr\\\/index.php\\\/sos-mains\\\/\"},{\"@type\":\"ListItem\",\"position\":3,\"name\":\"Plaie tendons extenseurs\"}]},{\"@type\":\"WebSite\",\"@id\":\"https:\\\/\\\/imppact-chirurgie.fr\\\/#website\",\"url\":\"https:\\\/\\\/imppact-chirurgie.fr\\\/\",\"name\":\"IMPPACT Chirurgie\",\"description\":\"IMPPACT Institut Main Pied Plastique Articulations Chirurgie Traumatologie\",\"publisher\":{\"@id\":\"https:\\\/\\\/imppact-chirurgie.fr\\\/#organization\"},\"potentialAction\":[{\"@type\":\"SearchAction\",\"target\":{\"@type\":\"EntryPoint\",\"urlTemplate\":\"https:\\\/\\\/imppact-chirurgie.fr\\\/?s={search_term_string}\"},\"query-input\":{\"@type\":\"PropertyValueSpecification\",\"valueRequired\":true,\"valueName\":\"search_term_string\"}}],\"inLanguage\":\"fr-FR\"},{\"@type\":\"Organization\",\"@id\":\"https:\\\/\\\/imppact-chirurgie.fr\\\/#organization\",\"name\":\"Imppact Chirurgie\",\"alternateName\":\"Institut Main Pied Plastique Articulations Chirurgie Traumatologie\",\"url\":\"https:\\\/\\\/imppact-chirurgie.fr\\\/\",\"logo\":{\"@type\":\"ImageObject\",\"inLanguage\":\"fr-FR\",\"@id\":\"https:\\\/\\\/imppact-chirurgie.fr\\\/#\\\/schema\\\/logo\\\/image\\\/\",\"url\":\"https:\\\/\\\/imppact-chirurgie.fr\\\/wp-content\\\/uploads\\\/2024\\\/02\\\/logo_final_imppact.png\",\"contentUrl\":\"https:\\\/\\\/imppact-chirurgie.fr\\\/wp-content\\\/uploads\\\/2024\\\/02\\\/logo_final_imppact.png\",\"width\":1000,\"height\":523,\"caption\":\"Imppact Chirurgie\"},\"image\":{\"@id\":\"https:\\\/\\\/imppact-chirurgie.fr\\\/#\\\/schema\\\/logo\\\/image\\\/\"}}]}<\/script>\n<!-- \/ Yoast SEO plugin. -->","yoast_head_json":{"title":"Plaie tendons extenseurs | IMPPACT Chirurgie","robots":{"index":"index","follow":"follow","max-snippet":"max-snippet:-1","max-image-preview":"max-image-preview:large","max-video-preview":"max-video-preview:-1"},"canonical":"https:\/\/imppact-chirurgie.fr\/index.php\/sos-mains\/plaie-tendons-extenseurs\/","og_locale":"fr_FR","og_type":"article","og_title":"Plaie tendons extenseurs | IMPPACT Chirurgie","og_description":"La plaie des tendons extenseurs La chirurgie des tendons extenseurs de la main est une proc\u00e9dure effectu\u00e9e pour r\u00e9parer des dommages aux tendons qui permettent de redresser (\u00e9tendre) les doigts et le poignet. Indications pour la chirurgie des tendons extenseurs Rupture des tendons : Cela peut \u00eatre d\u00fb \u00e0 des blessures traumatiques, comme des coupures [&hellip;]","og_url":"https:\/\/imppact-chirurgie.fr\/index.php\/sos-mains\/plaie-tendons-extenseurs\/","og_site_name":"IMPPACT Chirurgie","article_modified_time":"2024-10-29T09:04:22+00:00","twitter_card":"summary_large_image","schema":{"@context":"https:\/\/schema.org","@graph":[{"@type":"WebPage","@id":"https:\/\/imppact-chirurgie.fr\/index.php\/sos-mains\/plaie-tendons-extenseurs\/","url":"https:\/\/imppact-chirurgie.fr\/index.php\/sos-mains\/plaie-tendons-extenseurs\/","name":"Plaie tendons extenseurs | IMPPACT Chirurgie","isPartOf":{"@id":"https:\/\/imppact-chirurgie.fr\/#website"},"datePublished":"2024-09-12T07:52:01+00:00","dateModified":"2024-10-29T09:04:22+00:00","breadcrumb":{"@id":"https:\/\/imppact-chirurgie.fr\/index.php\/sos-mains\/plaie-tendons-extenseurs\/#breadcrumb"},"inLanguage":"fr-FR","potentialAction":[{"@type":"ReadAction","target":["https:\/\/imppact-chirurgie.fr\/index.php\/sos-mains\/plaie-tendons-extenseurs\/"]}]},{"@type":"BreadcrumbList","@id":"https:\/\/imppact-chirurgie.fr\/index.php\/sos-mains\/plaie-tendons-extenseurs\/#breadcrumb","itemListElement":[{"@type":"ListItem","position":1,"name":"Accueil","item":"https:\/\/imppact-chirurgie.fr\/"},{"@type":"ListItem","position":2,"name":"SOS mains","item":"https:\/\/imppact-chirurgie.fr\/index.php\/sos-mains\/"},{"@type":"ListItem","position":3,"name":"Plaie tendons extenseurs"}]},{"@type":"WebSite","@id":"https:\/\/imppact-chirurgie.fr\/#website","url":"https:\/\/imppact-chirurgie.fr\/","name":"IMPPACT Chirurgie","description":"IMPPACT Institut Main Pied Plastique Articulations Chirurgie Traumatologie","publisher":{"@id":"https:\/\/imppact-chirurgie.fr\/#organization"},"potentialAction":[{"@type":"SearchAction","target":{"@type":"EntryPoint","urlTemplate":"https:\/\/imppact-chirurgie.fr\/?s={search_term_string}"},"query-input":{"@type":"PropertyValueSpecification","valueRequired":true,"valueName":"search_term_string"}}],"inLanguage":"fr-FR"},{"@type":"Organization","@id":"https:\/\/imppact-chirurgie.fr\/#organization","name":"Imppact Chirurgie","alternateName":"Institut Main Pied Plastique Articulations Chirurgie Traumatologie","url":"https:\/\/imppact-chirurgie.fr\/","logo":{"@type":"ImageObject","inLanguage":"fr-FR","@id":"https:\/\/imppact-chirurgie.fr\/#\/schema\/logo\/image\/","url":"https:\/\/imppact-chirurgie.fr\/wp-content\/uploads\/2024\/02\/logo_final_imppact.png","contentUrl":"https:\/\/imppact-chirurgie.fr\/wp-content\/uploads\/2024\/02\/logo_final_imppact.png","width":1000,"height":523,"caption":"Imppact Chirurgie"},"image":{"@id":"https:\/\/imppact-chirurgie.fr\/#\/schema\/logo\/image\/"}}]}},"_links":{"self":[{"href":"https:\/\/imppact-chirurgie.fr\/index.php\/wp-json\/wp\/v2\/pages\/1388","targetHints":{"allow":["GET"]}}],"collection":[{"href":"https:\/\/imppact-chirurgie.fr\/index.php\/wp-json\/wp\/v2\/pages"}],"about":[{"href":"https:\/\/imppact-chirurgie.fr\/index.php\/wp-json\/wp\/v2\/types\/page"}],"author":[{"embeddable":true,"href":"https:\/\/imppact-chirurgie.fr\/index.php\/wp-json\/wp\/v2\/users\/1"}],"replies":[{"embeddable":true,"href":"https:\/\/imppact-chirurgie.fr\/index.php\/wp-json\/wp\/v2\/comments?post=1388"}],"version-history":[{"count":4,"href":"https:\/\/imppact-chirurgie.fr\/index.php\/wp-json\/wp\/v2\/pages\/1388\/revisions"}],"predecessor-version":[{"id":1945,"href":"https:\/\/imppact-chirurgie.fr\/index.php\/wp-json\/wp\/v2\/pages\/1388\/revisions\/1945"}],"up":[{"embeddable":true,"href":"https:\/\/imppact-chirurgie.fr\/index.php\/wp-json\/wp\/v2\/pages\/889"}],"wp:attachment":[{"href":"https:\/\/imppact-chirurgie.fr\/index.php\/wp-json\/wp\/v2\/media?parent=1388"}],"curies":[{"name":"wp","href":"https:\/\/api.w.org\/{rel}","templated":true}]}}