{"id":1407,"date":"2024-09-12T09:51:50","date_gmt":"2024-09-12T07:51:50","guid":{"rendered":"https:\/\/imppact-chirurgie.fr\/?page_id=1407"},"modified":"2024-10-29T10:10:57","modified_gmt":"2024-10-29T09:10:57","slug":"panaris-du-doigt","status":"publish","type":"page","link":"https:\/\/imppact-chirurgie.fr\/index.php\/sos-mains\/panaris-du-doigt\/","title":{"rendered":"Panaris du doigt"},"content":{"rendered":"<p>[et_pb_section fb_built=\u00a0\u00bb1&Prime; admin_label=\u00a0\u00bbsection\u00a0\u00bb _builder_version=\u00a0\u00bb4.16&Prime; global_colors_info=\u00a0\u00bb{}\u00a0\u00bb][et_pb_row admin_label=\u00a0\u00bbrow\u00a0\u00bb _builder_version=\u00a0\u00bb4.27.2&Prime; background_size=\u00a0\u00bbinitial\u00a0\u00bb background_position=\u00a0\u00bbtop_left\u00a0\u00bb background_repeat=\u00a0\u00bbrepeat\u00a0\u00bb custom_margin=\u00a0\u00bb||||false|false\u00a0\u00bb custom_padding=\u00a0\u00bb||||false|false\u00a0\u00bb hover_enabled=\u00a0\u00bb0&Prime; global_colors_info=\u00a0\u00bb{}\u00a0\u00bb sticky_enabled=\u00a0\u00bb0&Prime;][et_pb_column type=\u00a0\u00bb4_4&Prime; _builder_version=\u00a0\u00bb4.16&Prime; custom_padding=\u00a0\u00bb|||\u00a0\u00bb global_colors_info=\u00a0\u00bb{}\u00a0\u00bb custom_padding__hover=\u00a0\u00bb|||\u00a0\u00bb][et_pb_text admin_label=\u00a0\u00bbText\u00a0\u00bb _builder_version=\u00a0\u00bb4.24.3&Prime; background_size=\u00a0\u00bbinitial\u00a0\u00bb background_position=\u00a0\u00bbtop_left\u00a0\u00bb background_repeat=\u00a0\u00bbrepeat\u00a0\u00bb width=\u00a0\u00bb99.8%\u00a0\u00bb custom_margin=\u00a0\u00bb||||false|false\u00a0\u00bb custom_padding=\u00a0\u00bb|||0px||\u00a0\u00bb hover_enabled=\u00a0\u00bb0&Prime; global_colors_info=\u00a0\u00bb{}\u00a0\u00bb sticky_enabled=\u00a0\u00bb0&Prime;]<\/p>\n<h2>Le panaris du doigt<\/h2>\n<p class=\"p1\">La chirurgie du panaris au doigt est une proc\u00e9dure courante dans les centres SOS mains pour traiter une infection s\u00e9v\u00e8re du doigt. Un panaris est une infection bact\u00e9rienne, souvent caus\u00e9e par Staphylococcus aureus, qui peut affecter les tissus autour de l&rsquo;ongle ou la pulpe digitale. Si elle n&rsquo;est pas trait\u00e9e rapidement, elle peut \u00e9voluer et n\u00e9cessiter une intervention chirurgicale.<\/p>\n<p class=\"p2\"><b>Indications pour la chirurgie du panaris<\/b><\/p>\n<ul class=\"ul1\">\n<li class=\"li1\"><b>Infection s\u00e9v\u00e8re<\/b> : Lorsque l&rsquo;infection ne r\u00e9pond pas aux traitements m\u00e9dicaux (antibiotiques, bains antiseptiques).<\/li>\n<li class=\"li1\"><b>Formation d&rsquo;abc\u00e8s<\/b> : Pr\u00e9sence de pus n\u00e9cessitant un drainage.<\/li>\n<li class=\"li1\"><b>Douleur intense<\/b> : Douleur non soulag\u00e9e par des m\u00e9dicaments.<\/li>\n<li class=\"li1\"><b>Complications potentielles<\/b> : Risque de propagation de l&rsquo;infection aux tendons, aux os ou \u00e0 l&rsquo;ensemble de la main.<\/li>\n<\/ul>\n<p class=\"p2\"><b>Pr\u00e9paration \u00e0 la chirurgie<\/b><\/p>\n<ul class=\"ul1\">\n<li class=\"li1\"><b>Consultation m\u00e9dicale<\/b> dans une centre SOS mains : \u00c9valuation de la gravit\u00e9 de l&rsquo;infection et des ant\u00e9c\u00e9dents m\u00e9dicaux du patient.<\/li>\n<li class=\"li1\"><b>Examens compl\u00e9mentaires<\/b> : Peut inclure des analyses de sang et \u00e9ventuellement des radiographies pour \u00e9valuer l&rsquo;\u00e9tendue de l&rsquo;infection.<\/li>\n<\/ul>\n<p class=\"p2\"><b>Technique chirurgicale<\/b><\/p>\n<ul class=\"ul1\">\n<li class=\"li1\"><b>Anesth\u00e9sie<\/b> : La chirurgie est g\u00e9n\u00e9ralement r\u00e9alis\u00e9e sous anesth\u00e9sie loco r\u00e9gionale.<\/li>\n<li class=\"li1\"><b>Incision et drainage<\/b> :<\/li>\n<ul class=\"ul1\">\n<li class=\"li1\">Une petite incision est faite \u00e0 l&rsquo;endroit le plus fluctuant pour permettre le drainage du pus.<\/li>\n<li class=\"li1\">Parfois, une ou plusieurs petites incisions peuvent \u00eatre n\u00e9cessaires pour drainer compl\u00e8tement l&rsquo;abc\u00e8s.<\/li>\n<\/ul>\n<li class=\"li1\"><b>Nettoyage<\/b> : La cavit\u00e9 de l&rsquo;abc\u00e8s est soigneusement nettoy\u00e9e pour \u00e9liminer tout le pus et les tissus n\u00e9cros\u00e9s.<\/li>\n<li class=\"li1\"><b>D\u00e9bridement<\/b> : Si n\u00e9cessaire, les tissus morts ou infect\u00e9s sont enlev\u00e9s.<\/li>\n<li class=\"li1\"><b>Fermeture<\/b> : G\u00e9n\u00e9ralement, les incisions ne sont pas sutur\u00e9es imm\u00e9diatement pour permettre un drainage continu. Elles sont laiss\u00e9es ouvertes et couvertes de pansements st\u00e9riles.<\/li>\n<\/ul>\n<p class=\"p2\"><b>Post-op\u00e9ratoire<\/b><\/p>\n<ul class=\"ul1\">\n<li class=\"li1\"><b>Soins de la plaie<\/b> : Des pansements st\u00e9riles doivent \u00eatre chang\u00e9s r\u00e9guli\u00e8rement. Le doigt doit \u00eatre maintenu propre et sec.<\/li>\n<li class=\"li1\"><b>Antalgiques<\/b> : Pour g\u00e9rer la douleur post-op\u00e9ratoire.<\/li>\n<li class=\"li1\"><b>Surveillance m\u00e9dicale<\/b> : Des consultations de suivi dans un centre SOS mains sont parfois n\u00e9cessaires pour surveiller la gu\u00e9rison et pr\u00e9venir toute complication.<\/li>\n<li class=\"li1\"><b>R\u00e9\u00e9ducation<\/b> : Des exercices de mobilisation douce peuvent \u00eatre recommand\u00e9s pour \u00e9viter la raideur.<\/li>\n<li class=\"li1\"><\/li>\n<\/ul>\n<p class=\"p2\"><b>Complications possibles<\/b><\/p>\n<ul class=\"ul1\">\n<li class=\"li1\"><b>Propagation de l&rsquo;infection<\/b> : Vers les structures plus profondes comme les tendons, les os ou l&rsquo;ensemble de la main.<\/li>\n<li class=\"li1\"><b>R\u00e9currence<\/b> : Risque d&rsquo;une nouvelle infection si toutes les bact\u00e9ries n&rsquo;ont pas \u00e9t\u00e9 \u00e9limin\u00e9es.<\/li>\n<li class=\"li1\"><b>Raideur<\/b> : Perte de mobilit\u00e9 du doigt si l&rsquo;infection a \u00e9t\u00e9 s\u00e9v\u00e8re ou si la cicatrisation est probl\u00e9matique.<\/li>\n<\/ul>\n<p class=\"p2\"><b>Conclusion<\/b><\/p>\n<p class=\"p1\">La chirurgie du panaris au doigt est une intervention essentielle pour traiter une infection s\u00e9v\u00e8re et pr\u00e9venir des complications graves. La cl\u00e9 du succ\u00e8s r\u00e9side dans une intervention rapide dans un centre SOS mains, des soins postop\u00e9ratoires appropri\u00e9s et une surveillance m\u00e9dicale continue. Si vous pr\u00e9sentez des sympt\u00f4mes de panaris, il est crucial de consulter un professionnel de sant\u00e9 rapidement pour \u00e9viter la progression de l&rsquo;infection.<\/p>\n<p class=\"p3\">[\/et_pb_text][\/et_pb_column][\/et_pb_row][\/et_pb_section]<\/p>\n","protected":false},"excerpt":{"rendered":"<p>Le panaris du doigt La chirurgie du panaris au doigt est une proc\u00e9dure courante dans les centres SOS mains pour traiter une infection s\u00e9v\u00e8re du doigt. Un panaris est une infection bact\u00e9rienne, souvent caus\u00e9e par Staphylococcus aureus, qui peut affecter les tissus autour de l&rsquo;ongle ou la pulpe digitale. Si elle n&rsquo;est pas trait\u00e9e rapidement, [&hellip;]<\/p>\n","protected":false},"author":1,"featured_media":0,"parent":889,"menu_order":0,"comment_status":"closed","ping_status":"closed","template":"","meta":{"_et_pb_use_builder":"on","_et_pb_old_content":"","_et_gb_content_width":"","_monsterinsights_skip_tracking":false,"_monsterinsights_sitenote_active":false,"_monsterinsights_sitenote_note":"","_monsterinsights_sitenote_category":0,"footnotes":""},"class_list":["post-1407","page","type-page","status-publish","hentry"],"yoast_head":"<!-- This site is optimized with the Yoast SEO plugin v27.4 - https:\/\/yoast.com\/product\/yoast-seo-wordpress\/ -->\n<title>Panaris du doigt | IMPPACT Chirurgie<\/title>\n<meta name=\"robots\" content=\"index, follow, max-snippet:-1, max-image-preview:large, max-video-preview:-1\" \/>\n<link rel=\"canonical\" href=\"https:\/\/imppact-chirurgie.fr\/index.php\/sos-mains\/panaris-du-doigt\/\" \/>\n<meta property=\"og:locale\" content=\"fr_FR\" \/>\n<meta property=\"og:type\" content=\"article\" \/>\n<meta property=\"og:title\" content=\"Panaris du doigt | IMPPACT Chirurgie\" \/>\n<meta property=\"og:description\" content=\"Le panaris du doigt La chirurgie du panaris au doigt est une proc\u00e9dure courante dans les centres SOS mains pour traiter une infection s\u00e9v\u00e8re du doigt. Un panaris est une infection bact\u00e9rienne, souvent caus\u00e9e par Staphylococcus aureus, qui peut affecter les tissus autour de l&#039;ongle ou la pulpe digitale. Si elle n&#039;est pas trait\u00e9e rapidement, [&hellip;]\" \/>\n<meta property=\"og:url\" content=\"https:\/\/imppact-chirurgie.fr\/index.php\/sos-mains\/panaris-du-doigt\/\" \/>\n<meta property=\"og:site_name\" content=\"IMPPACT Chirurgie\" \/>\n<meta property=\"article:modified_time\" content=\"2024-10-29T09:10:57+00:00\" \/>\n<meta name=\"twitter:card\" content=\"summary_large_image\" \/>\n<meta name=\"twitter:label1\" content=\"Dur\u00e9e de lecture estim\u00e9e\" \/>\n\t<meta name=\"twitter:data1\" content=\"3 minutes\" \/>\n<script type=\"application\/ld+json\" class=\"yoast-schema-graph\">{\"@context\":\"https:\\\/\\\/schema.org\",\"@graph\":[{\"@type\":\"WebPage\",\"@id\":\"https:\\\/\\\/imppact-chirurgie.fr\\\/index.php\\\/sos-mains\\\/panaris-du-doigt\\\/\",\"url\":\"https:\\\/\\\/imppact-chirurgie.fr\\\/index.php\\\/sos-mains\\\/panaris-du-doigt\\\/\",\"name\":\"Panaris du doigt | IMPPACT Chirurgie\",\"isPartOf\":{\"@id\":\"https:\\\/\\\/imppact-chirurgie.fr\\\/#website\"},\"datePublished\":\"2024-09-12T07:51:50+00:00\",\"dateModified\":\"2024-10-29T09:10:57+00:00\",\"breadcrumb\":{\"@id\":\"https:\\\/\\\/imppact-chirurgie.fr\\\/index.php\\\/sos-mains\\\/panaris-du-doigt\\\/#breadcrumb\"},\"inLanguage\":\"fr-FR\",\"potentialAction\":[{\"@type\":\"ReadAction\",\"target\":[\"https:\\\/\\\/imppact-chirurgie.fr\\\/index.php\\\/sos-mains\\\/panaris-du-doigt\\\/\"]}]},{\"@type\":\"BreadcrumbList\",\"@id\":\"https:\\\/\\\/imppact-chirurgie.fr\\\/index.php\\\/sos-mains\\\/panaris-du-doigt\\\/#breadcrumb\",\"itemListElement\":[{\"@type\":\"ListItem\",\"position\":1,\"name\":\"Accueil\",\"item\":\"https:\\\/\\\/imppact-chirurgie.fr\\\/\"},{\"@type\":\"ListItem\",\"position\":2,\"name\":\"SOS mains\",\"item\":\"https:\\\/\\\/imppact-chirurgie.fr\\\/index.php\\\/sos-mains\\\/\"},{\"@type\":\"ListItem\",\"position\":3,\"name\":\"Panaris du doigt\"}]},{\"@type\":\"WebSite\",\"@id\":\"https:\\\/\\\/imppact-chirurgie.fr\\\/#website\",\"url\":\"https:\\\/\\\/imppact-chirurgie.fr\\\/\",\"name\":\"IMPPACT Chirurgie\",\"description\":\"IMPPACT Institut Main Pied Plastique Articulations Chirurgie Traumatologie\",\"publisher\":{\"@id\":\"https:\\\/\\\/imppact-chirurgie.fr\\\/#organization\"},\"potentialAction\":[{\"@type\":\"SearchAction\",\"target\":{\"@type\":\"EntryPoint\",\"urlTemplate\":\"https:\\\/\\\/imppact-chirurgie.fr\\\/?s={search_term_string}\"},\"query-input\":{\"@type\":\"PropertyValueSpecification\",\"valueRequired\":true,\"valueName\":\"search_term_string\"}}],\"inLanguage\":\"fr-FR\"},{\"@type\":\"Organization\",\"@id\":\"https:\\\/\\\/imppact-chirurgie.fr\\\/#organization\",\"name\":\"Imppact Chirurgie\",\"alternateName\":\"Institut Main Pied Plastique Articulations Chirurgie Traumatologie\",\"url\":\"https:\\\/\\\/imppact-chirurgie.fr\\\/\",\"logo\":{\"@type\":\"ImageObject\",\"inLanguage\":\"fr-FR\",\"@id\":\"https:\\\/\\\/imppact-chirurgie.fr\\\/#\\\/schema\\\/logo\\\/image\\\/\",\"url\":\"https:\\\/\\\/imppact-chirurgie.fr\\\/wp-content\\\/uploads\\\/2024\\\/02\\\/logo_final_imppact.png\",\"contentUrl\":\"https:\\\/\\\/imppact-chirurgie.fr\\\/wp-content\\\/uploads\\\/2024\\\/02\\\/logo_final_imppact.png\",\"width\":1000,\"height\":523,\"caption\":\"Imppact Chirurgie\"},\"image\":{\"@id\":\"https:\\\/\\\/imppact-chirurgie.fr\\\/#\\\/schema\\\/logo\\\/image\\\/\"}}]}<\/script>\n<!-- \/ Yoast SEO plugin. -->","yoast_head_json":{"title":"Panaris du doigt | IMPPACT Chirurgie","robots":{"index":"index","follow":"follow","max-snippet":"max-snippet:-1","max-image-preview":"max-image-preview:large","max-video-preview":"max-video-preview:-1"},"canonical":"https:\/\/imppact-chirurgie.fr\/index.php\/sos-mains\/panaris-du-doigt\/","og_locale":"fr_FR","og_type":"article","og_title":"Panaris du doigt | IMPPACT Chirurgie","og_description":"Le panaris du doigt La chirurgie du panaris au doigt est une proc\u00e9dure courante dans les centres SOS mains pour traiter une infection s\u00e9v\u00e8re du doigt. Un panaris est une infection bact\u00e9rienne, souvent caus\u00e9e par Staphylococcus aureus, qui peut affecter les tissus autour de l'ongle ou la pulpe digitale. Si elle n'est pas trait\u00e9e rapidement, [&hellip;]","og_url":"https:\/\/imppact-chirurgie.fr\/index.php\/sos-mains\/panaris-du-doigt\/","og_site_name":"IMPPACT Chirurgie","article_modified_time":"2024-10-29T09:10:57+00:00","twitter_card":"summary_large_image","twitter_misc":{"Dur\u00e9e de lecture estim\u00e9e":"3 minutes"},"schema":{"@context":"https:\/\/schema.org","@graph":[{"@type":"WebPage","@id":"https:\/\/imppact-chirurgie.fr\/index.php\/sos-mains\/panaris-du-doigt\/","url":"https:\/\/imppact-chirurgie.fr\/index.php\/sos-mains\/panaris-du-doigt\/","name":"Panaris du doigt | IMPPACT Chirurgie","isPartOf":{"@id":"https:\/\/imppact-chirurgie.fr\/#website"},"datePublished":"2024-09-12T07:51:50+00:00","dateModified":"2024-10-29T09:10:57+00:00","breadcrumb":{"@id":"https:\/\/imppact-chirurgie.fr\/index.php\/sos-mains\/panaris-du-doigt\/#breadcrumb"},"inLanguage":"fr-FR","potentialAction":[{"@type":"ReadAction","target":["https:\/\/imppact-chirurgie.fr\/index.php\/sos-mains\/panaris-du-doigt\/"]}]},{"@type":"BreadcrumbList","@id":"https:\/\/imppact-chirurgie.fr\/index.php\/sos-mains\/panaris-du-doigt\/#breadcrumb","itemListElement":[{"@type":"ListItem","position":1,"name":"Accueil","item":"https:\/\/imppact-chirurgie.fr\/"},{"@type":"ListItem","position":2,"name":"SOS mains","item":"https:\/\/imppact-chirurgie.fr\/index.php\/sos-mains\/"},{"@type":"ListItem","position":3,"name":"Panaris du doigt"}]},{"@type":"WebSite","@id":"https:\/\/imppact-chirurgie.fr\/#website","url":"https:\/\/imppact-chirurgie.fr\/","name":"IMPPACT Chirurgie","description":"IMPPACT Institut Main Pied Plastique Articulations Chirurgie Traumatologie","publisher":{"@id":"https:\/\/imppact-chirurgie.fr\/#organization"},"potentialAction":[{"@type":"SearchAction","target":{"@type":"EntryPoint","urlTemplate":"https:\/\/imppact-chirurgie.fr\/?s={search_term_string}"},"query-input":{"@type":"PropertyValueSpecification","valueRequired":true,"valueName":"search_term_string"}}],"inLanguage":"fr-FR"},{"@type":"Organization","@id":"https:\/\/imppact-chirurgie.fr\/#organization","name":"Imppact Chirurgie","alternateName":"Institut Main Pied Plastique Articulations Chirurgie Traumatologie","url":"https:\/\/imppact-chirurgie.fr\/","logo":{"@type":"ImageObject","inLanguage":"fr-FR","@id":"https:\/\/imppact-chirurgie.fr\/#\/schema\/logo\/image\/","url":"https:\/\/imppact-chirurgie.fr\/wp-content\/uploads\/2024\/02\/logo_final_imppact.png","contentUrl":"https:\/\/imppact-chirurgie.fr\/wp-content\/uploads\/2024\/02\/logo_final_imppact.png","width":1000,"height":523,"caption":"Imppact Chirurgie"},"image":{"@id":"https:\/\/imppact-chirurgie.fr\/#\/schema\/logo\/image\/"}}]}},"_links":{"self":[{"href":"https:\/\/imppact-chirurgie.fr\/index.php\/wp-json\/wp\/v2\/pages\/1407","targetHints":{"allow":["GET"]}}],"collection":[{"href":"https:\/\/imppact-chirurgie.fr\/index.php\/wp-json\/wp\/v2\/pages"}],"about":[{"href":"https:\/\/imppact-chirurgie.fr\/index.php\/wp-json\/wp\/v2\/types\/page"}],"author":[{"embeddable":true,"href":"https:\/\/imppact-chirurgie.fr\/index.php\/wp-json\/wp\/v2\/users\/1"}],"replies":[{"embeddable":true,"href":"https:\/\/imppact-chirurgie.fr\/index.php\/wp-json\/wp\/v2\/comments?post=1407"}],"version-history":[{"count":4,"href":"https:\/\/imppact-chirurgie.fr\/index.php\/wp-json\/wp\/v2\/pages\/1407\/revisions"}],"predecessor-version":[{"id":1948,"href":"https:\/\/imppact-chirurgie.fr\/index.php\/wp-json\/wp\/v2\/pages\/1407\/revisions\/1948"}],"up":[{"embeddable":true,"href":"https:\/\/imppact-chirurgie.fr\/index.php\/wp-json\/wp\/v2\/pages\/889"}],"wp:attachment":[{"href":"https:\/\/imppact-chirurgie.fr\/index.php\/wp-json\/wp\/v2\/media?parent=1407"}],"curies":[{"name":"wp","href":"https:\/\/api.w.org\/{rel}","templated":true}]}}