{"id":1486,"date":"2024-09-16T14:52:56","date_gmt":"2024-09-16T12:52:56","guid":{"rendered":"https:\/\/imppact-chirurgie.fr\/?page_id=1486"},"modified":"2024-10-08T14:01:49","modified_gmt":"2024-10-08T12:01:49","slug":"conflit-ulno-carpien","status":"publish","type":"page","link":"https:\/\/imppact-chirurgie.fr\/index.php\/orthopedie\/chirurgie-du-poignet\/conflit-ulno-carpien\/","title":{"rendered":"Conflit ulno-carpien"},"content":{"rendered":"<p>[et_pb_section fb_built=\u00a0\u00bb1&Prime; admin_label=\u00a0\u00bbsection\u00a0\u00bb _builder_version=\u00a0\u00bb4.16&Prime; custom_padding=\u00a0\u00bb||0px|||\u00a0\u00bb global_colors_info=\u00a0\u00bb{}\u00a0\u00bb][et_pb_row admin_label=\u00a0\u00bbrow\u00a0\u00bb _builder_version=\u00a0\u00bb4.27.0&Prime; background_size=\u00a0\u00bbinitial\u00a0\u00bb background_position=\u00a0\u00bbtop_left\u00a0\u00bb background_repeat=\u00a0\u00bbrepeat\u00a0\u00bb custom_margin=\u00a0\u00bb||||false|false\u00a0\u00bb global_colors_info=\u00a0\u00bb{}\u00a0\u00bb][et_pb_column type=\u00a0\u00bb4_4&Prime; _builder_version=\u00a0\u00bb4.16&Prime; custom_padding=\u00a0\u00bb|||\u00a0\u00bb global_colors_info=\u00a0\u00bb{}\u00a0\u00bb custom_padding__hover=\u00a0\u00bb|||\u00a0\u00bb][et_pb_text admin_label=\u00a0\u00bbText\u00a0\u00bb _builder_version=\u00a0\u00bb4.27.0&Prime; background_size=\u00a0\u00bbinitial\u00a0\u00bb background_position=\u00a0\u00bbtop_left\u00a0\u00bb background_repeat=\u00a0\u00bbrepeat\u00a0\u00bb width=\u00a0\u00bb99.8%\u00a0\u00bb min_height=\u00a0\u00bb157.8px\u00a0\u00bb custom_margin=\u00a0\u00bb||-49px||false|false\u00a0\u00bb custom_padding=\u00a0\u00bb12px||14px|0px||\u00a0\u00bb global_colors_info=\u00a0\u00bb{}\u00a0\u00bb]<\/p>\n<h2 style=\"text-align: justify;\">Le conflit ulno-carpien<\/h2>\n<p class=\"p1\">Le conflit ulno-carpien est une pathologie du poignet qui se caract\u00e9rise par une douleur et un dysfonctionnement li\u00e9s \u00e0 une compression entre l&rsquo;ulna (l&rsquo;un des os de l&rsquo;avant-bras) et le complexe fibrocartilagineux triangulaire (TFCC) ou les os du carpe. Ce syndrome est souvent caus\u00e9 par une variation anatomique comme une ulna plus longue (ulna positive), des traumatismes, ou des activit\u00e9s r\u00e9p\u00e9titives.<\/p>\n<p class=\"p2\"><b>Diagnostic<\/b><\/p>\n<p class=\"p1\">Le diagnostic du conflit ulno-carpien repose sur plusieurs \u00e9l\u00e9ments :<\/p>\n<ul class=\"ul1\">\n<li class=\"li1\"><b>Anamn\u00e8se<\/b> :<\/li>\n<ul class=\"ul1\">\n<li class=\"li1\">Douleur \u00e0 la face ulnaire du poignet, souvent augment\u00e9e par des mouvements en pronation et en supination.<\/li>\n<li class=\"li1\">Sensation de cliquetis ou d&rsquo;instabilit\u00e9.<\/li>\n<\/ul>\n<li class=\"li1\"><b>Examen clinique<\/b> :<\/li>\n<ul class=\"ul1\">\n<li class=\"li1\">Test de compression ulno-carpien : douleur reproduite par la compression de l&rsquo;ulna contre le carpe.<\/li>\n<li class=\"li1\">\u00c9valuation de la stabilit\u00e9 de l\u2019articulation radio ulnaire distale<\/li>\n<\/ul>\n<li class=\"li1\"><b>Imagerie<\/b> :<\/li>\n<ul class=\"ul1\">\n<li class=\"li1\"><b>Radiographies<\/b> : pour \u00e9valuer la longueur relative de l&rsquo;ulna (ulna plus) et les \u00e9ventuelles anomalies osseuses.<\/li>\n<li class=\"li1\"><b>IRM<\/b> : pour visualiser les l\u00e9sions du TFCC et des autres structures molles.<\/li>\n<li class=\"li1\"><b>Scanner<\/b> : parfois utilis\u00e9 pour \u00e9valuer les os du carpe plus en d\u00e9tail.<\/li>\n<\/ul>\n<\/ul>\n<p class=\"p2\"><b>Traitement<\/b><\/p>\n<p class=\"p1\">Les options de traitement varient en fonction de la gravit\u00e9 des sympt\u00f4mes et de la r\u00e9ponse au traitement conservateur.<\/p>\n<ul class=\"ul1\">\n<li class=\"li1\"><b>Traitement conservateur<\/b> :<\/li>\n<ul class=\"ul1\">\n<li class=\"li1\"><b>Repos et modification des activit\u00e9s<\/b> : \u00e9viter les mouvements ou activit\u00e9s qui aggravent les sympt\u00f4mes.<\/li>\n<li class=\"li1\"><b>Immobilisation<\/b> : port d&rsquo;une attelle pour limiter les mouvements du poignet.<\/li>\n<li class=\"li1\"><b>Anti-inflammatoires non st\u00e9ro\u00efdiens (AINS)<\/b> : pour r\u00e9duire la douleur et l&rsquo;inflammation.<\/li>\n<li class=\"li1\"><b>Infiltrations de cortico\u00efdes<\/b> : pour soulager temporairement l&rsquo;inflammation et la douleur.<\/li>\n<\/ul>\n<li class=\"li1\"><b>R\u00e9\u00e9ducation<\/b> :<\/li>\n<ul class=\"ul1\">\n<li class=\"li1\">Exercices de renforcement et d&rsquo;\u00e9tirement sp\u00e9cifiques pour am\u00e9liorer la stabilit\u00e9 et la fonction du poignet.<\/li>\n<li class=\"li1\">Physioth\u00e9rapie pour r\u00e9duire la douleur et am\u00e9liorer la mobilit\u00e9.<\/li>\n<\/ul>\n<li class=\"li1\"><b>Traitement chirurgical<\/b> :<\/li>\n<ul class=\"ul1\">\n<li class=\"li1\"><b>D\u00e9bridement arthroscopique<\/b> : nettoyage des tissus endommag\u00e9s autour du TFCC et du carpe appel\u00e9 aussi Wafer procedure.<\/li>\n<li class=\"li1\"><b>Ost\u00e9otomie de raccourcissement de l\u2019ulna<\/b> : en cas d&rsquo;ulna plus, pour raccourcir l&rsquo;ulna et r\u00e9duire la compression.<\/li>\n<\/ul>\n<\/ul>\n<p class=\"p1\">Chaque cas \u00e9tant unique, il est essentiel de discuter avec votre chirurgie de la main pour un diagnostic pr\u00e9cis et un plan de traitement adapt\u00e9.<\/p>\n<p class=\"p3\">[\/et_pb_text][\/et_pb_column][\/et_pb_row][et_pb_row _builder_version=\u00a0\u00bb4.27.0&Prime; _module_preset=\u00a0\u00bbdefault\u00a0\u00bb global_colors_info=\u00a0\u00bb{}\u00a0\u00bb][et_pb_column type=\u00a0\u00bb4_4&Prime; _builder_version=\u00a0\u00bb4.27.0&Prime; _module_preset=\u00a0\u00bbdefault\u00a0\u00bb global_colors_info=\u00a0\u00bb{}\u00a0\u00bb][et_pb_gallery gallery_ids=\u00a0\u00bb1493,1492,1491,1490&Prime; posts_number=\u00a0\u00bb5&Prime; _builder_version=\u00a0\u00bb4.27.0&Prime; _module_preset=\u00a0\u00bbdefault\u00a0\u00bb title_level=\u00a0\u00bbh6&Prime; title_font=\u00a0\u00bb|||on|||||\u00a0\u00bb custom_margin=\u00a0\u00bb32px|||||\u00a0\u00bb hover_enabled=\u00a0\u00bb0&Prime; global_colors_info=\u00a0\u00bb{}\u00a0\u00bb sticky_enabled=\u00a0\u00bb0&Prime;][\/et_pb_gallery][\/et_pb_column][\/et_pb_row][\/et_pb_section]<\/p>\n","protected":false},"excerpt":{"rendered":"<p>Le conflit ulno-carpien Le conflit ulno-carpien est une pathologie du poignet qui se caract\u00e9rise par une douleur et un dysfonctionnement li\u00e9s \u00e0 une compression entre l&rsquo;ulna (l&rsquo;un des os de l&rsquo;avant-bras) et le complexe fibrocartilagineux triangulaire (TFCC) ou les os du carpe. Ce syndrome est souvent caus\u00e9 par une variation anatomique comme une ulna plus [&hellip;]<\/p>\n","protected":false},"author":1,"featured_media":0,"parent":1170,"menu_order":0,"comment_status":"closed","ping_status":"closed","template":"","meta":{"_et_pb_use_builder":"on","_et_pb_old_content":"","_et_gb_content_width":"","_monsterinsights_skip_tracking":false,"_monsterinsights_sitenote_active":false,"_monsterinsights_sitenote_note":"","_monsterinsights_sitenote_category":0,"footnotes":""},"class_list":["post-1486","page","type-page","status-publish","hentry"],"yoast_head":"<!-- This site is optimized with the Yoast SEO plugin v27.4 - https:\/\/yoast.com\/product\/yoast-seo-wordpress\/ -->\n<title>Conflit ulno-carpien | IMPPACT Chirurgie<\/title>\n<meta name=\"robots\" content=\"index, follow, max-snippet:-1, max-image-preview:large, max-video-preview:-1\" \/>\n<link rel=\"canonical\" href=\"https:\/\/imppact-chirurgie.fr\/index.php\/orthopedie\/chirurgie-du-poignet\/conflit-ulno-carpien\/\" \/>\n<meta property=\"og:locale\" content=\"fr_FR\" \/>\n<meta property=\"og:type\" content=\"article\" \/>\n<meta property=\"og:title\" content=\"Conflit ulno-carpien | IMPPACT Chirurgie\" \/>\n<meta property=\"og:description\" content=\"Le conflit ulno-carpien Le conflit ulno-carpien est une pathologie du poignet qui se caract\u00e9rise par une douleur et un dysfonctionnement li\u00e9s \u00e0 une compression entre l&#039;ulna (l&#039;un des os de l&#039;avant-bras) et le complexe fibrocartilagineux triangulaire (TFCC) ou les os du carpe. Ce syndrome est souvent caus\u00e9 par une variation anatomique comme une ulna plus [&hellip;]\" \/>\n<meta property=\"og:url\" content=\"https:\/\/imppact-chirurgie.fr\/index.php\/orthopedie\/chirurgie-du-poignet\/conflit-ulno-carpien\/\" \/>\n<meta property=\"og:site_name\" content=\"IMPPACT Chirurgie\" \/>\n<meta property=\"article:modified_time\" content=\"2024-10-08T12:01:49+00:00\" \/>\n<meta name=\"twitter:card\" content=\"summary_large_image\" \/>\n<script type=\"application\/ld+json\" class=\"yoast-schema-graph\">{\"@context\":\"https:\\\/\\\/schema.org\",\"@graph\":[{\"@type\":\"WebPage\",\"@id\":\"https:\\\/\\\/imppact-chirurgie.fr\\\/index.php\\\/orthopedie\\\/chirurgie-du-poignet\\\/conflit-ulno-carpien\\\/\",\"url\":\"https:\\\/\\\/imppact-chirurgie.fr\\\/index.php\\\/orthopedie\\\/chirurgie-du-poignet\\\/conflit-ulno-carpien\\\/\",\"name\":\"Conflit ulno-carpien | IMPPACT Chirurgie\",\"isPartOf\":{\"@id\":\"https:\\\/\\\/imppact-chirurgie.fr\\\/#website\"},\"datePublished\":\"2024-09-16T12:52:56+00:00\",\"dateModified\":\"2024-10-08T12:01:49+00:00\",\"breadcrumb\":{\"@id\":\"https:\\\/\\\/imppact-chirurgie.fr\\\/index.php\\\/orthopedie\\\/chirurgie-du-poignet\\\/conflit-ulno-carpien\\\/#breadcrumb\"},\"inLanguage\":\"fr-FR\",\"potentialAction\":[{\"@type\":\"ReadAction\",\"target\":[\"https:\\\/\\\/imppact-chirurgie.fr\\\/index.php\\\/orthopedie\\\/chirurgie-du-poignet\\\/conflit-ulno-carpien\\\/\"]}]},{\"@type\":\"BreadcrumbList\",\"@id\":\"https:\\\/\\\/imppact-chirurgie.fr\\\/index.php\\\/orthopedie\\\/chirurgie-du-poignet\\\/conflit-ulno-carpien\\\/#breadcrumb\",\"itemListElement\":[{\"@type\":\"ListItem\",\"position\":1,\"name\":\"Accueil\",\"item\":\"https:\\\/\\\/imppact-chirurgie.fr\\\/\"},{\"@type\":\"ListItem\",\"position\":2,\"name\":\"Orthop\u00e9die\",\"item\":\"https:\\\/\\\/imppact-chirurgie.fr\\\/index.php\\\/orthopedie\\\/\"},{\"@type\":\"ListItem\",\"position\":3,\"name\":\"Chirurgie du poignet\",\"item\":\"https:\\\/\\\/imppact-chirurgie.fr\\\/index.php\\\/orthopedie\\\/chirurgie-du-poignet\\\/\"},{\"@type\":\"ListItem\",\"position\":4,\"name\":\"Conflit ulno-carpien\"}]},{\"@type\":\"WebSite\",\"@id\":\"https:\\\/\\\/imppact-chirurgie.fr\\\/#website\",\"url\":\"https:\\\/\\\/imppact-chirurgie.fr\\\/\",\"name\":\"IMPPACT Chirurgie\",\"description\":\"IMPPACT Institut Main Pied Plastique Articulations Chirurgie Traumatologie\",\"publisher\":{\"@id\":\"https:\\\/\\\/imppact-chirurgie.fr\\\/#organization\"},\"potentialAction\":[{\"@type\":\"SearchAction\",\"target\":{\"@type\":\"EntryPoint\",\"urlTemplate\":\"https:\\\/\\\/imppact-chirurgie.fr\\\/?s={search_term_string}\"},\"query-input\":{\"@type\":\"PropertyValueSpecification\",\"valueRequired\":true,\"valueName\":\"search_term_string\"}}],\"inLanguage\":\"fr-FR\"},{\"@type\":\"Organization\",\"@id\":\"https:\\\/\\\/imppact-chirurgie.fr\\\/#organization\",\"name\":\"Imppact Chirurgie\",\"alternateName\":\"Institut Main Pied Plastique Articulations Chirurgie Traumatologie\",\"url\":\"https:\\\/\\\/imppact-chirurgie.fr\\\/\",\"logo\":{\"@type\":\"ImageObject\",\"inLanguage\":\"fr-FR\",\"@id\":\"https:\\\/\\\/imppact-chirurgie.fr\\\/#\\\/schema\\\/logo\\\/image\\\/\",\"url\":\"https:\\\/\\\/imppact-chirurgie.fr\\\/wp-content\\\/uploads\\\/2024\\\/02\\\/logo_final_imppact.png\",\"contentUrl\":\"https:\\\/\\\/imppact-chirurgie.fr\\\/wp-content\\\/uploads\\\/2024\\\/02\\\/logo_final_imppact.png\",\"width\":1000,\"height\":523,\"caption\":\"Imppact Chirurgie\"},\"image\":{\"@id\":\"https:\\\/\\\/imppact-chirurgie.fr\\\/#\\\/schema\\\/logo\\\/image\\\/\"}}]}<\/script>\n<!-- \/ Yoast SEO plugin. -->","yoast_head_json":{"title":"Conflit ulno-carpien | IMPPACT Chirurgie","robots":{"index":"index","follow":"follow","max-snippet":"max-snippet:-1","max-image-preview":"max-image-preview:large","max-video-preview":"max-video-preview:-1"},"canonical":"https:\/\/imppact-chirurgie.fr\/index.php\/orthopedie\/chirurgie-du-poignet\/conflit-ulno-carpien\/","og_locale":"fr_FR","og_type":"article","og_title":"Conflit ulno-carpien | IMPPACT Chirurgie","og_description":"Le conflit ulno-carpien Le conflit ulno-carpien est une pathologie du poignet qui se caract\u00e9rise par une douleur et un dysfonctionnement li\u00e9s \u00e0 une compression entre l'ulna (l'un des os de l'avant-bras) et le complexe fibrocartilagineux triangulaire (TFCC) ou les os du carpe. Ce syndrome est souvent caus\u00e9 par une variation anatomique comme une ulna plus [&hellip;]","og_url":"https:\/\/imppact-chirurgie.fr\/index.php\/orthopedie\/chirurgie-du-poignet\/conflit-ulno-carpien\/","og_site_name":"IMPPACT Chirurgie","article_modified_time":"2024-10-08T12:01:49+00:00","twitter_card":"summary_large_image","schema":{"@context":"https:\/\/schema.org","@graph":[{"@type":"WebPage","@id":"https:\/\/imppact-chirurgie.fr\/index.php\/orthopedie\/chirurgie-du-poignet\/conflit-ulno-carpien\/","url":"https:\/\/imppact-chirurgie.fr\/index.php\/orthopedie\/chirurgie-du-poignet\/conflit-ulno-carpien\/","name":"Conflit ulno-carpien | IMPPACT Chirurgie","isPartOf":{"@id":"https:\/\/imppact-chirurgie.fr\/#website"},"datePublished":"2024-09-16T12:52:56+00:00","dateModified":"2024-10-08T12:01:49+00:00","breadcrumb":{"@id":"https:\/\/imppact-chirurgie.fr\/index.php\/orthopedie\/chirurgie-du-poignet\/conflit-ulno-carpien\/#breadcrumb"},"inLanguage":"fr-FR","potentialAction":[{"@type":"ReadAction","target":["https:\/\/imppact-chirurgie.fr\/index.php\/orthopedie\/chirurgie-du-poignet\/conflit-ulno-carpien\/"]}]},{"@type":"BreadcrumbList","@id":"https:\/\/imppact-chirurgie.fr\/index.php\/orthopedie\/chirurgie-du-poignet\/conflit-ulno-carpien\/#breadcrumb","itemListElement":[{"@type":"ListItem","position":1,"name":"Accueil","item":"https:\/\/imppact-chirurgie.fr\/"},{"@type":"ListItem","position":2,"name":"Orthop\u00e9die","item":"https:\/\/imppact-chirurgie.fr\/index.php\/orthopedie\/"},{"@type":"ListItem","position":3,"name":"Chirurgie du poignet","item":"https:\/\/imppact-chirurgie.fr\/index.php\/orthopedie\/chirurgie-du-poignet\/"},{"@type":"ListItem","position":4,"name":"Conflit ulno-carpien"}]},{"@type":"WebSite","@id":"https:\/\/imppact-chirurgie.fr\/#website","url":"https:\/\/imppact-chirurgie.fr\/","name":"IMPPACT Chirurgie","description":"IMPPACT Institut Main Pied Plastique Articulations Chirurgie Traumatologie","publisher":{"@id":"https:\/\/imppact-chirurgie.fr\/#organization"},"potentialAction":[{"@type":"SearchAction","target":{"@type":"EntryPoint","urlTemplate":"https:\/\/imppact-chirurgie.fr\/?s={search_term_string}"},"query-input":{"@type":"PropertyValueSpecification","valueRequired":true,"valueName":"search_term_string"}}],"inLanguage":"fr-FR"},{"@type":"Organization","@id":"https:\/\/imppact-chirurgie.fr\/#organization","name":"Imppact Chirurgie","alternateName":"Institut Main Pied Plastique Articulations Chirurgie Traumatologie","url":"https:\/\/imppact-chirurgie.fr\/","logo":{"@type":"ImageObject","inLanguage":"fr-FR","@id":"https:\/\/imppact-chirurgie.fr\/#\/schema\/logo\/image\/","url":"https:\/\/imppact-chirurgie.fr\/wp-content\/uploads\/2024\/02\/logo_final_imppact.png","contentUrl":"https:\/\/imppact-chirurgie.fr\/wp-content\/uploads\/2024\/02\/logo_final_imppact.png","width":1000,"height":523,"caption":"Imppact Chirurgie"},"image":{"@id":"https:\/\/imppact-chirurgie.fr\/#\/schema\/logo\/image\/"}}]}},"_links":{"self":[{"href":"https:\/\/imppact-chirurgie.fr\/index.php\/wp-json\/wp\/v2\/pages\/1486","targetHints":{"allow":["GET"]}}],"collection":[{"href":"https:\/\/imppact-chirurgie.fr\/index.php\/wp-json\/wp\/v2\/pages"}],"about":[{"href":"https:\/\/imppact-chirurgie.fr\/index.php\/wp-json\/wp\/v2\/types\/page"}],"author":[{"embeddable":true,"href":"https:\/\/imppact-chirurgie.fr\/index.php\/wp-json\/wp\/v2\/users\/1"}],"replies":[{"embeddable":true,"href":"https:\/\/imppact-chirurgie.fr\/index.php\/wp-json\/wp\/v2\/comments?post=1486"}],"version-history":[{"count":5,"href":"https:\/\/imppact-chirurgie.fr\/index.php\/wp-json\/wp\/v2\/pages\/1486\/revisions"}],"predecessor-version":[{"id":1892,"href":"https:\/\/imppact-chirurgie.fr\/index.php\/wp-json\/wp\/v2\/pages\/1486\/revisions\/1892"}],"up":[{"embeddable":true,"href":"https:\/\/imppact-chirurgie.fr\/index.php\/wp-json\/wp\/v2\/pages\/1170"}],"wp:attachment":[{"href":"https:\/\/imppact-chirurgie.fr\/index.php\/wp-json\/wp\/v2\/media?parent=1486"}],"curies":[{"name":"wp","href":"https:\/\/api.w.org\/{rel}","templated":true}]}}