{"id":1631,"date":"2024-09-30T11:23:03","date_gmt":"2024-09-30T09:23:03","guid":{"rendered":"https:\/\/imppact-chirurgie.fr\/?page_id=1631"},"modified":"2024-10-22T22:18:20","modified_gmt":"2024-10-22T20:18:20","slug":"arthrose-du-genou","status":"publish","type":"page","link":"https:\/\/imppact-chirurgie.fr\/index.php\/orthopedie\/chirurgie-du-genou\/arthrose-du-genou\/","title":{"rendered":"Arthrose du genou"},"content":{"rendered":"<p>[et_pb_section fb_built=\u00a0\u00bb1&Prime; admin_label=\u00a0\u00bbsection\u00a0\u00bb _builder_version=\u00a0\u00bb4.16&Prime; global_colors_info=\u00a0\u00bb{}\u00a0\u00bb][et_pb_row admin_label=\u00a0\u00bbrow\u00a0\u00bb _builder_version=\u00a0\u00bb4.27.2&Prime; background_size=\u00a0\u00bbinitial\u00a0\u00bb background_position=\u00a0\u00bbtop_left\u00a0\u00bb background_repeat=\u00a0\u00bbrepeat\u00a0\u00bb custom_margin=\u00a0\u00bb||||false|false\u00a0\u00bb custom_padding=\u00a0\u00bb||||false|false\u00a0\u00bb hover_enabled=\u00a0\u00bb0&Prime; global_colors_info=\u00a0\u00bb{}\u00a0\u00bb sticky_enabled=\u00a0\u00bb0&Prime;][et_pb_column type=\u00a0\u00bb4_4&Prime; _builder_version=\u00a0\u00bb4.16&Prime; custom_padding=\u00a0\u00bb|||\u00a0\u00bb global_colors_info=\u00a0\u00bb{}\u00a0\u00bb custom_padding__hover=\u00a0\u00bb|||\u00a0\u00bb][et_pb_text admin_label=\u00a0\u00bbText\u00a0\u00bb _builder_version=\u00a0\u00bb4.27.2&Prime; background_size=\u00a0\u00bbinitial\u00a0\u00bb background_position=\u00a0\u00bbtop_left\u00a0\u00bb background_repeat=\u00a0\u00bbrepeat\u00a0\u00bb custom_margin=\u00a0\u00bb||||false|false\u00a0\u00bb custom_padding=\u00a0\u00bb||||false|false\u00a0\u00bb hover_enabled=\u00a0\u00bb0&Prime; global_colors_info=\u00a0\u00bb{}\u00a0\u00bb sticky_enabled=\u00a0\u00bb0&Prime;]<\/p>\n<p>&nbsp;<\/p>\n<h2>Arthrose du genou<\/h2>\n<div id=\"bgLayers_comp-jjy2t0ay\" data-hook=\"bgLayers\" data-motion-part=\"BG_LAYER\" class=\"MW5IWV\"><\/div>\n<p class=\"font_8 wixui-rich-text__text\"><span class=\"wixui-rich-text__text\">L&rsquo;arthrose\u00a0commence par une d\u00e9t\u00e9rioration du cartilage articulaire puis \u00e9volue vers l&rsquo;atteinte de toutes les structures de l&rsquo;articulation, en particulier de l&rsquo;os situ\u00e9 sous le cartilage.<br class=\"wixui-rich-text__text\" \/>Le vieillissement normal du cartilage au cours de la vie ne peut pas provoquer d&rsquo;arthrose \u00e0 lui seul.<\/span><\/p>\n<p class=\"font_8 wixui-rich-text__text\"><span class=\"wixui-rich-text__text\">L&rsquo;arthrose est une maladie \u00e0 part enti\u00e8re, d\u00e9clench\u00e9e par un exc\u00e8s de pression sur le cartilage. Des fragments du cartilage fragilis\u00e9 se d\u00e9tachent dans la cavit\u00e9 articulaire, comme des grains de sable. La membrane synoviale devient discr\u00e8tement inflammatoire.<br class=\"wixui-rich-text__text\" \/>En r\u00e9action \u00e0 cet exc\u00e8s de pression, l&rsquo;os situ\u00e9 sous le cartilage prolif\u00e8re et produit une collerette osseuse autour de l&rsquo;articulation. Cette prolif\u00e9ration d&rsquo;os forme des excroissances osseuses appel\u00e9es\u00a0ost\u00e9ophytes.<\/span><\/p>\n<p class=\"font_8 wixui-rich-text__text\"><span class=\"wixui-rich-text__text\">Les\u00a0douleurs de l&rsquo;arthrose\u00a0ne proviennent pas du cartilage endommag\u00e9, car il n&rsquo;est pas innerv\u00e9, mais de l&rsquo;atteinte de toute l&rsquo;articulation<\/span><\/p>\n<p class=\"font_8 wixui-rich-text__text\"><span class=\"wixui-rich-text__text\">Il existe de nombreux facteurs de risque de l&rsquo;arthrose\u00a0:<\/span><\/p>\n<ul class=\"font_8 wixui-rich-text__text\">\n<li class=\"wixui-rich-text__text\">\n<p class=\"font_8 wixui-rich-text__text\"><span class=\"wixui-rich-text__text\">l&rsquo;\u00e2ge\u00a0: l&rsquo;arthrose dite \u00ab\u00a0primitive\u00a0\u00bb du genou appara\u00eet sans cause \u00e9vidente et est souvent li\u00e9e au vieillissement. Elle est rare chez les moins de 40 ans\u00a0;<\/span><\/p>\n<\/li>\n<li class=\"wixui-rich-text__text\">\n<p class=\"font_8 wixui-rich-text__text\"><span class=\"wixui-rich-text__text\">le sexe\u00a0: l&rsquo;arthrose du genou est plus fr\u00e9quente chez les femmes. On constate une augmentation de sa fr\u00e9quence apr\u00e8s la m\u00e9nopause\u00a0;<\/span><\/p>\n<\/li>\n<li class=\"wixui-rich-text__text\">\n<p class=\"font_8 wixui-rich-text__text\"><span class=\"wixui-rich-text__text\">les ant\u00e9c\u00e9dents familiaux\u00a0: des facteurs g\u00e9n\u00e9tiques pr\u00e9disposent \u00e0 l&rsquo;arthrose du genou\u00a0;<\/span><\/p>\n<\/li>\n<li class=\"wixui-rich-text__text\">\n<p class=\"font_8 wixui-rich-text__text\"><span class=\"wixui-rich-text__text\">la surcharge sur les articulations\u00a0: elle peut \u00eatre li\u00e9e \u00e0 un surpoids\u00a0ou au port fr\u00e9quent de charges lourdes\u00a0;<\/span><\/p>\n<\/li>\n<li class=\"wixui-rich-text__text\">\n<p class=\"font_8 wixui-rich-text__text\"><span class=\"wixui-rich-text__text\">le surmenage des ligaments et des articulations qui entra\u00eenent des microtraumatismes r\u00e9p\u00e9t\u00e9s lors de certaines activit\u00e9s professionnelles (pose de carrelage&#8230;) ou sportives (football ou rugby)\u00a0;<\/span><\/p>\n<\/li>\n<li class=\"wixui-rich-text__text\">\n<p class=\"font_8 wixui-rich-text__text\"><span class=\"wixui-rich-text__text\">une d\u00e9viation de l&rsquo;axe de la jambe, nomm\u00e9e \u00ab\u00a0genu varum\u00a0\u00bb (genou pro\u00e9minent vers l&rsquo;ext\u00e9rieur) ou \u00ab\u00a0genu valgum\u00a0\u00bb (genou pro\u00e9minent vers l&rsquo;int\u00e9rieur)\u00a0;<\/span><\/p>\n<\/li>\n<li class=\"wixui-rich-text__text\">\n<p class=\"font_8 wixui-rich-text__text\"><span class=\"wixui-rich-text__text\">un traumatisme du genou\u00a0: une\u00a0l\u00e9sionde m\u00e9nisque , une\u00a0entorse grave avec rupture du ligament crois\u00e9 ant\u00e9rieur, une fracture articulaire&#8230;\u00a0;<\/span><\/p>\n<\/li>\n<li class=\"wixui-rich-text__text\">\n<p class=\"font_8 wixui-rich-text__text\"><span class=\"wixui-rich-text__text\">une l\u00e9sion osseuse du genou\u00a0: fracture, n\u00e9crose de l&rsquo;os situ\u00e9 sous le cartilage&#8230;\u00a0;<\/span><\/p>\n<\/li>\n<li class=\"wixui-rich-text__text\">\n<p class=\"font_8 wixui-rich-text__text\"><span class=\"wixui-rich-text__text\">une\u00a0luxation, une instabilit\u00e9 de la\u00a0rotule, une\u00a0rotule\u00a0trop plate\u00a0;<\/span><\/p>\n<\/li>\n<li class=\"wixui-rich-text__text\">\n<p class=\"font_8 wixui-rich-text__text\"><span class=\"wixui-rich-text__text\">une maladie m\u00e9tabolique (goutte&#8230;), inflammatoire (<a href=\"https:\/\/www.ameli.fr\/lille-douai\/assure\/sante\/themes\/polyarthrite-rhumatoide\" target=\"_blank\" class=\"wixui-rich-text__text\" rel=\"noopener\">polyarthrite rhumato\u00efde<\/a>&#8230;) ou infectieuse (arthrite infectieuse&#8230;), responsable de l\u00e9sions articulaires.<\/span><\/p>\n<\/li>\n<\/ul>\n<p class=\"font_8 wixui-rich-text__text\"><strong><span class=\"wixui-rich-text__text\">DIAGNOSTIC<\/span><\/strong><\/p>\n<p class=\"font_8 wixui-rich-text__text\"><span class=\"wixui-rich-text__text\">Pour diagnostiquer le type d\u2019arthrose du genou, un examen clinique est r\u00e9alis\u00e9 par le m\u00e9decin traitant.<\/span><\/p>\n<p class=\"font_8 wixui-rich-text__text\"><span class=\"wixui-rich-text__text\">Cet examen permet aussi d\u2018\u00e9liminer les autres pathologies du genou ou une arthrose de la hanche (qui peut se traduire par des douleurs au genou). Un avis aupr\u00e8s d&rsquo;un chirurgien orthop\u00e9diste peut \u00eatre n\u00e9cessaire.<\/span><\/p>\n<p class=\"font_8 wixui-rich-text__text\"><span class=\"wixui-rich-text__text\">L&rsquo;examen clinique consiste \u00e0\u00a0:<\/span><\/p>\n<ul class=\"font_8 wixui-rich-text__text\">\n<li class=\"wixui-rich-text__text\">\n<p class=\"font_8 wixui-rich-text__text\"><span class=\"wixui-rich-text__text\">\u00e9valuer la g\u00eane ressentie et la limitation de l&rsquo;autonomie\u00a0;<\/span><\/p>\n<\/li>\n<li class=\"wixui-rich-text__text\">\n<p class=\"font_8 wixui-rich-text__text\"><span class=\"wixui-rich-text__text\">identifier les mouvements qui r\u00e9veillent la douleur (par exemple, pour l&rsquo;arthrose f\u00e9moro-patellaire, l&rsquo;extension contre r\u00e9sistance de la jambe et la pression de la\u00a0rotule\u00a0sur le genou fl\u00e9chi)\u00a0;<\/span><\/p>\n<\/li>\n<li class=\"wixui-rich-text__text\">\n<p class=\"font_8 wixui-rich-text__text\"><span class=\"wixui-rich-text__text\">\u00e9valuer, debout et \u00e0 la marche, les d\u00e9viations d&rsquo;axes des jambes\u00a0;<\/span><\/p>\n<\/li>\n<li class=\"wixui-rich-text__text\">\n<p class=\"font_8 wixui-rich-text__text\"><span class=\"wixui-rich-text__text\">appr\u00e9cier la mobilit\u00e9 du genou\u00a0;<\/span><\/p>\n<\/li>\n<li class=\"wixui-rich-text__text\">\n<p class=\"font_8 wixui-rich-text__text\"><span class=\"wixui-rich-text__text\">rep\u00e9rer les d\u00e9formations du genou par l&rsquo;arthrose ou par un \u00e9ventuel\u00a0\u00e9panchementarticulaire.<\/span><\/p>\n<\/li>\n<\/ul>\n<p class=\"font_8 wixui-rich-text__text\"><span class=\"wixui-rich-text__text\">Une radio du genou confirme le diagnostic de l&rsquo;arthrose du genou\u00a0:<\/span><\/p>\n<ul class=\"font_8 wixui-rich-text__text\">\n<li class=\"wixui-rich-text__text\">\n<p class=\"font_8 wixui-rich-text__text\"><span class=\"wixui-rich-text__text\">diminution de l&rsquo;espace entre les deux extr\u00e9mit\u00e9s osseuses, du fait de l&rsquo;amincissement du cartilage\u00a0;<\/span><\/p>\n<\/li>\n<li class=\"wixui-rich-text__text\">\n<p class=\"font_8 wixui-rich-text__text\"><span class=\"wixui-rich-text__text\">densification de l&rsquo;os sur lequel repose le cartilage\u00a0;<\/span><\/p>\n<\/li>\n<li class=\"wixui-rich-text__text\">\n<p class=\"font_8 wixui-rich-text__text\"><span class=\"wixui-rich-text__text\">prolif\u00e9ration d&rsquo;os (ost\u00e9ophytes).<\/span><\/p>\n<\/li>\n<\/ul>\n<p class=\"font_8 wixui-rich-text__text\"><span class=\"wixui-rich-text__text\">Elle pr\u00e9cise\u00a0:<\/span><\/p>\n<ul class=\"font_8 wixui-rich-text__text\">\n<li class=\"wixui-rich-text__text\">\n<p class=\"font_8 wixui-rich-text__text\"><span class=\"wixui-rich-text__text\">la nature de l&rsquo;arthrose\u00a0: elle est soit primitive, li\u00e9e au vieillissement articulaire, soit secondaire \u00e0 une cause, le plus souvent traumatique\u00a0;<\/span><\/p>\n<\/li>\n<li class=\"wixui-rich-text__text\">\n<p class=\"font_8 wixui-rich-text__text\"><span class=\"wixui-rich-text__text\">sa localisation\u00a0: arthrose f\u00e9moro-patellaire, f\u00e9moro-tibiale ou association des deux localisations.<\/span><\/p>\n<\/li>\n<\/ul>\n<p class=\"font_8 wixui-rich-text__text\"><span class=\"wixui-rich-text__text\">L\u2019analyse radiologique \u00e9tudie \u00e9galement l\u2019axe des jambes \u00e0 la recherche d\u2019une d\u00e9viation.<\/span><\/p>\n<p class=\"font_8 wixui-rich-text__text\"><span class=\"wixui-rich-text__text\">D&rsquo;autres examens sont rarement n\u00e9cessaires.<\/span><\/p>\n<p class=\"font_8 wixui-rich-text__text\"><strong><span class=\"wixui-rich-text__text\">TRAITEMENT DE LA GONARTHROSE<\/span><\/strong><\/p>\n<p class=\"font_8 wixui-rich-text__text\"><strong><span class=\"wixui-rich-text__text\">1 \/\/ TRAITEMENT\u00a0<\/span><span class=\"wixui-rich-text__text\">M\u00c9DICAL<\/span><span class=\"wixui-rich-text__text\">\u00a0ET\u00a0<\/span><span class=\"wixui-rich-text__text\">R\u00c8GLES<\/span><span class=\"wixui-rich-text__text\">\u00a0D\u00a0<\/span><span class=\"wixui-rich-text__text\">HYGI\u00c8NES<\/span><\/strong><\/p>\n<ul class=\"font_8 wixui-rich-text__text\">\n<li class=\"wixui-rich-text__text\">\n<p class=\"font_8 wixui-rich-text__text\"><span class=\"wixui-rich-text__text\">une bonne hygi\u00e8ne de vie\u00a0: des activit\u00e9s physiques adapt\u00e9es, une perte de poids lorsqu&rsquo;elle est n\u00e9cessaire\u00a0on peut associer ces r\u00e8gles a de la kin\u00e9sith\u00e9rapie et des antalgiques.<\/span><\/p>\n<\/li>\n<li class=\"wixui-rich-text__text\">\n<p class=\"font_8 wixui-rich-text__text\"><span class=\"wixui-rich-text__text\">si n\u00e9cessaire, des infiltrations de cortico\u00efdes qui agissent sur la douleur ou d&rsquo;acide hyaluronique\u00a0pour \u00ab\u00a0lubrifier\u00a0\u00bb l&rsquo;int\u00e9rieur de l&rsquo;articulation l\u2019acide hyualuronique peut etre associ\u00e9 a des injections de PrP (plasma enrichi )<\/span><\/p>\n<\/li>\n<\/ul>\n<p class=\"font_8 wixui-rich-text__text\"><span class=\"wixui-rich-text__text\"><span class=\"wixGuard wixui-rich-text__text\">\u200b<\/span><\/span><span class=\"wixui-rich-text__text\">L&rsquo;ensemble de ses r\u00e8gles et traitement ne permettent pas la gu\u00e9rison de l\u2019arthrose et ne permettent pas la r\u00e9g\u00e9n\u00e9ration du cartilage.<\/span><\/p>\n<p class=\"font_8 wixui-rich-text__text\"><strong><span class=\"wixui-rich-text__text\">2 \/\/ LES CHIRURGIES CONSERVATRICES<\/span><\/strong><\/p>\n<p class=\"font_8 wixui-rich-text__text\"><span class=\"wixui-rich-text__text\">elles ont pour but de corriger des anomalies d\u2019axes du genou ou de mauvais positionnement de la rotule. Ells ont le merite de retarder l\u2019arthrose du genou voir l\u2019empecher.<\/span><\/p>\n<p class=\"font_8 wixui-rich-text__text\"><strong><span class=\"wixui-rich-text__text\">3 \/\/ LA\u00a0<\/span><span class=\"wixui-rich-text__text\">PROTH\u00c8SE<\/span><span class=\"wixui-rich-text__text\">\u00a0DU GENOU<\/span><\/strong><\/p>\n<p class=\"font_8 wixui-rich-text__text\"><span class=\"wixui-rich-text__text\">Il existe de nombreux mod\u00e8les de proth\u00e8ses de genou. La proth\u00e8se de genou permet de reprendre une vie quotidienne quasi normale, la proth\u00e8se de genou permet \u00e9galement de diminuer la douleur li\u00e9 a l\u2019arthrose.<\/span><\/p>\n<p>[\/et_pb_text][\/et_pb_column][\/et_pb_row][\/et_pb_section]<\/p>\n","protected":false},"excerpt":{"rendered":"<p>&nbsp; Arthrose du genou L&rsquo;arthrose\u00a0commence par une d\u00e9t\u00e9rioration du cartilage articulaire puis \u00e9volue vers l&rsquo;atteinte de toutes les structures de l&rsquo;articulation, en particulier de l&rsquo;os situ\u00e9 sous le cartilage.Le vieillissement normal du cartilage au cours de la vie ne peut pas provoquer d&rsquo;arthrose \u00e0 lui seul. L&rsquo;arthrose est une maladie \u00e0 part enti\u00e8re, d\u00e9clench\u00e9e par [&hellip;]<\/p>\n","protected":false},"author":1,"featured_media":0,"parent":1623,"menu_order":0,"comment_status":"closed","ping_status":"closed","template":"","meta":{"_et_pb_use_builder":"on","_et_pb_old_content":"","_et_gb_content_width":"","_monsterinsights_skip_tracking":false,"_monsterinsights_sitenote_active":false,"_monsterinsights_sitenote_note":"","_monsterinsights_sitenote_category":0,"footnotes":""},"class_list":["post-1631","page","type-page","status-publish","hentry"],"yoast_head":"<!-- This site is optimized with the Yoast SEO plugin v27.3 - https:\/\/yoast.com\/product\/yoast-seo-wordpress\/ -->\n<title>Arthrose du genou | IMPPACT Chirurgie<\/title>\n<meta name=\"robots\" content=\"index, follow, max-snippet:-1, max-image-preview:large, max-video-preview:-1\" \/>\n<link rel=\"canonical\" href=\"https:\/\/imppact-chirurgie.fr\/index.php\/orthopedie\/chirurgie-du-genou\/arthrose-du-genou\/\" \/>\n<meta property=\"og:locale\" content=\"fr_FR\" \/>\n<meta property=\"og:type\" content=\"article\" \/>\n<meta property=\"og:title\" content=\"Arthrose du genou | IMPPACT Chirurgie\" \/>\n<meta property=\"og:description\" content=\"&nbsp; Arthrose du genou L&#039;arthrose\u00a0commence par une d\u00e9t\u00e9rioration du cartilage articulaire puis \u00e9volue vers l&#039;atteinte de toutes les structures de l&#039;articulation, en particulier de l&#039;os situ\u00e9 sous le cartilage.Le vieillissement normal du cartilage au cours de la vie ne peut pas provoquer d&#039;arthrose \u00e0 lui seul. L&#039;arthrose est une maladie \u00e0 part enti\u00e8re, d\u00e9clench\u00e9e par [&hellip;]\" \/>\n<meta property=\"og:url\" content=\"https:\/\/imppact-chirurgie.fr\/index.php\/orthopedie\/chirurgie-du-genou\/arthrose-du-genou\/\" \/>\n<meta property=\"og:site_name\" content=\"IMPPACT Chirurgie\" \/>\n<meta property=\"article:modified_time\" content=\"2024-10-22T20:18:20+00:00\" \/>\n<meta name=\"twitter:card\" content=\"summary_large_image\" \/>\n<meta name=\"twitter:label1\" content=\"Dur\u00e9e de lecture estim\u00e9e\" \/>\n\t<meta name=\"twitter:data1\" content=\"4 minutes\" \/>\n<script type=\"application\/ld+json\" class=\"yoast-schema-graph\">{\"@context\":\"https:\\\/\\\/schema.org\",\"@graph\":[{\"@type\":\"WebPage\",\"@id\":\"https:\\\/\\\/imppact-chirurgie.fr\\\/index.php\\\/orthopedie\\\/chirurgie-du-genou\\\/arthrose-du-genou\\\/\",\"url\":\"https:\\\/\\\/imppact-chirurgie.fr\\\/index.php\\\/orthopedie\\\/chirurgie-du-genou\\\/arthrose-du-genou\\\/\",\"name\":\"Arthrose du genou | IMPPACT Chirurgie\",\"isPartOf\":{\"@id\":\"https:\\\/\\\/imppact-chirurgie.fr\\\/#website\"},\"datePublished\":\"2024-09-30T09:23:03+00:00\",\"dateModified\":\"2024-10-22T20:18:20+00:00\",\"breadcrumb\":{\"@id\":\"https:\\\/\\\/imppact-chirurgie.fr\\\/index.php\\\/orthopedie\\\/chirurgie-du-genou\\\/arthrose-du-genou\\\/#breadcrumb\"},\"inLanguage\":\"fr-FR\",\"potentialAction\":[{\"@type\":\"ReadAction\",\"target\":[\"https:\\\/\\\/imppact-chirurgie.fr\\\/index.php\\\/orthopedie\\\/chirurgie-du-genou\\\/arthrose-du-genou\\\/\"]}]},{\"@type\":\"BreadcrumbList\",\"@id\":\"https:\\\/\\\/imppact-chirurgie.fr\\\/index.php\\\/orthopedie\\\/chirurgie-du-genou\\\/arthrose-du-genou\\\/#breadcrumb\",\"itemListElement\":[{\"@type\":\"ListItem\",\"position\":1,\"name\":\"Accueil\",\"item\":\"https:\\\/\\\/imppact-chirurgie.fr\\\/\"},{\"@type\":\"ListItem\",\"position\":2,\"name\":\"Orthop\u00e9die\",\"item\":\"https:\\\/\\\/imppact-chirurgie.fr\\\/index.php\\\/orthopedie\\\/\"},{\"@type\":\"ListItem\",\"position\":3,\"name\":\"Chirurgie du genou\",\"item\":\"https:\\\/\\\/imppact-chirurgie.fr\\\/index.php\\\/orthopedie\\\/chirurgie-du-genou\\\/\"},{\"@type\":\"ListItem\",\"position\":4,\"name\":\"Arthrose du genou\"}]},{\"@type\":\"WebSite\",\"@id\":\"https:\\\/\\\/imppact-chirurgie.fr\\\/#website\",\"url\":\"https:\\\/\\\/imppact-chirurgie.fr\\\/\",\"name\":\"IMPPACT Chirurgie\",\"description\":\"IMPPACT Institut Main Pied Plastique Articulations Chirurgie Traumatologie\",\"publisher\":{\"@id\":\"https:\\\/\\\/imppact-chirurgie.fr\\\/#organization\"},\"potentialAction\":[{\"@type\":\"SearchAction\",\"target\":{\"@type\":\"EntryPoint\",\"urlTemplate\":\"https:\\\/\\\/imppact-chirurgie.fr\\\/?s={search_term_string}\"},\"query-input\":{\"@type\":\"PropertyValueSpecification\",\"valueRequired\":true,\"valueName\":\"search_term_string\"}}],\"inLanguage\":\"fr-FR\"},{\"@type\":\"Organization\",\"@id\":\"https:\\\/\\\/imppact-chirurgie.fr\\\/#organization\",\"name\":\"Imppact Chirurgie\",\"alternateName\":\"Institut Main Pied Plastique Articulations Chirurgie Traumatologie\",\"url\":\"https:\\\/\\\/imppact-chirurgie.fr\\\/\",\"logo\":{\"@type\":\"ImageObject\",\"inLanguage\":\"fr-FR\",\"@id\":\"https:\\\/\\\/imppact-chirurgie.fr\\\/#\\\/schema\\\/logo\\\/image\\\/\",\"url\":\"https:\\\/\\\/imppact-chirurgie.fr\\\/wp-content\\\/uploads\\\/2024\\\/02\\\/logo_final_imppact.png\",\"contentUrl\":\"https:\\\/\\\/imppact-chirurgie.fr\\\/wp-content\\\/uploads\\\/2024\\\/02\\\/logo_final_imppact.png\",\"width\":1000,\"height\":523,\"caption\":\"Imppact Chirurgie\"},\"image\":{\"@id\":\"https:\\\/\\\/imppact-chirurgie.fr\\\/#\\\/schema\\\/logo\\\/image\\\/\"}}]}<\/script>\n<!-- \/ Yoast SEO plugin. -->","yoast_head_json":{"title":"Arthrose du genou | IMPPACT Chirurgie","robots":{"index":"index","follow":"follow","max-snippet":"max-snippet:-1","max-image-preview":"max-image-preview:large","max-video-preview":"max-video-preview:-1"},"canonical":"https:\/\/imppact-chirurgie.fr\/index.php\/orthopedie\/chirurgie-du-genou\/arthrose-du-genou\/","og_locale":"fr_FR","og_type":"article","og_title":"Arthrose du genou | IMPPACT Chirurgie","og_description":"&nbsp; Arthrose du genou L'arthrose\u00a0commence par une d\u00e9t\u00e9rioration du cartilage articulaire puis \u00e9volue vers l'atteinte de toutes les structures de l'articulation, en particulier de l'os situ\u00e9 sous le cartilage.Le vieillissement normal du cartilage au cours de la vie ne peut pas provoquer d'arthrose \u00e0 lui seul. L'arthrose est une maladie \u00e0 part enti\u00e8re, d\u00e9clench\u00e9e par [&hellip;]","og_url":"https:\/\/imppact-chirurgie.fr\/index.php\/orthopedie\/chirurgie-du-genou\/arthrose-du-genou\/","og_site_name":"IMPPACT Chirurgie","article_modified_time":"2024-10-22T20:18:20+00:00","twitter_card":"summary_large_image","twitter_misc":{"Dur\u00e9e de lecture estim\u00e9e":"4 minutes"},"schema":{"@context":"https:\/\/schema.org","@graph":[{"@type":"WebPage","@id":"https:\/\/imppact-chirurgie.fr\/index.php\/orthopedie\/chirurgie-du-genou\/arthrose-du-genou\/","url":"https:\/\/imppact-chirurgie.fr\/index.php\/orthopedie\/chirurgie-du-genou\/arthrose-du-genou\/","name":"Arthrose du genou | IMPPACT Chirurgie","isPartOf":{"@id":"https:\/\/imppact-chirurgie.fr\/#website"},"datePublished":"2024-09-30T09:23:03+00:00","dateModified":"2024-10-22T20:18:20+00:00","breadcrumb":{"@id":"https:\/\/imppact-chirurgie.fr\/index.php\/orthopedie\/chirurgie-du-genou\/arthrose-du-genou\/#breadcrumb"},"inLanguage":"fr-FR","potentialAction":[{"@type":"ReadAction","target":["https:\/\/imppact-chirurgie.fr\/index.php\/orthopedie\/chirurgie-du-genou\/arthrose-du-genou\/"]}]},{"@type":"BreadcrumbList","@id":"https:\/\/imppact-chirurgie.fr\/index.php\/orthopedie\/chirurgie-du-genou\/arthrose-du-genou\/#breadcrumb","itemListElement":[{"@type":"ListItem","position":1,"name":"Accueil","item":"https:\/\/imppact-chirurgie.fr\/"},{"@type":"ListItem","position":2,"name":"Orthop\u00e9die","item":"https:\/\/imppact-chirurgie.fr\/index.php\/orthopedie\/"},{"@type":"ListItem","position":3,"name":"Chirurgie du genou","item":"https:\/\/imppact-chirurgie.fr\/index.php\/orthopedie\/chirurgie-du-genou\/"},{"@type":"ListItem","position":4,"name":"Arthrose du genou"}]},{"@type":"WebSite","@id":"https:\/\/imppact-chirurgie.fr\/#website","url":"https:\/\/imppact-chirurgie.fr\/","name":"IMPPACT Chirurgie","description":"IMPPACT Institut Main Pied Plastique Articulations Chirurgie Traumatologie","publisher":{"@id":"https:\/\/imppact-chirurgie.fr\/#organization"},"potentialAction":[{"@type":"SearchAction","target":{"@type":"EntryPoint","urlTemplate":"https:\/\/imppact-chirurgie.fr\/?s={search_term_string}"},"query-input":{"@type":"PropertyValueSpecification","valueRequired":true,"valueName":"search_term_string"}}],"inLanguage":"fr-FR"},{"@type":"Organization","@id":"https:\/\/imppact-chirurgie.fr\/#organization","name":"Imppact Chirurgie","alternateName":"Institut Main Pied Plastique Articulations Chirurgie Traumatologie","url":"https:\/\/imppact-chirurgie.fr\/","logo":{"@type":"ImageObject","inLanguage":"fr-FR","@id":"https:\/\/imppact-chirurgie.fr\/#\/schema\/logo\/image\/","url":"https:\/\/imppact-chirurgie.fr\/wp-content\/uploads\/2024\/02\/logo_final_imppact.png","contentUrl":"https:\/\/imppact-chirurgie.fr\/wp-content\/uploads\/2024\/02\/logo_final_imppact.png","width":1000,"height":523,"caption":"Imppact Chirurgie"},"image":{"@id":"https:\/\/imppact-chirurgie.fr\/#\/schema\/logo\/image\/"}}]}},"_links":{"self":[{"href":"https:\/\/imppact-chirurgie.fr\/index.php\/wp-json\/wp\/v2\/pages\/1631","targetHints":{"allow":["GET"]}}],"collection":[{"href":"https:\/\/imppact-chirurgie.fr\/index.php\/wp-json\/wp\/v2\/pages"}],"about":[{"href":"https:\/\/imppact-chirurgie.fr\/index.php\/wp-json\/wp\/v2\/types\/page"}],"author":[{"embeddable":true,"href":"https:\/\/imppact-chirurgie.fr\/index.php\/wp-json\/wp\/v2\/users\/1"}],"replies":[{"embeddable":true,"href":"https:\/\/imppact-chirurgie.fr\/index.php\/wp-json\/wp\/v2\/comments?post=1631"}],"version-history":[{"count":5,"href":"https:\/\/imppact-chirurgie.fr\/index.php\/wp-json\/wp\/v2\/pages\/1631\/revisions"}],"predecessor-version":[{"id":1926,"href":"https:\/\/imppact-chirurgie.fr\/index.php\/wp-json\/wp\/v2\/pages\/1631\/revisions\/1926"}],"up":[{"embeddable":true,"href":"https:\/\/imppact-chirurgie.fr\/index.php\/wp-json\/wp\/v2\/pages\/1623"}],"wp:attachment":[{"href":"https:\/\/imppact-chirurgie.fr\/index.php\/wp-json\/wp\/v2\/media?parent=1631"}],"curies":[{"name":"wp","href":"https:\/\/api.w.org\/{rel}","templated":true}]}}