{"id":1645,"date":"2024-09-30T12:24:46","date_gmt":"2024-09-30T10:24:46","guid":{"rendered":"https:\/\/imppact-chirurgie.fr\/?page_id=1645"},"modified":"2024-10-22T22:19:40","modified_gmt":"2024-10-22T20:19:40","slug":"prothese-du-genou","status":"publish","type":"page","link":"https:\/\/imppact-chirurgie.fr\/index.php\/orthopedie\/chirurgie-du-genou\/prothese-du-genou\/","title":{"rendered":"Proth\u00e8se du genou"},"content":{"rendered":"<p>[et_pb_section fb_built=\u00a0\u00bb1&Prime; admin_label=\u00a0\u00bbsection\u00a0\u00bb _builder_version=\u00a0\u00bb4.16&Prime; global_colors_info=\u00a0\u00bb{}\u00a0\u00bb][et_pb_row admin_label=\u00a0\u00bbrow\u00a0\u00bb _builder_version=\u00a0\u00bb4.27.2&Prime; background_size=\u00a0\u00bbinitial\u00a0\u00bb background_position=\u00a0\u00bbtop_left\u00a0\u00bb background_repeat=\u00a0\u00bbrepeat\u00a0\u00bb custom_margin=\u00a0\u00bb||||false|false\u00a0\u00bb custom_padding=\u00a0\u00bb||||false|false\u00a0\u00bb hover_enabled=\u00a0\u00bb0&Prime; global_colors_info=\u00a0\u00bb{}\u00a0\u00bb sticky_enabled=\u00a0\u00bb0&Prime;][et_pb_column type=\u00a0\u00bb4_4&Prime; _builder_version=\u00a0\u00bb4.16&Prime; custom_padding=\u00a0\u00bb|||\u00a0\u00bb global_colors_info=\u00a0\u00bb{}\u00a0\u00bb custom_padding__hover=\u00a0\u00bb|||\u00a0\u00bb][et_pb_text admin_label=\u00a0\u00bbText\u00a0\u00bb _builder_version=\u00a0\u00bb4.27.0&Prime; background_size=\u00a0\u00bbinitial\u00a0\u00bb background_position=\u00a0\u00bbtop_left\u00a0\u00bb background_repeat=\u00a0\u00bbrepeat\u00a0\u00bb width=\u00a0\u00bb99.8%\u00a0\u00bb custom_margin=\u00a0\u00bb||||false|false\u00a0\u00bb custom_padding=\u00a0\u00bb|||0px||\u00a0\u00bb global_colors_info=\u00a0\u00bb{}\u00a0\u00bb]<\/p>\n<h1 style=\"text-align: justify;\"><span style=\"font-size: 26px;\"><\/span><\/h1>\n<h1 style=\"text-align: justify;\"><span style=\"font-size: 26px;\">La proth\u00e8se totale du genou<\/span><\/h1>\n<div data-mesh-id=\"comp-jjy3ebjpinlineContent\" data-testid=\"inline-content\" class=\"\">\n<div data-mesh-id=\"comp-jjy3ebjpinlineContent-gridContainer\" data-testid=\"mesh-container-content\">\n<div id=\"comp-jjy3ebjx\" class=\"HcOXKn SxM0TO QxJLC3 lq2cno comp-jjy3ebjx wixui-rich-text\" data-testid=\"richTextElement\">\n<p class=\"font_8 wixui-rich-text__text\" style=\"text-align: justify;\"><span class=\"wixui-rich-text__text\"><span class=\"wixGuard wixui-rich-text__text\">\u200b<\/span><\/span><span class=\"wixui-rich-text__text\">La proth\u00e8se totale de genou consiste a remplacer le cartilage us\u00e9 du genou par des surfaces de glissement artificielles.<\/span><\/p>\n<p class=\"font_8 wixui-rich-text__text\" style=\"text-align: justify;\"><span class=\"wixui-rich-text__text\">L\u2019usure du cartilage met a nu l\u2019os et petit \u00e0 petit on se retrouve avec une raideur du genou et une aggravation du sch\u00e9ma de marche causant ainsi des douleurs au niveau de la hanche et du dos.<\/span><\/p>\n<p class=\"font_8 wixui-rich-text__text\" style=\"text-align: justify;\"><span class=\"wixui-rich-text__text\">L\u2019intervention consiste \u00e0 enlever une partie de votre articulation et la remplacer par des pi\u00e8ces m\u00e9talliques et plastiques, la proth\u00e8se peut \u00eatre avec ou sans ciment.<\/span><\/p>\n<p class=\"font_8 wixui-rich-text__text\" style=\"text-align: justify;\"><span class=\"wixui-rich-text__text\">L\u2019intervention dure entre 60 et 90 minutes, elle est r\u00e9alis\u00e9e dans la majorit\u00e9 des cas sous anesth\u00e9sie g\u00e9n\u00e9rale. La sortie se fait \u00e0 partir du troisi\u00e8me jour post op\u00e9ratoire avec un protocole de r\u00e9\u00e9ducation sp\u00e9cifique.<\/span><\/p>\n<p class=\"font_8 wixui-rich-text__text\" style=\"text-align: justify;\">\n<p class=\"font_8 wixui-rich-text__text\" style=\"text-align: justify;\">\n<p class=\"font_8 wixui-rich-text__text\" style=\"text-align: justify;\"><strong><span class=\"wixui-rich-text__text\">LES AVANTAGES<\/span><\/strong><\/p>\n<p class=\"font_8 wixui-rich-text__text\" style=\"text-align: justify;\"><span class=\"wixui-rich-text__text\"><span class=\"wixGuard wixui-rich-text__text\">\u200b<\/span><\/span><span class=\"wixui-rich-text__text\">La marche s\u2019effectue le jour m\u00eame de l\u2019intervention. une r\u00e9\u00e9ducation progressive et assidue permet au genou de r\u00e9cup\u00e9rer sa mobilit\u00e9.<\/span><\/p>\n<p class=\"font_8 wixui-rich-text__text\" style=\"text-align: justify;\"><span class=\"wixui-rich-text__text\">Les cannes et l\u2019attelle sont utiles les premiers jours et sont rapidement abandonn\u00e9es. La mont\u00e9e et la descente des escaliers se fait \u00e0 partir du 3\u00e8me jour. A la sortie de la clinique, la r\u00e9\u00e9ducation peut \u00eatre r\u00e9alis\u00e9e en centre ou chez un kin\u00e9sith\u00e9rapeute.<br class=\"wixui-rich-text__text\" \/>La reprise du volant est envisageable apr\u00e8s le 1er mois. Celle du travail survient en g\u00e9n\u00e9ral apr\u00e8s le 2\u00e8me mois et cela en fonction de votre profession, une activit\u00e9 de bureau pouvant \u00eatre plus pr\u00e9coce. Les activit\u00e9s sportives d\u00e9butent progressivement apr\u00e8s le 3\u00e8me mois.<\/span><\/p>\n<p class=\"font_8 wixui-rich-text__text\" style=\"text-align: justify;\"><span class=\"wixui-rich-text__text\">Il existe un temps d\u2019adaptation pour les muscles et tendon au niveau du genou qui varie entre 3 et 6 mois.<\/span><\/p>\n<p class=\"font_8 wixui-rich-text__text\" style=\"text-align: justify;\"><span class=\"wixui-rich-text__text\">Les r\u00e9sultats sont tr\u00e8s encourageants puisqu\u2019on retrouve une disparition compl\u00e8te des douleurs et une r\u00e9cup\u00e9ration rapide de la mobilit\u00e9 et de la force musculaire dans la grande majorit\u00e9 des cas. La marche normale sans boiterie est g\u00e9n\u00e9ralement obtenue dans le mois suivant l\u2019intervention.<br class=\"wixui-rich-text__text\" \/>M\u00eame si la reprise des activit\u00e9s est souvent compl\u00e8te, il est tout de m\u00eame pr\u00e9f\u00e9rable d\u2019\u00e9viter les travaux de force et les sports violents. Ces activit\u00e9s peuvent augmenter l\u2019usure et diminuer la dur\u00e9e de vie de la proth\u00e8se malgr\u00e9 l\u2019utilisation de nouveaux mat\u00e9riaux plus r\u00e9sistants. Certaines activit\u00e9s comme le v\u00e9lo, la natation, le golf ou la randonn\u00e9e sont cependant possibles voire conseill\u00e9es alors que la prudence s\u2019impose pour le ski, le tennis et le footing.<br class=\"wixui-rich-text__text\" \/>La dur\u00e9e de vie moyenne d\u2019une proth\u00e8se du genou est d\u2019environ 20 ans. En fait, au bout des 20 ans, plus de 90% des proth\u00e8ses implant\u00e9es restent en place et ne posent pas de probl\u00e8mes particuliers. On peut esp\u00e9rer qu\u2019avec les progr\u00e8s des techniques d\u2019implantation et des mat\u00e9riaux utilis\u00e9s aujourd\u2019hui, les r\u00e9sultats seront encore meilleurs avec une long\u00e9vit\u00e9 plus importante.<\/span><\/p>\n<p class=\"font_8 wixui-rich-text__text\" style=\"text-align: justify;\">\n<p class=\"font_8 wixui-rich-text__text\" style=\"text-align: justify;\"><strong><span class=\"wixui-rich-text__text\">LES RISQUES<\/span><\/strong><\/p>\n<p class=\"font_8 wixui-rich-text__text\" style=\"text-align: justify;\"><span class=\"wixui-rich-text__text\"><span class=\"wixGuard wixui-rich-text__text\">\u200b<\/span><\/span><span class=\"wixui-rich-text__text\">En plus des risques communs \u00e0 toute intervention chirurgicale et des risques li\u00e9s \u00e0 l\u2019anesth\u00e9sie,<\/span><span class=\"wixui-rich-text__text\">notons quelques risques plus sp\u00e9cifiques \u00e0 cette chirurgie :<br class=\"wixui-rich-text__text\" \/><\/span><\/p>\n<p class=\"font_8 wixui-rich-text__text\" style=\"text-align: justify;\"><span class=\"wixui-rich-text__text\">Une raideur articulaire peut se d\u00e9velopper si la r\u00e9\u00e9ducation post-op\u00e9ratoire n\u2019est pas bien prise en charge.<br class=\"wixui-rich-text__text\" \/>Il est possible que la zone op\u00e9r\u00e9e saigne apr\u00e8s l\u2019intervention et qu\u2019il se forme un h\u00e9matome. En fonction de l\u2019importance du saignement, une \u00e9vacuation de l\u2019h\u00e9matome ou une transfusion peuvent s\u2019av\u00e9rer n\u00e9cessaires.<br class=\"wixui-rich-text__text\" \/>La survenue d\u2019une infection de la proth\u00e8se, bien que rare (risque inf\u00e9rieur \u00e0 1 % dans notre \u00e9tablissement),\u00a0est une complication s\u00e9v\u00e8re puisqu\u2019elle peut n\u00e9cessiter le changement de la proth\u00e8se ainsi qu\u2019un traitement antibiotique de longue dur\u00e9e. Quand elle est d\u00e9tect\u00e9e rapidement, un simple lavage de la proth\u00e8se et une mise sous antibiotiques peuvent \u00eatre suffisants.<br class=\"wixui-rich-text__text\" \/>Les nerfs et art\u00e8res qui entourent le genou peuvent \u00eatre accidentellement bless\u00e9s. Cette complication exceptionnelle peut occasionner une douleur, une perte de la sensibilit\u00e9 voire une paralysie de certaines parties de la jambe. En cas de l\u00e9sion art\u00e9rielle, une chirurgie vasculaire peut \u00eatre n\u00e9cessaire.<br class=\"wixui-rich-text__text\" \/>Des petits caillots de sang solidifi\u00e9 peuvent se former et se coincer dans les veines de la jambe occasionnant une phl\u00e9bite. Afin de pr\u00e9venir cette complication, un traitement anticoagulant est prescrit pendant plusieurs semaines.<br class=\"wixui-rich-text__text\" \/>Les risques \u00e9num\u00e9r\u00e9s ne constituent pas une liste exhaustive. Votre chirurgien donnera toute explication compl\u00e9mentaire et se tiendra \u00e0 votre disposition pour \u00e9voquer avec vous chaque cas particulier avec les avantages, les inconv\u00e9nients et les risques de l\u2019intervention.<\/span><\/p>\n<\/div>\n<\/div>\n<\/div>\n<p>[\/et_pb_text][\/et_pb_column][\/et_pb_row][\/et_pb_section]<\/p>\n","protected":false},"excerpt":{"rendered":"<p>La proth\u00e8se totale du genou \u200bLa proth\u00e8se totale de genou consiste a remplacer le cartilage us\u00e9 du genou par des surfaces de glissement artificielles. L\u2019usure du cartilage met a nu l\u2019os et petit \u00e0 petit on se retrouve avec une raideur du genou et une aggravation du sch\u00e9ma de marche causant ainsi des douleurs au [&hellip;]<\/p>\n","protected":false},"author":1,"featured_media":0,"parent":1623,"menu_order":0,"comment_status":"closed","ping_status":"closed","template":"","meta":{"_et_pb_use_builder":"on","_et_pb_old_content":"","_et_gb_content_width":"","_monsterinsights_skip_tracking":false,"_monsterinsights_sitenote_active":false,"_monsterinsights_sitenote_note":"","_monsterinsights_sitenote_category":0,"footnotes":""},"class_list":["post-1645","page","type-page","status-publish","hentry"],"yoast_head":"<!-- This site is optimized with the Yoast SEO plugin v27.3 - https:\/\/yoast.com\/product\/yoast-seo-wordpress\/ -->\n<title>Proth\u00e8se du genou | IMPPACT Chirurgie<\/title>\n<meta name=\"robots\" content=\"index, follow, max-snippet:-1, max-image-preview:large, max-video-preview:-1\" \/>\n<link rel=\"canonical\" href=\"https:\/\/imppact-chirurgie.fr\/index.php\/orthopedie\/chirurgie-du-genou\/prothese-du-genou\/\" \/>\n<meta property=\"og:locale\" content=\"fr_FR\" \/>\n<meta property=\"og:type\" content=\"article\" \/>\n<meta property=\"og:title\" content=\"Proth\u00e8se du genou | IMPPACT Chirurgie\" \/>\n<meta property=\"og:description\" content=\"La proth\u00e8se totale du genou \u200bLa proth\u00e8se totale de genou consiste a remplacer le cartilage us\u00e9 du genou par des surfaces de glissement artificielles. L\u2019usure du cartilage met a nu l\u2019os et petit \u00e0 petit on se retrouve avec une raideur du genou et une aggravation du sch\u00e9ma de marche causant ainsi des douleurs au [&hellip;]\" \/>\n<meta property=\"og:url\" content=\"https:\/\/imppact-chirurgie.fr\/index.php\/orthopedie\/chirurgie-du-genou\/prothese-du-genou\/\" \/>\n<meta property=\"og:site_name\" content=\"IMPPACT Chirurgie\" \/>\n<meta property=\"article:modified_time\" content=\"2024-10-22T20:19:40+00:00\" \/>\n<meta name=\"twitter:card\" content=\"summary_large_image\" \/>\n<meta name=\"twitter:label1\" content=\"Dur\u00e9e de lecture estim\u00e9e\" \/>\n\t<meta name=\"twitter:data1\" content=\"4 minutes\" \/>\n<script type=\"application\/ld+json\" class=\"yoast-schema-graph\">{\"@context\":\"https:\\\/\\\/schema.org\",\"@graph\":[{\"@type\":\"WebPage\",\"@id\":\"https:\\\/\\\/imppact-chirurgie.fr\\\/index.php\\\/orthopedie\\\/chirurgie-du-genou\\\/prothese-du-genou\\\/\",\"url\":\"https:\\\/\\\/imppact-chirurgie.fr\\\/index.php\\\/orthopedie\\\/chirurgie-du-genou\\\/prothese-du-genou\\\/\",\"name\":\"Proth\u00e8se du genou | IMPPACT Chirurgie\",\"isPartOf\":{\"@id\":\"https:\\\/\\\/imppact-chirurgie.fr\\\/#website\"},\"datePublished\":\"2024-09-30T10:24:46+00:00\",\"dateModified\":\"2024-10-22T20:19:40+00:00\",\"breadcrumb\":{\"@id\":\"https:\\\/\\\/imppact-chirurgie.fr\\\/index.php\\\/orthopedie\\\/chirurgie-du-genou\\\/prothese-du-genou\\\/#breadcrumb\"},\"inLanguage\":\"fr-FR\",\"potentialAction\":[{\"@type\":\"ReadAction\",\"target\":[\"https:\\\/\\\/imppact-chirurgie.fr\\\/index.php\\\/orthopedie\\\/chirurgie-du-genou\\\/prothese-du-genou\\\/\"]}]},{\"@type\":\"BreadcrumbList\",\"@id\":\"https:\\\/\\\/imppact-chirurgie.fr\\\/index.php\\\/orthopedie\\\/chirurgie-du-genou\\\/prothese-du-genou\\\/#breadcrumb\",\"itemListElement\":[{\"@type\":\"ListItem\",\"position\":1,\"name\":\"Accueil\",\"item\":\"https:\\\/\\\/imppact-chirurgie.fr\\\/\"},{\"@type\":\"ListItem\",\"position\":2,\"name\":\"Orthop\u00e9die\",\"item\":\"https:\\\/\\\/imppact-chirurgie.fr\\\/index.php\\\/orthopedie\\\/\"},{\"@type\":\"ListItem\",\"position\":3,\"name\":\"Chirurgie du genou\",\"item\":\"https:\\\/\\\/imppact-chirurgie.fr\\\/index.php\\\/orthopedie\\\/chirurgie-du-genou\\\/\"},{\"@type\":\"ListItem\",\"position\":4,\"name\":\"Proth\u00e8se du genou\"}]},{\"@type\":\"WebSite\",\"@id\":\"https:\\\/\\\/imppact-chirurgie.fr\\\/#website\",\"url\":\"https:\\\/\\\/imppact-chirurgie.fr\\\/\",\"name\":\"IMPPACT Chirurgie\",\"description\":\"IMPPACT Institut Main Pied Plastique Articulations Chirurgie Traumatologie\",\"publisher\":{\"@id\":\"https:\\\/\\\/imppact-chirurgie.fr\\\/#organization\"},\"potentialAction\":[{\"@type\":\"SearchAction\",\"target\":{\"@type\":\"EntryPoint\",\"urlTemplate\":\"https:\\\/\\\/imppact-chirurgie.fr\\\/?s={search_term_string}\"},\"query-input\":{\"@type\":\"PropertyValueSpecification\",\"valueRequired\":true,\"valueName\":\"search_term_string\"}}],\"inLanguage\":\"fr-FR\"},{\"@type\":\"Organization\",\"@id\":\"https:\\\/\\\/imppact-chirurgie.fr\\\/#organization\",\"name\":\"Imppact Chirurgie\",\"alternateName\":\"Institut Main Pied Plastique Articulations Chirurgie Traumatologie\",\"url\":\"https:\\\/\\\/imppact-chirurgie.fr\\\/\",\"logo\":{\"@type\":\"ImageObject\",\"inLanguage\":\"fr-FR\",\"@id\":\"https:\\\/\\\/imppact-chirurgie.fr\\\/#\\\/schema\\\/logo\\\/image\\\/\",\"url\":\"https:\\\/\\\/imppact-chirurgie.fr\\\/wp-content\\\/uploads\\\/2024\\\/02\\\/logo_final_imppact.png\",\"contentUrl\":\"https:\\\/\\\/imppact-chirurgie.fr\\\/wp-content\\\/uploads\\\/2024\\\/02\\\/logo_final_imppact.png\",\"width\":1000,\"height\":523,\"caption\":\"Imppact Chirurgie\"},\"image\":{\"@id\":\"https:\\\/\\\/imppact-chirurgie.fr\\\/#\\\/schema\\\/logo\\\/image\\\/\"}}]}<\/script>\n<!-- \/ Yoast SEO plugin. -->","yoast_head_json":{"title":"Proth\u00e8se du genou | IMPPACT Chirurgie","robots":{"index":"index","follow":"follow","max-snippet":"max-snippet:-1","max-image-preview":"max-image-preview:large","max-video-preview":"max-video-preview:-1"},"canonical":"https:\/\/imppact-chirurgie.fr\/index.php\/orthopedie\/chirurgie-du-genou\/prothese-du-genou\/","og_locale":"fr_FR","og_type":"article","og_title":"Proth\u00e8se du genou | IMPPACT Chirurgie","og_description":"La proth\u00e8se totale du genou \u200bLa proth\u00e8se totale de genou consiste a remplacer le cartilage us\u00e9 du genou par des surfaces de glissement artificielles. L\u2019usure du cartilage met a nu l\u2019os et petit \u00e0 petit on se retrouve avec une raideur du genou et une aggravation du sch\u00e9ma de marche causant ainsi des douleurs au [&hellip;]","og_url":"https:\/\/imppact-chirurgie.fr\/index.php\/orthopedie\/chirurgie-du-genou\/prothese-du-genou\/","og_site_name":"IMPPACT Chirurgie","article_modified_time":"2024-10-22T20:19:40+00:00","twitter_card":"summary_large_image","twitter_misc":{"Dur\u00e9e de lecture estim\u00e9e":"4 minutes"},"schema":{"@context":"https:\/\/schema.org","@graph":[{"@type":"WebPage","@id":"https:\/\/imppact-chirurgie.fr\/index.php\/orthopedie\/chirurgie-du-genou\/prothese-du-genou\/","url":"https:\/\/imppact-chirurgie.fr\/index.php\/orthopedie\/chirurgie-du-genou\/prothese-du-genou\/","name":"Proth\u00e8se du genou | IMPPACT Chirurgie","isPartOf":{"@id":"https:\/\/imppact-chirurgie.fr\/#website"},"datePublished":"2024-09-30T10:24:46+00:00","dateModified":"2024-10-22T20:19:40+00:00","breadcrumb":{"@id":"https:\/\/imppact-chirurgie.fr\/index.php\/orthopedie\/chirurgie-du-genou\/prothese-du-genou\/#breadcrumb"},"inLanguage":"fr-FR","potentialAction":[{"@type":"ReadAction","target":["https:\/\/imppact-chirurgie.fr\/index.php\/orthopedie\/chirurgie-du-genou\/prothese-du-genou\/"]}]},{"@type":"BreadcrumbList","@id":"https:\/\/imppact-chirurgie.fr\/index.php\/orthopedie\/chirurgie-du-genou\/prothese-du-genou\/#breadcrumb","itemListElement":[{"@type":"ListItem","position":1,"name":"Accueil","item":"https:\/\/imppact-chirurgie.fr\/"},{"@type":"ListItem","position":2,"name":"Orthop\u00e9die","item":"https:\/\/imppact-chirurgie.fr\/index.php\/orthopedie\/"},{"@type":"ListItem","position":3,"name":"Chirurgie du genou","item":"https:\/\/imppact-chirurgie.fr\/index.php\/orthopedie\/chirurgie-du-genou\/"},{"@type":"ListItem","position":4,"name":"Proth\u00e8se du genou"}]},{"@type":"WebSite","@id":"https:\/\/imppact-chirurgie.fr\/#website","url":"https:\/\/imppact-chirurgie.fr\/","name":"IMPPACT Chirurgie","description":"IMPPACT Institut Main Pied Plastique Articulations Chirurgie Traumatologie","publisher":{"@id":"https:\/\/imppact-chirurgie.fr\/#organization"},"potentialAction":[{"@type":"SearchAction","target":{"@type":"EntryPoint","urlTemplate":"https:\/\/imppact-chirurgie.fr\/?s={search_term_string}"},"query-input":{"@type":"PropertyValueSpecification","valueRequired":true,"valueName":"search_term_string"}}],"inLanguage":"fr-FR"},{"@type":"Organization","@id":"https:\/\/imppact-chirurgie.fr\/#organization","name":"Imppact Chirurgie","alternateName":"Institut Main Pied Plastique Articulations Chirurgie Traumatologie","url":"https:\/\/imppact-chirurgie.fr\/","logo":{"@type":"ImageObject","inLanguage":"fr-FR","@id":"https:\/\/imppact-chirurgie.fr\/#\/schema\/logo\/image\/","url":"https:\/\/imppact-chirurgie.fr\/wp-content\/uploads\/2024\/02\/logo_final_imppact.png","contentUrl":"https:\/\/imppact-chirurgie.fr\/wp-content\/uploads\/2024\/02\/logo_final_imppact.png","width":1000,"height":523,"caption":"Imppact Chirurgie"},"image":{"@id":"https:\/\/imppact-chirurgie.fr\/#\/schema\/logo\/image\/"}}]}},"_links":{"self":[{"href":"https:\/\/imppact-chirurgie.fr\/index.php\/wp-json\/wp\/v2\/pages\/1645","targetHints":{"allow":["GET"]}}],"collection":[{"href":"https:\/\/imppact-chirurgie.fr\/index.php\/wp-json\/wp\/v2\/pages"}],"about":[{"href":"https:\/\/imppact-chirurgie.fr\/index.php\/wp-json\/wp\/v2\/types\/page"}],"author":[{"embeddable":true,"href":"https:\/\/imppact-chirurgie.fr\/index.php\/wp-json\/wp\/v2\/users\/1"}],"replies":[{"embeddable":true,"href":"https:\/\/imppact-chirurgie.fr\/index.php\/wp-json\/wp\/v2\/comments?post=1645"}],"version-history":[{"count":5,"href":"https:\/\/imppact-chirurgie.fr\/index.php\/wp-json\/wp\/v2\/pages\/1645\/revisions"}],"predecessor-version":[{"id":1930,"href":"https:\/\/imppact-chirurgie.fr\/index.php\/wp-json\/wp\/v2\/pages\/1645\/revisions\/1930"}],"up":[{"embeddable":true,"href":"https:\/\/imppact-chirurgie.fr\/index.php\/wp-json\/wp\/v2\/pages\/1623"}],"wp:attachment":[{"href":"https:\/\/imppact-chirurgie.fr\/index.php\/wp-json\/wp\/v2\/media?parent=1645"}],"curies":[{"name":"wp","href":"https:\/\/api.w.org\/{rel}","templated":true}]}}