{"id":1651,"date":"2024-09-30T13:50:21","date_gmt":"2024-09-30T11:50:21","guid":{"rendered":"https:\/\/imppact-chirurgie.fr\/?page_id=1651"},"modified":"2024-11-07T10:17:07","modified_gmt":"2024-11-07T09:17:07","slug":"resection-meniscale","status":"publish","type":"page","link":"https:\/\/imppact-chirurgie.fr\/index.php\/orthopedie\/chirurgie-du-genou\/resection-meniscale\/","title":{"rendered":"R\u00e9section m\u00e9niscale"},"content":{"rendered":"<p>[et_pb_section fb_built=\u00a0\u00bb1&Prime; admin_label=\u00a0\u00bbsection\u00a0\u00bb _builder_version=\u00a0\u00bb4.16&Prime; global_colors_info=\u00a0\u00bb{}\u00a0\u00bb][et_pb_row admin_label=\u00a0\u00bbrow\u00a0\u00bb _builder_version=\u00a0\u00bb4.27.2&Prime; background_size=\u00a0\u00bbinitial\u00a0\u00bb background_position=\u00a0\u00bbtop_left\u00a0\u00bb background_repeat=\u00a0\u00bbrepeat\u00a0\u00bb custom_margin=\u00a0\u00bb||||false|false\u00a0\u00bb custom_padding=\u00a0\u00bb||||false|false\u00a0\u00bb hover_enabled=\u00a0\u00bb0&Prime; global_colors_info=\u00a0\u00bb{}\u00a0\u00bb sticky_enabled=\u00a0\u00bb0&Prime;][et_pb_column type=\u00a0\u00bb4_4&Prime; _builder_version=\u00a0\u00bb4.16&Prime; custom_padding=\u00a0\u00bb|||\u00a0\u00bb global_colors_info=\u00a0\u00bb{}\u00a0\u00bb custom_padding__hover=\u00a0\u00bb|||\u00a0\u00bb][et_pb_text admin_label=\u00a0\u00bbText\u00a0\u00bb _builder_version=\u00a0\u00bb4.27.0&Prime; background_size=\u00a0\u00bbinitial\u00a0\u00bb background_position=\u00a0\u00bbtop_left\u00a0\u00bb background_repeat=\u00a0\u00bbrepeat\u00a0\u00bb width=\u00a0\u00bb99.8%\u00a0\u00bb custom_margin=\u00a0\u00bb||||false|false\u00a0\u00bb custom_padding=\u00a0\u00bb|||0px||\u00a0\u00bb global_colors_info=\u00a0\u00bb{}\u00a0\u00bb]<\/p>\n<h1 style=\"text-align: justify;\"><span style=\"font-size: 26px;\"><\/span><\/h1>\n<h1 style=\"text-align: justify;\"><span style=\"font-size: 26px;\">La r\u00e9section m\u00e9niscale sous arthroscopie<\/span><\/h1>\n<div data-mesh-id=\"comp-jjy3ebjpinlineContent\" data-testid=\"inline-content\" class=\"\">\n<div data-mesh-id=\"comp-jjy3ebjpinlineContent-gridContainer\" data-testid=\"mesh-container-content\">\n<div id=\"comp-jjy3ebjx\" class=\"HcOXKn SxM0TO QxJLC3 lq2cno comp-jjy3ebjx wixui-rich-text\" data-testid=\"richTextElement\">\n<div id=\"bgLayers_comp-jjy3a7dy\" data-hook=\"bgLayers\" data-motion-part=\"BG_LAYER\" class=\"MW5IWV\">\n<div id=\"bgMedia_comp-jjy3a7dy\" data-motion-part=\"BG_MEDIA\" class=\"VgO9Yg\"><\/div>\n<\/div>\n<div data-mesh-id=\"comp-jjy3a7dyinlineContent\" data-testid=\"inline-content\" class=\"\">\n<div data-mesh-id=\"comp-jjy3a7dyinlineContent-gridContainer\" data-testid=\"mesh-container-content\">\n<div id=\"comp-jjy3a7e2\" class=\"comp-jjy3a7e2 aVng1S wixui-horizontal-line\">Le genou est constitu\u00e9 de la partie basse de l\u2019os de la cuisse (f\u00e9mur), de la partie haute de l\u2019os situ\u00e9 sur l\u2019avant de la jambe (tibia), et d\u2019un petit os rond (la rotule). Entre les extr\u00e9mit\u00e9s du f\u00e9mur et du tibia se trouvent de petits coussins amortisseurs en forme de croissant : les m\u00e9nisques. Au cours d\u2019un mouvement violent, un de vos m\u00e9nisques s\u2019est d\u00e9chir\u00e9.<\/div>\n<div id=\"comp-jjy3a7e7\" class=\"HcOXKn SxM0TO QxJLC3 lq2cno comp-jjy3a7e7 wixui-rich-text\" data-testid=\"richTextElement\">\n<p class=\"font_8 wixui-rich-text__text\"><span class=\"wixui-rich-text__text\">C\u2019est pourquoi votre genou gonfle, vous fait mal et se bloque, parfois de fa\u00e7on brutale et impr\u00e9visible.<\/span><\/p>\n<p class=\"font_8 wixui-rich-text__text\"><span class=\"wixui-rich-text__text\">Cela peut \u00eatre dangereux dans le sport ou pour certains m\u00e9tiers.<\/span><\/p>\n<p class=\"font_8 wixui-rich-text__text\"><span class=\"wixui-rich-text__text\">Si a cause de cette blessure vous ne marchez plus normalement, les muscles de la cuisse s\u2019affaiblissent et des douleurs en barre \u00e0 l\u2019avant du genou apparaissent, t\u00e9moins d\u2019un mauvais fonctionnement de la rotule.<\/span><\/p>\n<p class=\"font_8 wixui-rich-text__text\"><span class=\"wixui-rich-text__text\">L\u2019op\u00e9ration se fait sans ouvrir le genou, gr\u00e2ce \u00e0 un petit c\u00e2ble reli\u00e9 \u00e0 une cam\u00e9ra (fibre optique) et \u00e0 des instruments chirurgicaux sp\u00e9ciaux (technique arthroscopique). Soit on endort le bas de votre corps ou votre jambe (anesth\u00e9sie locor\u00e9gionale), soit vous dormez compl\u00e8tement (anesth\u00e9sie g\u00e9n\u00e9rale). Si votre m\u00e9nisque peut \u00eatre r\u00e9par\u00e9, ce qui est rare, le chirurgien fixe la partie d\u00e9chir\u00e9e dans sa position d\u2019origine. Dans le cas contraire, il la retire.<\/span><\/p>\n<p class=\"font_8 wixui-rich-text__text\"><span class=\"wixui-rich-text__text\">L\u2019op\u00e9ration dure habituellement entre 15 et 30 minutes.<\/span><\/p>\n<p class=\"font_8 wixui-rich-text__text\"><span class=\"wixui-rich-text__text\"><\/span><\/p>\n<p class=\"font_8 wixui-rich-text__text\"><span class=\"wixui-rich-text__text\"><\/span><\/p>\n<p class=\"font_0 wixui-rich-text__text\"><strong><span class=\"wixui-rich-text__text\">LA\u00a0<\/span><span class=\"wixui-rich-text__text\">R\u00c9<\/span><span class=\"wixui-rich-text__text\">&#8211;<\/span><span class=\"wixui-rich-text__text\">\u00c9DUCATION<\/span><span class=\"wixui-rich-text__text\">\u00a0POST-<\/span><span class=\"wixui-rich-text__text\">OP\u00c9RATOIRE<\/span><span class=\"wixui-rich-text__text\">\u00a0ET LA REPRISE DES\u00a0<\/span><span class=\"wixui-rich-text__text\">ACTIVIT\u00c9S<\/span><\/strong><\/p>\n<p class=\"font_8 wixui-rich-text__text\">Vous pouvez commencer \u00e0 marcher d\u00e8s votre sortie le soir. Au fil des jours suivants, vous reprenez une marche de plus en plus normale. Il faut limiter les d\u00e9placements pendant les 10 premiers jours pour \u00e9viter que le genou ne regonfle.<\/p>\n<p class=\"font_8 wixui-rich-text__text\">Apr\u00e8s la premi\u00e8re semaine, la r\u00e9\u00e9ducation chez votre kin\u00e9sith\u00e9rapeute peut commencer, consistant \u00e0 retrouver la souplesse de votre genou et la force musculaire de votre cuisse.<br class=\"wixui-rich-text__text\" \/>La reprise du volant est envisageable au 5\u00e8me jour. Celle du travail survient en g\u00e9n\u00e9ral apr\u00e8s le 15\u00e8me jour et cela en fonction de votre profession, une activit\u00e9 de bureau pouvant \u00eatre plus pr\u00e9coce. Les activit\u00e9s sportives d\u00e9butent g\u00e9n\u00e9ralement entre le 2\u00e8me et le 3\u00e8me mois.<\/p>\n<p class=\"font_8 wixui-rich-text__text\">\n<p class=\"font_8 wixui-rich-text__text\"><br class=\"wixui-rich-text__text\" \/><strong><span class=\"wixui-rich-text__text\">LES RISQUES ET COMPLICATIONS<\/span><\/strong><\/p>\n<p class=\"font_8 wixui-rich-text__text\"><span class=\"wixui-rich-text__text\">C\u2019est une op\u00e9ration l\u00e9g\u00e8re.<\/span><\/p>\n<p class=\"font_8 wixui-rich-text__text\"><span class=\"wixui-rich-text__text\">On peut cependant citer les risques suivants, qui restent tr\u00e8s rares : Des muscles, tendons, ligaments, nerfs ou vaisseaux sanguins peuvent \u00eatre ab\u00eem\u00e9s, accidentellement pendant ou apr\u00e8s l\u2019op\u00e9ration, suite \u00e0 un gonflement trop important du mollet ou \u00e0 un d\u00e9placement des moyens de fixation du m\u00e9nisque. Cela peut n\u00e9cessiter une r\u00e9paration et cr\u00e9er des probl\u00e8mes de fonctionnement ou de sensibilit\u00e9 de certaines parties de la jambe.<\/span><\/p>\n<p class=\"font_8 wixui-rich-text__text\"><span class=\"wixui-rich-text__text\">Si des microbes envahissent la zone op\u00e9r\u00e9e (infection), il faut un traitement m\u00e9dical prolong\u00e9 et parfois une nouvelle op\u00e9ration.<\/span><\/p>\n<p class=\"font_8 wixui-rich-text__text\"><span class=\"wixui-rich-text__text\">Si n\u00e9cessaire, vous prenez un traitement pour \u00e9viter la formation de bouchons de sang (caillots) dans les veines des jambes (phl\u00e9bite).<\/span><\/p>\n<p class=\"font_8 wixui-rich-text__text\"><span class=\"wixui-rich-text__text\">Il est normal qu\u2019une zone reste sensible pendant trois \u00e0 six semaines.<\/span><\/p>\n<p class=\"font_8 wixui-rich-text__text\"><span class=\"wixui-rich-text__text\">Ne soyez pas trop confiant, cela augmente le risque d\u2019accident ! Une nouvelle d\u00e9chirure est toujours possible. Il y a toujours un risque que le cartilage s\u2019use trop vite chez les patients jeunes \u00e0 qui on a enlev\u00e9 le m\u00e9nisque.<\/span><\/p>\n<\/div>\n<\/div>\n<\/div>\n<\/div>\n<\/div>\n<\/div>\n<p>[\/et_pb_text][\/et_pb_column][\/et_pb_row][\/et_pb_section]<\/p>\n","protected":false},"excerpt":{"rendered":"<p>La r\u00e9section m\u00e9niscale sous arthroscopie Le genou est constitu\u00e9 de la partie basse de l\u2019os de la cuisse (f\u00e9mur), de la partie haute de l\u2019os situ\u00e9 sur l\u2019avant de la jambe (tibia), et d\u2019un petit os rond (la rotule). Entre les extr\u00e9mit\u00e9s du f\u00e9mur et du tibia se trouvent de petits coussins amortisseurs en forme [&hellip;]<\/p>\n","protected":false},"author":1,"featured_media":0,"parent":1623,"menu_order":0,"comment_status":"closed","ping_status":"closed","template":"","meta":{"_et_pb_use_builder":"on","_et_pb_old_content":"","_et_gb_content_width":"","_monsterinsights_skip_tracking":false,"_monsterinsights_sitenote_active":false,"_monsterinsights_sitenote_note":"","_monsterinsights_sitenote_category":0,"footnotes":""},"class_list":["post-1651","page","type-page","status-publish","hentry"],"yoast_head":"<!-- This site is optimized with the Yoast SEO plugin v27.5 - https:\/\/yoast.com\/product\/yoast-seo-wordpress\/ -->\n<title>R\u00e9section m\u00e9niscale | IMPPACT Chirurgie<\/title>\n<meta name=\"robots\" content=\"index, follow, max-snippet:-1, max-image-preview:large, max-video-preview:-1\" \/>\n<link rel=\"canonical\" href=\"https:\/\/imppact-chirurgie.fr\/index.php\/orthopedie\/chirurgie-du-genou\/resection-meniscale\/\" \/>\n<meta property=\"og:locale\" content=\"fr_FR\" \/>\n<meta property=\"og:type\" content=\"article\" \/>\n<meta property=\"og:title\" content=\"R\u00e9section m\u00e9niscale | IMPPACT Chirurgie\" \/>\n<meta property=\"og:description\" content=\"La r\u00e9section m\u00e9niscale sous arthroscopie Le genou est constitu\u00e9 de la partie basse de l\u2019os de la cuisse (f\u00e9mur), de la partie haute de l\u2019os situ\u00e9 sur l\u2019avant de la jambe (tibia), et d\u2019un petit os rond (la rotule). Entre les extr\u00e9mit\u00e9s du f\u00e9mur et du tibia se trouvent de petits coussins amortisseurs en forme [&hellip;]\" \/>\n<meta property=\"og:url\" content=\"https:\/\/imppact-chirurgie.fr\/index.php\/orthopedie\/chirurgie-du-genou\/resection-meniscale\/\" \/>\n<meta property=\"og:site_name\" content=\"IMPPACT Chirurgie\" \/>\n<meta property=\"article:modified_time\" content=\"2024-11-07T09:17:07+00:00\" \/>\n<meta name=\"twitter:card\" content=\"summary_large_image\" \/>\n<meta name=\"twitter:label1\" content=\"Dur\u00e9e de lecture estim\u00e9e\" \/>\n\t<meta name=\"twitter:data1\" content=\"3 minutes\" \/>\n<script type=\"application\/ld+json\" class=\"yoast-schema-graph\">{\"@context\":\"https:\\\/\\\/schema.org\",\"@graph\":[{\"@type\":\"WebPage\",\"@id\":\"https:\\\/\\\/imppact-chirurgie.fr\\\/index.php\\\/orthopedie\\\/chirurgie-du-genou\\\/resection-meniscale\\\/\",\"url\":\"https:\\\/\\\/imppact-chirurgie.fr\\\/index.php\\\/orthopedie\\\/chirurgie-du-genou\\\/resection-meniscale\\\/\",\"name\":\"R\u00e9section m\u00e9niscale | IMPPACT Chirurgie\",\"isPartOf\":{\"@id\":\"https:\\\/\\\/imppact-chirurgie.fr\\\/#website\"},\"datePublished\":\"2024-09-30T11:50:21+00:00\",\"dateModified\":\"2024-11-07T09:17:07+00:00\",\"breadcrumb\":{\"@id\":\"https:\\\/\\\/imppact-chirurgie.fr\\\/index.php\\\/orthopedie\\\/chirurgie-du-genou\\\/resection-meniscale\\\/#breadcrumb\"},\"inLanguage\":\"fr-FR\",\"potentialAction\":[{\"@type\":\"ReadAction\",\"target\":[\"https:\\\/\\\/imppact-chirurgie.fr\\\/index.php\\\/orthopedie\\\/chirurgie-du-genou\\\/resection-meniscale\\\/\"]}]},{\"@type\":\"BreadcrumbList\",\"@id\":\"https:\\\/\\\/imppact-chirurgie.fr\\\/index.php\\\/orthopedie\\\/chirurgie-du-genou\\\/resection-meniscale\\\/#breadcrumb\",\"itemListElement\":[{\"@type\":\"ListItem\",\"position\":1,\"name\":\"Accueil\",\"item\":\"https:\\\/\\\/imppact-chirurgie.fr\\\/\"},{\"@type\":\"ListItem\",\"position\":2,\"name\":\"Orthop\u00e9die\",\"item\":\"https:\\\/\\\/imppact-chirurgie.fr\\\/index.php\\\/orthopedie\\\/\"},{\"@type\":\"ListItem\",\"position\":3,\"name\":\"Chirurgie du genou\",\"item\":\"https:\\\/\\\/imppact-chirurgie.fr\\\/index.php\\\/orthopedie\\\/chirurgie-du-genou\\\/\"},{\"@type\":\"ListItem\",\"position\":4,\"name\":\"R\u00e9section m\u00e9niscale\"}]},{\"@type\":\"WebSite\",\"@id\":\"https:\\\/\\\/imppact-chirurgie.fr\\\/#website\",\"url\":\"https:\\\/\\\/imppact-chirurgie.fr\\\/\",\"name\":\"IMPPACT Chirurgie\",\"description\":\"IMPPACT Institut Main Pied Plastique Articulations Chirurgie Traumatologie\",\"publisher\":{\"@id\":\"https:\\\/\\\/imppact-chirurgie.fr\\\/#organization\"},\"potentialAction\":[{\"@type\":\"SearchAction\",\"target\":{\"@type\":\"EntryPoint\",\"urlTemplate\":\"https:\\\/\\\/imppact-chirurgie.fr\\\/?s={search_term_string}\"},\"query-input\":{\"@type\":\"PropertyValueSpecification\",\"valueRequired\":true,\"valueName\":\"search_term_string\"}}],\"inLanguage\":\"fr-FR\"},{\"@type\":\"Organization\",\"@id\":\"https:\\\/\\\/imppact-chirurgie.fr\\\/#organization\",\"name\":\"Imppact Chirurgie\",\"alternateName\":\"Institut Main Pied Plastique Articulations Chirurgie Traumatologie\",\"url\":\"https:\\\/\\\/imppact-chirurgie.fr\\\/\",\"logo\":{\"@type\":\"ImageObject\",\"inLanguage\":\"fr-FR\",\"@id\":\"https:\\\/\\\/imppact-chirurgie.fr\\\/#\\\/schema\\\/logo\\\/image\\\/\",\"url\":\"https:\\\/\\\/imppact-chirurgie.fr\\\/wp-content\\\/uploads\\\/2024\\\/02\\\/logo_final_imppact.png\",\"contentUrl\":\"https:\\\/\\\/imppact-chirurgie.fr\\\/wp-content\\\/uploads\\\/2024\\\/02\\\/logo_final_imppact.png\",\"width\":1000,\"height\":523,\"caption\":\"Imppact Chirurgie\"},\"image\":{\"@id\":\"https:\\\/\\\/imppact-chirurgie.fr\\\/#\\\/schema\\\/logo\\\/image\\\/\"}}]}<\/script>\n<!-- \/ Yoast SEO plugin. -->","yoast_head_json":{"title":"R\u00e9section m\u00e9niscale | IMPPACT Chirurgie","robots":{"index":"index","follow":"follow","max-snippet":"max-snippet:-1","max-image-preview":"max-image-preview:large","max-video-preview":"max-video-preview:-1"},"canonical":"https:\/\/imppact-chirurgie.fr\/index.php\/orthopedie\/chirurgie-du-genou\/resection-meniscale\/","og_locale":"fr_FR","og_type":"article","og_title":"R\u00e9section m\u00e9niscale | IMPPACT Chirurgie","og_description":"La r\u00e9section m\u00e9niscale sous arthroscopie Le genou est constitu\u00e9 de la partie basse de l\u2019os de la cuisse (f\u00e9mur), de la partie haute de l\u2019os situ\u00e9 sur l\u2019avant de la jambe (tibia), et d\u2019un petit os rond (la rotule). Entre les extr\u00e9mit\u00e9s du f\u00e9mur et du tibia se trouvent de petits coussins amortisseurs en forme [&hellip;]","og_url":"https:\/\/imppact-chirurgie.fr\/index.php\/orthopedie\/chirurgie-du-genou\/resection-meniscale\/","og_site_name":"IMPPACT Chirurgie","article_modified_time":"2024-11-07T09:17:07+00:00","twitter_card":"summary_large_image","twitter_misc":{"Dur\u00e9e de lecture estim\u00e9e":"3 minutes"},"schema":{"@context":"https:\/\/schema.org","@graph":[{"@type":"WebPage","@id":"https:\/\/imppact-chirurgie.fr\/index.php\/orthopedie\/chirurgie-du-genou\/resection-meniscale\/","url":"https:\/\/imppact-chirurgie.fr\/index.php\/orthopedie\/chirurgie-du-genou\/resection-meniscale\/","name":"R\u00e9section m\u00e9niscale | IMPPACT Chirurgie","isPartOf":{"@id":"https:\/\/imppact-chirurgie.fr\/#website"},"datePublished":"2024-09-30T11:50:21+00:00","dateModified":"2024-11-07T09:17:07+00:00","breadcrumb":{"@id":"https:\/\/imppact-chirurgie.fr\/index.php\/orthopedie\/chirurgie-du-genou\/resection-meniscale\/#breadcrumb"},"inLanguage":"fr-FR","potentialAction":[{"@type":"ReadAction","target":["https:\/\/imppact-chirurgie.fr\/index.php\/orthopedie\/chirurgie-du-genou\/resection-meniscale\/"]}]},{"@type":"BreadcrumbList","@id":"https:\/\/imppact-chirurgie.fr\/index.php\/orthopedie\/chirurgie-du-genou\/resection-meniscale\/#breadcrumb","itemListElement":[{"@type":"ListItem","position":1,"name":"Accueil","item":"https:\/\/imppact-chirurgie.fr\/"},{"@type":"ListItem","position":2,"name":"Orthop\u00e9die","item":"https:\/\/imppact-chirurgie.fr\/index.php\/orthopedie\/"},{"@type":"ListItem","position":3,"name":"Chirurgie du genou","item":"https:\/\/imppact-chirurgie.fr\/index.php\/orthopedie\/chirurgie-du-genou\/"},{"@type":"ListItem","position":4,"name":"R\u00e9section m\u00e9niscale"}]},{"@type":"WebSite","@id":"https:\/\/imppact-chirurgie.fr\/#website","url":"https:\/\/imppact-chirurgie.fr\/","name":"IMPPACT Chirurgie","description":"IMPPACT Institut Main Pied Plastique Articulations Chirurgie Traumatologie","publisher":{"@id":"https:\/\/imppact-chirurgie.fr\/#organization"},"potentialAction":[{"@type":"SearchAction","target":{"@type":"EntryPoint","urlTemplate":"https:\/\/imppact-chirurgie.fr\/?s={search_term_string}"},"query-input":{"@type":"PropertyValueSpecification","valueRequired":true,"valueName":"search_term_string"}}],"inLanguage":"fr-FR"},{"@type":"Organization","@id":"https:\/\/imppact-chirurgie.fr\/#organization","name":"Imppact Chirurgie","alternateName":"Institut Main Pied Plastique Articulations Chirurgie Traumatologie","url":"https:\/\/imppact-chirurgie.fr\/","logo":{"@type":"ImageObject","inLanguage":"fr-FR","@id":"https:\/\/imppact-chirurgie.fr\/#\/schema\/logo\/image\/","url":"https:\/\/imppact-chirurgie.fr\/wp-content\/uploads\/2024\/02\/logo_final_imppact.png","contentUrl":"https:\/\/imppact-chirurgie.fr\/wp-content\/uploads\/2024\/02\/logo_final_imppact.png","width":1000,"height":523,"caption":"Imppact Chirurgie"},"image":{"@id":"https:\/\/imppact-chirurgie.fr\/#\/schema\/logo\/image\/"}}]}},"_links":{"self":[{"href":"https:\/\/imppact-chirurgie.fr\/index.php\/wp-json\/wp\/v2\/pages\/1651","targetHints":{"allow":["GET"]}}],"collection":[{"href":"https:\/\/imppact-chirurgie.fr\/index.php\/wp-json\/wp\/v2\/pages"}],"about":[{"href":"https:\/\/imppact-chirurgie.fr\/index.php\/wp-json\/wp\/v2\/types\/page"}],"author":[{"embeddable":true,"href":"https:\/\/imppact-chirurgie.fr\/index.php\/wp-json\/wp\/v2\/users\/1"}],"replies":[{"embeddable":true,"href":"https:\/\/imppact-chirurgie.fr\/index.php\/wp-json\/wp\/v2\/comments?post=1651"}],"version-history":[{"count":5,"href":"https:\/\/imppact-chirurgie.fr\/index.php\/wp-json\/wp\/v2\/pages\/1651\/revisions"}],"predecessor-version":[{"id":1931,"href":"https:\/\/imppact-chirurgie.fr\/index.php\/wp-json\/wp\/v2\/pages\/1651\/revisions\/1931"}],"up":[{"embeddable":true,"href":"https:\/\/imppact-chirurgie.fr\/index.php\/wp-json\/wp\/v2\/pages\/1623"}],"wp:attachment":[{"href":"https:\/\/imppact-chirurgie.fr\/index.php\/wp-json\/wp\/v2\/media?parent=1651"}],"curies":[{"name":"wp","href":"https:\/\/api.w.org\/{rel}","templated":true}]}}