{"id":1662,"date":"2024-09-30T14:15:48","date_gmt":"2024-09-30T12:15:48","guid":{"rendered":"https:\/\/imppact-chirurgie.fr\/?page_id=1662"},"modified":"2024-10-01T11:49:18","modified_gmt":"2024-10-01T09:49:18","slug":"fracture-du-radius","status":"publish","type":"page","link":"https:\/\/imppact-chirurgie.fr\/index.php\/traumatologie\/fracture-du-radius\/","title":{"rendered":"Fracture du radius"},"content":{"rendered":"<p>[et_pb_section fb_built=\u00a0\u00bb1&Prime; admin_label=\u00a0\u00bbsection\u00a0\u00bb _builder_version=\u00a0\u00bb4.16&Prime; global_colors_info=\u00a0\u00bb{}\u00a0\u00bb][et_pb_row admin_label=\u00a0\u00bbrow\u00a0\u00bb _builder_version=\u00a0\u00bb4.24.3&Prime; background_size=\u00a0\u00bbinitial\u00a0\u00bb background_position=\u00a0\u00bbtop_left\u00a0\u00bb background_repeat=\u00a0\u00bbrepeat\u00a0\u00bb custom_margin=\u00a0\u00bb|auto||144px||\u00a0\u00bb custom_padding=\u00a0\u00bb|||58px||\u00a0\u00bb global_colors_info=\u00a0\u00bb{}\u00a0\u00bb][et_pb_column type=\u00a0\u00bb4_4&Prime; _builder_version=\u00a0\u00bb4.16&Prime; custom_padding=\u00a0\u00bb|||\u00a0\u00bb global_colors_info=\u00a0\u00bb{}\u00a0\u00bb custom_padding__hover=\u00a0\u00bb|||\u00a0\u00bb][et_pb_text admin_label=\u00a0\u00bbText\u00a0\u00bb _builder_version=\u00a0\u00bb4.27.0&Prime; background_size=\u00a0\u00bbinitial\u00a0\u00bb background_position=\u00a0\u00bbtop_left\u00a0\u00bb background_repeat=\u00a0\u00bbrepeat\u00a0\u00bb width=\u00a0\u00bb99.8%\u00a0\u00bb custom_margin=\u00a0\u00bb||||false|false\u00a0\u00bb custom_padding=\u00a0\u00bb|||0px||\u00a0\u00bb hover_enabled=\u00a0\u00bb0&Prime; global_colors_info=\u00a0\u00bb{}\u00a0\u00bb sticky_enabled=\u00a0\u00bb0&Prime;]<\/p>\n<h1 style=\"text-align: justify;\"><span style=\"font-size: 26px;\">La fracture du radius<\/span><\/h1>\n<div data-mesh-id=\"comp-jjy3ebjpinlineContent\" data-testid=\"inline-content\" class=\"\">\n<div data-mesh-id=\"comp-jjy3ebjpinlineContent-gridContainer\" data-testid=\"mesh-container-content\">\n<div id=\"comp-jjy3ebjx\" class=\"HcOXKn SxM0TO QxJLC3 lq2cno comp-jjy3ebjx wixui-rich-text\" data-testid=\"richTextElement\">\n<div id=\"bgLayers_comp-jjy3a7dy\" data-hook=\"bgLayers\" data-motion-part=\"BG_LAYER\" class=\"MW5IWV\"><\/div>\n<div data-mesh-id=\"comp-jjy3a7dyinlineContent\" data-testid=\"inline-content\" class=\"\">\n<div data-mesh-id=\"comp-jjy3a7dyinlineContent-gridContainer\" data-testid=\"mesh-container-content\">\n<div id=\"comp-jjy3a7e2\" class=\"comp-jjy3a7e2 aVng1S wixui-horizontal-line\">\n<p class=\"p3\" style=\"text-align: justify;\">La fracture du radius est une blessure fr\u00e9quente, souvent caus\u00e9e par une chute sur la main tendue. Le radius est l&rsquo;un des deux os de l&rsquo;avant-bras, et les fractures de cet os peuvent survenir \u00e0 diff\u00e9rents niveaux, notamment au niveau distal (pr\u00e8s du poignet), qui est l&rsquo;endroit le plus courant pour ce type de fracture.<\/p>\n<p class=\"p4\" style=\"text-align: justify;\"><b>Diagnostic de la fracture du radius<\/b><\/p>\n<ul class=\"ul1\" style=\"text-align: justify;\">\n<li class=\"li3\"><b>Sympt\u00f4mes cliniques :<\/b><\/li>\n<ul class=\"ul1\">\n<li class=\"li3\"><b>Douleur aigu\u00eb<\/b> au site de la fracture.<\/li>\n<li class=\"li3\"><b>D\u00e9formation visible<\/b> de l&rsquo;avant-bras ou du poignet.<\/li>\n<li class=\"li3\"><b>Gonflement<\/b> et <b>ecchymose<\/b> (h\u00e9matome) autour de la zone touch\u00e9e.<\/li>\n<li class=\"li3\"><b>Incapacit\u00e9<\/b> \u00e0 bouger l&rsquo;avant-bras ou le poignet normalement.<\/li>\n<li class=\"li3\"><b>Sensation de craquement<\/b> au moment de l&rsquo;impact.<\/li>\n<\/ul>\n<li class=\"li3\"><b>Examen physique :<\/b><\/li>\n<ul class=\"ul1\">\n<li class=\"li3\">Palpation pour localiser la douleur et d\u00e9tecter une \u00e9ventuelle d\u00e9formation.<\/li>\n<li class=\"li3\">V\u00e9rification de la sensibilit\u00e9 dans la main pour s&rsquo;assurer qu&rsquo;il n&rsquo;y a pas de l\u00e9sions nerveuses ou vasculaires.<\/li>\n<\/ul>\n<li class=\"li3\"><b>Imagerie :<\/b><\/li>\n<ul class=\"ul1\">\n<li class=\"li3\"><b>Radiographie (RX) :<\/b> C&rsquo;est l&rsquo;examen cl\u00e9 pour confirmer le diagnostic, visualiser la fracture, sa localisation, et son degr\u00e9 de d\u00e9placement.<\/li>\n<li class=\"li3\"><b>Scanner (CT) ou IRM :<\/b> Utilis\u00e9s dans des cas plus complexes, comme pour les fractures intra-articulaires, ou lorsque les radiographies ne sont pas concluantes.<\/li>\n<\/ul>\n<\/ul>\n<p class=\"p4\" style=\"text-align: justify;\"><b>Traitement de la fracture du radius<\/b><\/p>\n<p class=\"p3\" style=\"text-align: justify;\">Le traitement d\u00e9pend de la localisation et de la gravit\u00e9 de la fracture, ainsi que de l&rsquo;\u00e2ge et de l&rsquo;activit\u00e9 du patient.<\/p>\n<ul class=\"ul1\" style=\"text-align: justify;\">\n<li class=\"li3\"><b>Traitement conservateur :<\/b><\/li>\n<ul class=\"ul1\">\n<li class=\"li3\"><b>Immobilisation :<\/b> Utilisation d&rsquo;une attelle ou d&rsquo;un pl\u00e2tre pour immobiliser l&rsquo;avant-bras pendant environ 4 \u00e0 6 semaines, permettant ainsi \u00e0 l&rsquo;os de gu\u00e9rir.<\/li>\n<li class=\"li3\"><b>Analg\u00e9siques :<\/b> Pour g\u00e9rer la douleur, des m\u00e9dicaments anti-inflammatoires non st\u00e9ro\u00efdiens (AINS) ou d&rsquo;autres analg\u00e9siques peuvent \u00eatre prescrits.<\/li>\n<\/ul>\n<li class=\"li3\"><b>Traitement chirurgical :<\/b><\/li>\n<ul class=\"ul1\">\n<li class=\"li3\"><b>R\u00e9duction ouverte et fixation interne (ROFI) :<\/b> Pour les fractures d\u00e9plac\u00e9es ou instables, o\u00f9 une intervention chirurgicale est n\u00e9cessaire pour r\u00e9aligner et stabiliser les os avec des plaques, des vis ou des broches.<\/li>\n<li class=\"li3\"><b>Fixateur externe :<\/b> Dans certains cas complexes, un dispositif externe est utilis\u00e9 pour stabiliser l&rsquo;os pendant la gu\u00e9rison.<\/li>\n<li class=\"li3\"><b>R\u00e9habilitation post-chirurgicale :<\/b> Suivie d&rsquo;un programme de r\u00e9\u00e9ducation pour restaurer la mobilit\u00e9, la force et la fonction de l&rsquo;avant-bras.<\/li>\n<\/ul>\n<li class=\"li3\"><b>R\u00e9\u00e9ducation :<\/b><\/li>\n<ul class=\"ul1\">\n<li class=\"li3\">Apr\u00e8s le retrait de l&rsquo;immobilisation ou une intervention chirurgicale, la physioth\u00e9rapie est souvent n\u00e9cessaire pour r\u00e9cup\u00e9rer la force et la flexibilit\u00e9 de l&rsquo;avant-bras et du poignet.<\/li>\n<\/ul>\n<\/ul>\n<p class=\"p4\" style=\"text-align: justify;\"><b>Complications possibles<\/b><\/p>\n<ul class=\"ul1\" style=\"text-align: justify;\">\n<li class=\"li3\"><b>Mal-union ou non-union :<\/b> L&rsquo;os peut gu\u00e9rir dans une mauvaise position ou ne pas gu\u00e9rir du tout.<\/li>\n<li class=\"li3\"><b>Raideur articulaire<\/b> : Surtout au niveau du poignet.<\/li>\n<li class=\"li3\"><b>Syndrome douloureux r\u00e9gional complexe (SDRC) :<\/b> Une douleur chronique qui peut survenir apr\u00e8s une fracture.<\/li>\n<\/ul>\n<p class=\"p3\" style=\"text-align: justify;\">Il est essentiel de suivre les instructions m\u00e9dicales et de faire des contr\u00f4les r\u00e9guliers pour s&rsquo;assurer que la gu\u00e9rison progresse bien.<\/p>\n<\/div>\n<\/div>\n<\/div>\n<\/div>\n<\/div>\n<\/div>\n<p>[\/et_pb_text][\/et_pb_column][\/et_pb_row][et_pb_row _builder_version=\u00a0\u00bb4.27.0&Prime; _module_preset=\u00a0\u00bbdefault\u00a0\u00bb global_colors_info=\u00a0\u00bb{}\u00a0\u00bb theme_builder_area=\u00a0\u00bbpost_content\u00a0\u00bb][et_pb_column type=\u00a0\u00bb4_4&Prime; _builder_version=\u00a0\u00bb4.27.0&Prime; _module_preset=\u00a0\u00bbdefault\u00a0\u00bb global_colors_info=\u00a0\u00bb{}\u00a0\u00bb theme_builder_area=\u00a0\u00bbpost_content\u00a0\u00bb][et_pb_gallery gallery_ids=\u00a0\u00bb1665&Prime; _builder_version=\u00a0\u00bb4.27.0&Prime; _module_preset=\u00a0\u00bbdefault\u00a0\u00bb title_level=\u00a0\u00bbh6&Prime; title_font=\u00a0\u00bb|||on|||||\u00a0\u00bb hover_enabled=\u00a0\u00bb0&Prime; global_colors_info=\u00a0\u00bb{}\u00a0\u00bb theme_builder_area=\u00a0\u00bbpost_content\u00a0\u00bb sticky_enabled=\u00a0\u00bb0&Prime;][\/et_pb_gallery][\/et_pb_column][\/et_pb_row][\/et_pb_section]<\/p>\n","protected":false},"excerpt":{"rendered":"<p>La fracture du radius La fracture du radius est une blessure fr\u00e9quente, souvent caus\u00e9e par une chute sur la main tendue. Le radius est l&rsquo;un des deux os de l&rsquo;avant-bras, et les fractures de cet os peuvent survenir \u00e0 diff\u00e9rents niveaux, notamment au niveau distal (pr\u00e8s du poignet), qui est l&rsquo;endroit le plus courant pour [&hellip;]<\/p>\n","protected":false},"author":1,"featured_media":0,"parent":1513,"menu_order":0,"comment_status":"closed","ping_status":"closed","template":"","meta":{"_et_pb_use_builder":"on","_et_pb_old_content":"","_et_gb_content_width":"","_monsterinsights_skip_tracking":false,"_monsterinsights_sitenote_active":false,"_monsterinsights_sitenote_note":"","_monsterinsights_sitenote_category":0,"footnotes":""},"class_list":["post-1662","page","type-page","status-publish","hentry"],"yoast_head":"<!-- This site is optimized with the Yoast SEO plugin v27.4 - https:\/\/yoast.com\/product\/yoast-seo-wordpress\/ -->\n<title>Fracture du radius | IMPPACT Chirurgie<\/title>\n<meta name=\"robots\" content=\"index, follow, max-snippet:-1, max-image-preview:large, max-video-preview:-1\" \/>\n<link rel=\"canonical\" href=\"https:\/\/imppact-chirurgie.fr\/index.php\/traumatologie\/fracture-du-radius\/\" \/>\n<meta property=\"og:locale\" content=\"fr_FR\" \/>\n<meta property=\"og:type\" content=\"article\" \/>\n<meta property=\"og:title\" content=\"Fracture du radius | IMPPACT Chirurgie\" \/>\n<meta property=\"og:description\" content=\"La fracture du radius La fracture du radius est une blessure fr\u00e9quente, souvent caus\u00e9e par une chute sur la main tendue. Le radius est l&#039;un des deux os de l&#039;avant-bras, et les fractures de cet os peuvent survenir \u00e0 diff\u00e9rents niveaux, notamment au niveau distal (pr\u00e8s du poignet), qui est l&#039;endroit le plus courant pour [&hellip;]\" \/>\n<meta property=\"og:url\" content=\"https:\/\/imppact-chirurgie.fr\/index.php\/traumatologie\/fracture-du-radius\/\" \/>\n<meta property=\"og:site_name\" content=\"IMPPACT Chirurgie\" \/>\n<meta property=\"article:modified_time\" content=\"2024-10-01T09:49:18+00:00\" \/>\n<meta name=\"twitter:card\" content=\"summary_large_image\" \/>\n<meta name=\"twitter:label1\" content=\"Dur\u00e9e de lecture estim\u00e9e\" \/>\n\t<meta name=\"twitter:data1\" content=\"4 minutes\" \/>\n<script type=\"application\/ld+json\" class=\"yoast-schema-graph\">{\"@context\":\"https:\\\/\\\/schema.org\",\"@graph\":[{\"@type\":\"WebPage\",\"@id\":\"https:\\\/\\\/imppact-chirurgie.fr\\\/index.php\\\/traumatologie\\\/fracture-du-radius\\\/\",\"url\":\"https:\\\/\\\/imppact-chirurgie.fr\\\/index.php\\\/traumatologie\\\/fracture-du-radius\\\/\",\"name\":\"Fracture du radius | IMPPACT Chirurgie\",\"isPartOf\":{\"@id\":\"https:\\\/\\\/imppact-chirurgie.fr\\\/#website\"},\"datePublished\":\"2024-09-30T12:15:48+00:00\",\"dateModified\":\"2024-10-01T09:49:18+00:00\",\"breadcrumb\":{\"@id\":\"https:\\\/\\\/imppact-chirurgie.fr\\\/index.php\\\/traumatologie\\\/fracture-du-radius\\\/#breadcrumb\"},\"inLanguage\":\"fr-FR\",\"potentialAction\":[{\"@type\":\"ReadAction\",\"target\":[\"https:\\\/\\\/imppact-chirurgie.fr\\\/index.php\\\/traumatologie\\\/fracture-du-radius\\\/\"]}]},{\"@type\":\"BreadcrumbList\",\"@id\":\"https:\\\/\\\/imppact-chirurgie.fr\\\/index.php\\\/traumatologie\\\/fracture-du-radius\\\/#breadcrumb\",\"itemListElement\":[{\"@type\":\"ListItem\",\"position\":1,\"name\":\"Accueil\",\"item\":\"https:\\\/\\\/imppact-chirurgie.fr\\\/\"},{\"@type\":\"ListItem\",\"position\":2,\"name\":\"Traumatologie\",\"item\":\"https:\\\/\\\/imppact-chirurgie.fr\\\/index.php\\\/traumatologie\\\/\"},{\"@type\":\"ListItem\",\"position\":3,\"name\":\"Fracture du radius\"}]},{\"@type\":\"WebSite\",\"@id\":\"https:\\\/\\\/imppact-chirurgie.fr\\\/#website\",\"url\":\"https:\\\/\\\/imppact-chirurgie.fr\\\/\",\"name\":\"IMPPACT Chirurgie\",\"description\":\"IMPPACT Institut Main Pied Plastique Articulations Chirurgie Traumatologie\",\"publisher\":{\"@id\":\"https:\\\/\\\/imppact-chirurgie.fr\\\/#organization\"},\"potentialAction\":[{\"@type\":\"SearchAction\",\"target\":{\"@type\":\"EntryPoint\",\"urlTemplate\":\"https:\\\/\\\/imppact-chirurgie.fr\\\/?s={search_term_string}\"},\"query-input\":{\"@type\":\"PropertyValueSpecification\",\"valueRequired\":true,\"valueName\":\"search_term_string\"}}],\"inLanguage\":\"fr-FR\"},{\"@type\":\"Organization\",\"@id\":\"https:\\\/\\\/imppact-chirurgie.fr\\\/#organization\",\"name\":\"Imppact Chirurgie\",\"alternateName\":\"Institut Main Pied Plastique Articulations Chirurgie Traumatologie\",\"url\":\"https:\\\/\\\/imppact-chirurgie.fr\\\/\",\"logo\":{\"@type\":\"ImageObject\",\"inLanguage\":\"fr-FR\",\"@id\":\"https:\\\/\\\/imppact-chirurgie.fr\\\/#\\\/schema\\\/logo\\\/image\\\/\",\"url\":\"https:\\\/\\\/imppact-chirurgie.fr\\\/wp-content\\\/uploads\\\/2024\\\/02\\\/logo_final_imppact.png\",\"contentUrl\":\"https:\\\/\\\/imppact-chirurgie.fr\\\/wp-content\\\/uploads\\\/2024\\\/02\\\/logo_final_imppact.png\",\"width\":1000,\"height\":523,\"caption\":\"Imppact Chirurgie\"},\"image\":{\"@id\":\"https:\\\/\\\/imppact-chirurgie.fr\\\/#\\\/schema\\\/logo\\\/image\\\/\"}}]}<\/script>\n<!-- \/ Yoast SEO plugin. -->","yoast_head_json":{"title":"Fracture du radius | IMPPACT Chirurgie","robots":{"index":"index","follow":"follow","max-snippet":"max-snippet:-1","max-image-preview":"max-image-preview:large","max-video-preview":"max-video-preview:-1"},"canonical":"https:\/\/imppact-chirurgie.fr\/index.php\/traumatologie\/fracture-du-radius\/","og_locale":"fr_FR","og_type":"article","og_title":"Fracture du radius | IMPPACT Chirurgie","og_description":"La fracture du radius La fracture du radius est une blessure fr\u00e9quente, souvent caus\u00e9e par une chute sur la main tendue. Le radius est l'un des deux os de l'avant-bras, et les fractures de cet os peuvent survenir \u00e0 diff\u00e9rents niveaux, notamment au niveau distal (pr\u00e8s du poignet), qui est l'endroit le plus courant pour [&hellip;]","og_url":"https:\/\/imppact-chirurgie.fr\/index.php\/traumatologie\/fracture-du-radius\/","og_site_name":"IMPPACT Chirurgie","article_modified_time":"2024-10-01T09:49:18+00:00","twitter_card":"summary_large_image","twitter_misc":{"Dur\u00e9e de lecture estim\u00e9e":"4 minutes"},"schema":{"@context":"https:\/\/schema.org","@graph":[{"@type":"WebPage","@id":"https:\/\/imppact-chirurgie.fr\/index.php\/traumatologie\/fracture-du-radius\/","url":"https:\/\/imppact-chirurgie.fr\/index.php\/traumatologie\/fracture-du-radius\/","name":"Fracture du radius | IMPPACT Chirurgie","isPartOf":{"@id":"https:\/\/imppact-chirurgie.fr\/#website"},"datePublished":"2024-09-30T12:15:48+00:00","dateModified":"2024-10-01T09:49:18+00:00","breadcrumb":{"@id":"https:\/\/imppact-chirurgie.fr\/index.php\/traumatologie\/fracture-du-radius\/#breadcrumb"},"inLanguage":"fr-FR","potentialAction":[{"@type":"ReadAction","target":["https:\/\/imppact-chirurgie.fr\/index.php\/traumatologie\/fracture-du-radius\/"]}]},{"@type":"BreadcrumbList","@id":"https:\/\/imppact-chirurgie.fr\/index.php\/traumatologie\/fracture-du-radius\/#breadcrumb","itemListElement":[{"@type":"ListItem","position":1,"name":"Accueil","item":"https:\/\/imppact-chirurgie.fr\/"},{"@type":"ListItem","position":2,"name":"Traumatologie","item":"https:\/\/imppact-chirurgie.fr\/index.php\/traumatologie\/"},{"@type":"ListItem","position":3,"name":"Fracture du radius"}]},{"@type":"WebSite","@id":"https:\/\/imppact-chirurgie.fr\/#website","url":"https:\/\/imppact-chirurgie.fr\/","name":"IMPPACT Chirurgie","description":"IMPPACT Institut Main Pied Plastique Articulations Chirurgie Traumatologie","publisher":{"@id":"https:\/\/imppact-chirurgie.fr\/#organization"},"potentialAction":[{"@type":"SearchAction","target":{"@type":"EntryPoint","urlTemplate":"https:\/\/imppact-chirurgie.fr\/?s={search_term_string}"},"query-input":{"@type":"PropertyValueSpecification","valueRequired":true,"valueName":"search_term_string"}}],"inLanguage":"fr-FR"},{"@type":"Organization","@id":"https:\/\/imppact-chirurgie.fr\/#organization","name":"Imppact Chirurgie","alternateName":"Institut Main Pied Plastique Articulations Chirurgie Traumatologie","url":"https:\/\/imppact-chirurgie.fr\/","logo":{"@type":"ImageObject","inLanguage":"fr-FR","@id":"https:\/\/imppact-chirurgie.fr\/#\/schema\/logo\/image\/","url":"https:\/\/imppact-chirurgie.fr\/wp-content\/uploads\/2024\/02\/logo_final_imppact.png","contentUrl":"https:\/\/imppact-chirurgie.fr\/wp-content\/uploads\/2024\/02\/logo_final_imppact.png","width":1000,"height":523,"caption":"Imppact Chirurgie"},"image":{"@id":"https:\/\/imppact-chirurgie.fr\/#\/schema\/logo\/image\/"}}]}},"_links":{"self":[{"href":"https:\/\/imppact-chirurgie.fr\/index.php\/wp-json\/wp\/v2\/pages\/1662","targetHints":{"allow":["GET"]}}],"collection":[{"href":"https:\/\/imppact-chirurgie.fr\/index.php\/wp-json\/wp\/v2\/pages"}],"about":[{"href":"https:\/\/imppact-chirurgie.fr\/index.php\/wp-json\/wp\/v2\/types\/page"}],"author":[{"embeddable":true,"href":"https:\/\/imppact-chirurgie.fr\/index.php\/wp-json\/wp\/v2\/users\/1"}],"replies":[{"embeddable":true,"href":"https:\/\/imppact-chirurgie.fr\/index.php\/wp-json\/wp\/v2\/comments?post=1662"}],"version-history":[{"count":3,"href":"https:\/\/imppact-chirurgie.fr\/index.php\/wp-json\/wp\/v2\/pages\/1662\/revisions"}],"predecessor-version":[{"id":1666,"href":"https:\/\/imppact-chirurgie.fr\/index.php\/wp-json\/wp\/v2\/pages\/1662\/revisions\/1666"}],"up":[{"embeddable":true,"href":"https:\/\/imppact-chirurgie.fr\/index.php\/wp-json\/wp\/v2\/pages\/1513"}],"wp:attachment":[{"href":"https:\/\/imppact-chirurgie.fr\/index.php\/wp-json\/wp\/v2\/media?parent=1662"}],"curies":[{"name":"wp","href":"https:\/\/api.w.org\/{rel}","templated":true}]}}