{"id":1684,"date":"2024-10-01T09:23:11","date_gmt":"2024-10-01T07:23:11","guid":{"rendered":"https:\/\/imppact-chirurgie.fr\/?page_id=1684"},"modified":"2024-11-07T10:16:24","modified_gmt":"2024-11-07T09:16:24","slug":"lesion-des-menisques","status":"publish","type":"page","link":"https:\/\/imppact-chirurgie.fr\/index.php\/traumatologie\/lesion-des-menisques\/","title":{"rendered":"L\u00e9sion des m\u00e9nisques"},"content":{"rendered":"<p>[et_pb_section fb_built=\u00a0\u00bb1&Prime; admin_label=\u00a0\u00bbsection\u00a0\u00bb _builder_version=\u00a0\u00bb4.16&Prime; global_colors_info=\u00a0\u00bb{}\u00a0\u00bb][et_pb_row admin_label=\u00a0\u00bbrow\u00a0\u00bb _builder_version=\u00a0\u00bb4.27.2&Prime; background_size=\u00a0\u00bbinitial\u00a0\u00bb background_position=\u00a0\u00bbtop_left\u00a0\u00bb background_repeat=\u00a0\u00bbrepeat\u00a0\u00bb custom_margin=\u00a0\u00bb||||false|false\u00a0\u00bb custom_padding=\u00a0\u00bb||||false|false\u00a0\u00bb hover_enabled=\u00a0\u00bb0&Prime; global_colors_info=\u00a0\u00bb{}\u00a0\u00bb sticky_enabled=\u00a0\u00bb0&Prime;][et_pb_column type=\u00a0\u00bb4_4&Prime; _builder_version=\u00a0\u00bb4.16&Prime; custom_padding=\u00a0\u00bb|||\u00a0\u00bb global_colors_info=\u00a0\u00bb{}\u00a0\u00bb custom_padding__hover=\u00a0\u00bb|||\u00a0\u00bb][et_pb_text admin_label=\u00a0\u00bbText\u00a0\u00bb _builder_version=\u00a0\u00bb4.27.2&Prime; background_size=\u00a0\u00bbinitial\u00a0\u00bb background_position=\u00a0\u00bbtop_left\u00a0\u00bb background_repeat=\u00a0\u00bbrepeat\u00a0\u00bb width=\u00a0\u00bb99.8%\u00a0\u00bb custom_margin=\u00a0\u00bb||||false|false\u00a0\u00bb custom_padding=\u00a0\u00bb|||0px||\u00a0\u00bb global_colors_info=\u00a0\u00bb{}\u00a0\u00bb]<\/p>\n<h1 style=\"text-align: justify;\"><span style=\"font-size: 26px;\">L\u00e9sion des m\u00e9nisques<\/span><\/h1>\n<div data-mesh-id=\"comp-jjy3ebjpinlineContent\" data-testid=\"inline-content\" class=\"\">\n<div data-mesh-id=\"comp-jjy3ebjpinlineContent-gridContainer\" data-testid=\"mesh-container-content\">\n<div id=\"comp-jjy3ebjx\" class=\"HcOXKn SxM0TO QxJLC3 lq2cno comp-jjy3ebjx wixui-rich-text\" data-testid=\"richTextElement\">\n<div id=\"bgLayers_comp-jjy3a7dy\" data-hook=\"bgLayers\" data-motion-part=\"BG_LAYER\" class=\"MW5IWV\">\n<p><main id=\"PAGES_CONTAINER\" class=\"PAGES_CONTAINER\" data-main-content=\"true\" tabindex=\"-1\"><\/main><\/p>\n<p class=\"font_8 wixui-rich-text__text\" style=\"text-align: justify;\"><span class=\"wixui-rich-text__text\">L\u2019intervention consiste \u00e0 suturer la partie d\u00e9chir\u00e9e du m\u00e9nisque quand celle-ci peut faire esp\u00e9rer une cicatrisation.<br class=\"wixui-rich-text__text\" \/>Elle est r\u00e9alis\u00e9e sous arthroscopie, c\u2019est \u00e0 dire sans ouvrir l\u2019articulation. Deux petites incisions de 5 mm chacune sont r\u00e9alis\u00e9es en avant du genou. Une petite cam\u00e9ra est introduite par l\u2019une d\u2019entre elles pour visualiser l\u2019articulation. Des petits instruments sont introduits par l\u2019autre incision pour r\u00e9aliser le geste chirurgical.<br class=\"wixui-rich-text__text\" \/>Un ou plusieurs fils mont\u00e9s sur des petites ancres sont pass\u00e9s dans le m\u00e9nisque et nou\u00e9s entre eux pour refermer la l\u00e9sion sur elle-m\u00eame. Ils permettent de stabiliser la l\u00e9sion m\u00e9niscale, le temps que celle-ci puisse cicatriser.<br class=\"wixui-rich-text__text\" \/>Les l\u00e9sions cartilagineuses peuvent \u00eatre trait\u00e9es dans le m\u00eame temps op\u00e9ratoire et cela en fonction de leur nature.<br class=\"wixui-rich-text__text\" \/>L\u2019intervention peut \u00eatre r\u00e9alis\u00e9e sous rachi-anesth\u00e9sie ou bien sous anesth\u00e9sie g\u00e9n\u00e9rale. C\u2019est votre anesth\u00e9siste qui d\u00e9cide avec vous de la meilleure anesth\u00e9sie en fonction de votre \u00e9tat de sant\u00e9.<br class=\"wixui-rich-text__text\" \/>Elle dure en moyenne une demie-heure et se fait lors d\u2019une journ\u00e9e d\u2019hospitalisation en ambulatoire.<br class=\"wixui-rich-text__text\" \/>Le traitement de la douleur sera mis en place, surveill\u00e9 et adapt\u00e9 de mani\u00e8re tr\u00e8s rapproch\u00e9e dans la p\u00e9riode post-op\u00e9ratoire.<\/span><\/p>\n<p class=\"font_8 wixui-rich-text__text\" style=\"text-align: justify;\"><span class=\"wixui-rich-text__text\">La marche et l\u2019ppui seront en fonction du type de la l\u00e9sion et sa localisation. La marche s\u2019effectue \u00e0 l\u2019aide de deux cannes pendant 4 semaines afin de soulager le genou de votre poids. Apr\u00e8s la premi\u00e8re semaine, la r\u00e9\u00e9ducation chez votre kin\u00e9sith\u00e9rapeute peut commencer, son but est de pr\u00e9server la souplesse du genou et de maintenir la masse musculaire.<\/span><\/p>\n<p class=\"font_8 wixui-rich-text__text\" style=\"text-align: justify;\"><span class=\"wixui-rich-text__text\"><\/span><\/p>\n<p class=\"font_8 wixui-rich-text__text\" style=\"text-align: justify;\"><span class=\"wixui-rich-text__text\">LES RISQUES ET COMPLICATIONS<\/span><\/p>\n<p class=\"font_8 wixui-rich-text__text\" style=\"text-align: justify;\"><span class=\"wixui-rich-text__text\">C\u2019est une op\u00e9ration l\u00e9g\u00e8re.<\/span><\/p>\n<p class=\"font_8 wixui-rich-text__text\" style=\"text-align: justify;\"><span class=\"wixui-rich-text__text\">On peut cependant citer les risques suivants, qui restent tr\u00e8s rares : Des muscles, tendons, ligaments, nerfs ou vaisseaux sanguins peuvent \u00eatre ab\u00eem\u00e9s, accidentellement pendant ou apr\u00e8s l\u2019op\u00e9ration, suite \u00e0 un gonflement trop important du mollet ou \u00e0 un d\u00e9placement des moyens de fixation du m\u00e9nisque. Cela peut n\u00e9cessiter une r\u00e9paration et cr\u00e9er des probl\u00e8mes de fonctionnement ou de sensibilit\u00e9 de certaines parties de la jambe.<\/span><\/p>\n<p class=\"font_8 wixui-rich-text__text\" style=\"text-align: justify;\"><span class=\"wixui-rich-text__text\">Si des microbes envahissent la zone op\u00e9r\u00e9e (infection), il faut un traitement m\u00e9dical prolong\u00e9 et parfois une nouvelle op\u00e9ration.<\/span><\/p>\n<p class=\"font_8 wixui-rich-text__text\" style=\"text-align: justify;\"><span class=\"wixui-rich-text__text\">Si n\u00e9cessaire, vous prenez un traitement pour \u00e9viter la formation de bouchons de sang (caillots) dans les veines des jambes (phl\u00e9bite).<\/span><\/p>\n<p class=\"font_8 wixui-rich-text__text\" style=\"text-align: justify;\"><span class=\"wixui-rich-text__text\">Il est normal qu\u2019une zone reste sensible pendant trois \u00e0 six semaines.<\/span><\/p>\n<p class=\"font_8 wixui-rich-text__text\" style=\"text-align: justify;\"><span class=\"wixui-rich-text__text\">Ne soyez pas trop confiant, cela augmente le risque d\u2019accident ! Une nouvelle d\u00e9chirure est toujours possible. Il y a toujours un risque que le cartilage s\u2019use trop vite chez les patients jeunes \u00e0 qui on a enlev\u00e9 le m\u00e9nisque.<\/span><\/p>\n<p class=\"font_8 wixui-rich-text__text\" style=\"text-align: justify;\"><span class=\"wixui-rich-text__text\"><\/span><\/p>\n<p class=\"font_8 wixui-rich-text__text\" style=\"text-align: justify;\"><span class=\"wixui-rich-text__text\">LES<span>\u00a0<\/span><\/span><span class=\"wixui-rich-text__text\">R\u00c9SULTATS<\/span><\/p>\n<p class=\"font_8 wixui-rich-text__text\" style=\"text-align: justify;\"><span class=\"wixui-rich-text__text\">La disparition des blocages, des gonflements et des ph\u00e9nom\u00e8nes d\u2019instabilit\u00e9 est rapide apr\u00e8s l\u2019intervention. La r\u00e9cup\u00e9ration compl\u00e8te de la mobilit\u00e9 et de la force musculaire survient en g\u00e9n\u00e9ral entre le 2\u00e8me et le 3\u00e8me mois.<br class=\"wixui-rich-text__text\" \/>Le r\u00e9sultat sur la douleur peut d\u00e9pendre de l\u2019existence de l\u00e9sions cartilagineuses sous-jacentes. Un traitement m\u00e9dical compl\u00e9mentaire peut alors s\u2019av\u00e9rer n\u00e9cessaire pour soulager la douleur et ralentir l\u2019\u00e9volution arthrosique.<br class=\"wixui-rich-text__text\" \/>La cicatrisation n\u2019est pas obtenue dans tous les cas. Une g\u00eane peut alors r\u00e9appara\u00eetre n\u00e9cessitant une nouvelle arthroscopie afin de r\u00e9s\u00e9quer la partie non cicatris\u00e9e du m\u00e9nisque.<br class=\"wixui-rich-text__text\" \/>Les r\u00e9sultats sont cependant tr\u00e8s encourageants car les chances de cicatrisation sont de l\u2019ordre de 60% pour un m\u00e9nisque interne et de 75% pour un m\u00e9nisque externe.<\/span><\/p>\n<\/div>\n<\/div>\n<\/div>\n<\/div>\n<p>[\/et_pb_text][\/et_pb_column][\/et_pb_row][\/et_pb_section]<\/p>\n","protected":false},"excerpt":{"rendered":"<p>L\u00e9sion des m\u00e9nisques L\u2019intervention consiste \u00e0 suturer la partie d\u00e9chir\u00e9e du m\u00e9nisque quand celle-ci peut faire esp\u00e9rer une cicatrisation.Elle est r\u00e9alis\u00e9e sous arthroscopie, c\u2019est \u00e0 dire sans ouvrir l\u2019articulation. Deux petites incisions de 5 mm chacune sont r\u00e9alis\u00e9es en avant du genou. Une petite cam\u00e9ra est introduite par l\u2019une d\u2019entre elles pour visualiser l\u2019articulation. Des [&hellip;]<\/p>\n","protected":false},"author":1,"featured_media":0,"parent":1513,"menu_order":0,"comment_status":"closed","ping_status":"closed","template":"","meta":{"_et_pb_use_builder":"on","_et_pb_old_content":"","_et_gb_content_width":"","_monsterinsights_skip_tracking":false,"_monsterinsights_sitenote_active":false,"_monsterinsights_sitenote_note":"","_monsterinsights_sitenote_category":0,"footnotes":""},"class_list":["post-1684","page","type-page","status-publish","hentry"],"yoast_head":"<!-- This site is optimized with the Yoast SEO plugin v27.4 - https:\/\/yoast.com\/product\/yoast-seo-wordpress\/ -->\n<title>L\u00e9sion des m\u00e9nisques | IMPPACT Chirurgie<\/title>\n<meta name=\"robots\" content=\"index, follow, max-snippet:-1, max-image-preview:large, max-video-preview:-1\" \/>\n<link rel=\"canonical\" href=\"https:\/\/imppact-chirurgie.fr\/index.php\/traumatologie\/lesion-des-menisques\/\" \/>\n<meta property=\"og:locale\" content=\"fr_FR\" \/>\n<meta property=\"og:type\" content=\"article\" \/>\n<meta property=\"og:title\" content=\"L\u00e9sion des m\u00e9nisques | IMPPACT Chirurgie\" \/>\n<meta property=\"og:description\" content=\"L\u00e9sion des m\u00e9nisques L\u2019intervention consiste \u00e0 suturer la partie d\u00e9chir\u00e9e du m\u00e9nisque quand celle-ci peut faire esp\u00e9rer une cicatrisation.Elle est r\u00e9alis\u00e9e sous arthroscopie, c\u2019est \u00e0 dire sans ouvrir l\u2019articulation. Deux petites incisions de 5 mm chacune sont r\u00e9alis\u00e9es en avant du genou. Une petite cam\u00e9ra est introduite par l\u2019une d\u2019entre elles pour visualiser l\u2019articulation. Des [&hellip;]\" \/>\n<meta property=\"og:url\" content=\"https:\/\/imppact-chirurgie.fr\/index.php\/traumatologie\/lesion-des-menisques\/\" \/>\n<meta property=\"og:site_name\" content=\"IMPPACT Chirurgie\" \/>\n<meta property=\"article:modified_time\" content=\"2024-11-07T09:16:24+00:00\" \/>\n<meta name=\"twitter:card\" content=\"summary_large_image\" \/>\n<meta name=\"twitter:label1\" content=\"Dur\u00e9e de lecture estim\u00e9e\" \/>\n\t<meta name=\"twitter:data1\" content=\"5 minutes\" \/>\n<script type=\"application\/ld+json\" class=\"yoast-schema-graph\">{\"@context\":\"https:\\\/\\\/schema.org\",\"@graph\":[{\"@type\":\"WebPage\",\"@id\":\"https:\\\/\\\/imppact-chirurgie.fr\\\/index.php\\\/traumatologie\\\/lesion-des-menisques\\\/\",\"url\":\"https:\\\/\\\/imppact-chirurgie.fr\\\/index.php\\\/traumatologie\\\/lesion-des-menisques\\\/\",\"name\":\"L\u00e9sion des m\u00e9nisques | IMPPACT Chirurgie\",\"isPartOf\":{\"@id\":\"https:\\\/\\\/imppact-chirurgie.fr\\\/#website\"},\"datePublished\":\"2024-10-01T07:23:11+00:00\",\"dateModified\":\"2024-11-07T09:16:24+00:00\",\"breadcrumb\":{\"@id\":\"https:\\\/\\\/imppact-chirurgie.fr\\\/index.php\\\/traumatologie\\\/lesion-des-menisques\\\/#breadcrumb\"},\"inLanguage\":\"fr-FR\",\"potentialAction\":[{\"@type\":\"ReadAction\",\"target\":[\"https:\\\/\\\/imppact-chirurgie.fr\\\/index.php\\\/traumatologie\\\/lesion-des-menisques\\\/\"]}]},{\"@type\":\"BreadcrumbList\",\"@id\":\"https:\\\/\\\/imppact-chirurgie.fr\\\/index.php\\\/traumatologie\\\/lesion-des-menisques\\\/#breadcrumb\",\"itemListElement\":[{\"@type\":\"ListItem\",\"position\":1,\"name\":\"Accueil\",\"item\":\"https:\\\/\\\/imppact-chirurgie.fr\\\/\"},{\"@type\":\"ListItem\",\"position\":2,\"name\":\"Traumatologie\",\"item\":\"https:\\\/\\\/imppact-chirurgie.fr\\\/index.php\\\/traumatologie\\\/\"},{\"@type\":\"ListItem\",\"position\":3,\"name\":\"L\u00e9sion des m\u00e9nisques\"}]},{\"@type\":\"WebSite\",\"@id\":\"https:\\\/\\\/imppact-chirurgie.fr\\\/#website\",\"url\":\"https:\\\/\\\/imppact-chirurgie.fr\\\/\",\"name\":\"IMPPACT Chirurgie\",\"description\":\"IMPPACT Institut Main Pied Plastique Articulations Chirurgie Traumatologie\",\"publisher\":{\"@id\":\"https:\\\/\\\/imppact-chirurgie.fr\\\/#organization\"},\"potentialAction\":[{\"@type\":\"SearchAction\",\"target\":{\"@type\":\"EntryPoint\",\"urlTemplate\":\"https:\\\/\\\/imppact-chirurgie.fr\\\/?s={search_term_string}\"},\"query-input\":{\"@type\":\"PropertyValueSpecification\",\"valueRequired\":true,\"valueName\":\"search_term_string\"}}],\"inLanguage\":\"fr-FR\"},{\"@type\":\"Organization\",\"@id\":\"https:\\\/\\\/imppact-chirurgie.fr\\\/#organization\",\"name\":\"Imppact Chirurgie\",\"alternateName\":\"Institut Main Pied Plastique Articulations Chirurgie Traumatologie\",\"url\":\"https:\\\/\\\/imppact-chirurgie.fr\\\/\",\"logo\":{\"@type\":\"ImageObject\",\"inLanguage\":\"fr-FR\",\"@id\":\"https:\\\/\\\/imppact-chirurgie.fr\\\/#\\\/schema\\\/logo\\\/image\\\/\",\"url\":\"https:\\\/\\\/imppact-chirurgie.fr\\\/wp-content\\\/uploads\\\/2024\\\/02\\\/logo_final_imppact.png\",\"contentUrl\":\"https:\\\/\\\/imppact-chirurgie.fr\\\/wp-content\\\/uploads\\\/2024\\\/02\\\/logo_final_imppact.png\",\"width\":1000,\"height\":523,\"caption\":\"Imppact Chirurgie\"},\"image\":{\"@id\":\"https:\\\/\\\/imppact-chirurgie.fr\\\/#\\\/schema\\\/logo\\\/image\\\/\"}}]}<\/script>\n<!-- \/ Yoast SEO plugin. -->","yoast_head_json":{"title":"L\u00e9sion des m\u00e9nisques | IMPPACT Chirurgie","robots":{"index":"index","follow":"follow","max-snippet":"max-snippet:-1","max-image-preview":"max-image-preview:large","max-video-preview":"max-video-preview:-1"},"canonical":"https:\/\/imppact-chirurgie.fr\/index.php\/traumatologie\/lesion-des-menisques\/","og_locale":"fr_FR","og_type":"article","og_title":"L\u00e9sion des m\u00e9nisques | IMPPACT Chirurgie","og_description":"L\u00e9sion des m\u00e9nisques L\u2019intervention consiste \u00e0 suturer la partie d\u00e9chir\u00e9e du m\u00e9nisque quand celle-ci peut faire esp\u00e9rer une cicatrisation.Elle est r\u00e9alis\u00e9e sous arthroscopie, c\u2019est \u00e0 dire sans ouvrir l\u2019articulation. Deux petites incisions de 5 mm chacune sont r\u00e9alis\u00e9es en avant du genou. Une petite cam\u00e9ra est introduite par l\u2019une d\u2019entre elles pour visualiser l\u2019articulation. Des [&hellip;]","og_url":"https:\/\/imppact-chirurgie.fr\/index.php\/traumatologie\/lesion-des-menisques\/","og_site_name":"IMPPACT Chirurgie","article_modified_time":"2024-11-07T09:16:24+00:00","twitter_card":"summary_large_image","twitter_misc":{"Dur\u00e9e de lecture estim\u00e9e":"5 minutes"},"schema":{"@context":"https:\/\/schema.org","@graph":[{"@type":"WebPage","@id":"https:\/\/imppact-chirurgie.fr\/index.php\/traumatologie\/lesion-des-menisques\/","url":"https:\/\/imppact-chirurgie.fr\/index.php\/traumatologie\/lesion-des-menisques\/","name":"L\u00e9sion des m\u00e9nisques | IMPPACT Chirurgie","isPartOf":{"@id":"https:\/\/imppact-chirurgie.fr\/#website"},"datePublished":"2024-10-01T07:23:11+00:00","dateModified":"2024-11-07T09:16:24+00:00","breadcrumb":{"@id":"https:\/\/imppact-chirurgie.fr\/index.php\/traumatologie\/lesion-des-menisques\/#breadcrumb"},"inLanguage":"fr-FR","potentialAction":[{"@type":"ReadAction","target":["https:\/\/imppact-chirurgie.fr\/index.php\/traumatologie\/lesion-des-menisques\/"]}]},{"@type":"BreadcrumbList","@id":"https:\/\/imppact-chirurgie.fr\/index.php\/traumatologie\/lesion-des-menisques\/#breadcrumb","itemListElement":[{"@type":"ListItem","position":1,"name":"Accueil","item":"https:\/\/imppact-chirurgie.fr\/"},{"@type":"ListItem","position":2,"name":"Traumatologie","item":"https:\/\/imppact-chirurgie.fr\/index.php\/traumatologie\/"},{"@type":"ListItem","position":3,"name":"L\u00e9sion des m\u00e9nisques"}]},{"@type":"WebSite","@id":"https:\/\/imppact-chirurgie.fr\/#website","url":"https:\/\/imppact-chirurgie.fr\/","name":"IMPPACT Chirurgie","description":"IMPPACT Institut Main Pied Plastique Articulations Chirurgie Traumatologie","publisher":{"@id":"https:\/\/imppact-chirurgie.fr\/#organization"},"potentialAction":[{"@type":"SearchAction","target":{"@type":"EntryPoint","urlTemplate":"https:\/\/imppact-chirurgie.fr\/?s={search_term_string}"},"query-input":{"@type":"PropertyValueSpecification","valueRequired":true,"valueName":"search_term_string"}}],"inLanguage":"fr-FR"},{"@type":"Organization","@id":"https:\/\/imppact-chirurgie.fr\/#organization","name":"Imppact Chirurgie","alternateName":"Institut Main Pied Plastique Articulations Chirurgie Traumatologie","url":"https:\/\/imppact-chirurgie.fr\/","logo":{"@type":"ImageObject","inLanguage":"fr-FR","@id":"https:\/\/imppact-chirurgie.fr\/#\/schema\/logo\/image\/","url":"https:\/\/imppact-chirurgie.fr\/wp-content\/uploads\/2024\/02\/logo_final_imppact.png","contentUrl":"https:\/\/imppact-chirurgie.fr\/wp-content\/uploads\/2024\/02\/logo_final_imppact.png","width":1000,"height":523,"caption":"Imppact Chirurgie"},"image":{"@id":"https:\/\/imppact-chirurgie.fr\/#\/schema\/logo\/image\/"}}]}},"_links":{"self":[{"href":"https:\/\/imppact-chirurgie.fr\/index.php\/wp-json\/wp\/v2\/pages\/1684","targetHints":{"allow":["GET"]}}],"collection":[{"href":"https:\/\/imppact-chirurgie.fr\/index.php\/wp-json\/wp\/v2\/pages"}],"about":[{"href":"https:\/\/imppact-chirurgie.fr\/index.php\/wp-json\/wp\/v2\/types\/page"}],"author":[{"embeddable":true,"href":"https:\/\/imppact-chirurgie.fr\/index.php\/wp-json\/wp\/v2\/users\/1"}],"replies":[{"embeddable":true,"href":"https:\/\/imppact-chirurgie.fr\/index.php\/wp-json\/wp\/v2\/comments?post=1684"}],"version-history":[{"count":5,"href":"https:\/\/imppact-chirurgie.fr\/index.php\/wp-json\/wp\/v2\/pages\/1684\/revisions"}],"predecessor-version":[{"id":1992,"href":"https:\/\/imppact-chirurgie.fr\/index.php\/wp-json\/wp\/v2\/pages\/1684\/revisions\/1992"}],"up":[{"embeddable":true,"href":"https:\/\/imppact-chirurgie.fr\/index.php\/wp-json\/wp\/v2\/pages\/1513"}],"wp:attachment":[{"href":"https:\/\/imppact-chirurgie.fr\/index.php\/wp-json\/wp\/v2\/media?parent=1684"}],"curies":[{"name":"wp","href":"https:\/\/api.w.org\/{rel}","templated":true}]}}