{"id":1699,"date":"2024-10-01T09:51:56","date_gmt":"2024-10-01T07:51:56","guid":{"rendered":"https:\/\/imppact-chirurgie.fr\/?page_id=1699"},"modified":"2024-10-01T11:49:00","modified_gmt":"2024-10-01T09:49:00","slug":"fracture-col-du-femur","status":"publish","type":"page","link":"https:\/\/imppact-chirurgie.fr\/index.php\/traumatologie\/fracture-col-du-femur\/","title":{"rendered":"Fracture col du f\u00e9mur"},"content":{"rendered":"<p>[et_pb_section fb_built=\u00a0\u00bb1&Prime; admin_label=\u00a0\u00bbsection\u00a0\u00bb _builder_version=\u00a0\u00bb4.16&Prime; global_colors_info=\u00a0\u00bb{}\u00a0\u00bb][et_pb_row admin_label=\u00a0\u00bbrow\u00a0\u00bb _builder_version=\u00a0\u00bb4.24.3&Prime; background_size=\u00a0\u00bbinitial\u00a0\u00bb background_position=\u00a0\u00bbtop_left\u00a0\u00bb background_repeat=\u00a0\u00bbrepeat\u00a0\u00bb custom_margin=\u00a0\u00bb|auto||144px||\u00a0\u00bb custom_padding=\u00a0\u00bb|||58px||\u00a0\u00bb global_colors_info=\u00a0\u00bb{}\u00a0\u00bb][et_pb_column type=\u00a0\u00bb4_4&Prime; _builder_version=\u00a0\u00bb4.16&Prime; custom_padding=\u00a0\u00bb|||\u00a0\u00bb global_colors_info=\u00a0\u00bb{}\u00a0\u00bb custom_padding__hover=\u00a0\u00bb|||\u00a0\u00bb][et_pb_text admin_label=\u00a0\u00bbText\u00a0\u00bb _builder_version=\u00a0\u00bb4.27.0&Prime; background_size=\u00a0\u00bbinitial\u00a0\u00bb background_position=\u00a0\u00bbtop_left\u00a0\u00bb background_repeat=\u00a0\u00bbrepeat\u00a0\u00bb width=\u00a0\u00bb99.8%\u00a0\u00bb custom_margin=\u00a0\u00bb||||false|false\u00a0\u00bb custom_padding=\u00a0\u00bb|||0px||\u00a0\u00bb hover_enabled=\u00a0\u00bb0&Prime; global_colors_info=\u00a0\u00bb{}\u00a0\u00bb sticky_enabled=\u00a0\u00bb0&Prime;]<\/p>\n<h1 style=\"text-align: justify;\"><span style=\"font-size: 26px;\"><\/span><\/h1>\n<h1 style=\"text-align: justify;\"><span style=\"font-size: 26px;\">La fracture du col du f\u00e9mur<\/span><\/h1>\n<div data-mesh-id=\"comp-jjy49tvqinlineContent\" data-testid=\"inline-content\" class=\"\">\n<div data-mesh-id=\"comp-jjy49tvqinlineContent-gridContainer\" data-testid=\"mesh-container-content\">\n<p>&nbsp;<\/p>\n<p><span style=\"font-size: 14px; text-align: justify;\">La fracture de l\u2019extr\u00e9mit\u00e9 sup\u00e9rieure (ou proximale) du f\u00e9mur est une cassure de l\u2019os du f\u00e9mur situ\u00e9e entre le trochanter et la t\u00eate de l\u2019os. Elle touche essentiellement les personnes \u00e2g\u00e9es et plus particuli\u00e8rement les femmes chez lesquelles l\u2019ost\u00e9oporose est fr\u00e9quente. C\u2019est une urgence chirurgicale.<\/span><\/p>\n<p><main id=\"PAGES_CONTAINER\" class=\"PAGES_CONTAINER\" data-main-content=\"true\" tabindex=\"-1\"><\/main><\/p>\n<div id=\"SITE_PAGES\" class=\"JsJXaX SITE_PAGES\">\n<div id=\"SITE_PAGES_TRANSITION_GROUP\" class=\"AnQkDU\">\n<div id=\"yzsu7\" class=\"dBAkHi yzsu7\">\n<div class=\"HT5ybB\">\n<div id=\"Containeryzsu7\" class=\"Containeryzsu7 SPY_vo\">\n<div data-mesh-id=\"Containeryzsu7inlineContent\" data-testid=\"inline-content\" class=\"\">\n<div data-mesh-id=\"Containeryzsu7inlineContent-gridContainer\" data-testid=\"mesh-container-content\">\n<section id=\"comp-jjy2o5v0\" class=\"comp-jjy2o5v0 CohWsy wixui-column-strip\">\n<div data-testid=\"columns\" class=\"V5AUxf\">\n<div id=\"comp-jjy2o5vi\" class=\"comp-jjy2o5vi YzqVVZ wixui-column-strip__column\">\n<div data-mesh-id=\"comp-jjy2o5viinlineContent\" data-testid=\"inline-content\" class=\"\">\n<div data-mesh-id=\"comp-jjy2o5viinlineContent-gridContainer\" data-testid=\"mesh-container-content\">\n<div id=\"comp-jjy2o5vq\" class=\"HcOXKn SxM0TO QxJLC3 lq2cno comp-jjy2o5vq wixui-rich-text\" data-testid=\"richTextElement\">\n<p class=\"font_8 wixui-rich-text__text\" style=\"text-align: justify;\"><span class=\"wixui-rich-text__text\">La fracture de l\u2019extr\u00e9mit\u00e9 sup\u00e9rieure du f\u00e9mur est une cassure de l\u2019os pouvant survenir \u00e0 deux niveaux\u00a0:<\/span><\/p>\n<ul class=\"font_8 wixui-rich-text__text\" style=\"text-align: justify;\">\n<li class=\"wixui-rich-text__text\">\n<p class=\"font_8 wixui-rich-text__text\"><span class=\"wixui-rich-text__text\">au niveau du col, on parle alors de\u00a0fracture cervicale\u00a0;<\/span><\/p>\n<\/li>\n<li class=\"wixui-rich-text__text\">\n<p class=\"font_8 wixui-rich-text__text\"><span class=\"wixui-rich-text__text\">au niveau du trochanter, on parle alors de\u00a0fracture trochant\u00e9rienne.<\/span><\/p>\n<\/li>\n<\/ul>\n<p class=\"font_8 wixui-rich-text__text\" style=\"text-align: justify;\"><strong><span class=\"wixui-rich-text__text\"><\/span><\/strong><\/p>\n<p class=\"font_8 wixui-rich-text__text\" style=\"text-align: justify;\"><strong><span class=\"wixui-rich-text__text\"><\/span><\/strong><\/p>\n<p class=\"font_8 wixui-rich-text__text\" style=\"text-align: justify;\"><strong><span class=\"wixui-rich-text__text\">MODE DE SURVENUE ET FACTEURS FAVORISANTS<\/span><\/strong><\/p>\n<p class=\"font_8 wixui-rich-text__text\" style=\"text-align: justify;\"><span class=\"wixui-rich-text__text\">Chez les personnes de moins de 55 ans, la fracture de l\u2019extr\u00e9mit\u00e9 sup\u00e9rieure du f\u00e9mur est rare et survient apr\u00e8s un traumatisme violent accidentel (accident de la route, chute d\u2019un lieu \u00e9lev\u00e9\u2026)<\/span><\/p>\n<p class=\"font_8 wixui-rich-text__text\" style=\"text-align: justify;\"><span class=\"wixui-rich-text__text\">Chez une personne \u00e2g\u00e9e, la fracture de l\u2019extr\u00e9mit\u00e9 sup\u00e9rieure du f\u00e9mur fait suite le plus souvent \u00e0 une chute banale. Elle touche tr\u00e8s majoritairement les femmes. Cette fracture peut alors \u00eatre responsable d\u2019une perte d\u2019autonomie.<\/span><\/p>\n<p class=\"font_8 wixui-rich-text__text\" style=\"text-align: justify;\"><span class=\"wixui-rich-text__text\">La fracture de l&rsquo;extr\u00e9mit\u00e9 sup\u00e9rieure du f\u00e9mur de la personne \u00e2g\u00e9e est favoris\u00e9e par des facteurs de risque pouvant \u00eatre pr\u00e9venus\u00a0:<\/span><\/p>\n<ul class=\"font_8 wixui-rich-text__text\" style=\"text-align: justify;\">\n<li class=\"wixui-rich-text__text\">\n<p class=\"font_8 wixui-rich-text__text\"><span class=\"wixui-rich-text__text\">l\u2019ost\u00e9oporose<\/span><\/p>\n<\/li>\n<li class=\"wixui-rich-text__text\">\n<p class=\"font_8 wixui-rich-text__text\"><span class=\"wixui-rich-text__text\">les\u00a0chutes,<\/span><\/p>\n<\/li>\n<\/ul>\n<p><span class=\"wixui-rich-text__text\"><\/span><\/p>\n<p><span class=\"wixui-rich-text__text\"><\/span><\/p>\n<p class=\"font_8 wixui-rich-text__text\" style=\"text-align: justify;\"><strong><span class=\"wixui-rich-text__text\">UN TRAITEMENT CHIRURGICAL ADAPT\u00c9 \u00c0 LA SITUATION M\u00c9DICALE DU PATIENT<\/span><\/strong><\/p>\n<p class=\"font_8 wixui-rich-text__text\" style=\"text-align: justify;\"><span class=\"wixui-rich-text__text\">Le traitement des fractures de l&rsquo;extr\u00e9mit\u00e9 sup\u00e9rieure (ou proximale) du f\u00e9mur est chirurgical.<\/span><\/p>\n<p class=\"font_8 wixui-rich-text__text\" style=\"text-align: justify;\"><span class=\"wixui-rich-text__text\">L&rsquo;intervention chirurgicale est programm\u00e9e tr\u00e8s rapidement afin de garantir une meilleure \u00e9volution et diminuer le risque de complications.<br class=\"wixui-rich-text__text\" \/>Cependant, certaines personnes \u00e2g\u00e9es ne sont pas op\u00e9r\u00e9es en raison de contre-indications \u00e0 tous modes d&rsquo;anesth\u00e9sie (le traitement est alors orthop\u00e9dique) et d&rsquo;autres ne sont op\u00e9r\u00e9es qu&rsquo;apr\u00e8s arr\u00eat de leur traitement anticoagulant ou apr\u00e8s la r\u00e9alisation d&rsquo;un bilan m\u00e9dical complet.<\/span><\/p>\n<p class=\"font_8 wixui-rich-text__text\" style=\"text-align: justify;\"><span style=\"text-decoration: underline;\"><span class=\"wixui-rich-text__text\">L\u2019ost\u00e9osynth\u00e8se:<\/span><\/span><\/p>\n<p class=\"font_8 wixui-rich-text__text\" style=\"text-align: justify;\"><span class=\"wixui-rich-text__text\">Elle consiste \u00e0 solidariser les deux fragments osseux du f\u00e9mur fractur\u00e9 \u00e0 l\u2019aide de vis ou de plaques.<\/span><\/p>\n<p class=\"font_8 wixui-rich-text__text\" style=\"text-align: justify;\"><span class=\"wixui-rich-text__text\">Elle est utilis\u00e9e dans les fractures pas ou peu d\u00e9plac\u00e9es chez les personnes \u00e2g\u00e9es. Elle est aussi souvent pr\u00e9f\u00e9r\u00e9e chez les personnes jeunes, quel que soit le type de fracture.<\/span><\/p>\n<p class=\"font_8 wixui-rich-text__text\" style=\"text-align: justify;\"><span class=\"wixui-rich-text__text\">Complications apr\u00e8s une ost\u00e9osynth\u00e8se d\u2019une fracture du col femoral:<\/span><\/p>\n<p class=\"font_8 wixui-rich-text__text\" style=\"text-align: justify;\"><span class=\"wixui-rich-text__text\">Il arrive que la fracture n\u2019\u00e9volue pas favorablement apr\u00e8s ost\u00e9osynth\u00e8se.<\/span><\/p>\n<p class=\"font_8 wixui-rich-text__text\" style=\"text-align: justify;\"><span class=\"wixui-rich-text__text\">Plusieurs situations peuvent alors survenir\u00a0:<\/span><\/p>\n<ul class=\"font_8 wixui-rich-text__text\" style=\"text-align: justify;\">\n<li class=\"wixui-rich-text__text\">\n<p class=\"font_8 wixui-rich-text__text\"><span class=\"wixui-rich-text__text\">l&rsquo;infection osseuse ou articulaire.<\/span><\/p>\n<\/li>\n<li class=\"wixui-rich-text__text\">\n<p class=\"font_8 wixui-rich-text__text\"><span class=\"wixui-rich-text__text\">la\u00a0pseudarthrose\u00a0c&rsquo;est-\u00e0-dire la non consolidation de la fracture dans un d\u00e9lai de six mois apr\u00e8s la pose de vis et\/ou plaques. Elle n\u00e9cessite une nouvelle intervention chirurgicale\u00a0;<\/span><\/p>\n<\/li>\n<li class=\"wixui-rich-text__text\">\n<p class=\"font_8 wixui-rich-text__text\"><span class=\"wixui-rich-text__text\">la\u00a0n\u00e9crose\u00a0(destruction) de la t\u00eate f\u00e9morale. Elle est souvent cons\u00e9cutive \u00e0 une fracture d\u00e9plac\u00e9e du col du f\u00e9mur. Elle appara\u00eet dans les deux ann\u00e9es qui suivent et se traduit par des douleurs de l\u2019aine et une difficult\u00e9 \u00e0 marcher de plus en plus importante.<\/span><\/p>\n<\/li>\n<\/ul>\n<p class=\"font_8 wixui-rich-text__text\" style=\"text-align: justify;\"><span style=\"text-decoration: underline;\"><span class=\"wixui-rich-text__text\">La proth\u00e8se totale de hanche:<\/span><\/span><\/p>\n<p class=\"font_8 wixui-rich-text__text\" style=\"text-align: justify;\"><span class=\"wixui-rich-text__text\">Elle remplace un ou plusieurs \u00e9l\u00e9ments osseux qui constituent l\u2019articulation de la hanche. Il existe divers types de proth\u00e8ses :<\/span><\/p>\n<p class=\"font_8 wixui-rich-text__text\" style=\"text-align: justify;\"><span class=\"wixui-rich-text__text\">Elle comporte une pi\u00e8ce f\u00e9morale, qui vient s&rsquo;articuler sur une pi\u00e8ce cotylo\u00efdienne. C\u2019est le m\u00eame type de proth\u00e8se qui est utilis\u00e9 pour traiter une arthrose de la hanche. Elle est pos\u00e9e dans le cas de fractures d\u00e9plac\u00e9es, ou sur des hanches d\u00e9j\u00e0 touch\u00e9es par l\u2019arthrose.<\/span><\/p>\n<\/div>\n<\/div>\n<\/div>\n<\/div>\n<\/div>\n<\/section>\n<\/div>\n<\/div>\n<\/div>\n<\/div>\n<\/div>\n<\/div>\n<\/div>\n<\/div>\n<\/div>\n<p>[\/et_pb_text][\/et_pb_column][\/et_pb_row][et_pb_row _builder_version=\u00a0\u00bb4.27.0&Prime; _module_preset=\u00a0\u00bbdefault\u00a0\u00bb global_colors_info=\u00a0\u00bb{}\u00a0\u00bb theme_builder_area=\u00a0\u00bbpost_content\u00a0\u00bb][et_pb_column type=\u00a0\u00bb4_4&Prime; _builder_version=\u00a0\u00bb4.27.0&Prime; _module_preset=\u00a0\u00bbdefault\u00a0\u00bb global_colors_info=\u00a0\u00bb{}\u00a0\u00bb theme_builder_area=\u00a0\u00bbpost_content\u00a0\u00bb][et_pb_gallery gallery_ids=\u00a0\u00bb1704,1705&Prime; _builder_version=\u00a0\u00bb4.27.0&Prime; _module_preset=\u00a0\u00bbdefault\u00a0\u00bb title_level=\u00a0\u00bbh6&Prime; title_font=\u00a0\u00bb|||on|||||\u00a0\u00bb hover_enabled=\u00a0\u00bb0&Prime; global_colors_info=\u00a0\u00bb{}\u00a0\u00bb theme_builder_area=\u00a0\u00bbpost_content\u00a0\u00bb sticky_enabled=\u00a0\u00bb0&Prime;][\/et_pb_gallery][\/et_pb_column][\/et_pb_row][\/et_pb_section]<\/p>\n","protected":false},"excerpt":{"rendered":"<p>La fracture du col du f\u00e9mur &nbsp; La fracture de l\u2019extr\u00e9mit\u00e9 sup\u00e9rieure (ou proximale) du f\u00e9mur est une cassure de l\u2019os du f\u00e9mur situ\u00e9e entre le trochanter et la t\u00eate de l\u2019os. Elle touche essentiellement les personnes \u00e2g\u00e9es et plus particuli\u00e8rement les femmes chez lesquelles l\u2019ost\u00e9oporose est fr\u00e9quente. C\u2019est une urgence chirurgicale. La fracture de [&hellip;]<\/p>\n","protected":false},"author":1,"featured_media":0,"parent":1513,"menu_order":0,"comment_status":"closed","ping_status":"closed","template":"","meta":{"_et_pb_use_builder":"on","_et_pb_old_content":"","_et_gb_content_width":"","_monsterinsights_skip_tracking":false,"_monsterinsights_sitenote_active":false,"_monsterinsights_sitenote_note":"","_monsterinsights_sitenote_category":0,"footnotes":""},"class_list":["post-1699","page","type-page","status-publish","hentry"],"yoast_head":"<!-- This site is optimized with the Yoast SEO plugin v27.4 - https:\/\/yoast.com\/product\/yoast-seo-wordpress\/ -->\n<title>Fracture col du f\u00e9mur | IMPPACT Chirurgie<\/title>\n<meta name=\"robots\" content=\"index, follow, max-snippet:-1, max-image-preview:large, max-video-preview:-1\" \/>\n<link rel=\"canonical\" href=\"https:\/\/imppact-chirurgie.fr\/index.php\/traumatologie\/fracture-col-du-femur\/\" \/>\n<meta property=\"og:locale\" content=\"fr_FR\" \/>\n<meta property=\"og:type\" content=\"article\" \/>\n<meta property=\"og:title\" content=\"Fracture col du f\u00e9mur | IMPPACT Chirurgie\" \/>\n<meta property=\"og:description\" content=\"La fracture du col du f\u00e9mur &nbsp; La fracture de l\u2019extr\u00e9mit\u00e9 sup\u00e9rieure (ou proximale) du f\u00e9mur est une cassure de l\u2019os du f\u00e9mur situ\u00e9e entre le trochanter et la t\u00eate de l\u2019os. Elle touche essentiellement les personnes \u00e2g\u00e9es et plus particuli\u00e8rement les femmes chez lesquelles l\u2019ost\u00e9oporose est fr\u00e9quente. C\u2019est une urgence chirurgicale. La fracture de [&hellip;]\" \/>\n<meta property=\"og:url\" content=\"https:\/\/imppact-chirurgie.fr\/index.php\/traumatologie\/fracture-col-du-femur\/\" \/>\n<meta property=\"og:site_name\" content=\"IMPPACT Chirurgie\" \/>\n<meta property=\"article:modified_time\" content=\"2024-10-01T09:49:00+00:00\" \/>\n<meta name=\"twitter:card\" content=\"summary_large_image\" \/>\n<meta name=\"twitter:label1\" content=\"Dur\u00e9e de lecture estim\u00e9e\" \/>\n\t<meta name=\"twitter:data1\" content=\"7 minutes\" \/>\n<script type=\"application\/ld+json\" class=\"yoast-schema-graph\">{\"@context\":\"https:\\\/\\\/schema.org\",\"@graph\":[{\"@type\":\"WebPage\",\"@id\":\"https:\\\/\\\/imppact-chirurgie.fr\\\/index.php\\\/traumatologie\\\/fracture-col-du-femur\\\/\",\"url\":\"https:\\\/\\\/imppact-chirurgie.fr\\\/index.php\\\/traumatologie\\\/fracture-col-du-femur\\\/\",\"name\":\"Fracture col du f\u00e9mur | IMPPACT Chirurgie\",\"isPartOf\":{\"@id\":\"https:\\\/\\\/imppact-chirurgie.fr\\\/#website\"},\"datePublished\":\"2024-10-01T07:51:56+00:00\",\"dateModified\":\"2024-10-01T09:49:00+00:00\",\"breadcrumb\":{\"@id\":\"https:\\\/\\\/imppact-chirurgie.fr\\\/index.php\\\/traumatologie\\\/fracture-col-du-femur\\\/#breadcrumb\"},\"inLanguage\":\"fr-FR\",\"potentialAction\":[{\"@type\":\"ReadAction\",\"target\":[\"https:\\\/\\\/imppact-chirurgie.fr\\\/index.php\\\/traumatologie\\\/fracture-col-du-femur\\\/\"]}]},{\"@type\":\"BreadcrumbList\",\"@id\":\"https:\\\/\\\/imppact-chirurgie.fr\\\/index.php\\\/traumatologie\\\/fracture-col-du-femur\\\/#breadcrumb\",\"itemListElement\":[{\"@type\":\"ListItem\",\"position\":1,\"name\":\"Accueil\",\"item\":\"https:\\\/\\\/imppact-chirurgie.fr\\\/\"},{\"@type\":\"ListItem\",\"position\":2,\"name\":\"Traumatologie\",\"item\":\"https:\\\/\\\/imppact-chirurgie.fr\\\/index.php\\\/traumatologie\\\/\"},{\"@type\":\"ListItem\",\"position\":3,\"name\":\"Fracture col du f\u00e9mur\"}]},{\"@type\":\"WebSite\",\"@id\":\"https:\\\/\\\/imppact-chirurgie.fr\\\/#website\",\"url\":\"https:\\\/\\\/imppact-chirurgie.fr\\\/\",\"name\":\"IMPPACT Chirurgie\",\"description\":\"IMPPACT Institut Main Pied Plastique Articulations Chirurgie Traumatologie\",\"publisher\":{\"@id\":\"https:\\\/\\\/imppact-chirurgie.fr\\\/#organization\"},\"potentialAction\":[{\"@type\":\"SearchAction\",\"target\":{\"@type\":\"EntryPoint\",\"urlTemplate\":\"https:\\\/\\\/imppact-chirurgie.fr\\\/?s={search_term_string}\"},\"query-input\":{\"@type\":\"PropertyValueSpecification\",\"valueRequired\":true,\"valueName\":\"search_term_string\"}}],\"inLanguage\":\"fr-FR\"},{\"@type\":\"Organization\",\"@id\":\"https:\\\/\\\/imppact-chirurgie.fr\\\/#organization\",\"name\":\"Imppact Chirurgie\",\"alternateName\":\"Institut Main Pied Plastique Articulations Chirurgie Traumatologie\",\"url\":\"https:\\\/\\\/imppact-chirurgie.fr\\\/\",\"logo\":{\"@type\":\"ImageObject\",\"inLanguage\":\"fr-FR\",\"@id\":\"https:\\\/\\\/imppact-chirurgie.fr\\\/#\\\/schema\\\/logo\\\/image\\\/\",\"url\":\"https:\\\/\\\/imppact-chirurgie.fr\\\/wp-content\\\/uploads\\\/2024\\\/02\\\/logo_final_imppact.png\",\"contentUrl\":\"https:\\\/\\\/imppact-chirurgie.fr\\\/wp-content\\\/uploads\\\/2024\\\/02\\\/logo_final_imppact.png\",\"width\":1000,\"height\":523,\"caption\":\"Imppact Chirurgie\"},\"image\":{\"@id\":\"https:\\\/\\\/imppact-chirurgie.fr\\\/#\\\/schema\\\/logo\\\/image\\\/\"}}]}<\/script>\n<!-- \/ Yoast SEO plugin. -->","yoast_head_json":{"title":"Fracture col du f\u00e9mur | IMPPACT Chirurgie","robots":{"index":"index","follow":"follow","max-snippet":"max-snippet:-1","max-image-preview":"max-image-preview:large","max-video-preview":"max-video-preview:-1"},"canonical":"https:\/\/imppact-chirurgie.fr\/index.php\/traumatologie\/fracture-col-du-femur\/","og_locale":"fr_FR","og_type":"article","og_title":"Fracture col du f\u00e9mur | IMPPACT Chirurgie","og_description":"La fracture du col du f\u00e9mur &nbsp; La fracture de l\u2019extr\u00e9mit\u00e9 sup\u00e9rieure (ou proximale) du f\u00e9mur est une cassure de l\u2019os du f\u00e9mur situ\u00e9e entre le trochanter et la t\u00eate de l\u2019os. Elle touche essentiellement les personnes \u00e2g\u00e9es et plus particuli\u00e8rement les femmes chez lesquelles l\u2019ost\u00e9oporose est fr\u00e9quente. C\u2019est une urgence chirurgicale. La fracture de [&hellip;]","og_url":"https:\/\/imppact-chirurgie.fr\/index.php\/traumatologie\/fracture-col-du-femur\/","og_site_name":"IMPPACT Chirurgie","article_modified_time":"2024-10-01T09:49:00+00:00","twitter_card":"summary_large_image","twitter_misc":{"Dur\u00e9e de lecture estim\u00e9e":"7 minutes"},"schema":{"@context":"https:\/\/schema.org","@graph":[{"@type":"WebPage","@id":"https:\/\/imppact-chirurgie.fr\/index.php\/traumatologie\/fracture-col-du-femur\/","url":"https:\/\/imppact-chirurgie.fr\/index.php\/traumatologie\/fracture-col-du-femur\/","name":"Fracture col du f\u00e9mur | IMPPACT Chirurgie","isPartOf":{"@id":"https:\/\/imppact-chirurgie.fr\/#website"},"datePublished":"2024-10-01T07:51:56+00:00","dateModified":"2024-10-01T09:49:00+00:00","breadcrumb":{"@id":"https:\/\/imppact-chirurgie.fr\/index.php\/traumatologie\/fracture-col-du-femur\/#breadcrumb"},"inLanguage":"fr-FR","potentialAction":[{"@type":"ReadAction","target":["https:\/\/imppact-chirurgie.fr\/index.php\/traumatologie\/fracture-col-du-femur\/"]}]},{"@type":"BreadcrumbList","@id":"https:\/\/imppact-chirurgie.fr\/index.php\/traumatologie\/fracture-col-du-femur\/#breadcrumb","itemListElement":[{"@type":"ListItem","position":1,"name":"Accueil","item":"https:\/\/imppact-chirurgie.fr\/"},{"@type":"ListItem","position":2,"name":"Traumatologie","item":"https:\/\/imppact-chirurgie.fr\/index.php\/traumatologie\/"},{"@type":"ListItem","position":3,"name":"Fracture col du f\u00e9mur"}]},{"@type":"WebSite","@id":"https:\/\/imppact-chirurgie.fr\/#website","url":"https:\/\/imppact-chirurgie.fr\/","name":"IMPPACT Chirurgie","description":"IMPPACT Institut Main Pied Plastique Articulations Chirurgie Traumatologie","publisher":{"@id":"https:\/\/imppact-chirurgie.fr\/#organization"},"potentialAction":[{"@type":"SearchAction","target":{"@type":"EntryPoint","urlTemplate":"https:\/\/imppact-chirurgie.fr\/?s={search_term_string}"},"query-input":{"@type":"PropertyValueSpecification","valueRequired":true,"valueName":"search_term_string"}}],"inLanguage":"fr-FR"},{"@type":"Organization","@id":"https:\/\/imppact-chirurgie.fr\/#organization","name":"Imppact Chirurgie","alternateName":"Institut Main Pied Plastique Articulations Chirurgie Traumatologie","url":"https:\/\/imppact-chirurgie.fr\/","logo":{"@type":"ImageObject","inLanguage":"fr-FR","@id":"https:\/\/imppact-chirurgie.fr\/#\/schema\/logo\/image\/","url":"https:\/\/imppact-chirurgie.fr\/wp-content\/uploads\/2024\/02\/logo_final_imppact.png","contentUrl":"https:\/\/imppact-chirurgie.fr\/wp-content\/uploads\/2024\/02\/logo_final_imppact.png","width":1000,"height":523,"caption":"Imppact Chirurgie"},"image":{"@id":"https:\/\/imppact-chirurgie.fr\/#\/schema\/logo\/image\/"}}]}},"_links":{"self":[{"href":"https:\/\/imppact-chirurgie.fr\/index.php\/wp-json\/wp\/v2\/pages\/1699","targetHints":{"allow":["GET"]}}],"collection":[{"href":"https:\/\/imppact-chirurgie.fr\/index.php\/wp-json\/wp\/v2\/pages"}],"about":[{"href":"https:\/\/imppact-chirurgie.fr\/index.php\/wp-json\/wp\/v2\/types\/page"}],"author":[{"embeddable":true,"href":"https:\/\/imppact-chirurgie.fr\/index.php\/wp-json\/wp\/v2\/users\/1"}],"replies":[{"embeddable":true,"href":"https:\/\/imppact-chirurgie.fr\/index.php\/wp-json\/wp\/v2\/comments?post=1699"}],"version-history":[{"count":5,"href":"https:\/\/imppact-chirurgie.fr\/index.php\/wp-json\/wp\/v2\/pages\/1699\/revisions"}],"predecessor-version":[{"id":1706,"href":"https:\/\/imppact-chirurgie.fr\/index.php\/wp-json\/wp\/v2\/pages\/1699\/revisions\/1706"}],"up":[{"embeddable":true,"href":"https:\/\/imppact-chirurgie.fr\/index.php\/wp-json\/wp\/v2\/pages\/1513"}],"wp:attachment":[{"href":"https:\/\/imppact-chirurgie.fr\/index.php\/wp-json\/wp\/v2\/media?parent=1699"}],"curies":[{"name":"wp","href":"https:\/\/api.w.org\/{rel}","templated":true}]}}