{"id":1789,"date":"2024-10-01T14:48:18","date_gmt":"2024-10-01T12:48:18","guid":{"rendered":"https:\/\/imppact-chirurgie.fr\/?page_id=1789"},"modified":"2024-10-03T11:22:01","modified_gmt":"2024-10-03T09:22:01","slug":"corps-etrangers","status":"publish","type":"page","link":"https:\/\/imppact-chirurgie.fr\/index.php\/orthopedie\/chirurgie-du-coude\/corps-etrangers\/","title":{"rendered":"Corps \u00e9trangers"},"content":{"rendered":"<p>[et_pb_section fb_built=\u00a0\u00bb1&Prime; admin_label=\u00a0\u00bbsection\u00a0\u00bb _builder_version=\u00a0\u00bb4.16&Prime; global_colors_info=\u00a0\u00bb{}\u00a0\u00bb][et_pb_row admin_label=\u00a0\u00bbrow\u00a0\u00bb _builder_version=\u00a0\u00bb4.27.0&Prime; background_size=\u00a0\u00bbinitial\u00a0\u00bb background_position=\u00a0\u00bbtop_left\u00a0\u00bb background_repeat=\u00a0\u00bbrepeat\u00a0\u00bb custom_margin=\u00a0\u00bb||||false|false\u00a0\u00bb custom_padding=\u00a0\u00bb||||false|false\u00a0\u00bb global_colors_info=\u00a0\u00bb{}\u00a0\u00bb][et_pb_column type=\u00a0\u00bb4_4&Prime; _builder_version=\u00a0\u00bb4.16&Prime; custom_padding=\u00a0\u00bb|||\u00a0\u00bb global_colors_info=\u00a0\u00bb{}\u00a0\u00bb custom_padding__hover=\u00a0\u00bb|||\u00a0\u00bb][et_pb_text admin_label=\u00a0\u00bbText\u00a0\u00bb _builder_version=\u00a0\u00bb4.27.0&Prime; background_size=\u00a0\u00bbinitial\u00a0\u00bb background_position=\u00a0\u00bbtop_left\u00a0\u00bb background_repeat=\u00a0\u00bbrepeat\u00a0\u00bb width=\u00a0\u00bb99.8%\u00a0\u00bb custom_margin=\u00a0\u00bb||||false|false\u00a0\u00bb custom_padding=\u00a0\u00bb|||0px||\u00a0\u00bb hover_enabled=\u00a0\u00bb0&Prime; global_colors_info=\u00a0\u00bb{}\u00a0\u00bb sticky_enabled=\u00a0\u00bb0&Prime;]<\/p>\n<h2>Le corps \u00e9tranger intra-articulaire du coude<\/h2>\n<p class=\"p1\">Un corps \u00e9tranger intra-articulaire du coude d\u00e9signe la pr\u00e9sence d&rsquo;un fragment osseux, cartilagineux \u00e0 l&rsquo;int\u00e9rieur de l&rsquo;articulation du coude. Ce type de pathologie peut survenir \u00e0 la suite de traumatismes, de blessures, ou de certaines conditions m\u00e9dicales comme l&rsquo;arthrose ou la chondromatose synoviale.<\/p>\n<p class=\"p2\"><b>Diagnostic<\/b><\/p>\n<ul class=\"ul1\">\n<li class=\"li1\"><b>Anamn\u00e8se et examen clinique<\/b> : Le patient peut pr\u00e9senter des sympt\u00f4mes tels que douleur, gonflement, sensation de blocage articulaire ou limitation des mouvements du coude. L&rsquo;examen clinique permet d&rsquo;\u00e9valuer la douleur, l&rsquo;amplitude des mouvements et la pr\u00e9sence de cr\u00e9pitation ou de claquement dans l&rsquo;articulation.<\/li>\n<li class=\"li1\"><b>Imagerie<\/b> :<\/li>\n<ul class=\"ul1\">\n<li class=\"li1\"><b>Radiographie<\/b> : Permet de d\u00e9tecter des fragments osseux ou calcifi\u00e9s dans l&rsquo;articulation.<\/li>\n<li class=\"li1\"><b>\u00c9chographie<\/b> : Utile pour identifier des corps \u00e9trangers non radiotransparents.<\/li>\n<li class=\"li1\"><b>IRM (Imagerie par r\u00e9sonance magn\u00e9tique)<\/b> : Fournit une image plus d\u00e9taill\u00e9e des tissus mous, du cartilage et des structures intra-articulaires, permettant d&rsquo;identifier des corps \u00e9trangers non visibles \u00e0 la radiographie.<\/li>\n<li class=\"li1\"><b>Arthro-CT (Tomodensitom\u00e9trie avec arthrographie)<\/b> : Peut \u00eatre utilis\u00e9e pour une \u00e9valuation plus pr\u00e9cise si l&rsquo;IRM n&rsquo;est pas suffisante.<\/li>\n<\/ul>\n<\/ul>\n<p class=\"p2\"><b>Traitement<\/b><\/p>\n<ul class=\"ul1\">\n<li class=\"li1\"><b>Conservateur<\/b> :<\/li>\n<ul class=\"ul1\">\n<li class=\"li1\">Si le corps \u00e9tranger est asymptomatique et ne g\u00eane pas les mouvements, une surveillance clinique r\u00e9guli\u00e8re peut \u00eatre suffisante.<\/li>\n<li class=\"li1\">L&rsquo;immobilisation du coude et la physioth\u00e9rapie peuvent \u00eatre envisag\u00e9es pour g\u00e9rer les sympt\u00f4mes l\u00e9gers.<\/li>\n<\/ul>\n<li class=\"li1\"><b>Chirurgical<\/b> :<\/li>\n<ul class=\"ul1\">\n<li class=\"li1\"><b>Arthroscopie<\/b> : Il s&rsquo;agit d&rsquo;une m\u00e9thode minimalement invasive pour retirer le corps \u00e9tranger. L&rsquo;arthroscopie permet une visualisation directe de l&rsquo;int\u00e9rieur de l&rsquo;articulation et une extraction pr\u00e9cise du fragment.<\/li>\n<li class=\"li1\"><b>Chirurgie ouverte<\/b> : Dans les cas o\u00f9 l&rsquo;arthroscopie n&rsquo;est pas possible ou lorsque le corps \u00e9tranger est difficile d&rsquo;acc\u00e8s, une chirurgie ouverte peut \u00eatre n\u00e9cessaire.<\/li>\n<li class=\"li1\"><b>Post-op\u00e9ratoire<\/b> : Apr\u00e8s l&rsquo;intervention chirurgicale, une r\u00e9\u00e9ducation est souvent n\u00e9cessaire pour restaurer la mobilit\u00e9 et la force du coude.<\/li>\n<\/ul>\n<\/ul>\n<p class=\"p2\"><b>Suivi<\/b><\/p>\n<ul class=\"ul1\">\n<li class=\"li1\">Le suivi post-op\u00e9ratoire est crucial pour \u00e9valuer la r\u00e9cup\u00e9ration fonctionnelle et \u00e9viter des complications comme la raideur articulaire ou l&rsquo;arthrose post-traumatique. Une r\u00e9\u00e9ducation ad\u00e9quate et progressive est essentielle pour optimiser les r\u00e9sultats fonctionnels.<\/li>\n<\/ul>\n<p class=\"p3\">[\/et_pb_text][\/et_pb_column][\/et_pb_row][et_pb_row _builder_version=\u00a0\u00bb4.27.0&Prime; _module_preset=\u00a0\u00bbdefault\u00a0\u00bb global_colors_info=\u00a0\u00bb{}\u00a0\u00bb][et_pb_column type=\u00a0\u00bb4_4&Prime; _builder_version=\u00a0\u00bb4.27.0&Prime; _module_preset=\u00a0\u00bbdefault\u00a0\u00bb global_colors_info=\u00a0\u00bb{}\u00a0\u00bb][et_pb_gallery gallery_ids=\u00a0\u00bb1792,1793&Prime; _builder_version=\u00a0\u00bb4.27.0&Prime; _module_preset=\u00a0\u00bbdefault\u00a0\u00bb title_level=\u00a0\u00bbh6&Prime; title_font=\u00a0\u00bb|||on|||||\u00a0\u00bb hover_enabled=\u00a0\u00bb0&Prime; global_colors_info=\u00a0\u00bb{}\u00a0\u00bb sticky_enabled=\u00a0\u00bb0&Prime;][\/et_pb_gallery][\/et_pb_column][\/et_pb_row][\/et_pb_section]<\/p>\n","protected":false},"excerpt":{"rendered":"<p>Le corps \u00e9tranger intra-articulaire du coude Un corps \u00e9tranger intra-articulaire du coude d\u00e9signe la pr\u00e9sence d&rsquo;un fragment osseux, cartilagineux \u00e0 l&rsquo;int\u00e9rieur de l&rsquo;articulation du coude. Ce type de pathologie peut survenir \u00e0 la suite de traumatismes, de blessures, ou de certaines conditions m\u00e9dicales comme l&rsquo;arthrose ou la chondromatose synoviale. Diagnostic Anamn\u00e8se et examen clinique : [&hellip;]<\/p>\n","protected":false},"author":1,"featured_media":0,"parent":1772,"menu_order":0,"comment_status":"closed","ping_status":"closed","template":"","meta":{"_et_pb_use_builder":"on","_et_pb_old_content":"","_et_gb_content_width":"","_monsterinsights_skip_tracking":false,"_monsterinsights_sitenote_active":false,"_monsterinsights_sitenote_note":"","_monsterinsights_sitenote_category":0,"footnotes":""},"class_list":["post-1789","page","type-page","status-publish","hentry"],"yoast_head":"<!-- This site is optimized with the Yoast SEO plugin v27.4 - https:\/\/yoast.com\/product\/yoast-seo-wordpress\/ -->\n<title>Corps \u00e9trangers | IMPPACT Chirurgie<\/title>\n<meta name=\"robots\" content=\"index, follow, max-snippet:-1, max-image-preview:large, max-video-preview:-1\" \/>\n<link rel=\"canonical\" href=\"https:\/\/imppact-chirurgie.fr\/index.php\/orthopedie\/chirurgie-du-coude\/corps-etrangers\/\" \/>\n<meta property=\"og:locale\" content=\"fr_FR\" \/>\n<meta property=\"og:type\" content=\"article\" \/>\n<meta property=\"og:title\" content=\"Corps \u00e9trangers | IMPPACT Chirurgie\" \/>\n<meta property=\"og:description\" content=\"Le corps \u00e9tranger intra-articulaire du coude Un corps \u00e9tranger intra-articulaire du coude d\u00e9signe la pr\u00e9sence d&#039;un fragment osseux, cartilagineux \u00e0 l&#039;int\u00e9rieur de l&#039;articulation du coude. Ce type de pathologie peut survenir \u00e0 la suite de traumatismes, de blessures, ou de certaines conditions m\u00e9dicales comme l&#039;arthrose ou la chondromatose synoviale. Diagnostic Anamn\u00e8se et examen clinique : [&hellip;]\" \/>\n<meta property=\"og:url\" content=\"https:\/\/imppact-chirurgie.fr\/index.php\/orthopedie\/chirurgie-du-coude\/corps-etrangers\/\" \/>\n<meta property=\"og:site_name\" content=\"IMPPACT Chirurgie\" \/>\n<meta property=\"article:modified_time\" content=\"2024-10-03T09:22:01+00:00\" \/>\n<meta name=\"twitter:card\" content=\"summary_large_image\" \/>\n<meta name=\"twitter:label1\" content=\"Dur\u00e9e de lecture estim\u00e9e\" \/>\n\t<meta name=\"twitter:data1\" content=\"2 minutes\" \/>\n<script type=\"application\/ld+json\" class=\"yoast-schema-graph\">{\"@context\":\"https:\\\/\\\/schema.org\",\"@graph\":[{\"@type\":\"WebPage\",\"@id\":\"https:\\\/\\\/imppact-chirurgie.fr\\\/index.php\\\/orthopedie\\\/chirurgie-du-coude\\\/corps-etrangers\\\/\",\"url\":\"https:\\\/\\\/imppact-chirurgie.fr\\\/index.php\\\/orthopedie\\\/chirurgie-du-coude\\\/corps-etrangers\\\/\",\"name\":\"Corps \u00e9trangers | IMPPACT Chirurgie\",\"isPartOf\":{\"@id\":\"https:\\\/\\\/imppact-chirurgie.fr\\\/#website\"},\"datePublished\":\"2024-10-01T12:48:18+00:00\",\"dateModified\":\"2024-10-03T09:22:01+00:00\",\"breadcrumb\":{\"@id\":\"https:\\\/\\\/imppact-chirurgie.fr\\\/index.php\\\/orthopedie\\\/chirurgie-du-coude\\\/corps-etrangers\\\/#breadcrumb\"},\"inLanguage\":\"fr-FR\",\"potentialAction\":[{\"@type\":\"ReadAction\",\"target\":[\"https:\\\/\\\/imppact-chirurgie.fr\\\/index.php\\\/orthopedie\\\/chirurgie-du-coude\\\/corps-etrangers\\\/\"]}]},{\"@type\":\"BreadcrumbList\",\"@id\":\"https:\\\/\\\/imppact-chirurgie.fr\\\/index.php\\\/orthopedie\\\/chirurgie-du-coude\\\/corps-etrangers\\\/#breadcrumb\",\"itemListElement\":[{\"@type\":\"ListItem\",\"position\":1,\"name\":\"Accueil\",\"item\":\"https:\\\/\\\/imppact-chirurgie.fr\\\/\"},{\"@type\":\"ListItem\",\"position\":2,\"name\":\"Orthop\u00e9die\",\"item\":\"https:\\\/\\\/imppact-chirurgie.fr\\\/index.php\\\/orthopedie\\\/\"},{\"@type\":\"ListItem\",\"position\":3,\"name\":\"Chirurgie du coude\",\"item\":\"https:\\\/\\\/imppact-chirurgie.fr\\\/index.php\\\/orthopedie\\\/chirurgie-du-coude\\\/\"},{\"@type\":\"ListItem\",\"position\":4,\"name\":\"Corps \u00e9trangers\"}]},{\"@type\":\"WebSite\",\"@id\":\"https:\\\/\\\/imppact-chirurgie.fr\\\/#website\",\"url\":\"https:\\\/\\\/imppact-chirurgie.fr\\\/\",\"name\":\"IMPPACT Chirurgie\",\"description\":\"IMPPACT Institut Main Pied Plastique Articulations Chirurgie Traumatologie\",\"publisher\":{\"@id\":\"https:\\\/\\\/imppact-chirurgie.fr\\\/#organization\"},\"potentialAction\":[{\"@type\":\"SearchAction\",\"target\":{\"@type\":\"EntryPoint\",\"urlTemplate\":\"https:\\\/\\\/imppact-chirurgie.fr\\\/?s={search_term_string}\"},\"query-input\":{\"@type\":\"PropertyValueSpecification\",\"valueRequired\":true,\"valueName\":\"search_term_string\"}}],\"inLanguage\":\"fr-FR\"},{\"@type\":\"Organization\",\"@id\":\"https:\\\/\\\/imppact-chirurgie.fr\\\/#organization\",\"name\":\"Imppact Chirurgie\",\"alternateName\":\"Institut Main Pied Plastique Articulations Chirurgie Traumatologie\",\"url\":\"https:\\\/\\\/imppact-chirurgie.fr\\\/\",\"logo\":{\"@type\":\"ImageObject\",\"inLanguage\":\"fr-FR\",\"@id\":\"https:\\\/\\\/imppact-chirurgie.fr\\\/#\\\/schema\\\/logo\\\/image\\\/\",\"url\":\"https:\\\/\\\/imppact-chirurgie.fr\\\/wp-content\\\/uploads\\\/2024\\\/02\\\/logo_final_imppact.png\",\"contentUrl\":\"https:\\\/\\\/imppact-chirurgie.fr\\\/wp-content\\\/uploads\\\/2024\\\/02\\\/logo_final_imppact.png\",\"width\":1000,\"height\":523,\"caption\":\"Imppact Chirurgie\"},\"image\":{\"@id\":\"https:\\\/\\\/imppact-chirurgie.fr\\\/#\\\/schema\\\/logo\\\/image\\\/\"}}]}<\/script>\n<!-- \/ Yoast SEO plugin. -->","yoast_head_json":{"title":"Corps \u00e9trangers | IMPPACT Chirurgie","robots":{"index":"index","follow":"follow","max-snippet":"max-snippet:-1","max-image-preview":"max-image-preview:large","max-video-preview":"max-video-preview:-1"},"canonical":"https:\/\/imppact-chirurgie.fr\/index.php\/orthopedie\/chirurgie-du-coude\/corps-etrangers\/","og_locale":"fr_FR","og_type":"article","og_title":"Corps \u00e9trangers | IMPPACT Chirurgie","og_description":"Le corps \u00e9tranger intra-articulaire du coude Un corps \u00e9tranger intra-articulaire du coude d\u00e9signe la pr\u00e9sence d'un fragment osseux, cartilagineux \u00e0 l'int\u00e9rieur de l'articulation du coude. Ce type de pathologie peut survenir \u00e0 la suite de traumatismes, de blessures, ou de certaines conditions m\u00e9dicales comme l'arthrose ou la chondromatose synoviale. Diagnostic Anamn\u00e8se et examen clinique : [&hellip;]","og_url":"https:\/\/imppact-chirurgie.fr\/index.php\/orthopedie\/chirurgie-du-coude\/corps-etrangers\/","og_site_name":"IMPPACT Chirurgie","article_modified_time":"2024-10-03T09:22:01+00:00","twitter_card":"summary_large_image","twitter_misc":{"Dur\u00e9e de lecture estim\u00e9e":"2 minutes"},"schema":{"@context":"https:\/\/schema.org","@graph":[{"@type":"WebPage","@id":"https:\/\/imppact-chirurgie.fr\/index.php\/orthopedie\/chirurgie-du-coude\/corps-etrangers\/","url":"https:\/\/imppact-chirurgie.fr\/index.php\/orthopedie\/chirurgie-du-coude\/corps-etrangers\/","name":"Corps \u00e9trangers | IMPPACT Chirurgie","isPartOf":{"@id":"https:\/\/imppact-chirurgie.fr\/#website"},"datePublished":"2024-10-01T12:48:18+00:00","dateModified":"2024-10-03T09:22:01+00:00","breadcrumb":{"@id":"https:\/\/imppact-chirurgie.fr\/index.php\/orthopedie\/chirurgie-du-coude\/corps-etrangers\/#breadcrumb"},"inLanguage":"fr-FR","potentialAction":[{"@type":"ReadAction","target":["https:\/\/imppact-chirurgie.fr\/index.php\/orthopedie\/chirurgie-du-coude\/corps-etrangers\/"]}]},{"@type":"BreadcrumbList","@id":"https:\/\/imppact-chirurgie.fr\/index.php\/orthopedie\/chirurgie-du-coude\/corps-etrangers\/#breadcrumb","itemListElement":[{"@type":"ListItem","position":1,"name":"Accueil","item":"https:\/\/imppact-chirurgie.fr\/"},{"@type":"ListItem","position":2,"name":"Orthop\u00e9die","item":"https:\/\/imppact-chirurgie.fr\/index.php\/orthopedie\/"},{"@type":"ListItem","position":3,"name":"Chirurgie du coude","item":"https:\/\/imppact-chirurgie.fr\/index.php\/orthopedie\/chirurgie-du-coude\/"},{"@type":"ListItem","position":4,"name":"Corps \u00e9trangers"}]},{"@type":"WebSite","@id":"https:\/\/imppact-chirurgie.fr\/#website","url":"https:\/\/imppact-chirurgie.fr\/","name":"IMPPACT Chirurgie","description":"IMPPACT Institut Main Pied Plastique Articulations Chirurgie Traumatologie","publisher":{"@id":"https:\/\/imppact-chirurgie.fr\/#organization"},"potentialAction":[{"@type":"SearchAction","target":{"@type":"EntryPoint","urlTemplate":"https:\/\/imppact-chirurgie.fr\/?s={search_term_string}"},"query-input":{"@type":"PropertyValueSpecification","valueRequired":true,"valueName":"search_term_string"}}],"inLanguage":"fr-FR"},{"@type":"Organization","@id":"https:\/\/imppact-chirurgie.fr\/#organization","name":"Imppact Chirurgie","alternateName":"Institut Main Pied Plastique Articulations Chirurgie Traumatologie","url":"https:\/\/imppact-chirurgie.fr\/","logo":{"@type":"ImageObject","inLanguage":"fr-FR","@id":"https:\/\/imppact-chirurgie.fr\/#\/schema\/logo\/image\/","url":"https:\/\/imppact-chirurgie.fr\/wp-content\/uploads\/2024\/02\/logo_final_imppact.png","contentUrl":"https:\/\/imppact-chirurgie.fr\/wp-content\/uploads\/2024\/02\/logo_final_imppact.png","width":1000,"height":523,"caption":"Imppact Chirurgie"},"image":{"@id":"https:\/\/imppact-chirurgie.fr\/#\/schema\/logo\/image\/"}}]}},"_links":{"self":[{"href":"https:\/\/imppact-chirurgie.fr\/index.php\/wp-json\/wp\/v2\/pages\/1789","targetHints":{"allow":["GET"]}}],"collection":[{"href":"https:\/\/imppact-chirurgie.fr\/index.php\/wp-json\/wp\/v2\/pages"}],"about":[{"href":"https:\/\/imppact-chirurgie.fr\/index.php\/wp-json\/wp\/v2\/types\/page"}],"author":[{"embeddable":true,"href":"https:\/\/imppact-chirurgie.fr\/index.php\/wp-json\/wp\/v2\/users\/1"}],"replies":[{"embeddable":true,"href":"https:\/\/imppact-chirurgie.fr\/index.php\/wp-json\/wp\/v2\/comments?post=1789"}],"version-history":[{"count":4,"href":"https:\/\/imppact-chirurgie.fr\/index.php\/wp-json\/wp\/v2\/pages\/1789\/revisions"}],"predecessor-version":[{"id":1796,"href":"https:\/\/imppact-chirurgie.fr\/index.php\/wp-json\/wp\/v2\/pages\/1789\/revisions\/1796"}],"up":[{"embeddable":true,"href":"https:\/\/imppact-chirurgie.fr\/index.php\/wp-json\/wp\/v2\/pages\/1772"}],"wp:attachment":[{"href":"https:\/\/imppact-chirurgie.fr\/index.php\/wp-json\/wp\/v2\/media?parent=1789"}],"curies":[{"name":"wp","href":"https:\/\/api.w.org\/{rel}","templated":true}]}}