{"id":1795,"date":"2024-10-01T15:00:54","date_gmt":"2024-10-01T13:00:54","guid":{"rendered":"https:\/\/imppact-chirurgie.fr\/?page_id=1795"},"modified":"2024-10-03T11:22:17","modified_gmt":"2024-10-03T09:22:17","slug":"epicondylite","status":"publish","type":"page","link":"https:\/\/imppact-chirurgie.fr\/index.php\/orthopedie\/chirurgie-du-coude\/epicondylite\/","title":{"rendered":"\u00c9picondylite"},"content":{"rendered":"<p>[et_pb_section fb_built=\u00a0\u00bb1&Prime; admin_label=\u00a0\u00bbsection\u00a0\u00bb _builder_version=\u00a0\u00bb4.16&Prime; global_colors_info=\u00a0\u00bb{}\u00a0\u00bb][et_pb_row admin_label=\u00a0\u00bbrow\u00a0\u00bb _builder_version=\u00a0\u00bb4.27.0&Prime; background_size=\u00a0\u00bbinitial\u00a0\u00bb background_position=\u00a0\u00bbtop_left\u00a0\u00bb background_repeat=\u00a0\u00bbrepeat\u00a0\u00bb custom_margin=\u00a0\u00bb||||false|false\u00a0\u00bb custom_padding=\u00a0\u00bb||||false|false\u00a0\u00bb hover_enabled=\u00a0\u00bb0&Prime; global_colors_info=\u00a0\u00bb{}\u00a0\u00bb sticky_enabled=\u00a0\u00bb0&Prime;][et_pb_column type=\u00a0\u00bb4_4&Prime; _builder_version=\u00a0\u00bb4.16&Prime; custom_padding=\u00a0\u00bb|||\u00a0\u00bb global_colors_info=\u00a0\u00bb{}\u00a0\u00bb custom_padding__hover=\u00a0\u00bb|||\u00a0\u00bb][et_pb_text admin_label=\u00a0\u00bbText\u00a0\u00bb _builder_version=\u00a0\u00bb4.27.0&Prime; background_size=\u00a0\u00bbinitial\u00a0\u00bb background_position=\u00a0\u00bbtop_left\u00a0\u00bb background_repeat=\u00a0\u00bbrepeat\u00a0\u00bb width=\u00a0\u00bb99.8%\u00a0\u00bb custom_margin=\u00a0\u00bb||||false|false\u00a0\u00bb custom_padding=\u00a0\u00bb|||0px||\u00a0\u00bb hover_enabled=\u00a0\u00bb0&Prime; global_colors_info=\u00a0\u00bb{}\u00a0\u00bb sticky_enabled=\u00a0\u00bb0&Prime;]<\/p>\n<h2>L&rsquo;\u00e9picondylite lat\u00e9rale<\/h2>\n<p class=\"p1\">L&rsquo;\u00e9picondylite lat\u00e9rale, \u00e9galement connue sous le nom de \u00ab\u00a0tennis elbow\u00a0\u00bb ou \u00ab\u00a0tendinite du coude\u00a0\u00bb, est une inflammation des tendons qui relient les muscles de l&rsquo;avant-bras \u00e0 la partie ext\u00e9rieure du coude. Cette pathologie est souvent caus\u00e9e par une surutilisation ou une surcharge des muscles et des tendons de l&rsquo;avant-bras, souvent associ\u00e9e \u00e0 des mouvements r\u00e9p\u00e9titifs.<\/p>\n<p class=\"p1\"><b>Traitements conservateurs<\/b> : Avant d&rsquo;envisager une intervention chirurgicale, plusieurs traitements non invasifs sont g\u00e9n\u00e9ralement recommand\u00e9s :<\/p>\n<ul class=\"ul1\">\n<li class=\"li1\"><b>Repos<\/b> et modification des activit\u00e9s pour \u00e9viter les mouvements aggravants.<\/li>\n<li class=\"li1\"><b>Anti-inflammatoires<\/b> non st\u00e9ro\u00efdiens (AINS) pour soulager la douleur.<\/li>\n<li class=\"li1\"><b>Physioth\u00e9rapie<\/b>, y compris des exercices de renforcement et d&rsquo;\u00e9tirement.<\/li>\n<li class=\"li1\"><b>Orth\u00e8ses<\/b> ou attelles pour immobiliser temporairement le coude.<\/li>\n<li class=\"li1\"><b>Injections de corticost\u00e9ro\u00efdes<\/b> pour r\u00e9duire l&rsquo;inflammation.<\/li>\n<li class=\"li1\"><b>Plasma riche en plaquettes (PRP)\u00a0:<\/b> injections pour favoriser la gu\u00e9rison tissulaire<\/li>\n<\/ul>\n<p class=\"p1\"><b>Indication chirurgicale<\/b> : La chirurgie est envisag\u00e9e si les sympt\u00f4mes persistent malgr\u00e9 6 \u00e0 12 mois de traitement conservateur. Les indications courantes pour la chirurgie incluent :<\/p>\n<ul class=\"ul1\">\n<li class=\"li1\">Douleur s\u00e9v\u00e8re et persistante qui interf\u00e8re avec les activit\u00e9s quotidiennes.<\/li>\n<li class=\"li1\">\u00c9chec des traitements conservateurs.<\/li>\n<li class=\"li1\">Diminution significative de la force et de la fonction du bras affect\u00e9.<\/li>\n<\/ul>\n<p class=\"p1\"><b>Types de chirurgie<\/b> :<\/p>\n<p class=\"p2\"><b>Lib\u00e9ration des tendons<\/b> extenseurs au coude :<\/p>\n<ul class=\"ul1\">\n<ul class=\"ul1\">\n<li class=\"li1\">Une incision est faite sur la partie ext\u00e9rieure du coude.<\/li>\n<li class=\"li1\">Les tendons endommag\u00e9s sont localis\u00e9s et retir\u00e9s, ou des d\u00e9bridements sont effectu\u00e9s.<\/li>\n<li class=\"li1\">Parfois, une partie du tendon est d\u00e9tach\u00e9e de l&rsquo;os pour r\u00e9duire la tension.<\/li>\n<\/ul>\n<\/ul>\n<p class=\"p1\"><b>R\u00e9cup\u00e9ration post-chirurgicale<\/b> :<\/p>\n<ul class=\"ul1\">\n<li class=\"li1\"><b>Immobilisation<\/b> temporaire du coude apr\u00e8s la chirurgie pour permettre la gu\u00e9rison.<\/li>\n<li class=\"li1\"><b>R\u00e9\u00e9ducation<\/b> progressive avec un physioth\u00e9rapeute pour restaurer la force et la mobilit\u00e9.<\/li>\n<li class=\"li1\"><b>Temps de r\u00e9cup\u00e9ration<\/b> variable, souvent de plusieurs semaines \u00e0 quelques mois, selon l&rsquo;ampleur de la chirurgie et la r\u00e9ponse individuelle \u00e0 la r\u00e9\u00e9ducation.<\/li>\n<\/ul>\n<p class=\"p1\">La chirurgie de l&rsquo;\u00e9picondylite lat\u00e9rale a g\u00e9n\u00e9ralement de bons r\u00e9sultats, avec une am\u00e9lioration significative de la douleur et de la fonction chez la plupart des patients. Cependant, comme pour toute intervention chirurgicale, il existe des risques potentiels, tels que l&rsquo;infection, les l\u00e9sions nerveuses, et une r\u00e9cup\u00e9ration incompl\u00e8te.<\/p>\n<p class=\"p3\">\n<p class=\"p4\"><b>Diagnostic<\/b><\/p>\n<ul class=\"ul1\">\n<li class=\"li1\"><b>Anamn\u00e8se<\/b>:<\/li>\n<ul class=\"ul1\">\n<li class=\"li1\">Historique des sympt\u00f4mes : douleur sur la face externe du coude, aggrav\u00e9e par l&rsquo;activit\u00e9 physique, particuli\u00e8rement la pr\u00e9hension et les mouvements de poignet.<\/li>\n<\/ul>\n<li class=\"li1\"><b>Examen physique<\/b>:<\/li>\n<ul class=\"ul1\">\n<li class=\"li1\">Palpation : douleur \u00e0 la palpation sur l&rsquo;\u00e9picondyle lat\u00e9ral.<\/li>\n<li class=\"li1\">Test de r\u00e9sistance : douleur augment\u00e9e lors de la r\u00e9sistance contre l&rsquo;extension du poignet ou des doigts.<\/li>\n<\/ul>\n<li class=\"li1\"><b>Imagerie<\/b>:<\/li>\n<ul class=\"ul1\">\n<li class=\"li1\">Radiographies du coude\u00a0:<\/li>\n<li class=\"li1\">\u00c9chographie ou IRM peut \u00eatre utilis\u00e9e pour confirmer le diagnostic ou exclure d&rsquo;autres pathologies.<\/li>\n<\/ul>\n<\/ul>\n<p class=\"p4\"><b>Traitement<\/b><\/p>\n<ul class=\"ul1\">\n<li class=\"li1\"><b>Conservateur<\/b>:<\/li>\n<ul class=\"ul1\">\n<li class=\"li1\"><b>Repos et modification des activit\u00e9s<\/b> : \u00e9viter les mouvements ou activit\u00e9s aggravantes.<\/li>\n<li class=\"li1\"><b>M\u00e9dicaments<\/b> : anti-inflammatoires non st\u00e9ro\u00efdiens (AINS) pour soulager la douleur et l&rsquo;inflammation.<\/li>\n<li class=\"li1\"><b>Orth\u00e8ses<\/b> : attelles ou bracelets \u00e9picondyliens pour diminuer la tension sur le tendon.<\/li>\n<\/ul>\n<li class=\"li1\"><b>Physioth\u00e9rapie<\/b>:<\/li>\n<ul class=\"ul1\">\n<li class=\"li1\"><b>Exercices d&rsquo;\u00e9tirement<\/b> des muscles de l&rsquo;avant-bras.<\/li>\n<li class=\"li1\"><b>Techniques de massage<\/b> et autres modalit\u00e9s (ultrasons, \u00e9lectroth\u00e9rapie).<\/li>\n<li class=\"li1\"><b>\u00c9ducation<\/b> : enseignement des techniques pour r\u00e9duire le stress sur le coude pendant les activit\u00e9s.<\/li>\n<li class=\"li1\"><b>Onde de chocs\u00a0<\/b>:<\/li>\n<\/ul>\n<li class=\"li1\"><b>Injections<\/b>:<\/li>\n<ul class=\"ul1\">\n<li class=\"li1\"><b>Corticost\u00e9ro\u00efdes<\/b> : injections pour r\u00e9duire l&rsquo;inflammation s\u00e9v\u00e8re<\/li>\n<li class=\"li1\"><b>Plasma riche en plaquettes (PRP)<\/b> : injections pour favoriser la gu\u00e9rison tissulaire<\/li>\n<\/ul>\n<li class=\"li1\"><b>Chirurgie<\/b>:<\/li>\n<ul class=\"ul1\">\n<li class=\"li1\"><b>Chirurgie de d\u00e9bridement<\/b> : envisag\u00e9e si les traitements conservateurs \u00e9chouent apr\u00e8s 6 \u00e0 12 mois.<\/li>\n<\/ul>\n<\/ul>\n<p class=\"p5\">\n<p class=\"p4\"><b>Pr\u00e9vention<\/b><\/p>\n<ul class=\"ul1\">\n<li class=\"li1\"><b>\u00c9chauffement<\/b> et \u00e9tirement avant les activit\u00e9s physiques.<\/li>\n<li class=\"li1\"><b>Renforcement musculaire<\/b> : exercices r\u00e9guliers pour renforcer les muscles de l&rsquo;avant-bras.<\/li>\n<li class=\"li1\"><b>Ergonomie<\/b> : am\u00e9liorer les techniques et les \u00e9quipements utilis\u00e9s pendant les activit\u00e9s sportives ou professionnelles.<\/li>\n<\/ul>\n<p class=\"p4\"><b>Suivi<\/b><\/p>\n<ul class=\"ul1\">\n<li class=\"li1\">Surveillance r\u00e9guli\u00e8re de l&rsquo;\u00e9volution des sympt\u00f4mes et adaptation du traitement en cons\u00e9quence.<\/li>\n<li class=\"li1\">\u00c9valuation p\u00e9riodique par un professionnel de la sant\u00e9 pour ajuster le plan de traitement si n\u00e9cessaire.<\/li>\n<\/ul>\n<p class=\"p1\">L&rsquo;\u00e9picondylite lat\u00e9rale est une affection courante mais g\u00e9n\u00e9ralement g\u00e9rable avec un diagnostic pr\u00e9cis et un plan de traitement bien structur\u00e9.<\/p>\n<p class=\"p6\">[\/et_pb_text][\/et_pb_column][\/et_pb_row][et_pb_row column_structure=\u00a0\u00bb1_4,3_4&Prime; _builder_version=\u00a0\u00bb4.24.3&Prime; _module_preset=\u00a0\u00bbdefault\u00a0\u00bb border_width_all=\u00a0\u00bb12px\u00a0\u00bb border_color_all=\u00a0\u00bb#326963&Prime; global_colors_info=\u00a0\u00bb{}\u00a0\u00bb theme_builder_area=\u00a0\u00bbpost_content\u00a0\u00bb][et_pb_column type=\u00a0\u00bb1_4&Prime; _builder_version=\u00a0\u00bb4.24.3&Prime; _module_preset=\u00a0\u00bbdefault\u00a0\u00bb global_colors_info=\u00a0\u00bb{}\u00a0\u00bb theme_builder_area=\u00a0\u00bbpost_content\u00a0\u00bb][et_pb_icon font_icon=\u00a0\u00bb&#xe092;||divi||400&Prime; icon_color=\u00a0\u00bb#326963&Prime; icon_width=\u00a0\u00bb60px\u00a0\u00bb align=\u00a0\u00bbright\u00a0\u00bb _builder_version=\u00a0\u00bb4.24.3&Prime; _module_preset=\u00a0\u00bbdefault\u00a0\u00bb global_colors_info=\u00a0\u00bb{}\u00a0\u00bb theme_builder_area=\u00a0\u00bbpost_content\u00a0\u00bb][\/et_pb_icon][\/et_pb_column][et_pb_column type=\u00a0\u00bb3_4&Prime; _builder_version=\u00a0\u00bb4.24.3&Prime; _module_preset=\u00a0\u00bbdefault\u00a0\u00bb global_colors_info=\u00a0\u00bb{}\u00a0\u00bb theme_builder_area=\u00a0\u00bbpost_content\u00a0\u00bb][et_pb_text _builder_version=\u00a0\u00bb4.27.0&Prime; _module_preset=\u00a0\u00bbdefault\u00a0\u00bb custom_margin=\u00a0\u00bb-3px||||false|false\u00a0\u00bb hover_enabled=\u00a0\u00bb0&Prime; global_colors_info=\u00a0\u00bb{}\u00a0\u00bb theme_builder_area=\u00a0\u00bbpost_content\u00a0\u00bb sticky_enabled=\u00a0\u00bb0&Prime;]<\/p>\n<p style=\"text-align: left;\"><span style=\"text-decoration: underline;\">T\u00e9l\u00e9charger la fiche post op\u00e9ratoire<\/span><\/p>\n<p style=\"text-align: left;\"><span style=\"text-decoration: underline;\">T\u00e9l\u00e9charger la fiche informations soci\u00e9t\u00e9s savantes<\/span><\/p>\n<p>[\/et_pb_text][\/et_pb_column][\/et_pb_row][\/et_pb_section]<\/p>\n","protected":false},"excerpt":{"rendered":"<p>L&rsquo;\u00e9picondylite lat\u00e9rale L&rsquo;\u00e9picondylite lat\u00e9rale, \u00e9galement connue sous le nom de \u00ab\u00a0tennis elbow\u00a0\u00bb ou \u00ab\u00a0tendinite du coude\u00a0\u00bb, est une inflammation des tendons qui relient les muscles de l&rsquo;avant-bras \u00e0 la partie ext\u00e9rieure du coude. Cette pathologie est souvent caus\u00e9e par une surutilisation ou une surcharge des muscles et des tendons de l&rsquo;avant-bras, souvent associ\u00e9e \u00e0 des [&hellip;]<\/p>\n","protected":false},"author":1,"featured_media":0,"parent":1772,"menu_order":0,"comment_status":"closed","ping_status":"closed","template":"","meta":{"_et_pb_use_builder":"on","_et_pb_old_content":"","_et_gb_content_width":"","_monsterinsights_skip_tracking":false,"_monsterinsights_sitenote_active":false,"_monsterinsights_sitenote_note":"","_monsterinsights_sitenote_category":0,"footnotes":""},"class_list":["post-1795","page","type-page","status-publish","hentry"],"yoast_head":"<!-- This site is optimized with the Yoast SEO plugin v27.4 - https:\/\/yoast.com\/product\/yoast-seo-wordpress\/ -->\n<title>\u00c9picondylite | IMPPACT Chirurgie<\/title>\n<meta name=\"robots\" content=\"index, follow, max-snippet:-1, max-image-preview:large, max-video-preview:-1\" \/>\n<link rel=\"canonical\" href=\"https:\/\/imppact-chirurgie.fr\/index.php\/orthopedie\/chirurgie-du-coude\/epicondylite\/\" \/>\n<meta property=\"og:locale\" content=\"fr_FR\" \/>\n<meta property=\"og:type\" content=\"article\" \/>\n<meta property=\"og:title\" content=\"\u00c9picondylite | IMPPACT Chirurgie\" \/>\n<meta property=\"og:description\" content=\"L&#039;\u00e9picondylite lat\u00e9rale L&#039;\u00e9picondylite lat\u00e9rale, \u00e9galement connue sous le nom de &quot;tennis elbow&quot; ou &quot;tendinite du coude&quot;, est une inflammation des tendons qui relient les muscles de l&#039;avant-bras \u00e0 la partie ext\u00e9rieure du coude. Cette pathologie est souvent caus\u00e9e par une surutilisation ou une surcharge des muscles et des tendons de l&#039;avant-bras, souvent associ\u00e9e \u00e0 des [&hellip;]\" \/>\n<meta property=\"og:url\" content=\"https:\/\/imppact-chirurgie.fr\/index.php\/orthopedie\/chirurgie-du-coude\/epicondylite\/\" \/>\n<meta property=\"og:site_name\" content=\"IMPPACT Chirurgie\" \/>\n<meta property=\"article:modified_time\" content=\"2024-10-03T09:22:17+00:00\" \/>\n<meta name=\"twitter:card\" content=\"summary_large_image\" \/>\n<script type=\"application\/ld+json\" class=\"yoast-schema-graph\">{\"@context\":\"https:\\\/\\\/schema.org\",\"@graph\":[{\"@type\":\"WebPage\",\"@id\":\"https:\\\/\\\/imppact-chirurgie.fr\\\/index.php\\\/orthopedie\\\/chirurgie-du-coude\\\/epicondylite\\\/\",\"url\":\"https:\\\/\\\/imppact-chirurgie.fr\\\/index.php\\\/orthopedie\\\/chirurgie-du-coude\\\/epicondylite\\\/\",\"name\":\"\u00c9picondylite | IMPPACT Chirurgie\",\"isPartOf\":{\"@id\":\"https:\\\/\\\/imppact-chirurgie.fr\\\/#website\"},\"datePublished\":\"2024-10-01T13:00:54+00:00\",\"dateModified\":\"2024-10-03T09:22:17+00:00\",\"breadcrumb\":{\"@id\":\"https:\\\/\\\/imppact-chirurgie.fr\\\/index.php\\\/orthopedie\\\/chirurgie-du-coude\\\/epicondylite\\\/#breadcrumb\"},\"inLanguage\":\"fr-FR\",\"potentialAction\":[{\"@type\":\"ReadAction\",\"target\":[\"https:\\\/\\\/imppact-chirurgie.fr\\\/index.php\\\/orthopedie\\\/chirurgie-du-coude\\\/epicondylite\\\/\"]}]},{\"@type\":\"BreadcrumbList\",\"@id\":\"https:\\\/\\\/imppact-chirurgie.fr\\\/index.php\\\/orthopedie\\\/chirurgie-du-coude\\\/epicondylite\\\/#breadcrumb\",\"itemListElement\":[{\"@type\":\"ListItem\",\"position\":1,\"name\":\"Accueil\",\"item\":\"https:\\\/\\\/imppact-chirurgie.fr\\\/\"},{\"@type\":\"ListItem\",\"position\":2,\"name\":\"Orthop\u00e9die\",\"item\":\"https:\\\/\\\/imppact-chirurgie.fr\\\/index.php\\\/orthopedie\\\/\"},{\"@type\":\"ListItem\",\"position\":3,\"name\":\"Chirurgie du coude\",\"item\":\"https:\\\/\\\/imppact-chirurgie.fr\\\/index.php\\\/orthopedie\\\/chirurgie-du-coude\\\/\"},{\"@type\":\"ListItem\",\"position\":4,\"name\":\"\u00c9picondylite\"}]},{\"@type\":\"WebSite\",\"@id\":\"https:\\\/\\\/imppact-chirurgie.fr\\\/#website\",\"url\":\"https:\\\/\\\/imppact-chirurgie.fr\\\/\",\"name\":\"IMPPACT Chirurgie\",\"description\":\"IMPPACT Institut Main Pied Plastique Articulations Chirurgie Traumatologie\",\"publisher\":{\"@id\":\"https:\\\/\\\/imppact-chirurgie.fr\\\/#organization\"},\"potentialAction\":[{\"@type\":\"SearchAction\",\"target\":{\"@type\":\"EntryPoint\",\"urlTemplate\":\"https:\\\/\\\/imppact-chirurgie.fr\\\/?s={search_term_string}\"},\"query-input\":{\"@type\":\"PropertyValueSpecification\",\"valueRequired\":true,\"valueName\":\"search_term_string\"}}],\"inLanguage\":\"fr-FR\"},{\"@type\":\"Organization\",\"@id\":\"https:\\\/\\\/imppact-chirurgie.fr\\\/#organization\",\"name\":\"Imppact Chirurgie\",\"alternateName\":\"Institut Main Pied Plastique Articulations Chirurgie Traumatologie\",\"url\":\"https:\\\/\\\/imppact-chirurgie.fr\\\/\",\"logo\":{\"@type\":\"ImageObject\",\"inLanguage\":\"fr-FR\",\"@id\":\"https:\\\/\\\/imppact-chirurgie.fr\\\/#\\\/schema\\\/logo\\\/image\\\/\",\"url\":\"https:\\\/\\\/imppact-chirurgie.fr\\\/wp-content\\\/uploads\\\/2024\\\/02\\\/logo_final_imppact.png\",\"contentUrl\":\"https:\\\/\\\/imppact-chirurgie.fr\\\/wp-content\\\/uploads\\\/2024\\\/02\\\/logo_final_imppact.png\",\"width\":1000,\"height\":523,\"caption\":\"Imppact Chirurgie\"},\"image\":{\"@id\":\"https:\\\/\\\/imppact-chirurgie.fr\\\/#\\\/schema\\\/logo\\\/image\\\/\"}}]}<\/script>\n<!-- \/ Yoast SEO plugin. -->","yoast_head_json":{"title":"\u00c9picondylite | IMPPACT Chirurgie","robots":{"index":"index","follow":"follow","max-snippet":"max-snippet:-1","max-image-preview":"max-image-preview:large","max-video-preview":"max-video-preview:-1"},"canonical":"https:\/\/imppact-chirurgie.fr\/index.php\/orthopedie\/chirurgie-du-coude\/epicondylite\/","og_locale":"fr_FR","og_type":"article","og_title":"\u00c9picondylite | IMPPACT Chirurgie","og_description":"L'\u00e9picondylite lat\u00e9rale L'\u00e9picondylite lat\u00e9rale, \u00e9galement connue sous le nom de \"tennis elbow\" ou \"tendinite du coude\", est une inflammation des tendons qui relient les muscles de l'avant-bras \u00e0 la partie ext\u00e9rieure du coude. Cette pathologie est souvent caus\u00e9e par une surutilisation ou une surcharge des muscles et des tendons de l'avant-bras, souvent associ\u00e9e \u00e0 des [&hellip;]","og_url":"https:\/\/imppact-chirurgie.fr\/index.php\/orthopedie\/chirurgie-du-coude\/epicondylite\/","og_site_name":"IMPPACT Chirurgie","article_modified_time":"2024-10-03T09:22:17+00:00","twitter_card":"summary_large_image","schema":{"@context":"https:\/\/schema.org","@graph":[{"@type":"WebPage","@id":"https:\/\/imppact-chirurgie.fr\/index.php\/orthopedie\/chirurgie-du-coude\/epicondylite\/","url":"https:\/\/imppact-chirurgie.fr\/index.php\/orthopedie\/chirurgie-du-coude\/epicondylite\/","name":"\u00c9picondylite | IMPPACT Chirurgie","isPartOf":{"@id":"https:\/\/imppact-chirurgie.fr\/#website"},"datePublished":"2024-10-01T13:00:54+00:00","dateModified":"2024-10-03T09:22:17+00:00","breadcrumb":{"@id":"https:\/\/imppact-chirurgie.fr\/index.php\/orthopedie\/chirurgie-du-coude\/epicondylite\/#breadcrumb"},"inLanguage":"fr-FR","potentialAction":[{"@type":"ReadAction","target":["https:\/\/imppact-chirurgie.fr\/index.php\/orthopedie\/chirurgie-du-coude\/epicondylite\/"]}]},{"@type":"BreadcrumbList","@id":"https:\/\/imppact-chirurgie.fr\/index.php\/orthopedie\/chirurgie-du-coude\/epicondylite\/#breadcrumb","itemListElement":[{"@type":"ListItem","position":1,"name":"Accueil","item":"https:\/\/imppact-chirurgie.fr\/"},{"@type":"ListItem","position":2,"name":"Orthop\u00e9die","item":"https:\/\/imppact-chirurgie.fr\/index.php\/orthopedie\/"},{"@type":"ListItem","position":3,"name":"Chirurgie du coude","item":"https:\/\/imppact-chirurgie.fr\/index.php\/orthopedie\/chirurgie-du-coude\/"},{"@type":"ListItem","position":4,"name":"\u00c9picondylite"}]},{"@type":"WebSite","@id":"https:\/\/imppact-chirurgie.fr\/#website","url":"https:\/\/imppact-chirurgie.fr\/","name":"IMPPACT Chirurgie","description":"IMPPACT Institut Main Pied Plastique Articulations Chirurgie Traumatologie","publisher":{"@id":"https:\/\/imppact-chirurgie.fr\/#organization"},"potentialAction":[{"@type":"SearchAction","target":{"@type":"EntryPoint","urlTemplate":"https:\/\/imppact-chirurgie.fr\/?s={search_term_string}"},"query-input":{"@type":"PropertyValueSpecification","valueRequired":true,"valueName":"search_term_string"}}],"inLanguage":"fr-FR"},{"@type":"Organization","@id":"https:\/\/imppact-chirurgie.fr\/#organization","name":"Imppact Chirurgie","alternateName":"Institut Main Pied Plastique Articulations Chirurgie Traumatologie","url":"https:\/\/imppact-chirurgie.fr\/","logo":{"@type":"ImageObject","inLanguage":"fr-FR","@id":"https:\/\/imppact-chirurgie.fr\/#\/schema\/logo\/image\/","url":"https:\/\/imppact-chirurgie.fr\/wp-content\/uploads\/2024\/02\/logo_final_imppact.png","contentUrl":"https:\/\/imppact-chirurgie.fr\/wp-content\/uploads\/2024\/02\/logo_final_imppact.png","width":1000,"height":523,"caption":"Imppact Chirurgie"},"image":{"@id":"https:\/\/imppact-chirurgie.fr\/#\/schema\/logo\/image\/"}}]}},"_links":{"self":[{"href":"https:\/\/imppact-chirurgie.fr\/index.php\/wp-json\/wp\/v2\/pages\/1795","targetHints":{"allow":["GET"]}}],"collection":[{"href":"https:\/\/imppact-chirurgie.fr\/index.php\/wp-json\/wp\/v2\/pages"}],"about":[{"href":"https:\/\/imppact-chirurgie.fr\/index.php\/wp-json\/wp\/v2\/types\/page"}],"author":[{"embeddable":true,"href":"https:\/\/imppact-chirurgie.fr\/index.php\/wp-json\/wp\/v2\/users\/1"}],"replies":[{"embeddable":true,"href":"https:\/\/imppact-chirurgie.fr\/index.php\/wp-json\/wp\/v2\/comments?post=1795"}],"version-history":[{"count":3,"href":"https:\/\/imppact-chirurgie.fr\/index.php\/wp-json\/wp\/v2\/pages\/1795\/revisions"}],"predecessor-version":[{"id":1799,"href":"https:\/\/imppact-chirurgie.fr\/index.php\/wp-json\/wp\/v2\/pages\/1795\/revisions\/1799"}],"up":[{"embeddable":true,"href":"https:\/\/imppact-chirurgie.fr\/index.php\/wp-json\/wp\/v2\/pages\/1772"}],"wp:attachment":[{"href":"https:\/\/imppact-chirurgie.fr\/index.php\/wp-json\/wp\/v2\/media?parent=1795"}],"curies":[{"name":"wp","href":"https:\/\/api.w.org\/{rel}","templated":true}]}}