{"id":2018,"date":"2024-11-18T15:58:18","date_gmt":"2024-11-18T14:58:18","guid":{"rendered":"https:\/\/imppact-chirurgie.fr\/?page_id=2018"},"modified":"2024-11-18T15:58:18","modified_gmt":"2024-11-18T14:58:18","slug":"traumatologie-du-genou","status":"publish","type":"page","link":"https:\/\/imppact-chirurgie.fr\/index.php\/traumatologie\/traumatologie-du-genou\/","title":{"rendered":"Traumatologie du genou"},"content":{"rendered":"<p>[et_pb_section fb_built=\u00a0\u00bb1&Prime; admin_label=\u00a0\u00bbsection\u00a0\u00bb _builder_version=\u00a0\u00bb4.16&Prime; global_colors_info=\u00a0\u00bb{}\u00a0\u00bb][et_pb_row column_structure=\u00a0\u00bb3_5,2_5&Prime; admin_label=\u00a0\u00bbrow\u00a0\u00bb _builder_version=\u00a0\u00bb4.27.0&Prime; background_size=\u00a0\u00bbinitial\u00a0\u00bb background_position=\u00a0\u00bbtop_left\u00a0\u00bb background_repeat=\u00a0\u00bbrepeat\u00a0\u00bb custom_margin=\u00a0\u00bb||||false|false\u00a0\u00bb global_colors_info=\u00a0\u00bb{}\u00a0\u00bb][et_pb_column type=\u00a0\u00bb3_5&Prime; _builder_version=\u00a0\u00bb4.16&Prime; custom_padding=\u00a0\u00bb|||\u00a0\u00bb global_colors_info=\u00a0\u00bb{}\u00a0\u00bb custom_padding__hover=\u00a0\u00bb|||\u00a0\u00bb][et_pb_text admin_label=\u00a0\u00bbText\u00a0\u00bb _builder_version=\u00a0\u00bb4.27.0&Prime; background_size=\u00a0\u00bbinitial\u00a0\u00bb background_position=\u00a0\u00bbtop_left\u00a0\u00bb background_repeat=\u00a0\u00bbrepeat\u00a0\u00bb custom_padding=\u00a0\u00bb|0px||||\u00a0\u00bb global_colors_info=\u00a0\u00bb{}\u00a0\u00bb]<\/p>\n<h2 style=\"text-align: justify;\">La chirurgie du genou<\/h2>\n<p style=\"text-align: justify;\">La chirurgie du genou offre une solution efficace pour traiter les douleurs et les probl\u00e8mes de mobilit\u00e9 caus\u00e9s par des pathologies comme l\u2019arthrose, les l\u00e9sions ligamentaires ou les fractures. Nos chirurgiens sp\u00e9cialis\u00e9s proposent des interventions adapt\u00e9es \u00e0 chaque patient, afin de vous permettre de retrouver une qualit\u00e9 de vie optimale.<\/p>\n<p style=\"text-align: justify;\">Gr\u00e2ce aux techniques modernes, telles que la chirurgie mini-invasive, les patients b\u00e9n\u00e9ficient d&rsquo;une r\u00e9cup\u00e9ration plus rapide, avec moins de douleur et une r\u00e9\u00e9ducation facilit\u00e9e.<\/p>\n<p>[\/et_pb_text][\/et_pb_column][et_pb_column type=\u00a0\u00bb2_5&Prime; _builder_version=\u00a0\u00bb4.16&Prime; custom_padding=\u00a0\u00bb|||\u00a0\u00bb global_colors_info=\u00a0\u00bb{}\u00a0\u00bb custom_padding__hover=\u00a0\u00bb|||\u00a0\u00bb][\/et_pb_column][\/et_pb_row][et_pb_row _builder_version=\u00a0\u00bb4.24.0&Prime; _module_preset=\u00a0\u00bbdefault\u00a0\u00bb global_colors_info=\u00a0\u00bb{}\u00a0\u00bb][et_pb_column type=\u00a0\u00bb4_4&Prime; _builder_version=\u00a0\u00bb4.24.0&Prime; _module_preset=\u00a0\u00bbdefault\u00a0\u00bb global_colors_info=\u00a0\u00bb{}\u00a0\u00bb][et_pb_text admin_label=\u00a0\u00bbText\u00a0\u00bb _builder_version=\u00a0\u00bb4.24.0&Prime; background_size=\u00a0\u00bbinitial\u00a0\u00bb background_position=\u00a0\u00bbtop_left\u00a0\u00bb background_repeat=\u00a0\u00bbrepeat\u00a0\u00bb min_height=\u00a0\u00bb198.8px\u00a0\u00bb custom_margin=\u00a0\u00bb||-137px|||\u00a0\u00bb custom_padding=\u00a0\u00bb||0px|||\u00a0\u00bb global_colors_info=\u00a0\u00bb{}\u00a0\u00bb]<\/p>\n<h4><span class=\"s1\">Les interventions r\u00e9alis\u00e9es par nos chirurgiens :<\/span>\u00a0\u00e0 Lille-Lesquin, Tourcoing, Bois Bernard, Cambrai, Maubeuge &amp; Calais<\/h4>\n<h4>\u00a0<\/h4>\n<p>[\/et_pb_text][\/et_pb_column][\/et_pb_row][et_pb_row column_structure=\u00a0\u00bb1_3,1_3,1_3&Prime; _builder_version=\u00a0\u00bb4.27.2&Prime; _module_preset=\u00a0\u00bbdefault\u00a0\u00bb custom_margin=\u00a0\u00bb-27px|auto||auto||\u00a0\u00bb hover_enabled=\u00a0\u00bb0&Prime; global_colors_info=\u00a0\u00bb{}\u00a0\u00bb sticky_enabled=\u00a0\u00bb0&Prime;][et_pb_column type=\u00a0\u00bb1_3&Prime; _builder_version=\u00a0\u00bb4.24.0&Prime; _module_preset=\u00a0\u00bbdefault\u00a0\u00bb global_colors_info=\u00a0\u00bb{}\u00a0\u00bb][et_pb_button button_url=\u00a0\u00bb@ET-DC@eyJkeW5hbWljIjp0cnVlLCJjb250ZW50IjoicG9zdF9saW5rX3VybF9wYWdlIiwic2V0dGluZ3MiOnsicG9zdF9pZCI6IjE2NzcifX0=@\u00a0\u00bb button_text=\u00a0\u00bbL\u00e9sion du ligament crois\u00e9 ant\u00e9rieur\u00a0\u00bb button_alignment=\u00a0\u00bbcenter\u00a0\u00bb button_alignment_tablet=\u00a0\u00bbcenter\u00a0\u00bb button_alignment_phone=\u00a0\u00bb\u00a0\u00bb button_alignment_last_edited=\u00a0\u00bbon|tablet\u00a0\u00bb module_class=\u00a0\u00bbprimary_button\u00a0\u00bb _builder_version=\u00a0\u00bb4.27.2&Prime; _dynamic_attributes=\u00a0\u00bbbutton_url\u00a0\u00bb custom_button=\u00a0\u00bbon\u00a0\u00bb button_text_size=\u00a0\u00bb16px\u00a0\u00bb button_text_color=\u00a0\u00bb#ffffff\u00a0\u00bb button_border_width=\u00a0\u00bb0px\u00a0\u00bb button_border_radius=\u00a0\u00bb50px\u00a0\u00bb button_font=\u00a0\u00bbPoppins||||||||\u00a0\u00bb button_use_icon=\u00a0\u00bboff\u00a0\u00bb custom_padding=\u00a0\u00bb15px|30px|15px|30px|true|true\u00a0\u00bb hover_enabled=\u00a0\u00bb0&Prime; global_colors_info=\u00a0\u00bb{}\u00a0\u00bb button_bg_color__hover_enabled=\u00a0\u00bbon|hover\u00a0\u00bb button_bg_color__hover=\u00a0\u00bb\u00a0\u00bb button_bg_enable_color__hover=\u00a0\u00bboff\u00a0\u00bb sticky_enabled=\u00a0\u00bb0&Prime; custom_margin=\u00a0\u00bb|-15px||||\u00a0\u00bb][\/et_pb_button][\/et_pb_column][et_pb_column type=\u00a0\u00bb1_3&Prime; _builder_version=\u00a0\u00bb4.24.0&Prime; _module_preset=\u00a0\u00bbdefault\u00a0\u00bb global_colors_info=\u00a0\u00bb{}\u00a0\u00bb][et_pb_button button_url=\u00a0\u00bb@ET-DC@eyJkeW5hbWljIjp0cnVlLCJjb250ZW50IjoicG9zdF9saW5rX3VybF9wYWdlIiwic2V0dGluZ3MiOnsicG9zdF9pZCI6IjE2ODQifX0=@\u00a0\u00bb button_text=\u00a0\u00bbL\u00e9sion des m\u00e9nisques\u00a0\u00bb button_alignment=\u00a0\u00bbcenter\u00a0\u00bb button_alignment_tablet=\u00a0\u00bbcenter\u00a0\u00bb button_alignment_phone=\u00a0\u00bb\u00a0\u00bb button_alignment_last_edited=\u00a0\u00bbon|tablet\u00a0\u00bb module_class=\u00a0\u00bbprimary_button\u00a0\u00bb _builder_version=\u00a0\u00bb4.27.2&Prime; _dynamic_attributes=\u00a0\u00bbbutton_url\u00a0\u00bb custom_button=\u00a0\u00bbon\u00a0\u00bb button_text_size=\u00a0\u00bb16px\u00a0\u00bb button_text_color=\u00a0\u00bb#ffffff\u00a0\u00bb button_border_width=\u00a0\u00bb0px\u00a0\u00bb button_border_radius=\u00a0\u00bb50px\u00a0\u00bb button_font=\u00a0\u00bbPoppins||||||||\u00a0\u00bb button_use_icon=\u00a0\u00bboff\u00a0\u00bb custom_padding=\u00a0\u00bb15px|30px|15px|30px|true|true\u00a0\u00bb hover_enabled=\u00a0\u00bb0&Prime; global_colors_info=\u00a0\u00bb{}\u00a0\u00bb button_bg_color__hover_enabled=\u00a0\u00bbon|hover\u00a0\u00bb button_bg_color__hover=\u00a0\u00bb\u00a0\u00bb button_bg_enable_color__hover=\u00a0\u00bboff\u00a0\u00bb sticky_enabled=\u00a0\u00bb0&Prime;][\/et_pb_button][\/et_pb_column][et_pb_column type=\u00a0\u00bb1_3&Prime; _builder_version=\u00a0\u00bb4.24.0&Prime; _module_preset=\u00a0\u00bbdefault\u00a0\u00bb global_colors_info=\u00a0\u00bb{}\u00a0\u00bb][et_pb_button button_url=\u00a0\u00bb@ET-DC@eyJkeW5hbWljIjp0cnVlLCJjb250ZW50IjoicG9zdF9saW5rX3VybF9wYWdlIiwic2V0dGluZ3MiOnsicG9zdF9pZCI6IjE2NTEifX0=@\u00a0\u00bb button_text=\u00a0\u00bbR\u00e9section m\u00e9niscale\u00a0\u00bb button_alignment=\u00a0\u00bbcenter\u00a0\u00bb button_alignment_tablet=\u00a0\u00bbcenter\u00a0\u00bb button_alignment_phone=\u00a0\u00bb\u00a0\u00bb button_alignment_last_edited=\u00a0\u00bbon|tablet\u00a0\u00bb module_class=\u00a0\u00bbprimary_button\u00a0\u00bb _builder_version=\u00a0\u00bb4.27.0&Prime; _dynamic_attributes=\u00a0\u00bbbutton_url\u00a0\u00bb custom_button=\u00a0\u00bbon\u00a0\u00bb button_text_size=\u00a0\u00bb16px\u00a0\u00bb button_text_color=\u00a0\u00bb#ffffff\u00a0\u00bb button_border_width=\u00a0\u00bb0px\u00a0\u00bb button_border_radius=\u00a0\u00bb50px\u00a0\u00bb button_font=\u00a0\u00bbPoppins||||||||\u00a0\u00bb button_use_icon=\u00a0\u00bboff\u00a0\u00bb custom_padding=\u00a0\u00bb15px|30px|15px|30px|true|true\u00a0\u00bb global_colors_info=\u00a0\u00bb{}\u00a0\u00bb button_bg_color__hover_enabled=\u00a0\u00bbon|hover\u00a0\u00bb button_bg_color__hover=\u00a0\u00bb\u00a0\u00bb button_bg_enable_color__hover=\u00a0\u00bboff\u00a0\u00bb][\/et_pb_button][\/et_pb_column][\/et_pb_row][\/et_pb_section]<\/p>\n","protected":false},"excerpt":{"rendered":"<p>La chirurgie du genou La chirurgie du genou offre une solution efficace pour traiter les douleurs et les probl\u00e8mes de mobilit\u00e9 caus\u00e9s par des pathologies comme l\u2019arthrose, les l\u00e9sions ligamentaires ou les fractures. Nos chirurgiens sp\u00e9cialis\u00e9s proposent des interventions adapt\u00e9es \u00e0 chaque patient, afin de vous permettre de retrouver une qualit\u00e9 de vie optimale. Gr\u00e2ce [&hellip;]<\/p>\n","protected":false},"author":1,"featured_media":0,"parent":1513,"menu_order":0,"comment_status":"closed","ping_status":"closed","template":"","meta":{"_et_pb_use_builder":"on","_et_pb_old_content":"","_et_gb_content_width":"","_monsterinsights_skip_tracking":false,"_monsterinsights_sitenote_active":false,"_monsterinsights_sitenote_note":"","_monsterinsights_sitenote_category":0,"footnotes":""},"class_list":["post-2018","page","type-page","status-publish","hentry"],"yoast_head":"<!-- This site is optimized with the Yoast SEO plugin v27.4 - https:\/\/yoast.com\/product\/yoast-seo-wordpress\/ -->\n<title>Traumatologie du genou | IMPPACT Chirurgie<\/title>\n<meta name=\"robots\" content=\"index, follow, max-snippet:-1, max-image-preview:large, max-video-preview:-1\" \/>\n<link rel=\"canonical\" href=\"https:\/\/imppact-chirurgie.fr\/index.php\/traumatologie\/traumatologie-du-genou\/\" \/>\n<meta property=\"og:locale\" content=\"fr_FR\" \/>\n<meta property=\"og:type\" content=\"article\" \/>\n<meta property=\"og:title\" content=\"Traumatologie du genou | IMPPACT Chirurgie\" \/>\n<meta property=\"og:description\" content=\"La chirurgie du genou La chirurgie du genou offre une solution efficace pour traiter les douleurs et les probl\u00e8mes de mobilit\u00e9 caus\u00e9s par des pathologies comme l\u2019arthrose, les l\u00e9sions ligamentaires ou les fractures. Nos chirurgiens sp\u00e9cialis\u00e9s proposent des interventions adapt\u00e9es \u00e0 chaque patient, afin de vous permettre de retrouver une qualit\u00e9 de vie optimale. Gr\u00e2ce [&hellip;]\" \/>\n<meta property=\"og:url\" content=\"https:\/\/imppact-chirurgie.fr\/index.php\/traumatologie\/traumatologie-du-genou\/\" \/>\n<meta property=\"og:site_name\" content=\"IMPPACT Chirurgie\" \/>\n<meta name=\"twitter:card\" content=\"summary_large_image\" \/>\n<meta name=\"twitter:label1\" content=\"Dur\u00e9e de lecture estim\u00e9e\" \/>\n\t<meta name=\"twitter:data1\" content=\"1 minute\" \/>\n<script type=\"application\/ld+json\" class=\"yoast-schema-graph\">{\"@context\":\"https:\\\/\\\/schema.org\",\"@graph\":[{\"@type\":\"WebPage\",\"@id\":\"https:\\\/\\\/imppact-chirurgie.fr\\\/index.php\\\/traumatologie\\\/traumatologie-du-genou\\\/\",\"url\":\"https:\\\/\\\/imppact-chirurgie.fr\\\/index.php\\\/traumatologie\\\/traumatologie-du-genou\\\/\",\"name\":\"Traumatologie du genou | IMPPACT Chirurgie\",\"isPartOf\":{\"@id\":\"https:\\\/\\\/imppact-chirurgie.fr\\\/#website\"},\"datePublished\":\"2024-11-18T14:58:18+00:00\",\"breadcrumb\":{\"@id\":\"https:\\\/\\\/imppact-chirurgie.fr\\\/index.php\\\/traumatologie\\\/traumatologie-du-genou\\\/#breadcrumb\"},\"inLanguage\":\"fr-FR\",\"potentialAction\":[{\"@type\":\"ReadAction\",\"target\":[\"https:\\\/\\\/imppact-chirurgie.fr\\\/index.php\\\/traumatologie\\\/traumatologie-du-genou\\\/\"]}]},{\"@type\":\"BreadcrumbList\",\"@id\":\"https:\\\/\\\/imppact-chirurgie.fr\\\/index.php\\\/traumatologie\\\/traumatologie-du-genou\\\/#breadcrumb\",\"itemListElement\":[{\"@type\":\"ListItem\",\"position\":1,\"name\":\"Accueil\",\"item\":\"https:\\\/\\\/imppact-chirurgie.fr\\\/\"},{\"@type\":\"ListItem\",\"position\":2,\"name\":\"Traumatologie\",\"item\":\"https:\\\/\\\/imppact-chirurgie.fr\\\/index.php\\\/traumatologie\\\/\"},{\"@type\":\"ListItem\",\"position\":3,\"name\":\"Traumatologie du genou\"}]},{\"@type\":\"WebSite\",\"@id\":\"https:\\\/\\\/imppact-chirurgie.fr\\\/#website\",\"url\":\"https:\\\/\\\/imppact-chirurgie.fr\\\/\",\"name\":\"IMPPACT Chirurgie\",\"description\":\"IMPPACT Institut Main Pied Plastique Articulations Chirurgie Traumatologie\",\"publisher\":{\"@id\":\"https:\\\/\\\/imppact-chirurgie.fr\\\/#organization\"},\"potentialAction\":[{\"@type\":\"SearchAction\",\"target\":{\"@type\":\"EntryPoint\",\"urlTemplate\":\"https:\\\/\\\/imppact-chirurgie.fr\\\/?s={search_term_string}\"},\"query-input\":{\"@type\":\"PropertyValueSpecification\",\"valueRequired\":true,\"valueName\":\"search_term_string\"}}],\"inLanguage\":\"fr-FR\"},{\"@type\":\"Organization\",\"@id\":\"https:\\\/\\\/imppact-chirurgie.fr\\\/#organization\",\"name\":\"Imppact Chirurgie\",\"alternateName\":\"Institut Main Pied Plastique Articulations Chirurgie Traumatologie\",\"url\":\"https:\\\/\\\/imppact-chirurgie.fr\\\/\",\"logo\":{\"@type\":\"ImageObject\",\"inLanguage\":\"fr-FR\",\"@id\":\"https:\\\/\\\/imppact-chirurgie.fr\\\/#\\\/schema\\\/logo\\\/image\\\/\",\"url\":\"https:\\\/\\\/imppact-chirurgie.fr\\\/wp-content\\\/uploads\\\/2024\\\/02\\\/logo_final_imppact.png\",\"contentUrl\":\"https:\\\/\\\/imppact-chirurgie.fr\\\/wp-content\\\/uploads\\\/2024\\\/02\\\/logo_final_imppact.png\",\"width\":1000,\"height\":523,\"caption\":\"Imppact Chirurgie\"},\"image\":{\"@id\":\"https:\\\/\\\/imppact-chirurgie.fr\\\/#\\\/schema\\\/logo\\\/image\\\/\"}}]}<\/script>\n<!-- \/ Yoast SEO plugin. -->","yoast_head_json":{"title":"Traumatologie du genou | IMPPACT Chirurgie","robots":{"index":"index","follow":"follow","max-snippet":"max-snippet:-1","max-image-preview":"max-image-preview:large","max-video-preview":"max-video-preview:-1"},"canonical":"https:\/\/imppact-chirurgie.fr\/index.php\/traumatologie\/traumatologie-du-genou\/","og_locale":"fr_FR","og_type":"article","og_title":"Traumatologie du genou | IMPPACT Chirurgie","og_description":"La chirurgie du genou La chirurgie du genou offre une solution efficace pour traiter les douleurs et les probl\u00e8mes de mobilit\u00e9 caus\u00e9s par des pathologies comme l\u2019arthrose, les l\u00e9sions ligamentaires ou les fractures. Nos chirurgiens sp\u00e9cialis\u00e9s proposent des interventions adapt\u00e9es \u00e0 chaque patient, afin de vous permettre de retrouver une qualit\u00e9 de vie optimale. Gr\u00e2ce [&hellip;]","og_url":"https:\/\/imppact-chirurgie.fr\/index.php\/traumatologie\/traumatologie-du-genou\/","og_site_name":"IMPPACT Chirurgie","twitter_card":"summary_large_image","twitter_misc":{"Dur\u00e9e de lecture estim\u00e9e":"1 minute"},"schema":{"@context":"https:\/\/schema.org","@graph":[{"@type":"WebPage","@id":"https:\/\/imppact-chirurgie.fr\/index.php\/traumatologie\/traumatologie-du-genou\/","url":"https:\/\/imppact-chirurgie.fr\/index.php\/traumatologie\/traumatologie-du-genou\/","name":"Traumatologie du genou | IMPPACT Chirurgie","isPartOf":{"@id":"https:\/\/imppact-chirurgie.fr\/#website"},"datePublished":"2024-11-18T14:58:18+00:00","breadcrumb":{"@id":"https:\/\/imppact-chirurgie.fr\/index.php\/traumatologie\/traumatologie-du-genou\/#breadcrumb"},"inLanguage":"fr-FR","potentialAction":[{"@type":"ReadAction","target":["https:\/\/imppact-chirurgie.fr\/index.php\/traumatologie\/traumatologie-du-genou\/"]}]},{"@type":"BreadcrumbList","@id":"https:\/\/imppact-chirurgie.fr\/index.php\/traumatologie\/traumatologie-du-genou\/#breadcrumb","itemListElement":[{"@type":"ListItem","position":1,"name":"Accueil","item":"https:\/\/imppact-chirurgie.fr\/"},{"@type":"ListItem","position":2,"name":"Traumatologie","item":"https:\/\/imppact-chirurgie.fr\/index.php\/traumatologie\/"},{"@type":"ListItem","position":3,"name":"Traumatologie du genou"}]},{"@type":"WebSite","@id":"https:\/\/imppact-chirurgie.fr\/#website","url":"https:\/\/imppact-chirurgie.fr\/","name":"IMPPACT Chirurgie","description":"IMPPACT Institut Main Pied Plastique Articulations Chirurgie Traumatologie","publisher":{"@id":"https:\/\/imppact-chirurgie.fr\/#organization"},"potentialAction":[{"@type":"SearchAction","target":{"@type":"EntryPoint","urlTemplate":"https:\/\/imppact-chirurgie.fr\/?s={search_term_string}"},"query-input":{"@type":"PropertyValueSpecification","valueRequired":true,"valueName":"search_term_string"}}],"inLanguage":"fr-FR"},{"@type":"Organization","@id":"https:\/\/imppact-chirurgie.fr\/#organization","name":"Imppact Chirurgie","alternateName":"Institut Main Pied Plastique Articulations Chirurgie Traumatologie","url":"https:\/\/imppact-chirurgie.fr\/","logo":{"@type":"ImageObject","inLanguage":"fr-FR","@id":"https:\/\/imppact-chirurgie.fr\/#\/schema\/logo\/image\/","url":"https:\/\/imppact-chirurgie.fr\/wp-content\/uploads\/2024\/02\/logo_final_imppact.png","contentUrl":"https:\/\/imppact-chirurgie.fr\/wp-content\/uploads\/2024\/02\/logo_final_imppact.png","width":1000,"height":523,"caption":"Imppact Chirurgie"},"image":{"@id":"https:\/\/imppact-chirurgie.fr\/#\/schema\/logo\/image\/"}}]}},"_links":{"self":[{"href":"https:\/\/imppact-chirurgie.fr\/index.php\/wp-json\/wp\/v2\/pages\/2018","targetHints":{"allow":["GET"]}}],"collection":[{"href":"https:\/\/imppact-chirurgie.fr\/index.php\/wp-json\/wp\/v2\/pages"}],"about":[{"href":"https:\/\/imppact-chirurgie.fr\/index.php\/wp-json\/wp\/v2\/types\/page"}],"author":[{"embeddable":true,"href":"https:\/\/imppact-chirurgie.fr\/index.php\/wp-json\/wp\/v2\/users\/1"}],"replies":[{"embeddable":true,"href":"https:\/\/imppact-chirurgie.fr\/index.php\/wp-json\/wp\/v2\/comments?post=2018"}],"version-history":[{"count":3,"href":"https:\/\/imppact-chirurgie.fr\/index.php\/wp-json\/wp\/v2\/pages\/2018\/revisions"}],"predecessor-version":[{"id":2022,"href":"https:\/\/imppact-chirurgie.fr\/index.php\/wp-json\/wp\/v2\/pages\/2018\/revisions\/2022"}],"up":[{"embeddable":true,"href":"https:\/\/imppact-chirurgie.fr\/index.php\/wp-json\/wp\/v2\/pages\/1513"}],"wp:attachment":[{"href":"https:\/\/imppact-chirurgie.fr\/index.php\/wp-json\/wp\/v2\/media?parent=2018"}],"curies":[{"name":"wp","href":"https:\/\/api.w.org\/{rel}","templated":true}]}}