{"id":2183,"date":"2025-01-23T21:57:46","date_gmt":"2025-01-23T20:57:46","guid":{"rendered":"https:\/\/imppact-chirurgie.fr\/?page_id=2183"},"modified":"2025-01-23T21:57:46","modified_gmt":"2025-01-23T20:57:46","slug":"coiffe-des-rotateurs","status":"publish","type":"page","link":"https:\/\/imppact-chirurgie.fr\/index.php\/coiffe-des-rotateurs\/","title":{"rendered":"Coiffe des rotateurs"},"content":{"rendered":"<p>[et_pb_section fb_built=\u00a0\u00bb1&Prime; admin_label=\u00a0\u00bbsection\u00a0\u00bb _builder_version=\u00a0\u00bb4.16&Prime; global_colors_info=\u00a0\u00bb{}\u00a0\u00bb][et_pb_row admin_label=\u00a0\u00bbrow\u00a0\u00bb _builder_version=\u00a0\u00bb4.27.0&Prime; background_size=\u00a0\u00bbinitial\u00a0\u00bb background_position=\u00a0\u00bbtop_left\u00a0\u00bb background_repeat=\u00a0\u00bbrepeat\u00a0\u00bb custom_margin=\u00a0\u00bb||||false|false\u00a0\u00bb custom_padding=\u00a0\u00bb||||false|false\u00a0\u00bb global_colors_info=\u00a0\u00bb{}\u00a0\u00bb][et_pb_column type=\u00a0\u00bb4_4&Prime; _builder_version=\u00a0\u00bb4.16&Prime; custom_padding=\u00a0\u00bb|||\u00a0\u00bb global_colors_info=\u00a0\u00bb{}\u00a0\u00bb custom_padding__hover=\u00a0\u00bb|||\u00a0\u00bb][et_pb_text admin_label=\u00a0\u00bbText\u00a0\u00bb _builder_version=\u00a0\u00bb4.27.4&Prime; background_size=\u00a0\u00bbinitial\u00a0\u00bb background_position=\u00a0\u00bbtop_left\u00a0\u00bb background_repeat=\u00a0\u00bbrepeat\u00a0\u00bb width=\u00a0\u00bb99.8%\u00a0\u00bb custom_margin=\u00a0\u00bb||||false|false\u00a0\u00bb custom_padding=\u00a0\u00bb|||0px||\u00a0\u00bb hover_enabled=\u00a0\u00bb0&Prime; global_colors_info=\u00a0\u00bb{}\u00a0\u00bb sticky_enabled=\u00a0\u00bb0&Prime;]<\/p>\n<h2 style=\"text-align: justify;\">La coiffe des rotateurs<\/h2>\n<p class=\"p2\" style=\"text-align: justify;\"><span style=\"font-weight: 400;\">La coiffe des rotateurs est un ensemble de quatre tendons et muscles qui permet \u00e0 l&rsquo;\u00e9paule de bouger de mani\u00e8re fluide et stable. Ces tendons jouent un r\u00f4le essentiel dans la mobilit\u00e9 de l&rsquo;\u00e9paule, permettant des gestes de la vie quotidienne tels que lever le bras, porter des objets ou effectuer des mouvements circulaires. Lorsque l&rsquo;un de ces tendons se d\u00e9chire, on parle de rupture de la coiffe des rotateurs. Cela peut r\u00e9sulter d&rsquo;un traumatisme aigu (par exemple, une chute ou un accident) ou d&rsquo;une usure progressive li\u00e9e \u00e0 l\u2019\u00e2ge ou \u00e0 des mouvements r\u00e9p\u00e9titifs. Cette blessure peut \u00eatre tr\u00e8s invalidante, mais heureusement, des traitements existent pour soulager la douleur et restaurer la fonction de l&rsquo;\u00e9paule.<\/span><\/p>\n<p style=\"text-align: justify;\"><span style=\"font-weight: 400;\">Les sympt\u00f4mes d\u2019une rupture de la coiffe des rotateurs\u00a0 sont\u00a0: douleur, perte de force, incapacit\u00e9 de faire certains mouvements, r\u00e9veils nocturnes.\u00a0<\/span><\/p>\n<p style=\"text-align: justify;\"><span style=\"font-weight: 400;\">Le diagnostic d\u2019une rupture de la coiffe des rotateurs commence par un examen clinique sp\u00e9cialis\u00e9, et est confirm\u00e9 par une IRM ou un arthroscanner.\u00a0<\/span><\/p>\n<p style=\"text-align: justify;\"><span style=\"font-weight: 400;\">Le traitement de la rupture de la coiffe des rotateurs d\u00e9pend de\u00a0l\u2019ampleur de la d\u00e9chirure, de l&rsquo;\u00e2ge du patient et de son mode de vie. Il existe deux principales options de traitement :<\/span><\/p>\n<ol style=\"text-align: justify;\">\n<li><b> Traitements non chirurgicaux<\/b><\/li>\n<\/ol>\n<p style=\"text-align: justify;\"><span style=\"font-weight: 400;\">Dans de nombreux cas, une rupture partielle de la coiffe des rotateurs peut \u00eatre trait\u00e9e sans chirurgie. Les options incluent\u00a0:\u00a0<\/span><\/p>\n<ul style=\"text-align: justify;\">\n<li aria-level=\"1\"><span style=\"font-weight: 400;\">Repos et modification des activit\u00e9s\u00a0<\/span><\/li>\n<\/ul>\n<ul style=\"text-align: justify;\">\n<li aria-level=\"1\"><span style=\"font-weight: 400;\">M\u00e9dicaments antalgiques anti-inflammatoires<\/span><\/li>\n<\/ul>\n<ul style=\"text-align: justify;\">\n<li aria-level=\"1\"><span style=\"font-weight: 400;\">Infiltrations de cortico\u00efdes : Des injections de cortisone peuvent \u00eatre propos\u00e9es pour apaiser l&rsquo;inflammation. Toutefois, en cas de fissure ou de rupture tendineuse, les infiltrations doivent \u00eatre tr\u00e8s limit\u00e9es (risque d\u2019aggravation des l\u00e9sions d\u00e9j\u00e0 pr\u00e9sentes).\u00a0<\/span><\/li>\n<\/ul>\n<ul style=\"text-align: justify;\">\n<li aria-level=\"1\"><span style=\"font-weight: 400;\">Kin\u00e9sith\u00e9rapie : Des exercices de renforcement musculaire et d\u2019\u00e9tirement, r\u00e9alis\u00e9s sous la supervision d\u2019un kin\u00e9sith\u00e9rapeute, peuvent am\u00e9liorer la fonction de l\u2019\u00e9paule.<\/span><\/li>\n<\/ul>\n<ol start=\"2\" style=\"text-align: justify;\">\n<li><b> Traitement chirurgical<\/b><span style=\"font-weight: 400;\">: <\/span><b>r\u00e9paration arthroscopique<\/b><\/li>\n<\/ol>\n<p style=\"text-align: justify;\"><span style=\"font-weight: 400;\">Lorsque la rupture est plus importante ou que les traitements conservateurs \u00e9chouent, une chirurgie peut \u00eatre n\u00e9cessaire. L\u2019arthroscopie pour r\u00e9paration de la coiffe des rotateurs est une chirurgie qui consiste \u00e0 positionner des ancres enfouies dans l\u2019os, reli\u00e9e \u00e0 des fils qui passent dans le tendon, permettant de le fixer solidement sur l\u2019os.\u00a0<\/span><\/p>\n<p style=\"text-align: justify;\"><b>Le d\u00e9roulement de l\u2019op\u00e9ration\u00a0<\/b><\/p>\n<p style=\"text-align: justify;\"><span style=\"font-weight: 400;\">Cette chirurgie est habituellement r\u00e9alis\u00e9e sous anesth\u00e9sie g\u00e9n\u00e9rale, compl\u00e9t\u00e9e d\u2019une anesth\u00e9sie loco-r\u00e9gionale, qui permettra de limit\u00e9e les douleurs durant les heures qui suivent l\u2019op\u00e9ration. L\u2019hospitalisation est ambulatoire.<\/span><\/p>\n<p style=\"text-align: justify;\"><b>La r\u00e9\u00e9ducation<\/b><\/p>\n<p style=\"text-align: justify;\"><span style=\"font-weight: 400;\">La r\u00e9cup\u00e9ration apr\u00e8s une chirurgie de la coiffe des rotateurs n\u00e9cessite du temps et de la patience. Voici les \u00e9tapes typiques :<\/span><\/p>\n<ul style=\"text-align: justify;\">\n<li aria-level=\"1\"><span style=\"font-weight: 400;\">Immobilisation : Apr\u00e8s l\u2019op\u00e9ration, l&rsquo;\u00e9paule sera souvent plac\u00e9e dans une \u00e9charpe ou un coussin d\u2019abduction pour limiter les mouvements pendant 4 semaines. Pendant ces 4 semaines, le coussin doit \u00eatre retir\u00e9 pour la toilette, l\u2019habillage et les repas, et des exercices d\u2019auto-r\u00e9\u00e9ducation doivent \u00eatre fait tous les jours<\/span><\/li>\n<\/ul>\n<ul style=\"text-align: justify;\">\n<li aria-level=\"1\"><span style=\"font-weight: 400;\">R\u00e9\u00e9ducation : La kin\u00e9sith\u00e9rapie commence g\u00e9n\u00e9ralement 1 mois apr\u00e8s l&rsquo;op\u00e9ration pour renforcer les muscles et am\u00e9liorer la mobilit\u00e9 de l&rsquo;\u00e9paule. Elle peut durer plusieurs mois, selon la gravit\u00e9 de la rupture.\u00a0<\/span><\/li>\n<\/ul>\n<ul style=\"text-align: justify;\">\n<li aria-level=\"1\"><span style=\"font-weight: 400;\">Retour \u00e0 la normale : Le temps de r\u00e9cup\u00e9ration peut varier de 4 \u00e0 12 mois, voire plus, selon le type de chirurgie et les progr\u00e8s du patient.\u00a0<\/span><\/li>\n<\/ul>\n<p class=\"p2\" style=\"text-align: justify;\"><b><\/b><\/p>\n<p style=\"text-align: justify;\"><b>Conclusion<\/b><\/p>\n<p style=\"text-align: justify;\"><span style=\"font-weight: 400;\">La rupture de la coiffe des rotateurs est une blessure courante mais qui peut \u00eatre soign\u00e9e. Gr\u00e2ce \u00e0 une d\u00e9tection pr\u00e9coce, des traitements adapt\u00e9s et un suivi rigoureux, il est possible de retrouver une fonction normale de l\u2019\u00e9paule et de mener une vie active. <\/span><\/p>\n<p>[\/et_pb_text][\/et_pb_column][\/et_pb_row][\/et_pb_section]<\/p>\n","protected":false},"excerpt":{"rendered":"<p>La coiffe des rotateurs La coiffe des rotateurs est un ensemble de quatre tendons et muscles qui permet \u00e0 l&rsquo;\u00e9paule de bouger de mani\u00e8re fluide et stable. Ces tendons jouent un r\u00f4le essentiel dans la mobilit\u00e9 de l&rsquo;\u00e9paule, permettant des gestes de la vie quotidienne tels que lever le bras, porter des objets ou effectuer [&hellip;]<\/p>\n","protected":false},"author":1,"featured_media":0,"parent":0,"menu_order":0,"comment_status":"closed","ping_status":"closed","template":"","meta":{"_et_pb_use_builder":"on","_et_pb_old_content":"","_et_gb_content_width":"","_monsterinsights_skip_tracking":false,"_monsterinsights_sitenote_active":false,"_monsterinsights_sitenote_note":"","_monsterinsights_sitenote_category":0,"footnotes":""},"class_list":["post-2183","page","type-page","status-publish","hentry"],"yoast_head":"<!-- This site is optimized with the Yoast SEO plugin v27.5 - https:\/\/yoast.com\/product\/yoast-seo-wordpress\/ -->\n<title>Coiffe des rotateurs | IMPPACT Chirurgie<\/title>\n<meta name=\"robots\" content=\"index, follow, max-snippet:-1, max-image-preview:large, max-video-preview:-1\" \/>\n<link rel=\"canonical\" href=\"https:\/\/imppact-chirurgie.fr\/index.php\/coiffe-des-rotateurs\/\" \/>\n<meta property=\"og:locale\" content=\"fr_FR\" \/>\n<meta property=\"og:type\" content=\"article\" \/>\n<meta property=\"og:title\" content=\"Coiffe des rotateurs | IMPPACT Chirurgie\" \/>\n<meta property=\"og:description\" content=\"La coiffe des rotateurs La coiffe des rotateurs est un ensemble de quatre tendons et muscles qui permet \u00e0 l&#039;\u00e9paule de bouger de mani\u00e8re fluide et stable. Ces tendons jouent un r\u00f4le essentiel dans la mobilit\u00e9 de l&#039;\u00e9paule, permettant des gestes de la vie quotidienne tels que lever le bras, porter des objets ou effectuer [&hellip;]\" \/>\n<meta property=\"og:url\" content=\"https:\/\/imppact-chirurgie.fr\/index.php\/coiffe-des-rotateurs\/\" \/>\n<meta property=\"og:site_name\" content=\"IMPPACT Chirurgie\" \/>\n<meta name=\"twitter:card\" content=\"summary_large_image\" \/>\n<meta name=\"twitter:label1\" content=\"Dur\u00e9e de lecture estim\u00e9e\" \/>\n\t<meta name=\"twitter:data1\" content=\"3 minutes\" \/>\n<script type=\"application\/ld+json\" class=\"yoast-schema-graph\">{\"@context\":\"https:\\\/\\\/schema.org\",\"@graph\":[{\"@type\":\"WebPage\",\"@id\":\"https:\\\/\\\/imppact-chirurgie.fr\\\/index.php\\\/coiffe-des-rotateurs\\\/\",\"url\":\"https:\\\/\\\/imppact-chirurgie.fr\\\/index.php\\\/coiffe-des-rotateurs\\\/\",\"name\":\"Coiffe des rotateurs | IMPPACT Chirurgie\",\"isPartOf\":{\"@id\":\"https:\\\/\\\/imppact-chirurgie.fr\\\/#website\"},\"datePublished\":\"2025-01-23T20:57:46+00:00\",\"breadcrumb\":{\"@id\":\"https:\\\/\\\/imppact-chirurgie.fr\\\/index.php\\\/coiffe-des-rotateurs\\\/#breadcrumb\"},\"inLanguage\":\"fr-FR\",\"potentialAction\":[{\"@type\":\"ReadAction\",\"target\":[\"https:\\\/\\\/imppact-chirurgie.fr\\\/index.php\\\/coiffe-des-rotateurs\\\/\"]}]},{\"@type\":\"BreadcrumbList\",\"@id\":\"https:\\\/\\\/imppact-chirurgie.fr\\\/index.php\\\/coiffe-des-rotateurs\\\/#breadcrumb\",\"itemListElement\":[{\"@type\":\"ListItem\",\"position\":1,\"name\":\"Accueil\",\"item\":\"https:\\\/\\\/imppact-chirurgie.fr\\\/\"},{\"@type\":\"ListItem\",\"position\":2,\"name\":\"Coiffe des rotateurs\"}]},{\"@type\":\"WebSite\",\"@id\":\"https:\\\/\\\/imppact-chirurgie.fr\\\/#website\",\"url\":\"https:\\\/\\\/imppact-chirurgie.fr\\\/\",\"name\":\"IMPPACT Chirurgie\",\"description\":\"IMPPACT Institut Main Pied Plastique Articulations Chirurgie Traumatologie\",\"publisher\":{\"@id\":\"https:\\\/\\\/imppact-chirurgie.fr\\\/#organization\"},\"potentialAction\":[{\"@type\":\"SearchAction\",\"target\":{\"@type\":\"EntryPoint\",\"urlTemplate\":\"https:\\\/\\\/imppact-chirurgie.fr\\\/?s={search_term_string}\"},\"query-input\":{\"@type\":\"PropertyValueSpecification\",\"valueRequired\":true,\"valueName\":\"search_term_string\"}}],\"inLanguage\":\"fr-FR\"},{\"@type\":\"Organization\",\"@id\":\"https:\\\/\\\/imppact-chirurgie.fr\\\/#organization\",\"name\":\"Imppact Chirurgie\",\"alternateName\":\"Institut Main Pied Plastique Articulations Chirurgie Traumatologie\",\"url\":\"https:\\\/\\\/imppact-chirurgie.fr\\\/\",\"logo\":{\"@type\":\"ImageObject\",\"inLanguage\":\"fr-FR\",\"@id\":\"https:\\\/\\\/imppact-chirurgie.fr\\\/#\\\/schema\\\/logo\\\/image\\\/\",\"url\":\"https:\\\/\\\/imppact-chirurgie.fr\\\/wp-content\\\/uploads\\\/2024\\\/02\\\/logo_final_imppact.png\",\"contentUrl\":\"https:\\\/\\\/imppact-chirurgie.fr\\\/wp-content\\\/uploads\\\/2024\\\/02\\\/logo_final_imppact.png\",\"width\":1000,\"height\":523,\"caption\":\"Imppact Chirurgie\"},\"image\":{\"@id\":\"https:\\\/\\\/imppact-chirurgie.fr\\\/#\\\/schema\\\/logo\\\/image\\\/\"}}]}<\/script>\n<!-- \/ Yoast SEO plugin. -->","yoast_head_json":{"title":"Coiffe des rotateurs | IMPPACT Chirurgie","robots":{"index":"index","follow":"follow","max-snippet":"max-snippet:-1","max-image-preview":"max-image-preview:large","max-video-preview":"max-video-preview:-1"},"canonical":"https:\/\/imppact-chirurgie.fr\/index.php\/coiffe-des-rotateurs\/","og_locale":"fr_FR","og_type":"article","og_title":"Coiffe des rotateurs | IMPPACT Chirurgie","og_description":"La coiffe des rotateurs La coiffe des rotateurs est un ensemble de quatre tendons et muscles qui permet \u00e0 l'\u00e9paule de bouger de mani\u00e8re fluide et stable. Ces tendons jouent un r\u00f4le essentiel dans la mobilit\u00e9 de l'\u00e9paule, permettant des gestes de la vie quotidienne tels que lever le bras, porter des objets ou effectuer [&hellip;]","og_url":"https:\/\/imppact-chirurgie.fr\/index.php\/coiffe-des-rotateurs\/","og_site_name":"IMPPACT Chirurgie","twitter_card":"summary_large_image","twitter_misc":{"Dur\u00e9e de lecture estim\u00e9e":"3 minutes"},"schema":{"@context":"https:\/\/schema.org","@graph":[{"@type":"WebPage","@id":"https:\/\/imppact-chirurgie.fr\/index.php\/coiffe-des-rotateurs\/","url":"https:\/\/imppact-chirurgie.fr\/index.php\/coiffe-des-rotateurs\/","name":"Coiffe des rotateurs | IMPPACT Chirurgie","isPartOf":{"@id":"https:\/\/imppact-chirurgie.fr\/#website"},"datePublished":"2025-01-23T20:57:46+00:00","breadcrumb":{"@id":"https:\/\/imppact-chirurgie.fr\/index.php\/coiffe-des-rotateurs\/#breadcrumb"},"inLanguage":"fr-FR","potentialAction":[{"@type":"ReadAction","target":["https:\/\/imppact-chirurgie.fr\/index.php\/coiffe-des-rotateurs\/"]}]},{"@type":"BreadcrumbList","@id":"https:\/\/imppact-chirurgie.fr\/index.php\/coiffe-des-rotateurs\/#breadcrumb","itemListElement":[{"@type":"ListItem","position":1,"name":"Accueil","item":"https:\/\/imppact-chirurgie.fr\/"},{"@type":"ListItem","position":2,"name":"Coiffe des rotateurs"}]},{"@type":"WebSite","@id":"https:\/\/imppact-chirurgie.fr\/#website","url":"https:\/\/imppact-chirurgie.fr\/","name":"IMPPACT Chirurgie","description":"IMPPACT Institut Main Pied Plastique Articulations Chirurgie Traumatologie","publisher":{"@id":"https:\/\/imppact-chirurgie.fr\/#organization"},"potentialAction":[{"@type":"SearchAction","target":{"@type":"EntryPoint","urlTemplate":"https:\/\/imppact-chirurgie.fr\/?s={search_term_string}"},"query-input":{"@type":"PropertyValueSpecification","valueRequired":true,"valueName":"search_term_string"}}],"inLanguage":"fr-FR"},{"@type":"Organization","@id":"https:\/\/imppact-chirurgie.fr\/#organization","name":"Imppact Chirurgie","alternateName":"Institut Main Pied Plastique Articulations Chirurgie Traumatologie","url":"https:\/\/imppact-chirurgie.fr\/","logo":{"@type":"ImageObject","inLanguage":"fr-FR","@id":"https:\/\/imppact-chirurgie.fr\/#\/schema\/logo\/image\/","url":"https:\/\/imppact-chirurgie.fr\/wp-content\/uploads\/2024\/02\/logo_final_imppact.png","contentUrl":"https:\/\/imppact-chirurgie.fr\/wp-content\/uploads\/2024\/02\/logo_final_imppact.png","width":1000,"height":523,"caption":"Imppact Chirurgie"},"image":{"@id":"https:\/\/imppact-chirurgie.fr\/#\/schema\/logo\/image\/"}}]}},"_links":{"self":[{"href":"https:\/\/imppact-chirurgie.fr\/index.php\/wp-json\/wp\/v2\/pages\/2183","targetHints":{"allow":["GET"]}}],"collection":[{"href":"https:\/\/imppact-chirurgie.fr\/index.php\/wp-json\/wp\/v2\/pages"}],"about":[{"href":"https:\/\/imppact-chirurgie.fr\/index.php\/wp-json\/wp\/v2\/types\/page"}],"author":[{"embeddable":true,"href":"https:\/\/imppact-chirurgie.fr\/index.php\/wp-json\/wp\/v2\/users\/1"}],"replies":[{"embeddable":true,"href":"https:\/\/imppact-chirurgie.fr\/index.php\/wp-json\/wp\/v2\/comments?post=2183"}],"version-history":[{"count":3,"href":"https:\/\/imppact-chirurgie.fr\/index.php\/wp-json\/wp\/v2\/pages\/2183\/revisions"}],"predecessor-version":[{"id":2187,"href":"https:\/\/imppact-chirurgie.fr\/index.php\/wp-json\/wp\/v2\/pages\/2183\/revisions\/2187"}],"wp:attachment":[{"href":"https:\/\/imppact-chirurgie.fr\/index.php\/wp-json\/wp\/v2\/media?parent=2183"}],"curies":[{"name":"wp","href":"https:\/\/api.w.org\/{rel}","templated":true}]}}