{"id":889,"date":"2024-02-16T10:16:48","date_gmt":"2024-02-16T09:16:48","guid":{"rendered":"https:\/\/imppact-chirurgie.fr\/?page_id=889"},"modified":"2024-10-29T14:42:27","modified_gmt":"2024-10-29T13:42:27","slug":"sos-mains","status":"publish","type":"page","link":"https:\/\/imppact-chirurgie.fr\/index.php\/sos-mains\/","title":{"rendered":"SOS mains"},"content":{"rendered":"<p>[et_pb_section fb_built=\u00a0\u00bb1&Prime; admin_label=\u00a0\u00bbsection\u00a0\u00bb _builder_version=\u00a0\u00bb4.16&Prime; global_colors_info=\u00a0\u00bb{}\u00a0\u00bb][et_pb_row column_structure=\u00a0\u00bb3_5,2_5&Prime; admin_label=\u00a0\u00bbrow\u00a0\u00bb _builder_version=\u00a0\u00bb4.27.0&Prime; background_size=\u00a0\u00bbinitial\u00a0\u00bb background_position=\u00a0\u00bbtop_left\u00a0\u00bb background_repeat=\u00a0\u00bbrepeat\u00a0\u00bb custom_margin=\u00a0\u00bb||||false|false\u00a0\u00bb global_colors_info=\u00a0\u00bb{}\u00a0\u00bb][et_pb_column type=\u00a0\u00bb3_5&Prime; _builder_version=\u00a0\u00bb4.16&Prime; custom_padding=\u00a0\u00bb|||\u00a0\u00bb global_colors_info=\u00a0\u00bb{}\u00a0\u00bb custom_padding__hover=\u00a0\u00bb|||\u00a0\u00bb][et_pb_text admin_label=\u00a0\u00bbText\u00a0\u00bb _builder_version=\u00a0\u00bb4.24.3&Prime; background_size=\u00a0\u00bbinitial\u00a0\u00bb background_position=\u00a0\u00bbtop_left\u00a0\u00bb background_repeat=\u00a0\u00bbrepeat\u00a0\u00bb custom_padding=\u00a0\u00bb|0px||||\u00a0\u00bb global_colors_info=\u00a0\u00bb{}\u00a0\u00bb]<\/p>\n<h2>SOS MAINS Lille &#8211; Lesquin<\/h2>\n<p class=\"p1\" style=\"text-align: justify;\">Le centre SOS Main de Lille Lesquin<span class=\"Apple-converted-space\">\u00a0 <\/span>est un service sp\u00e9cialis\u00e9 dans la prise en charge des urgences de la main, y compris les blessures, les fractures, les amputations et les infections.<\/p>\n<p class=\"p1\" style=\"text-align: justify;\">Ce type de service fait partie d&rsquo;un r\u00e9seau de centres sp\u00e9cialis\u00e9s en France, appel\u00e9s les \u00ab\u00a0SOS Main\u00a0\u00bb, qui sont d\u00e9di\u00e9s au traitement rapide et efficace des traumatismes de la main et du membre sup\u00e9rieur.<\/p>\n<p class=\"p1\" style=\"text-align: justify;\">En France, il y a actuellement 67 centres SOS Mains, r\u00e9partis entre 44 centres priv\u00e9s et 23 centres publics. Ces centres sont accr\u00e9dit\u00e9s par la F\u00e9d\u00e9ration des Services d&rsquo;Urgences de la Main (FESUM) et sont sp\u00e9cialis\u00e9s dans la prise en charge des urgences li\u00e9es aux traumatismes de la main, offrant des soins 24h\/24 et 7j\/7.<\/p>\n<p>[\/et_pb_text][\/et_pb_column][et_pb_column type=\u00a0\u00bb2_5&Prime; _builder_version=\u00a0\u00bb4.16&Prime; custom_padding=\u00a0\u00bb|||\u00a0\u00bb global_colors_info=\u00a0\u00bb{}\u00a0\u00bb custom_padding__hover=\u00a0\u00bb|||\u00a0\u00bb][et_pb_image src=\u00a0\u00bbhttps:\/\/imppact-chirurgie.fr\/wp-content\/uploads\/2024\/09\/Capture-decran-2024-09-26-a-15.22.50.png\u00a0\u00bb alt=\u00a0\u00bbLogo SOS Main Lesquin\u00a0\u00bb title_text=\u00a0\u00bbLogo SOS Main Lesquin\u00a0\u00bb align=\u00a0\u00bbcenter\u00a0\u00bb _builder_version=\u00a0\u00bb4.27.0&Prime; _module_preset=\u00a0\u00bbdefault\u00a0\u00bb custom_margin=\u00a0\u00bb1px||||false|false\u00a0\u00bb border_radii=\u00a0\u00bbon|12px|12px|12px|12px\u00a0\u00bb global_colors_info=\u00a0\u00bb{}\u00a0\u00bb][\/et_pb_image][\/et_pb_column][\/et_pb_row][et_pb_row _builder_version=\u00a0\u00bb4.24.3&Prime; _module_preset=\u00a0\u00bbdefault\u00a0\u00bb min_height=\u00a0\u00bb301.8px\u00a0\u00bb custom_margin=\u00a0\u00bb-42px|auto||auto||\u00a0\u00bb custom_padding=\u00a0\u00bb7px|||||\u00a0\u00bb global_colors_info=\u00a0\u00bb{}\u00a0\u00bb][et_pb_column type=\u00a0\u00bb4_4&Prime; _builder_version=\u00a0\u00bb4.24.3&Prime; _module_preset=\u00a0\u00bbdefault\u00a0\u00bb global_colors_info=\u00a0\u00bb{}\u00a0\u00bb][et_pb_text _builder_version=\u00a0\u00bb4.24.3&Prime; _module_preset=\u00a0\u00bbdefault\u00a0\u00bb global_colors_info=\u00a0\u00bb{}\u00a0\u00bb]<\/p>\n<p class=\"p1\">\n<p class=\"p1\">Le service SOS Main de Lille est situ\u00e9 \u00e0 la clinique Lille sud de Lesquin et dispose d&rsquo;une \u00e9quipe multidisciplinaire comprenant des chirurgiens sp\u00e9cialis\u00e9s en chirurgie de la main, des anesth\u00e9sistes, des kin\u00e9sith\u00e9rapeutes et des infirmi\u00e8res sp\u00e9cialis\u00e9es. Ce centre est \u00e9quip\u00e9 pour fournir des soins d&rsquo;urgence, ainsi que pour r\u00e9aliser des interventions chirurgicales complexes et assurer le suivi post-op\u00e9ratoire.<\/p>\n<p class=\"p1\">Les services offerts par le SOS Main de Lille peuvent inclure :<\/p>\n<ul class=\"ul1\">\n<li class=\"li1\">Prise en charge des traumatismes aigus de la main.<\/li>\n<li class=\"li1\">Chirurgie reconstructive et r\u00e9paratrice.<\/li>\n<li class=\"li1\">Traitement des infections et des affections inflammatoires de la main.<\/li>\n<li class=\"li1\">R\u00e9\u00e9ducation et r\u00e9adaptation fonctionnelle.<\/li>\n<\/ul>\n<p>[\/et_pb_text][\/et_pb_column][\/et_pb_row][et_pb_row _builder_version=\u00a0\u00bb4.24.0&Prime; _module_preset=\u00a0\u00bbdefault\u00a0\u00bb custom_padding=\u00a0\u00bb||35px|||\u00a0\u00bb global_colors_info=\u00a0\u00bb{}\u00a0\u00bb][et_pb_column type=\u00a0\u00bb4_4&Prime; _builder_version=\u00a0\u00bb4.24.0&Prime; _module_preset=\u00a0\u00bbdefault\u00a0\u00bb global_colors_info=\u00a0\u00bb{}\u00a0\u00bb][et_pb_text admin_label=\u00a0\u00bbText\u00a0\u00bb _builder_version=\u00a0\u00bb4.27.2&Prime; background_size=\u00a0\u00bbinitial\u00a0\u00bb background_position=\u00a0\u00bbtop_left\u00a0\u00bb background_repeat=\u00a0\u00bbrepeat\u00a0\u00bb min_height=\u00a0\u00bb198.8px\u00a0\u00bb custom_margin=\u00a0\u00bb-40px||-387px|||\u00a0\u00bb custom_padding=\u00a0\u00bb||0px|||\u00a0\u00bb hover_enabled=\u00a0\u00bb0&Prime; global_colors_info=\u00a0\u00bb{}\u00a0\u00bb sticky_enabled=\u00a0\u00bb0&Prime;]<\/p>\n<h4><span class=\"s1\">Les interventions r\u00e9alis\u00e9es par nos chirurgiens<\/span> \u00e0 Lille-Lesquin.<\/h4>\n<p>[\/et_pb_text][\/et_pb_column][\/et_pb_row][et_pb_row column_structure=\u00a0\u00bb1_4,1_4,1_4,1_4&Prime; _builder_version=\u00a0\u00bb4.24.0&Prime; _module_preset=\u00a0\u00bbdefault\u00a0\u00bb custom_margin=\u00a0\u00bb-27px|auto||auto||\u00a0\u00bb global_colors_info=\u00a0\u00bb{}\u00a0\u00bb][et_pb_column type=\u00a0\u00bb1_4&Prime; _builder_version=\u00a0\u00bb4.24.0&Prime; _module_preset=\u00a0\u00bbdefault\u00a0\u00bb global_colors_info=\u00a0\u00bb{}\u00a0\u00bb][et_pb_button button_url=\u00a0\u00bb@ET-DC@eyJkeW5hbWljIjp0cnVlLCJjb250ZW50IjoicG9zdF9saW5rX3VybF9wYWdlIiwic2V0dGluZ3MiOnsicG9zdF9pZCI6IjEzOTIifX0=@\u00a0\u00bb button_text=\u00a0\u00bbPlaie tendons fl\u00e9chisseurs\u00a0\u00bb button_alignment=\u00a0\u00bbcenter\u00a0\u00bb button_alignment_tablet=\u00a0\u00bbcenter\u00a0\u00bb button_alignment_phone=\u00a0\u00bb\u00a0\u00bb button_alignment_last_edited=\u00a0\u00bbon|tablet\u00a0\u00bb module_class=\u00a0\u00bbprimary_button\u00a0\u00bb _builder_version=\u00a0\u00bb4.27.0&Prime; _dynamic_attributes=\u00a0\u00bbbutton_url\u00a0\u00bb custom_button=\u00a0\u00bbon\u00a0\u00bb button_text_size=\u00a0\u00bb16px\u00a0\u00bb button_text_color=\u00a0\u00bb#ffffff\u00a0\u00bb button_border_width=\u00a0\u00bb0px\u00a0\u00bb button_border_radius=\u00a0\u00bb50px\u00a0\u00bb button_font=\u00a0\u00bbPoppins||||||||\u00a0\u00bb button_use_icon=\u00a0\u00bboff\u00a0\u00bb custom_margin=\u00a0\u00bb|-31px||||\u00a0\u00bb custom_padding=\u00a0\u00bb15px|30px|15px|30px|true|true\u00a0\u00bb global_colors_info=\u00a0\u00bb{}\u00a0\u00bb button_bg_color__hover_enabled=\u00a0\u00bbon|hover\u00a0\u00bb button_bg_color__hover=\u00a0\u00bb\u00a0\u00bb button_bg_enable_color__hover=\u00a0\u00bboff\u00a0\u00bb][\/et_pb_button][et_pb_button button_url=\u00a0\u00bb@ET-DC@eyJkeW5hbWljIjp0cnVlLCJjb250ZW50IjoicG9zdF9saW5rX3VybF9wYWdlIiwic2V0dGluZ3MiOnsicG9zdF9pZCI6IjEzODgifX0=@\u00a0\u00bb button_text=\u00a0\u00bbPlaie tendons extenseurs\u00a0\u00bb button_alignment=\u00a0\u00bbcenter\u00a0\u00bb button_alignment_tablet=\u00a0\u00bbcenter\u00a0\u00bb button_alignment_phone=\u00a0\u00bb\u00a0\u00bb button_alignment_last_edited=\u00a0\u00bbon|tablet\u00a0\u00bb module_class=\u00a0\u00bbprimary_button\u00a0\u00bb _builder_version=\u00a0\u00bb4.27.0&Prime; _dynamic_attributes=\u00a0\u00bbbutton_url\u00a0\u00bb custom_button=\u00a0\u00bbon\u00a0\u00bb button_text_size=\u00a0\u00bb16px\u00a0\u00bb button_text_color=\u00a0\u00bb#ffffff\u00a0\u00bb button_border_width=\u00a0\u00bb0px\u00a0\u00bb button_border_radius=\u00a0\u00bb50px\u00a0\u00bb button_font=\u00a0\u00bbPoppins||||||||\u00a0\u00bb button_use_icon=\u00a0\u00bboff\u00a0\u00bb custom_margin=\u00a0\u00bb|-31px||||\u00a0\u00bb custom_padding=\u00a0\u00bb15px|34px|15px|34px|true|true\u00a0\u00bb global_colors_info=\u00a0\u00bb{}\u00a0\u00bb button_bg_color__hover_enabled=\u00a0\u00bbon|hover\u00a0\u00bb button_bg_color__hover=\u00a0\u00bb\u00a0\u00bb button_bg_enable_color__hover=\u00a0\u00bboff\u00a0\u00bb][\/et_pb_button][\/et_pb_column][et_pb_column type=\u00a0\u00bb1_4&Prime; _builder_version=\u00a0\u00bb4.24.0&Prime; _module_preset=\u00a0\u00bbdefault\u00a0\u00bb global_colors_info=\u00a0\u00bb{}\u00a0\u00bb][et_pb_button button_url=\u00a0\u00bb@ET-DC@eyJkeW5hbWljIjp0cnVlLCJjb250ZW50IjoicG9zdF9saW5rX3VybF9wYWdlIiwic2V0dGluZ3MiOnsicG9zdF9pZCI6IjEzOTgifX0=@\u00a0\u00bb button_text=\u00a0\u00bbFracture\u00a0\u00bb button_alignment=\u00a0\u00bbcenter\u00a0\u00bb button_alignment_tablet=\u00a0\u00bbcenter\u00a0\u00bb button_alignment_phone=\u00a0\u00bb\u00a0\u00bb button_alignment_last_edited=\u00a0\u00bbon|tablet\u00a0\u00bb module_class=\u00a0\u00bbprimary_button\u00a0\u00bb _builder_version=\u00a0\u00bb4.27.0&Prime; _dynamic_attributes=\u00a0\u00bbbutton_url\u00a0\u00bb custom_button=\u00a0\u00bbon\u00a0\u00bb button_text_size=\u00a0\u00bb16px\u00a0\u00bb button_text_color=\u00a0\u00bb#ffffff\u00a0\u00bb button_border_width=\u00a0\u00bb0px\u00a0\u00bb button_border_radius=\u00a0\u00bb50px\u00a0\u00bb button_font=\u00a0\u00bbPoppins||||||||\u00a0\u00bb button_use_icon=\u00a0\u00bboff\u00a0\u00bb custom_margin=\u00a0\u00bb|-18px|||false|false\u00a0\u00bb custom_padding=\u00a0\u00bb15px|100px|15px|100px|true|true\u00a0\u00bb global_colors_info=\u00a0\u00bb{}\u00a0\u00bb button_bg_color__hover_enabled=\u00a0\u00bbon|hover\u00a0\u00bb button_bg_color__hover=\u00a0\u00bb\u00a0\u00bb button_bg_enable_color__hover=\u00a0\u00bboff\u00a0\u00bb][\/et_pb_button][et_pb_button button_url=\u00a0\u00bb@ET-DC@eyJkeW5hbWljIjp0cnVlLCJjb250ZW50IjoicG9zdF9saW5rX3VybF9wYWdlIiwic2V0dGluZ3MiOnsicG9zdF9pZCI6IjE0MTIifX0=@\u00a0\u00bb button_text=\u00a0\u00bbAmputation\u00a0\u00bb button_alignment=\u00a0\u00bbcenter\u00a0\u00bb button_alignment_tablet=\u00a0\u00bbcenter\u00a0\u00bb button_alignment_phone=\u00a0\u00bb\u00a0\u00bb button_alignment_last_edited=\u00a0\u00bbon|tablet\u00a0\u00bb module_class=\u00a0\u00bbprimary_button\u00a0\u00bb _builder_version=\u00a0\u00bb4.27.0&Prime; _dynamic_attributes=\u00a0\u00bbbutton_url\u00a0\u00bb custom_button=\u00a0\u00bbon\u00a0\u00bb button_text_size=\u00a0\u00bb16px\u00a0\u00bb button_text_color=\u00a0\u00bb#ffffff\u00a0\u00bb button_border_width=\u00a0\u00bb0px\u00a0\u00bb button_border_radius=\u00a0\u00bb50px\u00a0\u00bb button_font=\u00a0\u00bbPoppins||||||||\u00a0\u00bb button_use_icon=\u00a0\u00bboff\u00a0\u00bb custom_padding=\u00a0\u00bb15px|85px|15px|85px|true|true\u00a0\u00bb global_colors_info=\u00a0\u00bb{}\u00a0\u00bb button_bg_color__hover_enabled=\u00a0\u00bbon|hover\u00a0\u00bb button_bg_color__hover=\u00a0\u00bb\u00a0\u00bb button_bg_enable_color__hover=\u00a0\u00bboff\u00a0\u00bb][\/et_pb_button][\/et_pb_column][et_pb_column type=\u00a0\u00bb1_4&Prime; _builder_version=\u00a0\u00bb4.24.0&Prime; _module_preset=\u00a0\u00bbdefault\u00a0\u00bb global_colors_info=\u00a0\u00bb{}\u00a0\u00bb][et_pb_button button_url=\u00a0\u00bb@ET-DC@eyJkeW5hbWljIjp0cnVlLCJjb250ZW50IjoicG9zdF9saW5rX3VybF9wYWdlIiwic2V0dGluZ3MiOnsicG9zdF9pZCI6IjE0MDMifX0=@\u00a0\u00bb button_text=\u00a0\u00bbEntorse\u00a0\u00bb button_alignment=\u00a0\u00bbcenter\u00a0\u00bb button_alignment_tablet=\u00a0\u00bbcenter\u00a0\u00bb button_alignment_phone=\u00a0\u00bb\u00a0\u00bb button_alignment_last_edited=\u00a0\u00bbon|tablet\u00a0\u00bb module_class=\u00a0\u00bbprimary_button\u00a0\u00bb _builder_version=\u00a0\u00bb4.27.0&Prime; _dynamic_attributes=\u00a0\u00bbbutton_url\u00a0\u00bb custom_button=\u00a0\u00bbon\u00a0\u00bb button_text_size=\u00a0\u00bb16px\u00a0\u00bb button_text_color=\u00a0\u00bb#ffffff\u00a0\u00bb button_border_width=\u00a0\u00bb0px\u00a0\u00bb button_border_radius=\u00a0\u00bb50px\u00a0\u00bb button_font=\u00a0\u00bbPoppins||||||||\u00a0\u00bb button_use_icon=\u00a0\u00bboff\u00a0\u00bb custom_padding=\u00a0\u00bb15px|100px|15px|100px|true|true\u00a0\u00bb global_colors_info=\u00a0\u00bb{}\u00a0\u00bb button_bg_color__hover_enabled=\u00a0\u00bbon|hover\u00a0\u00bb button_bg_color__hover=\u00a0\u00bb\u00a0\u00bb button_bg_enable_color__hover=\u00a0\u00bboff\u00a0\u00bb][\/et_pb_button][\/et_pb_column][et_pb_column type=\u00a0\u00bb1_4&Prime; _builder_version=\u00a0\u00bb4.24.0&Prime; _module_preset=\u00a0\u00bbdefault\u00a0\u00bb global_colors_info=\u00a0\u00bb{}\u00a0\u00bb][et_pb_button button_url=\u00a0\u00bb@ET-DC@eyJkeW5hbWljIjp0cnVlLCJjb250ZW50IjoicG9zdF9saW5rX3VybF9wYWdlIiwic2V0dGluZ3MiOnsicG9zdF9pZCI6IjE0MDcifX0=@\u00a0\u00bb button_text=\u00a0\u00bbPanaris\u00a0\u00bb button_alignment=\u00a0\u00bbcenter\u00a0\u00bb button_alignment_tablet=\u00a0\u00bbcenter\u00a0\u00bb button_alignment_phone=\u00a0\u00bb\u00a0\u00bb button_alignment_last_edited=\u00a0\u00bbon|tablet\u00a0\u00bb module_class=\u00a0\u00bbprimary_button\u00a0\u00bb _builder_version=\u00a0\u00bb4.27.0&Prime; _dynamic_attributes=\u00a0\u00bbbutton_url\u00a0\u00bb custom_button=\u00a0\u00bbon\u00a0\u00bb button_text_size=\u00a0\u00bb16px\u00a0\u00bb button_text_color=\u00a0\u00bb#ffffff\u00a0\u00bb button_border_width=\u00a0\u00bb0px\u00a0\u00bb button_border_radius=\u00a0\u00bb50px\u00a0\u00bb button_font=\u00a0\u00bbPoppins||||||||\u00a0\u00bb button_use_icon=\u00a0\u00bboff\u00a0\u00bb custom_padding=\u00a0\u00bb15px|100px|15px|100px|true|true\u00a0\u00bb global_colors_info=\u00a0\u00bb{}\u00a0\u00bb button_bg_color__hover_enabled=\u00a0\u00bbon|hover\u00a0\u00bb button_bg_color__hover=\u00a0\u00bb\u00a0\u00bb button_bg_enable_color__hover=\u00a0\u00bboff\u00a0\u00bb][\/et_pb_button][\/et_pb_column][\/et_pb_row][\/et_pb_section]<\/p>\n","protected":false},"excerpt":{"rendered":"<p>SOS MAINS Lille &#8211; Lesquin Le centre SOS Main de Lille Lesquin\u00a0 est un service sp\u00e9cialis\u00e9 dans la prise en charge des urgences de la main, y compris les blessures, les fractures, les amputations et les infections. Ce type de service fait partie d&rsquo;un r\u00e9seau de centres sp\u00e9cialis\u00e9s en France, appel\u00e9s les \u00ab\u00a0SOS Main\u00a0\u00bb, qui [&hellip;]<\/p>\n","protected":false},"author":1,"featured_media":0,"parent":0,"menu_order":0,"comment_status":"closed","ping_status":"closed","template":"","meta":{"_et_pb_use_builder":"on","_et_pb_old_content":"","_et_gb_content_width":"","_monsterinsights_skip_tracking":false,"_monsterinsights_sitenote_active":false,"_monsterinsights_sitenote_note":"","_monsterinsights_sitenote_category":0,"footnotes":""},"class_list":["post-889","page","type-page","status-publish","hentry"],"yoast_head":"<!-- This site is optimized with the Yoast SEO plugin v27.3 - https:\/\/yoast.com\/product\/yoast-seo-wordpress\/ -->\n<title>SOS mains | IMPPACT Chirurgie<\/title>\n<meta name=\"robots\" content=\"index, follow, max-snippet:-1, max-image-preview:large, max-video-preview:-1\" \/>\n<link rel=\"canonical\" href=\"https:\/\/imppact-chirurgie.fr\/index.php\/sos-mains\/\" \/>\n<meta property=\"og:locale\" content=\"fr_FR\" \/>\n<meta property=\"og:type\" content=\"article\" \/>\n<meta property=\"og:title\" content=\"SOS mains | IMPPACT Chirurgie\" \/>\n<meta property=\"og:description\" content=\"SOS MAINS Lille - Lesquin Le centre SOS Main de Lille Lesquin\u00a0 est un service sp\u00e9cialis\u00e9 dans la prise en charge des urgences de la main, y compris les blessures, les fractures, les amputations et les infections. Ce type de service fait partie d&#039;un r\u00e9seau de centres sp\u00e9cialis\u00e9s en France, appel\u00e9s les &quot;SOS Main&quot;, qui [&hellip;]\" \/>\n<meta property=\"og:url\" content=\"https:\/\/imppact-chirurgie.fr\/index.php\/sos-mains\/\" \/>\n<meta property=\"og:site_name\" content=\"IMPPACT Chirurgie\" \/>\n<meta property=\"article:modified_time\" content=\"2024-10-29T13:42:27+00:00\" \/>\n<meta name=\"twitter:card\" content=\"summary_large_image\" \/>\n<meta name=\"twitter:label1\" content=\"Dur\u00e9e de lecture estim\u00e9e\" \/>\n\t<meta name=\"twitter:data1\" content=\"1 minute\" \/>\n<script type=\"application\/ld+json\" class=\"yoast-schema-graph\">{\"@context\":\"https:\\\/\\\/schema.org\",\"@graph\":[{\"@type\":\"WebPage\",\"@id\":\"https:\\\/\\\/imppact-chirurgie.fr\\\/index.php\\\/sos-mains\\\/\",\"url\":\"https:\\\/\\\/imppact-chirurgie.fr\\\/index.php\\\/sos-mains\\\/\",\"name\":\"SOS mains | IMPPACT Chirurgie\",\"isPartOf\":{\"@id\":\"https:\\\/\\\/imppact-chirurgie.fr\\\/#website\"},\"datePublished\":\"2024-02-16T09:16:48+00:00\",\"dateModified\":\"2024-10-29T13:42:27+00:00\",\"breadcrumb\":{\"@id\":\"https:\\\/\\\/imppact-chirurgie.fr\\\/index.php\\\/sos-mains\\\/#breadcrumb\"},\"inLanguage\":\"fr-FR\",\"potentialAction\":[{\"@type\":\"ReadAction\",\"target\":[\"https:\\\/\\\/imppact-chirurgie.fr\\\/index.php\\\/sos-mains\\\/\"]}]},{\"@type\":\"BreadcrumbList\",\"@id\":\"https:\\\/\\\/imppact-chirurgie.fr\\\/index.php\\\/sos-mains\\\/#breadcrumb\",\"itemListElement\":[{\"@type\":\"ListItem\",\"position\":1,\"name\":\"Accueil\",\"item\":\"https:\\\/\\\/imppact-chirurgie.fr\\\/\"},{\"@type\":\"ListItem\",\"position\":2,\"name\":\"SOS mains\"}]},{\"@type\":\"WebSite\",\"@id\":\"https:\\\/\\\/imppact-chirurgie.fr\\\/#website\",\"url\":\"https:\\\/\\\/imppact-chirurgie.fr\\\/\",\"name\":\"IMPPACT Chirurgie\",\"description\":\"IMPPACT Institut Main Pied Plastique Articulations Chirurgie Traumatologie\",\"publisher\":{\"@id\":\"https:\\\/\\\/imppact-chirurgie.fr\\\/#organization\"},\"potentialAction\":[{\"@type\":\"SearchAction\",\"target\":{\"@type\":\"EntryPoint\",\"urlTemplate\":\"https:\\\/\\\/imppact-chirurgie.fr\\\/?s={search_term_string}\"},\"query-input\":{\"@type\":\"PropertyValueSpecification\",\"valueRequired\":true,\"valueName\":\"search_term_string\"}}],\"inLanguage\":\"fr-FR\"},{\"@type\":\"Organization\",\"@id\":\"https:\\\/\\\/imppact-chirurgie.fr\\\/#organization\",\"name\":\"Imppact Chirurgie\",\"alternateName\":\"Institut Main Pied Plastique Articulations Chirurgie Traumatologie\",\"url\":\"https:\\\/\\\/imppact-chirurgie.fr\\\/\",\"logo\":{\"@type\":\"ImageObject\",\"inLanguage\":\"fr-FR\",\"@id\":\"https:\\\/\\\/imppact-chirurgie.fr\\\/#\\\/schema\\\/logo\\\/image\\\/\",\"url\":\"https:\\\/\\\/imppact-chirurgie.fr\\\/wp-content\\\/uploads\\\/2024\\\/02\\\/logo_final_imppact.png\",\"contentUrl\":\"https:\\\/\\\/imppact-chirurgie.fr\\\/wp-content\\\/uploads\\\/2024\\\/02\\\/logo_final_imppact.png\",\"width\":1000,\"height\":523,\"caption\":\"Imppact Chirurgie\"},\"image\":{\"@id\":\"https:\\\/\\\/imppact-chirurgie.fr\\\/#\\\/schema\\\/logo\\\/image\\\/\"}}]}<\/script>\n<!-- \/ Yoast SEO plugin. -->","yoast_head_json":{"title":"SOS mains | IMPPACT Chirurgie","robots":{"index":"index","follow":"follow","max-snippet":"max-snippet:-1","max-image-preview":"max-image-preview:large","max-video-preview":"max-video-preview:-1"},"canonical":"https:\/\/imppact-chirurgie.fr\/index.php\/sos-mains\/","og_locale":"fr_FR","og_type":"article","og_title":"SOS mains | IMPPACT Chirurgie","og_description":"SOS MAINS Lille - Lesquin Le centre SOS Main de Lille Lesquin\u00a0 est un service sp\u00e9cialis\u00e9 dans la prise en charge des urgences de la main, y compris les blessures, les fractures, les amputations et les infections. Ce type de service fait partie d'un r\u00e9seau de centres sp\u00e9cialis\u00e9s en France, appel\u00e9s les \"SOS Main\", qui [&hellip;]","og_url":"https:\/\/imppact-chirurgie.fr\/index.php\/sos-mains\/","og_site_name":"IMPPACT Chirurgie","article_modified_time":"2024-10-29T13:42:27+00:00","twitter_card":"summary_large_image","twitter_misc":{"Dur\u00e9e de lecture estim\u00e9e":"1 minute"},"schema":{"@context":"https:\/\/schema.org","@graph":[{"@type":"WebPage","@id":"https:\/\/imppact-chirurgie.fr\/index.php\/sos-mains\/","url":"https:\/\/imppact-chirurgie.fr\/index.php\/sos-mains\/","name":"SOS mains | IMPPACT Chirurgie","isPartOf":{"@id":"https:\/\/imppact-chirurgie.fr\/#website"},"datePublished":"2024-02-16T09:16:48+00:00","dateModified":"2024-10-29T13:42:27+00:00","breadcrumb":{"@id":"https:\/\/imppact-chirurgie.fr\/index.php\/sos-mains\/#breadcrumb"},"inLanguage":"fr-FR","potentialAction":[{"@type":"ReadAction","target":["https:\/\/imppact-chirurgie.fr\/index.php\/sos-mains\/"]}]},{"@type":"BreadcrumbList","@id":"https:\/\/imppact-chirurgie.fr\/index.php\/sos-mains\/#breadcrumb","itemListElement":[{"@type":"ListItem","position":1,"name":"Accueil","item":"https:\/\/imppact-chirurgie.fr\/"},{"@type":"ListItem","position":2,"name":"SOS mains"}]},{"@type":"WebSite","@id":"https:\/\/imppact-chirurgie.fr\/#website","url":"https:\/\/imppact-chirurgie.fr\/","name":"IMPPACT Chirurgie","description":"IMPPACT Institut Main Pied Plastique Articulations Chirurgie Traumatologie","publisher":{"@id":"https:\/\/imppact-chirurgie.fr\/#organization"},"potentialAction":[{"@type":"SearchAction","target":{"@type":"EntryPoint","urlTemplate":"https:\/\/imppact-chirurgie.fr\/?s={search_term_string}"},"query-input":{"@type":"PropertyValueSpecification","valueRequired":true,"valueName":"search_term_string"}}],"inLanguage":"fr-FR"},{"@type":"Organization","@id":"https:\/\/imppact-chirurgie.fr\/#organization","name":"Imppact Chirurgie","alternateName":"Institut Main Pied Plastique Articulations Chirurgie Traumatologie","url":"https:\/\/imppact-chirurgie.fr\/","logo":{"@type":"ImageObject","inLanguage":"fr-FR","@id":"https:\/\/imppact-chirurgie.fr\/#\/schema\/logo\/image\/","url":"https:\/\/imppact-chirurgie.fr\/wp-content\/uploads\/2024\/02\/logo_final_imppact.png","contentUrl":"https:\/\/imppact-chirurgie.fr\/wp-content\/uploads\/2024\/02\/logo_final_imppact.png","width":1000,"height":523,"caption":"Imppact Chirurgie"},"image":{"@id":"https:\/\/imppact-chirurgie.fr\/#\/schema\/logo\/image\/"}}]}},"_links":{"self":[{"href":"https:\/\/imppact-chirurgie.fr\/index.php\/wp-json\/wp\/v2\/pages\/889","targetHints":{"allow":["GET"]}}],"collection":[{"href":"https:\/\/imppact-chirurgie.fr\/index.php\/wp-json\/wp\/v2\/pages"}],"about":[{"href":"https:\/\/imppact-chirurgie.fr\/index.php\/wp-json\/wp\/v2\/types\/page"}],"author":[{"embeddable":true,"href":"https:\/\/imppact-chirurgie.fr\/index.php\/wp-json\/wp\/v2\/users\/1"}],"replies":[{"embeddable":true,"href":"https:\/\/imppact-chirurgie.fr\/index.php\/wp-json\/wp\/v2\/comments?post=889"}],"version-history":[{"count":8,"href":"https:\/\/imppact-chirurgie.fr\/index.php\/wp-json\/wp\/v2\/pages\/889\/revisions"}],"predecessor-version":[{"id":1960,"href":"https:\/\/imppact-chirurgie.fr\/index.php\/wp-json\/wp\/v2\/pages\/889\/revisions\/1960"}],"wp:attachment":[{"href":"https:\/\/imppact-chirurgie.fr\/index.php\/wp-json\/wp\/v2\/media?parent=889"}],"curies":[{"name":"wp","href":"https:\/\/api.w.org\/{rel}","templated":true}]}}